{"id":159023,"date":"2025-06-25T13:09:22","date_gmt":"2025-06-25T18:09:22","guid":{"rendered":"https:\/\/www.acrartex.com\/products\/novinka-nepromokavy-vak-acr-lehky-vodotesny-plovouci-a-kompaktni-pro-outdoorova-dobrodruzstvi\/"},"modified":"2025-06-25T13:09:22","modified_gmt":"2025-06-25T18:09:22","slug":"novinka-nepromokavy-vak-acr-lehky-vodotesny-plovouci-a-kompaktni-pro-outdoorova-dobrodruzstvi","status":"publish","type":"product","link":"https:\/\/www.acrartex.com\/cs\/products\/novinka-nepromokavy-vak-acr-lehky-vodotesny-plovouci-a-kompaktni-pro-outdoorova-dobrodruzstvi\/","title":{"rendered":"NOVINKA! Nepromokav\u00fd vak ACR \u2013 lehk\u00fd, vodot\u011bsn\u00fd, plovouc\u00ed a kompaktn\u00ed pro outdoorov\u00e1 dobrodru\u017estv\u00ed"},"content":{"rendered":"<p><strong>Kompaktn\u00ed vodot\u011bsn\u00fd such\u00fd vak<\/strong><\/p>\n<p data-start=\"201\" data-end=\"599\">Tato mal\u00e1 nepromokav\u00e1 ta\u0161ka, ide\u00e1ln\u00ed pro paddleboarding, j\u00edzdu na kajaku, v\u00fdlety na pl\u00e1\u017e nebo jak\u00e9koli outdoorov\u00e9 dobrodru\u017estv\u00ed, udr\u017e\u00ed va\u0161e nezbytnosti v bezpe\u010d\u00ed, suchu a chr\u00e1n\u011bn\u00e9 p\u0159ed nep\u0159\u00edzn\u00ed po\u010das\u00ed. Je vyrobena z odoln\u00fdch, nepromokav\u00fdch materi\u00e1l\u016f a m\u00e1 rolovac\u00ed uz\u00e1v\u011br, kter\u00fd nepropou\u0161t\u00ed vodu, p\u00edsek a ne\u010distoty. Je lehk\u00e1 a dob\u0159e nadn\u00e1\u0161\u00ed, tak\u017ee i p\u0159i p\u00e1du do vody z\u016fst\u00e1v\u00e1 na hladin\u011b \u2013 ide\u00e1ln\u00ed pro pou\u017eit\u00ed na jezerech, \u0159ek\u00e1ch nebo oce\u00e1nu.  <\/p>\n<p data-start=\"601\" data-end=\"838\">A\u0165 u\u017e si bal\u00edte telefon, kl\u00ed\u010de, sva\u010dinu nebo n\u00e1hradn\u00ed oble\u010den\u00ed, tento nepromokav\u00fd vak je navr\u017een pro va\u0161e pohodl\u00ed a klid. P\u0159ipn\u011bte si ho na vybaven\u00ed nebo ho noste samostatn\u011b \u2013 va\u0161e v\u011bci z\u016fstanou such\u00e9, a\u0165 u\u017e v\u00e1s cesta zavede kamkoli. <\/p>\n<p data-start=\"840\" data-end=\"857\"><strong data-start=\"840\" data-end=\"857\">Kl\u00ed\u010dov\u00e9 vlastnosti:<\/strong><\/p>\n<ul data-start=\"858\" data-end=\"1135\">\n<li data-start=\"858\" data-end=\"913\">\n<p data-start=\"860\" data-end=\"913\">100% vodot\u011bsn\u00e9 proveden\u00ed s bezpe\u010dn\u00fdm rolovac\u00edm uz\u00e1v\u011brem<\/p>\n<\/li>\n<li data-start=\"914\" data-end=\"980\">\n<p data-start=\"916\" data-end=\"980\">Bezpe\u010dn\u011b se vzn\u00e1\u0161\u00ed na vod\u011b \u2013 ide\u00e1ln\u00ed pro paddleboarding a j\u00edzdu na kajaku<\/p>\n<\/li>\n<li data-start=\"981\" data-end=\"1024\">\n<p data-start=\"983\" data-end=\"1024\">Lehk\u00fd a kompaktn\u00ed pro snadn\u00e9 cestov\u00e1n\u00ed<\/p>\n<\/li>\n<li data-start=\"1025\" data-end=\"1078\">\n<p data-start=\"1027\" data-end=\"1078\">Odoln\u00e1 konstrukce ur\u010den\u00e1 pro venkovn\u00ed podm\u00ednky<\/p>\n<\/li>\n<li data-start=\"1079\" data-end=\"1135\">\n<p data-start=\"1081\" data-end=\"1135\">Ide\u00e1ln\u00ed pro uchov\u00e1n\u00ed cennost\u00ed v suchu b\u011bhem jak\u00e9hokoli dobrodru\u017estv\u00ed<\/p>\n<\/li>\n<\/ul>\n","protected":false},"excerpt":{"rendered":"<p>Uchovejte si sv\u00e9 nezbytnosti v suchu a bezpe\u010d\u00ed v tomto kompaktn\u00edm, <strong>nepromokav\u00e9m<\/strong> such\u00e9m vaku \u2013 ide\u00e1ln\u00edm pro paddleboarding, j\u00edzdu na kajaku, v\u00fdlety na pl\u00e1\u017e a v\u0161echna va\u0161e outdoorov\u00e1 dobrodru\u017estv\u00ed. Toto nepromokav\u00e9 \u00falo\u017en\u00e9 \u0159e\u0161en\u00ed slou\u017e\u00ed z\u00e1rove\u0148 jako plovouc\u00ed vak na vybaven\u00ed a nab\u00edz\u00ed lehkou ochranu bez objemu. Je vyroben z odoln\u00e9ho materi\u00e1lu pro jakoukoli cestu a je to odoln\u00fd cestovn\u00ed spole\u010dn\u00edk, na kter\u00e9ho se m\u016f\u017eete spolehnout. A\u0165 u\u017e vyr\u00e1\u017e\u00edte na vodu nebo na stezky, je to nezbytn\u00fd kus dobrodru\u017en\u00e9ho vybaven\u00ed, kter\u00fd se nos\u00ed na hladin\u011b pro v\u011bt\u0161\u00ed klid.   <\/p>\n<p data-start=\"712\" data-end=\"728\">\n","protected":false},"featured_media":159025,"template":"","meta":{"_acf_changed":false,"om_disable_all_campaigns":false},"product_brand":[],"product_cat":[5719,5790],"product_tag":[14648,14654,9248,14656,14650,14646,6653,14652],"class_list":{"0":"post-159023","1":"product","2":"type-product","3":"status-publish","4":"has-post-thumbnail","6":"product_cat-namorni","7":"product_cat-venkovni","8":"product_tag-kompaktni","9":"product_tag-lehka","10":"product_tag-plovouci-taska","11":"product_tag-taska-na-vodni-sporty","12":"product_tag-turisticka-nepromokava-taska","13":"product_tag-vodeodolny-suchy-vak","14":"product_tag-vztlakovy","15":"product_tag-zakladni-potreby-pro-vodu","17":"first","18":"instock","19":"featured","20":"taxable","21":"shipping-taxable","22":"purchasable","23":"product-type-simple"},"acf":[],"_links":{"self":[{"href":"https:\/\/www.acrartex.com\/cs\/wp-json\/wp\/v2\/product\/159023","targetHints":{"allow":["GET"]}}],"collection":[{"href":"https:\/\/www.acrartex.com\/cs\/wp-json\/wp\/v2\/product"}],"about":[{"href":"https:\/\/www.acrartex.com\/cs\/wp-json\/wp\/v2\/types\/product"}],"wp:featuredmedia":[{"embeddable":true,"href":"https:\/\/www.acrartex.com\/cs\/wp-json\/wp\/v2\/media\/159025"}],"wp:attachment":[{"href":"https:\/\/www.acrartex.com\/cs\/wp-json\/wp\/v2\/media?parent=159023"}],"wp:term":[{"taxonomy":"product_brand","embeddable":true,"href":"https:\/\/www.acrartex.com\/cs\/wp-json\/wp\/v2\/product_brand?post=159023"},{"taxonomy":"product_cat","embeddable":true,"href":"https:\/\/www.acrartex.com\/cs\/wp-json\/wp\/v2\/product_cat?post=159023"},{"taxonomy":"product_tag","embeddable":true,"href":"https:\/\/www.acrartex.com\/cs\/wp-json\/wp\/v2\/product_tag?post=159023"}],"curies":[{"name":"wp","href":"https:\/\/api.w.org\/{rel}","templated":true}]}}