{"id":158968,"date":"2021-03-16T08:18:39","date_gmt":"2021-03-16T13:18:39","guid":{"rendered":"https:\/\/www.acrartex.com\/products\/8603-prutova-antena-tripasmova\/"},"modified":"2021-03-16T08:18:39","modified_gmt":"2021-03-16T13:18:39","slug":"8603-prutova-antena-tripasmova","status":"publish","type":"product","link":"https:\/\/www.acrartex.com\/cs\/products\/8603-prutova-antena-tripasmova\/","title":{"rendered":"8603 Prutov\u00e1 ant\u00e9na, t\u0159\u00edp\u00e1smov\u00e1"},"content":{"rendered":"<p>Na\u0161e nov\u00e1 prutov\u00e1 ant\u00e9na je vyztu\u017eena sklem a polyesterov\u00e9 pouzdro zakr\u00fdv\u00e1 na\u0161i inovativn\u00ed technologii Tri-Band, kter\u00e1 v kompaktn\u00edm proveden\u00ed p\u0159in\u00e1\u0161\u00ed frekvence 121,5, 243 a 406 MHz. Tato vysoce \u00fa\u010dinn\u00e1 ant\u00e9na nab\u00edz\u00ed jeden BNC konektor pro instalace, kter\u00e9 vy\u017eaduj\u00ed pou\u017eit\u00ed jedin\u00e9ho konektoru. Je navr\u017eena pro TSO C91a a C128b.  <\/p>\n","protected":false},"excerpt":{"rendered":"<p>Prutov\u00e1 ant\u00e9na ARTEX 8603 je vyztu\u017eena sklem a m\u00e1 polyesterov\u00e9 pouzdro, kter\u00e9 zakr\u00fdv\u00e1 na\u0161i inovativn\u00ed t\u0159\u00edp\u00e1smovou technologii, a efektivn\u011b tak p\u0159in\u00e1\u0161\u00ed frekvence 121,5, 243 a 406 MHz v jednom kompaktn\u00edm proveden\u00ed. Tato vysoce \u00fa\u010dinn\u00e1 ant\u00e9na nab\u00edz\u00ed jeden BNC konektor pro instalace, kter\u00e9 vy\u017eaduj\u00ed zapojen\u00ed s jedn\u00edm konektorem. <\/p>\n","protected":false},"featured_media":158969,"template":"","meta":{"_acf_changed":false,"om_disable_all_campaigns":false},"product_brand":[],"product_cat":[5534,5535],"product_tag":[10476,10472,10161,10450,14555,10159,5537,10155,10157,9995,10480,14554],"class_list":{"0":"post-158968","1":"product","2":"type-product","3":"status-publish","4":"has-post-thumbnail","6":"product_cat-letectvi","7":"product_cat-vseobecne-letectvi","8":"product_tag-406-antenni-prut","9":"product_tag-406-antenni-tyc","10":"product_tag-antena-121-243","11":"product_tag-antena-121-406-cs","12":"product_tag-cislo-dilu-8603","13":"product_tag-dvoufrekvencni-antena","14":"product_tag-elt-cs","15":"product_tag-tripasmova-antena","16":"product_tag-tripasmova-antena-cs","17":"product_tag-tripasmovy","18":"product_tag-tyc","19":"product_tag-tycova-antena-elt","20":"pa_aircraft-speed-0-200-uzlu","21":"pa_aircraft-type-experimentalni","22":"pa_aircraft-type-jeden-motor","23":"pa_aircraft-type-vicemotorovy","24":"pa_product-bezpecnostni-prislusenstvi","25":"pa_product-reseni-elt","27":"first","28":"instock","29":"taxable","30":"shipping-taxable","31":"product-type-simple"},"acf":[],"_links":{"self":[{"href":"https:\/\/www.acrartex.com\/cs\/wp-json\/wp\/v2\/product\/158968","targetHints":{"allow":["GET"]}}],"collection":[{"href":"https:\/\/www.acrartex.com\/cs\/wp-json\/wp\/v2\/product"}],"about":[{"href":"https:\/\/www.acrartex.com\/cs\/wp-json\/wp\/v2\/types\/product"}],"wp:featuredmedia":[{"embeddable":true,"href":"https:\/\/www.acrartex.com\/cs\/wp-json\/wp\/v2\/media\/158969"}],"wp:attachment":[{"href":"https:\/\/www.acrartex.com\/cs\/wp-json\/wp\/v2\/media?parent=158968"}],"wp:term":[{"taxonomy":"product_brand","embeddable":true,"href":"https:\/\/www.acrartex.com\/cs\/wp-json\/wp\/v2\/product_brand?post=158968"},{"taxonomy":"product_cat","embeddable":true,"href":"https:\/\/www.acrartex.com\/cs\/wp-json\/wp\/v2\/product_cat?post=158968"},{"taxonomy":"product_tag","embeddable":true,"href":"https:\/\/www.acrartex.com\/cs\/wp-json\/wp\/v2\/product_tag?post=158968"}],"curies":[{"name":"wp","href":"https:\/\/api.w.org\/{rel}","templated":true}]}}