{"id":158801,"date":"2021-03-16T08:18:12","date_gmt":"2021-03-16T13:18:12","guid":{"rendered":"https:\/\/www.acrartex.com\/products\/programovany-pa-pro-c406-n\/"},"modified":"2021-03-16T08:18:12","modified_gmt":"2021-03-16T13:18:12","slug":"programovany-pa-pro-c406-n","status":"publish","type":"product","link":"https:\/\/www.acrartex.com\/cs\/products\/programovany-pa-pro-c406-n\/","title":{"rendered":"Programovan\u00fd PA pro C406-N"},"content":{"rendered":"","protected":false},"excerpt":{"rendered":"<p>Programovac\u00ed adapt\u00e9r Artex (PA) je voliteln\u00e9 p\u0159\u00edslu\u0161enstv\u00ed pro \u0159adu ELT C406-N a automaticky p\u0159eprogramuje ELT C406-N a p\u0159ep\u00ed\u0161e d\u0159\u00edve ulo\u017een\u00e1 data pro efektivn\u00ed \u00fadr\u017ebu vozov\u00e9ho parku.<\/p>\n<p>&nbsp;<\/p>\n","protected":false},"featured_media":158854,"template":"","meta":{"_acf_changed":false,"om_disable_all_campaigns":false},"product_brand":[],"product_cat":[5534,6135],"product_tag":[14315,14344,14369,14362,14353,14307,14321,14327,14335],"class_list":{"0":"post-158801","1":"product","2":"type-product","3":"status-publish","4":"has-post-thumbnail","6":"product_cat-letectvi","7":"product_cat-nezarazene","8":"product_tag-adapter-cs","9":"product_tag-automaticky-preprogramovat-c406-n-elt","10":"product_tag-cislo-dilu-453-5078","11":"product_tag-efektivni-udrzba-vozoveho-parku","12":"product_tag-prepsani-drive-ulozenych-dat","13":"product_tag-programovaci-adapter","14":"product_tag-programovaci-adapter-artex","15":"product_tag-programovaci-adapter-artex-pa","16":"product_tag-volitelne-prislusenstvi-elt","18":"first","19":"instock","20":"taxable","21":"shipping-taxable","22":"product-type-simple"},"acf":[],"_links":{"self":[{"href":"https:\/\/www.acrartex.com\/cs\/wp-json\/wp\/v2\/product\/158801","targetHints":{"allow":["GET"]}}],"collection":[{"href":"https:\/\/www.acrartex.com\/cs\/wp-json\/wp\/v2\/product"}],"about":[{"href":"https:\/\/www.acrartex.com\/cs\/wp-json\/wp\/v2\/types\/product"}],"wp:featuredmedia":[{"embeddable":true,"href":"https:\/\/www.acrartex.com\/cs\/wp-json\/wp\/v2\/media\/158854"}],"wp:attachment":[{"href":"https:\/\/www.acrartex.com\/cs\/wp-json\/wp\/v2\/media?parent=158801"}],"wp:term":[{"taxonomy":"product_brand","embeddable":true,"href":"https:\/\/www.acrartex.com\/cs\/wp-json\/wp\/v2\/product_brand?post=158801"},{"taxonomy":"product_cat","embeddable":true,"href":"https:\/\/www.acrartex.com\/cs\/wp-json\/wp\/v2\/product_cat?post=158801"},{"taxonomy":"product_tag","embeddable":true,"href":"https:\/\/www.acrartex.com\/cs\/wp-json\/wp\/v2\/product_tag?post=158801"}],"curies":[{"name":"wp","href":"https:\/\/api.w.org\/{rel}","templated":true}]}}