{"id":158562,"date":"2021-03-16T08:19:40","date_gmt":"2021-03-16T13:19:40","guid":{"rendered":"https:\/\/www.acrartex.com\/products\/tycova-antena-110-320\/"},"modified":"2021-03-16T08:19:40","modified_gmt":"2021-03-16T13:19:40","slug":"tycova-antena-110-320","status":"publish","type":"product","link":"https:\/\/www.acrartex.com\/cs\/products\/tycova-antena-110-320\/","title":{"rendered":"Ty\u010dov\u00e1 ant\u00e9na 110-320"},"content":{"rendered":"<p>Odoln\u00e9 pouzdro z polyesteru vyztu\u017een\u00e9ho skeln\u00fdmi vl\u00e1kny zakr\u00fdv\u00e1 na\u0161i inovativn\u00ed technologii Tri-Band a v kompaktn\u00edm proveden\u00ed nab\u00edz\u00ed 121,5, 243 a 406 MHz. Tato vysoce \u00fa\u010dinn\u00e1 ant\u00e9na nab\u00edz\u00ed izolaci mezi porty 10 dB. CI 317 poskytuje konfiguraci s dvojit\u00fdm konektorem pro instalace, kter\u00e9 toto nastaven\u00ed vy\u017eaduj\u00ed. Je navr\u017eena tak, aby spl\u0148ovala po\u017eadavky testu plamene Eurocae ED 62.   <\/p>\n<p>Dva dostupn\u00e9 modely:<\/p>\n<ul>\n<li>110-320 (b\u00edl\u00e1)<\/li>\n<li>110-320-04 (\u010dern\u00e1)<\/li>\n<\/ul>\n","protected":false},"excerpt":{"rendered":"<p>T\u0159\u00edp\u00e1smov\u00fd, du\u00e1ln\u00ed vstup, 121,5, 243 a 406 MHz<\/p>\n<p>&nbsp;<\/p>\n","protected":false},"featured_media":158595,"template":"","meta":{"_acf_changed":false,"om_disable_all_campaigns":false},"product_brand":[],"product_cat":[5534],"product_tag":[9998,14206,10004,14195,10002,9995,10000],"class_list":{"0":"post-158562","1":"product","2":"type-product","3":"status-publish","4":"has-post-thumbnail","6":"product_cat-letectvi","7":"product_tag-110-cs","8":"product_tag-110-320-cs","9":"product_tag-121-5-cs","10":"product_tag-320-cs","11":"product_tag-dualni-vstup","12":"product_tag-tripasmovy","13":"product_tag-tycova-antena","15":"first","16":"instock","17":"taxable","18":"shipping-taxable","19":"product-type-simple"},"acf":[],"_links":{"self":[{"href":"https:\/\/www.acrartex.com\/cs\/wp-json\/wp\/v2\/product\/158562","targetHints":{"allow":["GET"]}}],"collection":[{"href":"https:\/\/www.acrartex.com\/cs\/wp-json\/wp\/v2\/product"}],"about":[{"href":"https:\/\/www.acrartex.com\/cs\/wp-json\/wp\/v2\/types\/product"}],"wp:featuredmedia":[{"embeddable":true,"href":"https:\/\/www.acrartex.com\/cs\/wp-json\/wp\/v2\/media\/158595"}],"wp:attachment":[{"href":"https:\/\/www.acrartex.com\/cs\/wp-json\/wp\/v2\/media?parent=158562"}],"wp:term":[{"taxonomy":"product_brand","embeddable":true,"href":"https:\/\/www.acrartex.com\/cs\/wp-json\/wp\/v2\/product_brand?post=158562"},{"taxonomy":"product_cat","embeddable":true,"href":"https:\/\/www.acrartex.com\/cs\/wp-json\/wp\/v2\/product_cat?post=158562"},{"taxonomy":"product_tag","embeddable":true,"href":"https:\/\/www.acrartex.com\/cs\/wp-json\/wp\/v2\/product_tag?post=158562"}],"curies":[{"name":"wp","href":"https:\/\/api.w.org\/{rel}","templated":true}]}}