{"id":158191,"date":"2021-04-09T11:18:09","date_gmt":"2021-04-09T16:18:09","guid":{"rendered":"https:\/\/www.acrartex.com\/products\/letecke-lokalizacni-svetlo-lnk-al15-tso-c85b\/"},"modified":"2021-04-09T11:18:09","modified_gmt":"2021-04-09T16:18:09","slug":"letecke-lokalizacni-svetlo-lnk-al15-tso-c85b","status":"publish","type":"product","link":"https:\/\/www.acrartex.com\/cs\/products\/letecke-lokalizacni-svetlo-lnk-al15-tso-c85b\/","title":{"rendered":"Leteck\u00e9 lokaliza\u010dn\u00ed sv\u011btlo LNK-AL15 (TSO-C85b)"},"content":{"rendered":"<p style=\"margin: 0in 0in 0.0001pt;\"><span style=\"font-size: 10pt;\"><span style=\"font-size: 11.0pt;\"><span style=\"background: white;\"><span style=\"color: black;\">Sv\u011btlo LNK-AL15 je k dispozici pod t\u0159emi r\u016fzn\u00fdmi \u010d\u00edsly d\u00edl\u016f uveden\u00fdmi n\u00ed\u017ee, kter\u00e1 odpov\u00eddaj\u00ed r\u016fzn\u00fdm d\u00e9lk\u00e1m vodi\u010d\u016f. Mo\u017enost nab\u00eddnout v\u00edce d\u00e9lek vodi\u010d\u016f poskytuje v\u011bt\u0161\u00ed flexibilitu pro r\u016fzn\u00e9 sc\u00e9n\u00e1\u0159e instalace. Dostupn\u00e9 d\u00e9lky vodi\u010d\u016f pro LNK-AL15 jsou 9, 18 a 24 palc\u016f.    <\/span><\/span><\/span><\/span><\/p>\n<p>&nbsp;<\/p>\n<p style=\"margin: 0in 0in 0.0001pt;\"><span style=\"font-size: 10pt;\"><b><span style=\"font-size: 11.0pt;\">\u010c\u00edsla d\u00edl\u016f ACR :<\/span><\/b><\/span><\/p>\n<p style=\"margin: 0in 0in 0.0001pt;\"><span style=\"font-size: 10pt;\"><span style=\"font-size: 11.0pt;\">1503023B \u2013 D\u00e9lka dr\u00e1tu 23 cm<\/span><\/span><\/p>\n<p style=\"margin: 0in 0in 0.0001pt;\"><span style=\"font-size: 10pt;\"><span style=\"font-size: 11.0pt;\">1503046B \u2013 D\u00e9lka dr\u00e1tu 46 cm<\/span><\/span><\/p>\n<p style=\"margin: 0in 0in 0.0001pt;\"><span style=\"font-size: 10pt;\"><span style=\"font-size: 11.0pt;\">1503061B \u2013 D\u00e9lka dr\u00e1tu 61 cm (24\u201d)<\/span><\/span><\/p>\n<p>&nbsp;<\/p>\n<p style=\"margin: 0in 0in 0.0001pt;\"><span style=\"font-size: 10pt;\"><b><span style=\"font-size: 12.0pt;\">Vlastnosti a v\u00fdhody:<\/span><\/b><\/span><\/p>\n<ul>\n<li style=\"margin-right: 13.5pt; margin: 0in 0in 0.0001pt;\"><span style=\"font-size: 10pt;\"><span style=\"background: white;\"><span style=\"color: black;\"><span style=\"font-size: 11.0pt;\">Leteck\u00e9 lokaliza\u010dn\u00ed sv\u011btlo schv\u00e1len\u00e9 TSO-C85b<\/span><\/span><\/span><\/span><\/li>\n<li style=\"margin-right: 13.5pt; margin: 0in 0in 0.0001pt;\"><span style=\"font-size: 10pt;\"><span style=\"background: white;\"><span style=\"color: black;\"><span style=\"font-size: 11.0pt;\">Vysoce \u00fa\u010dinn\u00e1 LED \u017e\u00e1rovka<\/span><\/span><\/span><\/span><\/li>\n<li style=\"margin-right: 13.5pt; margin: 0in 0in 0.0001pt;\"><span style=\"font-size: 10pt;\"><span style=\"background: white;\"><span style=\"font-size: 11.0pt;\"><span style=\"color: black;\">Jednoduch\u00e1 integrace z\u00e1chrann\u00fdch vest<\/span><\/span><\/span><\/span><\/li>\n<li style=\"margin-right: 13.5pt; margin: 0in 0in 0.0001pt;\"><span style=\"font-size: 10pt;\"><span style=\"background: white;\"><span style=\"color: black;\"><span style=\"font-size: 11.0pt;\">Ultra mal\u00fd a lehk\u00fd design<\/span><\/span><\/span><\/span><\/li>\n<li style=\"margin-right: 13.5pt; margin: 0in 0in 0.0001pt;\"><span style=\"font-size: 10pt;\"><span style=\"background: white;\"><span style=\"color: black;\"><span style=\"font-size: 11.0pt;\">Aktivov\u00e1no vodou (sladk\u00e1 a slan\u00e1 voda)<\/span><\/span><\/span><\/span><\/li>\n<li style=\"margin-right: 13.5pt; margin: 0in 0in 0.0001pt;\"><span style=\"font-size: 10pt;\"><span style=\"background: white;\"><span style=\"color: black;\"><span style=\"font-size: 11.0pt;\">Neomezen\u00e1 v\u00fddr\u017e baterie*<\/span><\/span><\/span><\/span><\/li>\n<\/ul>\n<p><span style=\"font-size: 11.0pt;\"><span style=\"color: black;\">*Za p\u0159edpokladu, \u017ee sv\u011btlo nep\u0159ijde n\u00e1hodn\u011b do kontaktu s vodou a je skladov\u00e1no dle stanoven\u00fdch skladovac\u00edch po\u017eadavk\u016f.<\/span><\/span><\/p>\n","protected":false},"excerpt":{"rendered":"<p style=\"margin: 0in 0in 0.0001pt;\"><span style=\"font-size: 10pt;\"><span style=\"font-size: 11.0pt;\"><span style=\"background: white;\"><span style=\"color: black;\">LNK-AL15 je LED sv\u011btlo aktivovan\u00e9 vodou, schv\u00e1len\u00e9 dle FAA TSO-C85b a ur\u010den\u00e9 pro pou\u017eit\u00ed na z\u00e1chrann\u00fdch vest\u00e1ch nebo v z\u00e1chrann\u00fdch oblec\u00edch k indikaci polohy p\u0159e\u017eiv\u0161\u00edch ve vod\u011b v d\u016fsledku leteck\u00e9 nehody. Kombinace lampy a \u010do\u010dky LNK-AL15 vytv\u00e1\u0159\u00ed siln\u00e9 sv\u011btlo, kter\u00e9 vydr\u017e\u00ed sv\u00edtit minim\u00e1ln\u011b 8 hodin po aktivaci s minim\u00e1ln\u00ed intenzitou sv\u011btla 1 cd. Po celou dobu sv\u00e9 provozn\u00ed \u017eivotnosti bude sv\u011btlo nep\u0159etr\u017eit\u011b vyd\u00e1vat st\u00e1l\u00e9 b\u00edl\u00e9 sv\u011btlo, kter\u00e9 jasn\u011b indikuje polohu p\u0159e\u017eiv\u0161\u00edho a zvy\u0161uje pravd\u011bpodobnost z\u00e1chrany.    <strong>Baleno po 300 kusech v krabici.<\/strong><\/span><\/span><\/span><\/span><\/p>\n<p><a href=\"sales@acrartex.com\">Vy\u017e\u00e1dejte si cenovou nab\u00eddku pro hromadnou objedn\u00e1vku<\/a><\/p>\n","protected":false},"featured_media":12512,"template":"","meta":{"_acf_changed":false,"om_disable_all_campaigns":false},"product_brand":[],"product_cat":[5964,8584,5534,5535],"product_tag":[14040,14006,14051,14031,14015,14022,10805],"class_list":{"0":"post-158191","1":"product","2":"type-product","3":"status-publish","4":"has-post-thumbnail","6":"product_cat-business-jet-cs","7":"product_cat-komercni-letadla","8":"product_cat-letectvi","9":"product_cat-vseobecne-letectvi","10":"product_tag-led-zachranne-svetlo","11":"product_tag-lehka-zachranna-vesta-pro-letectvi","12":"product_tag-letecke-led-svetlo-pro-lokalizaci-prezivsich","13":"product_tag-rezervni-bateriove-napajene-letecke-lokatorove-svetlo-pro-prezivsi","14":"product_tag-svetlo-pro-vyhledavani-prezivsich","15":"product_tag-svetlo-pro-vyhledavani-prezivsich-v-letectvi","16":"product_tag-zachranne-svetlo","17":"pa_aircraft-type-dopravni-letadla","18":"pa_aircraft-type-experimentalni","19":"pa_aircraft-type-jeden-motor","20":"pa_aircraft-type-lehke-trysky","21":"pa_aircraft-type-proudove-letadlo-pro-cestujici","22":"pa_aircraft-type-rotorcraft","23":"pa_aircraft-type-stredne-velke-tryskace","24":"pa_aircraft-type-turbovrtulovy","25":"pa_aircraft-type-velke-trysky","26":"pa_aircraft-type-vicemotorovy","28":"first","29":"instock","30":"taxable","31":"shipping-taxable","32":"purchasable","33":"product-type-variable"},"acf":[],"_links":{"self":[{"href":"https:\/\/www.acrartex.com\/cs\/wp-json\/wp\/v2\/product\/158191","targetHints":{"allow":["GET"]}}],"collection":[{"href":"https:\/\/www.acrartex.com\/cs\/wp-json\/wp\/v2\/product"}],"about":[{"href":"https:\/\/www.acrartex.com\/cs\/wp-json\/wp\/v2\/types\/product"}],"wp:featuredmedia":[{"embeddable":true,"href":"https:\/\/www.acrartex.com\/cs\/wp-json\/wp\/v2\/media\/12512"}],"wp:attachment":[{"href":"https:\/\/www.acrartex.com\/cs\/wp-json\/wp\/v2\/media?parent=158191"}],"wp:term":[{"taxonomy":"product_brand","embeddable":true,"href":"https:\/\/www.acrartex.com\/cs\/wp-json\/wp\/v2\/product_brand?post=158191"},{"taxonomy":"product_cat","embeddable":true,"href":"https:\/\/www.acrartex.com\/cs\/wp-json\/wp\/v2\/product_cat?post=158191"},{"taxonomy":"product_tag","embeddable":true,"href":"https:\/\/www.acrartex.com\/cs\/wp-json\/wp\/v2\/product_tag?post=158191"}],"curies":[{"name":"wp","href":"https:\/\/api.w.org\/{rel}","templated":true}]}}