{"id":158096,"date":"2021-04-09T11:17:38","date_gmt":"2021-04-09T16:17:38","guid":{"rendered":"https:\/\/www.acrartex.com\/products\/modul-dalkoveho-ovladani-wi-fi\/"},"modified":"2021-04-09T11:17:38","modified_gmt":"2021-04-09T16:17:38","slug":"modul-dalkoveho-ovladani-wi-fi","status":"publish","type":"product","link":"https:\/\/www.acrartex.com\/cs\/products\/modul-dalkoveho-ovladani-wi-fi\/","title":{"rendered":"Modul d\u00e1lkov\u00e9ho ovl\u00e1d\u00e1n\u00ed Wi-Fi"},"content":{"rendered":"<p>Pro ovl\u00e1d\u00e1n\u00ed a provoz Wi-Fi modulu budete pot\u0159ebovat:<\/p>\n<ul>\n<li>Vhodn\u00fd chytr\u00fd telefon nebo tablet s iOS nebo Androidem<\/li>\n<li>Extern\u00ed GPS , pokud chcete zobrazit data o poloze na iPadu s p\u0159ipojen\u00edm pouze k Wi-Fi nebo jin\u00e9m mobiln\u00edm za\u0159\u00edzen\u00ed bez intern\u00edho GPS<\/li>\n<\/ul>\n<p>Modul Wi-Fi m\u00e1 integrovan\u00fd nap\u00e1jec\u00ed\/datov\u00fd kabel se \u010dty\u0159mi vodi\u010di. Funkce ka\u017ed\u00e9ho vodi\u010de je uvedena na \u0161t\u00edtku produktu. Modul Wi-Fi m\u00e1 vstup NMEA0183, kter\u00fd umo\u017e\u0148uje extern\u00edmu GPS poskytovat informace o poloze pro zobrazen\u00ed v aplikaci ACR Searchlight. To je obzvl\u00e1\u0161t\u011b u\u017eite\u010dn\u00e9, pokud mobiln\u00ed za\u0159\u00edzen\u00ed nem\u00e1 intern\u00ed GPS , nap\u0159\u00edklad iPad pouze s Wi-Fi. Pokud nen\u00ed p\u0159ipojen extern\u00ed GPS , aplikace automaticky pou\u017eije intern\u00ed GPS mobiln\u00edho za\u0159\u00edzen\u00ed a pokud ta nen\u00ed k dispozici, v aplikaci ACR Searchlight se \u017e\u00e1dn\u00e1 poloha nezobraz\u00ed.    <\/p>\n<p>&nbsp;<\/p>\n<h3>Pokyny k instalaci mobiln\u00ed aplikace:<\/h3>\n<p><em><strong>iOS \u2013 Nav\u0161tivte Apple App Store, vyhledejte \u201e ACR Searchlight\u201c a st\u00e1hn\u011bte si bezplatnou aplikaci<\/strong><\/em><\/p>\n<p><em><strong>Android \u2013 Jak je zn\u00e1zorn\u011bno na sn\u00edmku obrazovky n\u00ed\u017ee, p\u0159ejd\u011bte na obrazovce nastaven\u00ed \u201eZamyk\u00e1n\u00ed obrazovky a zabezpe\u010den\u00ed\u201c na mobiln\u00edm za\u0159\u00edzen\u00ed, kter\u00e9 chcete pou\u017e\u00edvat k ovl\u00e1d\u00e1n\u00ed reflektoru, vyberte mo\u017enost povolit instalaci aplikac\u00ed z \u201eNezn\u00e1m\u00fdch zdroj\u016f\u201c a klikn\u011bte na \u201eOK\u201c. Po dokon\u010den\u00ed t\u011bchto krok\u016f <a href=\"https:\/\/www.dropbox.com\/scl\/fi\/7vf72mbbatofnee3bw3mx\/ACR_searchlight_release.apk?rlkey=codcu1zvl5yhy7bryqn29e8pv&amp;dl=1\">klikn\u011bte sem<\/a> a nainstalujte mobiln\u00ed aplikaci ACR Searchlight do sv\u00e9ho za\u0159\u00edzen\u00ed. <\/strong><\/em><\/p>\n<p><a href=\"https:\/\/www.acrartex.com\/wp-content\/uploads\/2021\/03\/Android-Searchlight-App_Download-Instructions.png\"><img loading=\"lazy\" decoding=\"async\" class=\" wp-image-83080 aligncenter\" src=\"https:\/\/www.acrartex.com\/wp-content\/uploads\/2021\/03\/Android-Searchlight-App_Download-Instructions-300x265.png\" alt=\"\" width=\"317\" height=\"280\" srcset=\"https:\/\/www.acrartex.com\/wp-content\/uploads\/2021\/03\/Android-Searchlight-App_Download-Instructions-300x265.png 300w, https:\/\/www.acrartex.com\/wp-content\/uploads\/2021\/03\/Android-Searchlight-App_Download-Instructions.png 446w\" sizes=\"auto, (max-width: 317px) 100vw, 317px\" \/><\/a><\/p>\n<p>&nbsp;<\/p>\n<p>&nbsp;<\/p>\n","protected":false},"excerpt":{"rendered":"<p>Tento modul d\u00e1lkov\u00e9ho ovl\u00e1d\u00e1n\u00ed Wifi v\u00e1m poskytne flexibilitu ovl\u00e1d\u00e1n\u00ed va\u0161ich RCL -100LED a RCL -100D p\u0159\u00edmo z va\u0161eho mobiln\u00edho telefonu.<\/p>\n<p><strong>Pozn\u00e1mka: Aplikace ACR Searchlight je k dispozici pro iOS a Android. Pokyny k instalaci aplikace do mobiln\u00edho za\u0159\u00edzen\u00ed naleznete na kart\u011b \u201ePopis\u201c n\u00ed\u017ee. <\/strong><\/p>\n<p>&nbsp;<\/p>\n<p><a href=\"https:\/\/www.dropbox.com\/s\/ezakylsa2478sav\/Prop%2065%20-%20DINP%20and%20BPA.pdf?dl=0\">VAROV\u00c1N\u00cd: PROP 65<\/a><\/p>\n<p>&nbsp;<\/p>\n<p><span style=\"color: #e74c3c;\">K\u00d3D: <strong>SHIPFREE20<\/strong> Doprava zdarma u objedn\u00e1vek nad 30 USD. Neplat\u00ed pro Havaje a Alja\u0161ku. <\/span><\/p>\n<p>&nbsp;<\/p>\n","protected":false},"featured_media":158181,"template":"","meta":{"_acf_changed":false,"om_disable_all_campaigns":false},"product_brand":[],"product_cat":[5949,5719,5951,7249,5947],"product_tag":[13980,7385,13965,13987,13955,13973,7259,7252,7255,13945],"class_list":{"0":"post-158096","1":"product","2":"type-product","3":"status-publish","4":"has-post-thumbnail","6":"product_cat-blizko-pobrezi","7":"product_cat-namorni","8":"product_cat-pobrezni","9":"product_cat-reflektory","10":"product_cat-vnitrozemi","11":"product_tag-9602-cs","12":"product_tag-acr-rcl-100-led-cs","13":"product_tag-acr-svetlomet","14":"product_tag-akr-100-dni","15":"product_tag-morsky-svetlomet","16":"product_tag-ridici-modul-wi-fi","17":"product_tag-spolecnost-pro-reflektory","18":"product_tag-svetlomet","19":"product_tag-svetlomet-pro-lode","20":"product_tag-valecny","21":"pa_boat-size-21-40-cs","22":"pa_boat-size-40-80-cs","23":"pa_product-dedictvi","25":"first","26":"instock","27":"taxable","28":"shipping-taxable","29":"product-type-simple"},"acf":[],"_links":{"self":[{"href":"https:\/\/www.acrartex.com\/cs\/wp-json\/wp\/v2\/product\/158096","targetHints":{"allow":["GET"]}}],"collection":[{"href":"https:\/\/www.acrartex.com\/cs\/wp-json\/wp\/v2\/product"}],"about":[{"href":"https:\/\/www.acrartex.com\/cs\/wp-json\/wp\/v2\/types\/product"}],"wp:featuredmedia":[{"embeddable":true,"href":"https:\/\/www.acrartex.com\/cs\/wp-json\/wp\/v2\/media\/158181"}],"wp:attachment":[{"href":"https:\/\/www.acrartex.com\/cs\/wp-json\/wp\/v2\/media?parent=158096"}],"wp:term":[{"taxonomy":"product_brand","embeddable":true,"href":"https:\/\/www.acrartex.com\/cs\/wp-json\/wp\/v2\/product_brand?post=158096"},{"taxonomy":"product_cat","embeddable":true,"href":"https:\/\/www.acrartex.com\/cs\/wp-json\/wp\/v2\/product_cat?post=158096"},{"taxonomy":"product_tag","embeddable":true,"href":"https:\/\/www.acrartex.com\/cs\/wp-json\/wp\/v2\/product_tag?post=158096"}],"curies":[{"name":"wp","href":"https:\/\/api.w.org\/{rel}","templated":true}]}}