{"id":157802,"date":"2021-06-21T15:30:55","date_gmt":"2021-06-21T20:30:55","guid":{"rendered":"https:\/\/www.acrartex.com\/products\/bivy-stick-satelitni-komunikator\/"},"modified":"2026-03-06T09:33:40","modified_gmt":"2026-03-06T14:33:40","slug":"bivy-stick-satelitni-komunikator","status":"publish","type":"product","link":"https:\/\/www.acrartex.com\/cs\/products\/bivy-stick-satelitni-komunikator\/","title":{"rendered":"Bivy Stick \u2013 Satelitn\u00ed komunik\u00e1tor"},"content":{"rendered":"<p><span style=\"font-weight: 400;\">Z\u016fsta\u0148te ve spojen\u00ed a v bezpe\u010d\u00ed kdekoli na Zemi s<\/span> <b>Bivy Stick<\/b> <span style=\"font-weight: 400;\">\u2013 kompaktn\u00edm a v\u00fdkonn\u00fdm za\u0159\u00edzen\u00edm, kter\u00e9 prom\u011bn\u00ed v\u00e1\u0161 chytr\u00fd telefon v<\/span> <b>glob\u00e1ln\u00ed satelitn\u00ed komunik\u00e1tor.<\/b><span style=\"font-weight: 400;\">. Poh\u00e1n\u011bno  <\/span><b>D\u00edky satelitn\u00ed s\u00edti Iridium<\/b> <span style=\"font-weight: 400;\">zaji\u0161\u0165uje Bivy Stick<\/span> <b>100% glob\u00e1ln\u00ed pokryt\u00ed<\/b> <span style=\"font-weight: 400;\">, a to i v t\u011bch nejodlehlej\u0161\u00edch a nejdrsn\u011bj\u0161\u00edch prost\u0159ed\u00edch.<\/span><\/p>\n<p><span style=\"font-weight: 400;\">Bivy ty\u010d, ur\u010den\u00e1 pro dobrodruhy, pr\u016fzkumn\u00edky a pro nouzov\u00e9 situace, umo\u017e\u0148uje<\/span> <b>obousm\u011brn\u00e9 satelitn\u00ed zas\u00edl\u00e1n\u00ed zpr\u00e1v<\/b> <span style=\"font-weight: 400;\">,<\/span> <b>sd\u00edlen\u00ed polohy GPS<\/b> <span style=\"font-weight: 400;\">a<\/span> <b>aktualizace po\u010das\u00ed.<\/b><span style=\"font-weight: 400;\">\u2014v\u0161e dostupn\u00e9 prost\u0159ednictv\u00edm aplikace Bivy pro iOS nebo Android. Jeho jedine\u010dnost   <\/span><b>Funkce GroupTrack\u2122<\/b> <span style=\"font-weight: 400;\">umo\u017e\u0148uje pos\u00edlat zpr\u00e1vy a sledovat a\u017e<\/span> <b>12 u\u017eivatel\u016f Bivy ty\u010d\u00ed<\/b> <span style=\"font-weight: 400;\">sou\u010dasn\u011b, co\u017e usnad\u0148uje t\u00fdm\u016fm, pr\u016fvodc\u016fm a rodin\u00e1m z\u016fstat ve spojen\u00ed a viditeln\u00ed na sd\u00edlen\u00e9 skupinov\u00e9 map\u011b.<\/span><\/p>\n<p><span style=\"font-weight: 400;\">V p\u0159\u00edpad\u011b nouze sta\u010d\u00ed stisknout speci\u00e1ln\u00ed<\/span> <b>tla\u010d\u00edtko SOS<\/b> <span style=\"font-weight: 400;\">a okam\u017eit\u011b upozorn\u00edte<\/span> <b>z\u00e1chrannou slu\u017ebu Global Rescue<\/b> <span style=\"font-weight: 400;\">, kter\u00e1 v\u00e1m poskytne<\/span> <b>nep\u0159etr\u017eit\u00fd p\u0159\u00edstup k z\u00e1chrann\u00fdm slo\u017ek\u00e1m.<\/b><span style=\"font-weight: 400;\">\u2014kdekoli na sv\u011bt\u011b. A\u0165 u\u017e stahujete offline mapy, proch\u00e1z\u00edte neprob\u00e1dan\u00e9 stezky nebo se st\u00fdk\u00e1te s bl\u00edzk\u00fdmi, Bivy Stick v\u00e1m poskytne klid a nezbytnou komunikaci, kdy\u017e na tom nejv\u00edce z\u00e1le\u017e\u00ed. <\/span><\/p>\n<p><b>Role aplikace Bivy<\/b><\/p>\n<p><span style=\"font-weight: 400;\">Objevte v\u00edce ne\u017e<\/span> <b>50 000 outdoorov\u00fdch dobrodru\u017estv\u00ed<\/b><span style=\"font-weight: 400;\">  s aplikac\u00ed Bivy \u2013 va\u0161\u00edm univerz\u00e1ln\u00edm n\u00e1strojem pro objevov\u00e1n\u00ed divo\u010diny. A\u0165 u\u017e se v\u011bnujete turistice, cyklistice, p\u00e1dlov\u00e1n\u00ed, lezen\u00ed nebo kter\u00e9koli jin\u00e9 aktivit\u011b v aplikaci&#8230;   <\/span><b>S 20 podporovan\u00fdmi typy dobrodru\u017estv\u00ed<\/b> <span style=\"font-weight: 400;\">v\u00e1m Bivy pom\u016f\u017ee naj\u00edt perfektn\u00ed m\u00edsto a s jistotou se v n\u011bm orientovat.<\/span><\/p>\n<p><span style=\"font-weight: 400;\">Sledujte sv\u00e9<\/span> <b>tempo, po\u010det najet\u00fdch kilometr\u016f a nadmo\u0159skou v\u00fd\u0161ku<\/b><span style=\"font-weight: 400;\">a dal\u0161\u00ed informace p\u0159i sv\u00e9m objevov\u00e1n\u00ed a zaznamen\u00e1vejte si ka\u017edou cestu, abyste si uchovali osobn\u00ed z\u00e1znamy o sv\u00fdch dobrodru\u017estv\u00edch. S p\u0159\u00edstupem k   <\/span><b>D\u00edky podrobn\u00fdm glob\u00e1ln\u00edm offline map\u00e1m<\/b> <span style=\"font-weight: 400;\">budete v\u017edy p\u0159esn\u011b v\u011bd\u011bt, kde se nach\u00e1z\u00edte, a to i bez mobiln\u00edho sign\u00e1lu.<\/span><\/p>\n<p>Ve spojen\u00ed s <b>Bivy Stick<\/b> <span style=\"font-weight: 400;\">od ACR<\/span> <span style=\"font-weight: 400;\">kombinuje aplikace Bivy navigaci, sledov\u00e1n\u00ed cesty a<\/span> <b>spolehlivou satelitn\u00ed komunikaci<\/b> <span style=\"font-weight: 400;\">a poskytuje<\/span> <b>cenov\u011b dostupnou bezpe\u010dnost a klid<\/b> <span style=\"font-weight: 400;\">pro ka\u017ed\u00e9ho, od v\u00edkendov\u00fdch pr\u016fzkumn\u00edk\u016f a\u017e po zku\u0161en\u00e9 profesion\u00e1ly.<\/span><\/p>\n<p><b>Vlastnosti a v\u00fdhody:<\/b><\/p>\n<ul>\n<li><b>Spolehliv\u00e9 obousm\u011brn\u00e9 zas\u00edl\u00e1n\u00ed zpr\u00e1v<\/b> <span style=\"font-weight: 400;\">:<\/span> <span style=\"font-weight: 400;\">Z\u016fsta\u0148te ve spojen\u00ed i mimo mobiln\u00ed sign\u00e1l d\u00edky obousm\u011brn\u00e9mu zas\u00edl\u00e1n\u00ed textov\u00fdch zpr\u00e1v prost\u0159ednictv\u00edm glob\u00e1ln\u00ed satelitn\u00ed s\u00edt\u011b Iridium\u00ae.<\/span><\/li>\n<li><b>Vyhrazen\u00e9 telefonn\u00ed \u010d\u00edslo a e-mail<\/b> <span style=\"font-weight: 400;\">: Pro bezprobl\u00e9movou komunikaci m\u016f\u017eete pos\u00edlat zpr\u00e1vy s vlastn\u00edm telefonn\u00edm \u010d\u00edslem a e-mailem.<\/span><span style=\"font-weight: 400;\"><br \/>\n<\/span><\/li>\n<li><b>Skupinov\u00e9 zas\u00edl\u00e1n\u00ed zpr\u00e1v a sledov\u00e1n\u00ed s GroupTrack\u2122<\/b> <span style=\"font-weight: 400;\">:<\/span> <span style=\"font-weight: 400;\">  Komunikujte a sd\u00edlejte polohu a\u017e s 12 u\u017eivateli Bivy Stick. P\u0159\u00e1tel\u00e9 a rodina mohou sledovat va\u0161i cestu a p\u0159ipojovat se ke skupinov\u00fdm chat\u016fm prost\u0159ednictv\u00edm sd\u00edlen\u00e9 webov\u00e9 str\u00e1nky. <\/span><\/li>\n<li><b>Neomezen\u00e9 vlastn\u00ed check-iny<\/b><span style=\"font-weight: 400;\">: Odes\u00edlejte GPS zpr\u00e1vy s informacemi o va\u0161\u00ed p\u0159esn\u00e9 poloze. Neomezen\u00fd po\u010det check-in\u016f je sou\u010d\u00e1st\u00ed p\u0159edplatn\u00e9ho.* <\/span><span style=\"font-weight: 400;\"><br \/>\n<\/span><\/li>\n<li><b>Sledov\u00e1n\u00ed v re\u00e1ln\u00e9m \u010dase a sd\u00edlen\u00ed polohy<\/b> <span style=\"font-weight: 400;\">: Webov\u00e1 str\u00e1nka Sd\u00edlen\u00ed polohy zobrazuje va\u0161i trasu, historii zpr\u00e1v s odpov\u011b\u010fmi a sd\u00edlen\u00e9 trasy \u2013 v\u0161e na jednom m\u00edst\u011b.<\/span><span style=\"font-weight: 400;\"><br \/>\n<\/span><\/li>\n<li><b>Nonstop SOS monitoring od Global Rescue\u2122<\/b> <span style=\"font-weight: 400;\">:<\/span> <span style=\"font-weight: 400;\">Aktivujte nouzov\u00e1 upozorn\u011bn\u00ed pomoc\u00ed tla\u010d\u00edtka SOS v aplikaci nebo na za\u0159\u00edzen\u00ed. Komunikujte p\u0159\u00edmo se z\u00e1chrann\u00fdmi slu\u017ebami a upozorn\u011bn\u00ed SOS lze zru\u0161it prost\u0159ednictv\u00edm za\u0159\u00edzen\u00ed nebo aplikace. <\/span><\/li>\n<li><b>Pokro\u010dil\u00e9 n\u00e1stroje pro navigaci a dobrodru\u017estv\u00ed<\/b> <span style=\"font-weight: 400;\">:<\/span> <span style=\"font-weight: 400;\">St\u00e1hn\u011bte si offline mapy a prozkoumejte tis\u00edce dobrodru\u017estv\u00ed od komunity, v\u010detn\u011b turistick\u00fdch stezek, stoup\u00e1n\u00ed a vodn\u00edch tok\u016f.<\/span><\/li>\n<li><b>Robustn\u00ed a vodot\u011bsn\u00fd design<\/b> <span style=\"font-weight: 400;\">:<\/span> <span style=\"font-weight: 400;\">s kryt\u00edm IPX7<\/span><\/li>\n<li><b>Kompatibiln\u00ed s GoPro<\/b> <span style=\"font-weight: 400;\">: Pln\u011b kompatibiln\u00ed s dr\u017e\u00e1ky GoPro a obsahuje adapt\u00e9r p\u0159\u00edslu\u0161enstv\u00ed GoPro pro snadnou integraci.<\/span><\/li>\n<li><b>Kompletn\u00ed sada v balen\u00ed \u2013<\/b> <span style=\"font-weight: 400;\">Dod\u00e1v\u00e1 se s nab\u00edjec\u00edm kabelem USB-C, karabinou, \u0161\u0148\u016frkou, stru\u010dnou \u00favodn\u00ed p\u0159\u00edru\u010dkou a adapt\u00e9rem GoPro \u2013 v\u0161e, co pot\u0159ebujete k zah\u00e1jen\u00ed.<\/span><\/li>\n<li><b>Vyrobeno v USA \u2013<\/b> <span style=\"font-weight: 400;\">S ro\u010dn\u00ed z\u00e1rukou v\u00fdrobce pro klid.<\/span><\/li>\n<li>* <a href=\"https:\/\/bivystick.com\/plans\/\" data-cke-saved-href=\"https:\/\/www.bivy.com\/data-plans\">Vy\u017eaduje se m\u011bs\u00ed\u010dn\u00ed p\u0159edplatn\u00e9<\/a> . Podrobnosti naleznete na webov\u00fdch str\u00e1nk\u00e1ch v\u00fdrobce.<\/li>\n<\/ul>\n<p>&nbsp;<\/p>\n<p>Nouzov\u00e9 vol\u00e1n\u00ed SOS Aktivuje se v aplikaci nebo tla\u010d\u00edtkem na za\u0159\u00edzen\u00ed. Poskytuje GlobalRescue\u2122 <\/p>\n<p><a href=\"https:\/\/www.acrartex.com\/wp-content\/uploads\/2021\/06\/ProductOverview.png\"><img loading=\"lazy\" decoding=\"async\" class=\"alignnone size-medium wp-image-37736\" src=\"https:\/\/www.acrartex.com\/wp-content\/uploads\/2021\/06\/ProductOverview-300x300.png\" alt=\"\" width=\"300\" height=\"300\" srcset=\"https:\/\/www.acrartex.com\/wp-content\/uploads\/2021\/06\/ProductOverview-300x300.png 300w, https:\/\/www.acrartex.com\/wp-content\/uploads\/2021\/06\/ProductOverview-1024x1024.png 1024w, https:\/\/www.acrartex.com\/wp-content\/uploads\/2021\/06\/ProductOverview-150x150.png 150w, https:\/\/www.acrartex.com\/wp-content\/uploads\/2021\/06\/ProductOverview-768x768.png 768w, https:\/\/www.acrartex.com\/wp-content\/uploads\/2021\/06\/ProductOverview-1536x1536.png 1536w, https:\/\/www.acrartex.com\/wp-content\/uploads\/2021\/06\/ProductOverview-600x600.png 600w, https:\/\/www.acrartex.com\/wp-content\/uploads\/2021\/06\/ProductOverview-100x100.png 100w, https:\/\/www.acrartex.com\/wp-content\/uploads\/2021\/06\/ProductOverview.png 1601w\" sizes=\"auto, (max-width: 300px) 100vw, 300px\" \/><\/a> <a href=\"https:\/\/www.acrartex.com\/wp-content\/uploads\/2021\/06\/2_ProductOverview-04.png\"><img loading=\"lazy\" decoding=\"async\" class=\"alignnone size-medium wp-image-37732\" src=\"https:\/\/www.acrartex.com\/wp-content\/uploads\/2021\/06\/2_ProductOverview-04-300x300.png\" alt=\"\" width=\"300\" height=\"300\" srcset=\"https:\/\/www.acrartex.com\/wp-content\/uploads\/2021\/06\/2_ProductOverview-04-300x300.png 300w, https:\/\/www.acrartex.com\/wp-content\/uploads\/2021\/06\/2_ProductOverview-04-1024x1024.png 1024w, https:\/\/www.acrartex.com\/wp-content\/uploads\/2021\/06\/2_ProductOverview-04-150x150.png 150w, https:\/\/www.acrartex.com\/wp-content\/uploads\/2021\/06\/2_ProductOverview-04-768x768.png 768w, https:\/\/www.acrartex.com\/wp-content\/uploads\/2021\/06\/2_ProductOverview-04-1536x1536.png 1536w, https:\/\/www.acrartex.com\/wp-content\/uploads\/2021\/06\/2_ProductOverview-04-2048x2048.png 2048w, https:\/\/www.acrartex.com\/wp-content\/uploads\/2021\/06\/2_ProductOverview-04-600x600.png 600w, https:\/\/www.acrartex.com\/wp-content\/uploads\/2021\/06\/2_ProductOverview-04-100x100.png 100w\" sizes=\"auto, (max-width: 300px) 100vw, 300px\" \/><\/a> <a href=\"https:\/\/www.acrartex.com\/wp-content\/uploads\/2021\/06\/SOS.png\"><img loading=\"lazy\" decoding=\"async\" class=\"alignnone size-medium wp-image-37734\" src=\"https:\/\/www.acrartex.com\/wp-content\/uploads\/2021\/06\/SOS-300x300.png\" alt=\"\" width=\"300\" height=\"300\" srcset=\"https:\/\/www.acrartex.com\/wp-content\/uploads\/2021\/06\/SOS-300x300.png 300w, https:\/\/www.acrartex.com\/wp-content\/uploads\/2021\/06\/SOS-1024x1024.png 1024w, https:\/\/www.acrartex.com\/wp-content\/uploads\/2021\/06\/SOS-150x150.png 150w, https:\/\/www.acrartex.com\/wp-content\/uploads\/2021\/06\/SOS-768x768.png 768w, https:\/\/www.acrartex.com\/wp-content\/uploads\/2021\/06\/SOS-1536x1536.png 1536w, https:\/\/www.acrartex.com\/wp-content\/uploads\/2021\/06\/SOS-600x600.png 600w, https:\/\/www.acrartex.com\/wp-content\/uploads\/2021\/06\/SOS-100x100.png 100w, https:\/\/www.acrartex.com\/wp-content\/uploads\/2021\/06\/SOS.png 1601w\" sizes=\"auto, (max-width: 300px) 100vw, 300px\" \/><\/a><a href=\"https:\/\/www.acrartex.com\/wp-content\/uploads\/2021\/06\/2_ProductOverview-06.png\"><img loading=\"lazy\" decoding=\"async\" class=\"alignnone size-medium wp-image-37733\" src=\"https:\/\/www.acrartex.com\/wp-content\/uploads\/2021\/06\/2_ProductOverview-06-300x300.png\" alt=\"\" width=\"300\" height=\"300\" srcset=\"https:\/\/www.acrartex.com\/wp-content\/uploads\/2021\/06\/2_ProductOverview-06-300x300.png 300w, https:\/\/www.acrartex.com\/wp-content\/uploads\/2021\/06\/2_ProductOverview-06-1024x1024.png 1024w, https:\/\/www.acrartex.com\/wp-content\/uploads\/2021\/06\/2_ProductOverview-06-150x150.png 150w, https:\/\/www.acrartex.com\/wp-content\/uploads\/2021\/06\/2_ProductOverview-06-768x768.png 768w, https:\/\/www.acrartex.com\/wp-content\/uploads\/2021\/06\/2_ProductOverview-06-1536x1536.png 1536w, https:\/\/www.acrartex.com\/wp-content\/uploads\/2021\/06\/2_ProductOverview-06-2048x2048.png 2048w, https:\/\/www.acrartex.com\/wp-content\/uploads\/2021\/06\/2_ProductOverview-06-600x600.png 600w, https:\/\/www.acrartex.com\/wp-content\/uploads\/2021\/06\/2_ProductOverview-06-100x100.png 100w\" sizes=\"auto, (max-width: 300px) 100vw, 300px\" \/><\/a><\/p>\n<p>&nbsp;<\/p>\n<p>&nbsp;<\/p>\n<p>&nbsp;<\/p>\n","protected":false},"excerpt":{"rendered":"<p><span style=\"font-weight: 400;\">S Bivy Stick si m\u016f\u017eete u\u017e\u00edvat spolehliv\u00e9ho<\/span> <b>obousm\u011brn\u00e9ho satelitn\u00edho komunik\u00e1toru<\/b> <span style=\"font-weight: 400;\">,<\/span> <b>skupinov\u00fdch zpr\u00e1v<\/b> <span style=\"font-weight: 400;\">,<\/span> <b>nep\u0159etr\u017eit\u00e9 podpory SOS<\/b> <span style=\"font-weight: 400;\">,<\/span> <b>GPS sledov\u00e1n\u00ed<\/b> <span style=\"font-weight: 400;\">a<\/span> <b>sd\u00edlen\u00ed polohy<\/b> <span style=\"font-weight: 400;\">\u2013 to v\u0161e v jednom<\/span> <b>kompaktn\u00edm<\/b> <span style=\"font-weight: 400;\">a<\/span> <b>lehk\u00e9m za\u0159\u00edzen\u00ed.<\/b><span style=\"font-weight: 400;\">  za\u0159\u00edzen\u00ed. Poskytuje v\u00e1m   <\/span><b>svoboda komunikace mimo s\u00ed\u0165<\/b> <span style=\"font-weight: 400;\">za<\/span> <b>nejdostupn\u011bj\u0161\u00ed cenu na trhu<\/b> <span style=\"font-weight: 400;\">.<\/span><\/p>\n<p>Z\u016fsta\u0148te ve spojen\u00ed i mimo dosah mobiln\u00edho sign\u00e1lu.<\/p>\n<h4><\/h4>\n<h4><span style=\"color: #ff0000;\"><strong>S hrdost\u00ed vyrobeno v USA!<\/strong><\/span><\/h4>\n<p><strong><a href=\"https:\/\/bivystick.com\/bivy-go-plan\/\">Objevte pl\u00e1n Bivy Go<\/a><\/strong><\/p>\n<p>&nbsp;<\/p>\n<p><a href=\"https:\/\/www.dropbox.com\/s\/0ezw0kexbm120vv\/Prop%2065%20-%20Lead%20and%20Lead%20Compounds.pdf?dl=0\">VAROV\u00c1N\u00cd: PROP 65<\/a><\/p>\n<p>&nbsp;<\/p>\n","protected":false},"featured_media":157826,"template":"","meta":{"_acf_changed":false,"om_disable_all_campaigns":false},"product_brand":[],"product_cat":[16201,5719,5790],"product_tag":[12961,12951,12941,12949,12943,12944,12960,16203,11969,12953,12945,12955,12957,12947,12959,12946],"class_list":{"0":"post-157802","1":"product","2":"type-product","3":"status-publish","4":"has-post-thumbnail","6":"product_cat-bivy-stick-popup","7":"product_cat-namorni","8":"product_cat-venkovni","9":"product_tag-4601-cs","10":"product_tag-aplikace-bivy","11":"product_tag-bivy-cs","12":"product_tag-bivy-acr","13":"product_tag-bivy-tyc","14":"product_tag-bivy-tyc-modra","15":"product_tag-bivy-vs-plb-cs","16":"product_tag-bivy-mesh-popup","17":"product_tag-bluetooth-cs","18":"product_tag-globalni-zachrana","19":"product_tag-iridium-cs","20":"product_tag-miniaturni","21":"product_tag-nejmensi-satelitni-komunikator","22":"product_tag-obousmerna-komunikace","23":"product_tag-satelitni-gps-sledovani","24":"product_tag-sledovani","25":"pa_activity-beh-na-lyzich","26":"pa_activity-kempovani","27":"pa_activity-kolo","28":"pa_activity-lezeni","29":"pa_activity-lyzovani-snowboarding","30":"pa_activity-padlovaci-sporty","31":"pa_activity-rybolov","32":"pa_activity-snezny-skutr","33":"pa_activity-terenni-4x4","34":"pa_activity-turistika","35":"pa_boat-type-charterova-jachta","36":"pa_boat-type-jachta","37":"pa_boat-type-komercni-rybolov","38":"pa_boat-type-motorovy-clun","39":"pa_boat-type-nakladni-lod","40":"pa_boat-type-plachetnice","41":"pa_boat-type-remorker","42":"pa_boat-type-sportcraft-cs","43":"pa_terrain-kopec-a-hora","44":"pa_terrain-les-a-dzungle","45":"pa_terrain-reky-mokrady-jezera-cs","46":"pa_terrain-tundra-cs-2","48":"first","49":"onbackorder","50":"taxable","51":"shipping-taxable","52":"purchasable","53":"product-type-simple"},"acf":[],"_links":{"self":[{"href":"https:\/\/www.acrartex.com\/cs\/wp-json\/wp\/v2\/product\/157802","targetHints":{"allow":["GET"]}}],"collection":[{"href":"https:\/\/www.acrartex.com\/cs\/wp-json\/wp\/v2\/product"}],"about":[{"href":"https:\/\/www.acrartex.com\/cs\/wp-json\/wp\/v2\/types\/product"}],"wp:featuredmedia":[{"embeddable":true,"href":"https:\/\/www.acrartex.com\/cs\/wp-json\/wp\/v2\/media\/157826"}],"wp:attachment":[{"href":"https:\/\/www.acrartex.com\/cs\/wp-json\/wp\/v2\/media?parent=157802"}],"wp:term":[{"taxonomy":"product_brand","embeddable":true,"href":"https:\/\/www.acrartex.com\/cs\/wp-json\/wp\/v2\/product_brand?post=157802"},{"taxonomy":"product_cat","embeddable":true,"href":"https:\/\/www.acrartex.com\/cs\/wp-json\/wp\/v2\/product_cat?post=157802"},{"taxonomy":"product_tag","embeddable":true,"href":"https:\/\/www.acrartex.com\/cs\/wp-json\/wp\/v2\/product_tag?post=157802"}],"curies":[{"name":"wp","href":"https:\/\/api.w.org\/{rel}","templated":true}]}}