{"id":157739,"date":"2021-04-09T11:18:50","date_gmt":"2021-04-09T16:18:50","guid":{"rendered":"https:\/\/www.acrartex.com\/products\/resqflare-elektronicka-led-nouzova-svetlice-pro-lode\/"},"modified":"2025-11-26T03:37:06","modified_gmt":"2025-11-26T08:37:06","slug":"resqflare-elektronicka-led-nouzova-svetlice-pro-lode","status":"publish","type":"product","link":"https:\/\/www.acrartex.com\/cs\/products\/resqflare-elektronicka-led-nouzova-svetlice-pro-lode\/","title":{"rendered":"ResQFlare \u2013 Elektronick\u00e1 LED nouzov\u00e1 sv\u011btlice pro lod\u011b"},"content":{"rendered":"<p><span style=\"font-size: 10pt;\"><span style=\"font-size: 11.0pt;\"><span style=\"background: white;\"><span style=\"color: black;\">ResQFlare je elektronick\u00e1 sv\u011btlice schv\u00e1len\u00e1 pob\u0159e\u017en\u00ed str\u00e1\u017e\u00ed USA (USCG), kter\u00e1 usnad\u0148uje z\u00e1chranu vyd\u00e1v\u00e1n\u00edm z\u00e1blesk\u016f charakteristick\u00fdch pro mezin\u00e1rodn\u00ed morseovu abecedu pro SOS. Vysoce \u00fa\u010dinn\u00e1 elektronika ResQFlare umo\u017e\u0148uje udr\u017eovat \u0161pi\u010dkovou ekvivalentn\u00ed pevnou intenzitu sv\u011btla 75 cd po\u017eadovanou pob\u0159e\u017en\u00ed str\u00e1\u017e\u00ed USA po dobu v\u00edce ne\u017e 20 hodin (v\u00edce ne\u017e 3kr\u00e1t d\u00e9le, ne\u017e je po\u017eadavek pob\u0159e\u017en\u00ed str\u00e1\u017ee USA na udr\u017een\u00ed t\u00e9to \u00farovn\u011b intenzity sv\u011btla). D\u00edky u\u017eivatelsky vym\u011bniteln\u00e9mu bateriov\u00e9mu zdroji nap\u00e1jen\u00ed (2 baterie typu C) poskytuje ResQFlare mnoholetou slu\u017ebu. D\u00edky tomu jsou lod\u011b bezpe\u010dn\u011bj\u0161\u00ed, proto\u017ee se eliminuj\u00ed b\u011b\u017en\u00e9 nep\u0159\u00edjemnosti spojen\u00e9 s pyrotechnick\u00fdmi sv\u011btlicemi, v\u010detn\u011b data spot\u0159eby a p\u0159\u00edsn\u00fdch po\u017eadavk\u016f na povinnou likvidaci.   <\/span><\/span><\/span><\/span><\/p>\n<h2 style=\"margin: 0in 0in 0.0001pt;\"><span style=\"font-size: 10pt;\"><b><span style=\"font-size: 12.0pt;\">V\u00fdhody ResQFlare oproti tradi\u010dn\u00edm pyrotechnick\u00fdm sv\u011btlic\u00edm na lod\u011b:<\/span><\/b><\/span><\/h2>\n<ul>\n<li style=\"margin: 0in 0in 0.0001pt;\"><span style=\"font-size: 10pt;\"><span style=\"font-size: 11.0pt;\">Bez data expirace<\/span><\/span><\/li>\n<li style=\"margin: 0in 0in 0.0001pt;\"><span style=\"font-size: 10pt;\"><span style=\"font-size: 11.0pt;\">Vhodn\u00e9 pro rodiny (bez ho\u0159\u00edc\u00edho plamene)  <\/span><\/span><\/li>\n<li style=\"margin: 0in 0in 0.0001pt;\"><span style=\"font-size: 10pt;\"><span style=\"font-size: 11.0pt;\">Snadn\u00e1 ovladatelnost (tak\u017ee v p\u0159\u00edpad\u011b nouze jej zvl\u00e1dnou i va\u0161e d\u011bti a za\u010d\u00ednaj\u00edc\u00ed jachta\u0159i)  <\/span><\/span><\/li>\n<li style=\"margin: 0in 0in 0.0001pt;\"><span style=\"font-size: 10pt;\"><span style=\"font-size: 11.0pt;\">\u017d\u00e1dn\u00e9 probl\u00e9my se st\u00e1vaj\u00edc\u00edmi p\u0159\u00edsn\u00fdmi povinn\u00fdmi po\u017eadavky na likvidaci pyrotechnick\u00fdch sv\u011btlic (z pr\u00e1vn\u00edho hlediska pova\u017eov\u00e1ny za nebezpe\u010dn\u00e9 materi\u00e1ly)<\/span><\/span><\/li>\n<li style=\"margin: 0in 0in 0.0001pt;\"><span style=\"font-size: 10pt;\"><span style=\"font-size: 11.0pt;\">Vod\u011bodoln\u00fd a vztlakov\u00fd  <\/span><\/span><\/li>\n<li style=\"margin: 0in 0in 0.0001pt;\"><span style=\"font-size: 10pt;\"><span style=\"font-size: 11.0pt;\">Jednor\u00e1zov\u00fd n\u00e1kup (ni\u017e\u0161\u00ed n\u00e1klady po celou dobu \u017eivotnosti produktu)<\/span><\/span><\/li>\n<\/ul>\n<p style=\"margin: 0in 0in 0.0001pt;\"><span style=\"font-size: 10pt;\"><span style=\"font-size: 11.0pt;\"><span style=\"background: white;\"><span style=\"color: black;\">ResQFlare je klasifikov\u00e1n jako schv\u00e1len\u00fd no\u010dn\u00ed vizu\u00e1ln\u00ed nouzov\u00fd sign\u00e1l, spl\u0148uj\u00edc\u00ed po\u017eadavky pob\u0159e\u017en\u00ed str\u00e1\u017ee USA (46 CFR 161.013). Vzhledem k tomu, \u017ee nouzov\u00e1 vlajka spl\u0148uj\u00edc\u00ed po\u017eadavky 46 CFR 160.072 je sou\u010d\u00e1st\u00ed balen\u00ed ka\u017ed\u00e9ho ResQFlare , jsou u\u017eivatel\u00e9 tak\u00e9 vybaveni schv\u00e1len\u00fdm denn\u00edm vizu\u00e1ln\u00edm nouzov\u00fdm sign\u00e1lem (po\u017eadavek na p\u0159epravu schv\u00e1len\u00fdch denn\u00edch a no\u010dn\u00edch vizu\u00e1ln\u00edch nouzov\u00fdch sign\u00e1l\u016f lze nal\u00e9zt v 33 CFR \u010d\u00e1st 175). <\/span><\/span><\/span><\/span><\/p>\n<p>&nbsp;<\/p>\n<p style=\"margin: 0in 0in 0.0001pt;\"><span style=\"font-size: 10pt;\"><span style=\"font-size: 11.0pt;\">Dod\u00e1van\u00e1 nouzov\u00e1 vlajka nab\u00edz\u00ed \u0159adu mo\u017enost\u00ed signalizace za denn\u00edho sv\u011btla. Vlajku lze vyv\u011bsit p\u0159ipevn\u011bn\u00edm ke sto\u017e\u00e1ru nebo jednodu\u0161e vyv\u011bsit na nejvy\u0161\u0161\u00ed mo\u017en\u00fd bod. Lze ji tak\u00e9 vyv\u011bsit ru\u010dn\u011b, p\u0159iv\u00e1zat k p\u0159edm\u011bt\u016fm, jako je lodn\u00ed h\u00e1k, p\u00e1dlo nebo ryb\u00e1\u0159sk\u00fd prut, a pot\u00e9 s n\u00ed m\u00e1vat, nebo ji lze polo\u017eit naplocho na palubu k p\u0159il\u00e1k\u00e1n\u00ed letadel. Vlajka by se m\u011bla pou\u017e\u00edvat pouze jako denn\u00ed sign\u00e1l a p\u0159i spr\u00e1vn\u00e9m vyv\u011b\u0161en\u00ed by m\u011bl b\u00fdt \u010dern\u00fd \u010dtverec nad \u010dern\u00fdm kruhem.   <\/span><\/span><\/p>\n<p>&nbsp;<\/p>\n<p style=\"margin: 0in 0in 0.0001pt;\"><span style=\"font-size: 10pt;\"><span style=\"font-size: 11.0pt;\"><span style=\"background: white;\"><span style=\"color: black;\">D\u00edky kombinaci sady ResQFlare a nouzov\u00e9 vlajky se majitel\u00e9 lod\u00ed nemus\u00ed ob\u00e1vat tradi\u010dn\u00edch pyrotechnick\u00fdch sv\u011btlic na plavidlech o d\u00e9lce do 65 stop, na Velk\u00fdch jezerech, do 12 mil od americk\u00fdch vod nebo na jak\u00e9koli vodn\u00ed plo\u0161e s pr\u016fchodem do mo\u0159e \u0161irok\u00fdm alespo\u0148 dv\u011b m\u00edle. Plavidla krat\u0161\u00ed ne\u017e 16 stop (4,8 m) nemus\u00ed n\u00e9st denn\u00ed vizu\u00e1ln\u00ed nouzov\u00fd sign\u00e1l, ale mus\u00ed n\u00e9st no\u010dn\u00ed vizu\u00e1ln\u00ed nouzov\u00fd sign\u00e1l. D\u00edky tomu je ResQFlare v\u00edce ne\u017e sch\u016fdnou alternativou k pyrotechnick\u00fdm sv\u011btlic\u00edm i pro plavidla t\u00e9to velikosti.  <\/span><\/span><\/span><\/span><\/p>\n<p>&nbsp;<\/p>\n<p style=\"margin: 0in 0in 0.0001pt;\"><span style=\"font-size: 10pt;\"><span style=\"font-size: 11.0pt;\"><span style=\"background: white;\"><span style=\"color: black;\">Roz\u0161\u00ed\u0159en\u00ed \u0159ady bezpe\u010dnostn\u00edho vybaven\u00ed pro plavbu ResQFlare ACR poskytuje americk\u00fdm rekrea\u010dn\u00edm jachta\u0159\u016fm komplexn\u00ed \u0159e\u0161en\u00ed nouzov\u00e9 signalizace. Ve spojen\u00ed <a href=\"https:\/\/www.acrartex.com\/products\/resqkit\/\">EPIRB ACR<\/a> nebo <a href=\"https:\/\/www.acrartex.com\/products\/resqkit-pro-2357\/\">Personal Locator Beacon<\/a> ACR z\u00e1chran\u00e1\u0159i pob\u0159e\u017en\u00ed str\u00e1\u017ee USA nejen\u017ee v\u011bd\u00ed, kde se nach\u00e1z\u00edte, ale maj\u00ed tak\u00e9 vizu\u00e1ln\u00ed referen\u010dn\u00ed sv\u011btlo, kter\u00e9 se m\u016f\u017ee zam\u011b\u0159it a\u017e na vzd\u00e1lenost 6 mil. <\/span><\/span><\/span><\/span><\/p>\n<h2><span style=\"font-size: 10pt;\"><b><span style=\"font-size: 12.0pt;\">Vlastnosti a v\u00fdhody produktu:<\/span><\/b><\/span><\/h2>\n<ul>\n<li style=\"margin: 0in 0in 0.0001pt;\"><span style=\"font-size: 10pt;\"><span style=\"font-size: 11.0pt;\">ResQFlare a p\u0159ilo\u017een\u00e1 nouzov\u00e1 vlajka, pokud jsou p\u0159epravov\u00e1ny spole\u010dn\u011b, nahrazuj\u00ed p\u0159epravu pyrotechnick\u00fdch lodn\u00edch sv\u011btlic a lodn\u00edch sv\u011btlic USCG (pouze v USA).<\/span><\/span><\/li>\n<li style=\"margin-right: 13.5pt; margin: 0in 0in 0.0001pt;\"><span style=\"font-size: 10pt;\"><span style=\"background: white;\"><span style=\"color: black;\"><span style=\"font-size: 11.0pt;\">Jasn\u00e9 sv\u011btlo ve v\u0161ech sm\u011brech (viditelnost 360\u00b0)<\/span><\/span><\/span><\/span><\/li>\n<li style=\"margin-right: 13.5pt; margin: 0in 0in 0.0001pt;\"><span style=\"font-size: 10pt;\"><span style=\"background: white;\"><span style=\"color: black;\"><span style=\"font-size: 11.0pt;\">Lehk\u00fd a kompaktn\u00ed<\/span><\/span><\/span><\/span><\/li>\n<li style=\"margin-right: 13.5pt; margin: 0in 0in 0.0001pt;\"><span style=\"font-size: 10pt;\"><span style=\"background: white;\"><span style=\"color: black;\"><span style=\"font-size: 11.0pt;\">Automaticky se vzp\u0159\u00edm\u00ed a vzn\u00e1\u0161\u00ed se ve vod\u011b<\/span> <span style=\"font-size: 11.0pt;\">(nen\u00ed nutn\u00fd vztlakov\u00fd\/plovouc\u00ed kruh)<\/span><\/span><\/span><\/span><\/li>\n<li style=\"margin: 0in 0in 0.0001pt;\"><span style=\"font-size: 10pt;\"><span style=\"font-size: 11.0pt;\">Viditeln\u00e9 p\u0159es 6 mil<\/span><\/span><\/li>\n<li style=\"margin: 0in 0in 0.0001pt;\"><span style=\"font-size: 10pt;\"><span style=\"font-size: 11.0pt;\"><span style=\"color: black;\">U\u017eivatelsky vym\u011bniteln\u00e9 alkalick\u00e9 baterie typu C (nejsou sou\u010d\u00e1st\u00ed balen\u00ed)<\/span><\/span><\/span><\/li>\n<li style=\"margin: 0in 0in 0.0001pt;\"><span style=\"font-size: 10pt;\"><span style=\"font-size: 11.0pt;\">Vysoce intenzivn\u00ed LED z\u00e1blesk udr\u017euje minim\u00e1ln\u00ed <span style=\"background: white;\"><span style=\"color: black;\">\u0161pi\u010dkovou ekvivalentn\u00ed fixn\u00ed intenzitu<\/span><\/span> 75 cd po dobu 20 hodin nebo d\u00e9le (p\u0159i pokojov\u00e9 teplot\u011b)<\/span><\/span><\/li>\n<li style=\"margin: 0in 0in 0.0001pt;\"><span style=\"font-size: 10pt;\"><span style=\"font-size: 11.0pt;\">Provozn\u00ed \u017eivotnost 20 hodin je v\u00edce ne\u017e t\u0159ikr\u00e1t del\u0161\u00ed ne\u017e po\u017eadavek pob\u0159e\u017en\u00ed str\u00e1\u017ee USA na udr\u017een\u00ed <span style=\"background: white;\"><span style=\"color: black;\">\u0161pi\u010dkov\u00e9 ekvivalentn\u00ed pevn\u00e9 intenzity<\/span><\/span> 75 cd.<\/span><\/span><\/li>\n<li style=\"margin: 0in 0in 0.0001pt;\"><span style=\"font-size: 10pt;\"><span style=\"font-size: 11.0pt;\">Odoln\u00e1 konstrukce: Ohnivzdorn\u00e1, odoln\u00e1 v\u016f\u010di olej\u016fm, odoln\u00e1 proti pl\u00edsn\u00edm a odoln\u00e1 proti korozi<\/span><\/span><\/li>\n<li style=\"margin: 0in 0in 0.0001pt;\"><span style=\"font-size: 10pt;\"><span style=\"font-size: 11.0pt;\">Vod\u011bodolnost (IP67)<\/span><\/span><\/li>\n<li style=\"margin: 0in 0in 0.0001pt;\"><span style=\"font-size: 10pt;\"><span style=\"font-size: 11.0pt;\">Certifikov\u00e1no podle USCG 161.013 jako no\u010dn\u00ed vizu\u00e1ln\u00ed nouzov\u00fd sign\u00e1l<\/span><\/span><\/li>\n<li style=\"margin: 0in 0in 0.0001pt;\"><span style=\"font-size: 10pt;\"><span style=\"font-size: 11.0pt;\">V\u010detn\u011b nouzov\u00e9 vlajky (certifikovan\u00e9 podle USCG 160.072 jako denn\u00ed vizu\u00e1ln\u00ed nouzov\u00fd sign\u00e1l)  <\/span><\/span><\/li>\n<\/ul>\n<h3 style=\"margin: 0in 0in 0.0001pt;\"><strong>ResQFlare v novink\u00e1ch:<\/strong><\/h3>\n<p><a href=\"https:\/\/www.sailingworld.com\/story\/gear\/safe-distress-flare-alternative\/\">Sailing World \u2013 Bezpe\u010dn\u00e1 alternativa k nouzov\u00fdm sv\u011bteln\u00fdm sign\u00e1l\u016fm<\/a><\/p>\n<p><a href=\"https:\/\/www.greatlakesscuttlebutt.com\/news\/featured-news\/this-year-s-boating-finds\/\">Great Lakes Scuttlebutt \u2013 Leto\u0161n\u00ed n\u00e1lezy z plavby<\/a><\/p>\n<p><a href=\"https:\/\/lakelandboating.com\/acr-electronics-introduces-new-alternative-to-pyrotechnic-flares\/\">Lakeland Boating \u2013 ACR Electronics p\u0159edstavuje novou alternativu k pyrotechnick\u00fdm sv\u011btlic\u00edm<\/a><\/p>\n","protected":false},"excerpt":{"rendered":"<p><span style=\"font-size: 11.0pt;\"><span style=\"background: white;\"><span style=\"color: black;\">ACR ResQFlare je vysoce intenzivn\u00ed LED elektronick\u00e1 sv\u011btlice pro nouzov\u00e9 lod\u011b. V kombinaci s dod\u00e1vanou nouzovou vlajkou jsou ResQFlare a vlajka certifikov\u00e1ny tak, aby spl\u0148ovaly platn\u00e9 po\u017eadavky americk\u00e9 pob\u0159e\u017en\u00ed str\u00e1\u017ee, co\u017e umo\u017e\u0148uje jejich no\u0161en\u00ed m\u00edsto tradi\u010dn\u00edch pyrotechnick\u00fdch sv\u011btlic na v\u011bt\u0161in\u011b rekrea\u010dn\u00edch lod\u00ed. ResQFlare jako pohodln\u00e1 alternativa k lodn\u00edm pyrotechnick\u00fdm sv\u011btlic\u00edm nebo sv\u011btlic\u00edm pistol\u00edm, poskytuje 360\u00b0 viditelnost na vzd\u00e1lenost v\u00edce ne\u017e 6 mil a jej\u00ed efektivn\u00ed konstrukce umo\u017e\u0148uje zna\u010dnou provozn\u00ed \u017eivotnost (+20 hodin ho\u0159en\u00ed), co\u017e drasticky zvy\u0161uje va\u0161e \u0161ance na p\u0159e\u017eit\u00ed a z\u00e1chranu.  <\/span><\/span><\/span><\/p>\n<p>https:\/\/www.youtube.com\/watch?v=AVNmWXIpSro&amp;lc=UgwVlLiY8UH7ddCAyoZ4AaABAg<\/p>\n<p><a href=\"https:\/\/www.dropbox.com\/s\/0ezw0kexbm120vv\/Prop%2065%20-%20Lead%20and%20Lead%20Compounds.pdf?dl=0\">VAROV\u00c1N\u00cd: PROP 65<\/a><\/p>\n<p>&nbsp;<\/p>\n<p><strong>POZN\u00c1MKA: ResQFlare (model: LNK-ERS1) je na webov\u00fdch str\u00e1nk\u00e1ch Pob\u0159e\u017en\u00ed str\u00e1\u017ee USA uveden jako ACR ResQFlare (Model LNK-ERS1). <a href=\"https:\/\/www.dropbox.com\/scl\/fi\/y2nf76hvxhmy9t4bxljnf\/USCG-Approved-Equipment-Details-Page_ResQFlare.pdf?rlkey=ash5nle98cfnrpnmr8jcizp8a&amp;st=i6dizypz&amp;dl=1\">Kliknut\u00edm na tento odkaz<\/a> zobraz\u00edte seznam ACR ResQFlare na seznamu schv\u00e1len\u00e9ho vybaven\u00ed Pob\u0159e\u017en\u00ed str\u00e1\u017ee USA.<\/strong><\/p>\n","protected":false},"featured_media":164531,"template":"","meta":{"_acf_changed":false,"om_disable_all_campaigns":false},"product_brand":[],"product_cat":[5949,5719,5962,5951,5790,5947],"product_tag":[11827,11711,11698,11838,11750,11811,11784,11804,13699,11741,11817,11794,11733,11848,11723,11772,13705],"class_list":{"0":"post-157739","1":"product","2":"type-product","3":"status-publish","4":"has-post-thumbnail","6":"product_cat-blizko-pobrezi","7":"product_cat-namorni","8":"product_cat-padlovaci-sporty-rybareni","9":"product_cat-pobrezni","10":"product_cat-venkovni","11":"product_cat-vnitrozemi","12":"product_tag-cervena-svetlice","13":"product_tag-e-vzplanuti","14":"product_tag-elektronicka-svetlice","15":"product_tag-kourova-svetlice","16":"product_tag-led-nouzova-svetlice","17":"product_tag-led-svetlice","18":"product_tag-lodni-svetlice","19":"product_tag-namorni-svetlice","20":"product_tag-nouzove-svetlice","21":"product_tag-nouzovy-svetlice","22":"product_tag-rucni-svetlice","23":"product_tag-signalni-svetlice","24":"product_tag-svetlice-cs","25":"product_tag-svetlice-cs-2","26":"product_tag-svetlice","27":"product_tag-svetlice-na-lodi","28":"product_tag-vzplanuti-v-oriu","29":"pa_activity-padlovaci-sporty","30":"pa_activity-rybolov","31":"pa_boat-size-0-20-cs","32":"pa_boat-size-21-40-cs","33":"pa_boat-size-40-80-cs","34":"pa_boat-type-charterova-jachta","35":"pa_boat-type-jachta","36":"pa_boat-type-komercni-rybolov","37":"pa_boat-type-motorovy-clun","38":"pa_boat-type-plachetnice","39":"pa_boat-type-remorker","40":"pa_boat-type-sportcraft-cs","41":"pa_terrain-reky-mokrady-jezera-cs","43":"first","44":"instock","45":"taxable","46":"shipping-taxable","47":"purchasable","48":"product-type-simple"},"acf":[],"_links":{"self":[{"href":"https:\/\/www.acrartex.com\/cs\/wp-json\/wp\/v2\/product\/157739","targetHints":{"allow":["GET"]}}],"collection":[{"href":"https:\/\/www.acrartex.com\/cs\/wp-json\/wp\/v2\/product"}],"about":[{"href":"https:\/\/www.acrartex.com\/cs\/wp-json\/wp\/v2\/types\/product"}],"wp:featuredmedia":[{"embeddable":true,"href":"https:\/\/www.acrartex.com\/cs\/wp-json\/wp\/v2\/media\/164531"}],"wp:attachment":[{"href":"https:\/\/www.acrartex.com\/cs\/wp-json\/wp\/v2\/media?parent=157739"}],"wp:term":[{"taxonomy":"product_brand","embeddable":true,"href":"https:\/\/www.acrartex.com\/cs\/wp-json\/wp\/v2\/product_brand?post=157739"},{"taxonomy":"product_cat","embeddable":true,"href":"https:\/\/www.acrartex.com\/cs\/wp-json\/wp\/v2\/product_cat?post=157739"},{"taxonomy":"product_tag","embeddable":true,"href":"https:\/\/www.acrartex.com\/cs\/wp-json\/wp\/v2\/product_tag?post=157739"}],"curies":[{"name":"wp","href":"https:\/\/api.w.org\/{rel}","templated":true}]}}