{"id":157629,"date":"2021-07-28T17:05:51","date_gmt":"2021-07-28T22:05:51","guid":{"rendered":"https:\/\/www.acrartex.com\/products\/personal-locator-beacon-sarlink-plb-350b\/"},"modified":"2021-07-28T17:05:51","modified_gmt":"2021-07-28T22:05:51","slug":"personal-locator-beacon-sarlink-plb-350b","status":"publish","type":"product","link":"https:\/\/www.acrartex.com\/cs\/products\/personal-locator-beacon-sarlink-plb-350b\/","title":{"rendered":"Personal Locator Beacon SARLink\u2122 PLB -350B"},"content":{"rendered":"<p><span style=\"color: #3366ff;\"><strong>Tento produkt byl ukon\u010den.<\/strong><\/span><\/p>\n<p>Vydejte se s jistotou. D\u00edky t\u0159em \u00farovn\u00edm integrovan\u00e9 sign\u00e1ln\u00ed technologie \u2013 GPS ur\u010dov\u00e1n\u00ed polohy, v\u00fdkonn\u00e9mu sign\u00e1lu 406 MHz a funkci nav\u00e1d\u011bn\u00ed 121,5 MHz \u2013 SARLink\u2122 rychle a p\u0159esn\u011b p\u0159en\u00e1\u0161\u00ed va\u0161i polohu do celosv\u011btov\u00e9 s\u00edt\u011b p\u00e1trac\u00edch a z\u00e1chrann\u00fdch satelit\u016f, \u010d\u00edm\u017e zkracuje dobu p\u00e1tr\u00e1n\u00ed a zvy\u0161uje va\u0161e \u0161ance na p\u0159e\u017eit\u00ed. Je to spolehliv\u00e1 sign\u00e1ln\u00ed technologie, kter\u00e1 zachr\u00e1nila v\u00edce ne\u017e 50 000 lid\u00ed.<br \/>\n \u017eije od roku 1982.  <\/p>\n<p>SARLink\u2122 vys\u00edl\u00e1 unik\u00e1tn\u00ed registrovan\u00fd t\u00eds\u0148ov\u00fd sign\u00e1l, kter\u00fd z\u00e1chran\u00e1\u0159\u016fm nejen sd\u011bluje, kde se nach\u00e1z\u00edte, ale i kdo jste. Palubn\u00ed GPS dok\u00e1\u017ee ur\u010dit va\u0161i polohu s p\u0159esnost\u00ed na 100 metr\u016f a pot\u00e9 pomoc\u00ed v\u00fdkonn\u00e9ho sign\u00e1lu 406 MHz p\u0159ed\u00e1 v\u00e1\u0161 t\u00eds\u0148ov\u00fd sign\u00e1l na ob\u011b\u017en\u00e9 dr\u00e1ze satelit\u016fm SAR. Jakmile je nasazena m\u00edstn\u00ed p\u00e1trac\u00ed a z\u00e1chrann\u00e1 slu\u017eba, samostatn\u00fd nav\u00e1d\u011bc\u00ed sign\u00e1l a integrovan\u00e9 LED stroboskopick\u00e9 sv\u011btlo navedou z\u00e1chran\u00e1\u0159e na va\u0161i polohu.  <\/p>\n<p>SARLink\u2122 je lehk\u00fd a dostate\u010dn\u011b mal\u00fd, aby ho ly\u017ea\u0159i, turist\u00e9, lovci, kajak\u00e1\u0159i, horolezci, piloti, \u0159idi\u010di sn\u011b\u017en\u00fdch sk\u00fatr\u016f nebo jin\u00ed outdoorov\u00ed nad\u0161enci snadno nosili v batohu nebo kapse. Exkluzivn\u011b ACR : Vestav\u011bn\u00fd testovac\u00ed re\u017eim pro z\u00edsk\u00e1v\u00e1n\u00ed sign\u00e1lu GPS umo\u017e\u0148uje otestovat funk\u010dnost GPS a\u017e 60kr\u00e1t b\u011bhem \u017eivotnosti.<br \/>\n baterie. Vyu\u017eijte stejnou v ter\u00e9nu osv\u011bd\u010denou z\u00e1chrannou technologii, jakou pou\u017e\u00edv\u00e1 americk\u00e1 arm\u00e1da, pob\u0159e\u017en\u00ed str\u00e1\u017e USA, speci\u00e1ln\u00ed jednotky NATO a arkti\u010dt\u00ed pr\u016fzkumn\u00edci.  <\/p>\n","protected":false},"excerpt":{"rendered":"<p>Pohybujte se s jistotou s Personal Locator Beacon SARLink\u2122 ( PLB ). Tento nouzov\u00fd maj\u00e1k je dostate\u010dn\u011b siln\u00fd, aby vyslal jedine\u010dn\u00fd nouzov\u00fd sign\u00e1l, kter\u00fd z\u00e1chran\u00e1\u0159\u016fm nejen sd\u011bl\u00ed, kde se nach\u00e1z\u00edte, ale tak\u00e9 kdo jste. Tento PLB vyu\u017e\u00edv\u00e1 siln\u00fd sign\u00e1l 406 MHz k p\u0159enosu va\u0161eho nouzov\u00e9ho vol\u00e1n\u00ed na ob\u00edhaj\u00edc\u00ed satelity SAR, zat\u00edmco palubn\u00ed GPS ur\u010duje va\u0161i polohu s p\u0159esnost\u00ed na 100 metr\u016f. B\u011bhem m\u00edstn\u00edho p\u00e1tr\u00e1n\u00ed a z\u00e1chrany spolupracuje samostatn\u00fd nav\u00e1d\u011bc\u00ed sign\u00e1l a integrovan\u00e9 LED stroboskopick\u00e9 sv\u011btlo, kter\u00e9 nav\u00e1d\u011bj\u00ed z\u00e1chran\u00e1\u0159e k va\u0161\u00ed poloze.   <\/p>\n<p><span style=\"color: #3366ff;\"><strong>Tento produkt byl ukon\u010den.<\/strong><\/span><\/p>\n","protected":false},"featured_media":157633,"template":"","meta":{"_acf_changed":false,"om_disable_all_campaigns":false},"product_brand":[],"product_cat":[5790],"product_tag":[8613,7078,9301,11720,11682,6156,6158,11728,11662,11695,13652,8607,8614],"class_list":{"0":"post-157629","1":"product","2":"type-product","3":"status-publish","4":"has-post-thumbnail","6":"product_cat-venkovni","7":"product_tag-cospas-cs","8":"product_tag-cospas-sarsat-cs","9":"product_tag-epirbu","10":"product_tag-osobni-gps-lokator-sarlink","11":"product_tag-osobni-lokalizacni-majak-sarlink","12":"product_tag-plb-350-cs","13":"product_tag-plb-350b-cs","14":"product_tag-sar-cs","15":"product_tag-sarlink-cs","16":"product_tag-sarlink-406-cs","17":"product_tag-sarlink-plb-350b-cs","18":"product_tag-sarsat-cs","19":"product_tag-sarsat-cospas-cs","20":"pa_product-dedictvi","22":"first","23":"outofstock","24":"taxable","25":"shipping-taxable","26":"product-type-simple"},"acf":[],"_links":{"self":[{"href":"https:\/\/www.acrartex.com\/cs\/wp-json\/wp\/v2\/product\/157629","targetHints":{"allow":["GET"]}}],"collection":[{"href":"https:\/\/www.acrartex.com\/cs\/wp-json\/wp\/v2\/product"}],"about":[{"href":"https:\/\/www.acrartex.com\/cs\/wp-json\/wp\/v2\/types\/product"}],"wp:featuredmedia":[{"embeddable":true,"href":"https:\/\/www.acrartex.com\/cs\/wp-json\/wp\/v2\/media\/157633"}],"wp:attachment":[{"href":"https:\/\/www.acrartex.com\/cs\/wp-json\/wp\/v2\/media?parent=157629"}],"wp:term":[{"taxonomy":"product_brand","embeddable":true,"href":"https:\/\/www.acrartex.com\/cs\/wp-json\/wp\/v2\/product_brand?post=157629"},{"taxonomy":"product_cat","embeddable":true,"href":"https:\/\/www.acrartex.com\/cs\/wp-json\/wp\/v2\/product_cat?post=157629"},{"taxonomy":"product_tag","embeddable":true,"href":"https:\/\/www.acrartex.com\/cs\/wp-json\/wp\/v2\/product_tag?post=157629"}],"curies":[{"name":"wp","href":"https:\/\/api.w.org\/{rel}","templated":true}]}}