{"id":157513,"date":"2021-08-04T14:02:43","date_gmt":"2021-08-04T19:02:43","guid":{"rendered":"https:\/\/www.acrartex.com\/products\/aerofix-plb-200-201\/"},"modified":"2021-08-04T14:02:43","modified_gmt":"2021-08-04T19:02:43","slug":"aerofix-plb-200-201","status":"publish","type":"product","link":"https:\/\/www.acrartex.com\/cs\/products\/aerofix-plb-200-201\/","title":{"rendered":"AeroFix ( PLB -200\/201)"},"content":{"rendered":"<p><span style=\"color: #3366ff;\"><strong>Tento produkt byl ukon\u010den.<\/strong><\/span><\/p>\n<div>Nehody se ve vzduchu st\u00e1vaj\u00ed ka\u017ed\u00fd den a kdy\u017e se situace zhor\u0161\u00ed, budete p\u0159ipraveni?<\/div>\n<div><\/div>\n<div>Pro\u010d \u010dekat cel\u00e9 dny uv\u00edznut\u00ed v nad\u011bji, \u017ee v\u00e1s n\u011bkdo najde? Dejte s\u00edlu do dlan\u011b s AeroFix\u2122 406 GPS PLB . Nyn\u00ed m\u016f\u017eete prom\u011bnit \u017eivot ohro\u017euj\u00edc\u00ed situaci v \u00fasp\u011b\u0161n\u00fd z\u00e1chrann\u00fd p\u0159\u00edb\u011bh. Je to tak snadn\u00e9 jako stisknout tla\u010d\u00edtko a d\u00edky intern\u00edmu GPS p\u0159ij\u00edma\u010di (P\/N 2799.4NH) AeroFix\u2122 z\u00edsk\u00e1 va\u0161i GPS polohu a ode\u0161le ji spolu s va\u0161\u00edm personalizovan\u00fdm identifika\u010dn\u00edm k\u00f3dem prost\u0159ednictv\u00edm satelit\u016f COSPAS-SARSAT, \u010d\u00edm\u017e okam\u017eit\u011b upozorn\u00ed z\u00e1chrann\u00e9 slo\u017eky SAR, \u017ee pot\u0159ebujete pomoc!   <\/div>\n<div><\/div>\n<div>Aerofix\u2122 pracuje rychle. Pokud jsou v prvn\u00edm z\u00e1blesku maj\u00e1ku k dispozici data GPS , mohou b\u00fdt z\u00e1chrann\u00e9 slo\u017eky upozorn\u011bny a za\u010d\u00edt pl\u00e1novat va\u0161i z\u00e1chranu b\u011bhem pouh\u00fdch t\u0159\u00ed minut. Bu\u010fte zodpov\u011bdn\u00ed, bu\u010fte p\u0159ipraveni, bu\u010fte v bezpe\u010d\u00ed. <\/div>\n","protected":false},"excerpt":{"rendered":"<p><span style=\"color: #3366ff;\"><strong>Tento produkt byl ukon\u010den.<\/strong><\/span><\/p>\n<p>Personal Locator Beacon AeroFix\u2122 neboli PLB vys\u00edl\u00e1 na frekvenci 406 MHz prost\u0159ednictv\u00edm satelitn\u00edho syst\u00e9mu COSPAS-SARSAT s va\u0161\u00edm registrovan\u00fdm jedine\u010dn\u00fdm, digit\u00e1ln\u011b k\u00f3dovan\u00fdm t\u00eds\u0148ov\u00fdm sign\u00e1lem a m\u00edstn\u00ed nav\u00e1d\u011bc\u00ed frekvenc\u00ed SAR 121,5 MHz.<\/p>\n<p style=\"margin-left: 0in; margin-right: 0in;\">\n","protected":false},"featured_media":157544,"template":"","meta":{"_acf_changed":false,"om_disable_all_campaigns":false},"product_brand":[],"product_cat":[5534,5790],"product_tag":[13578,13584,13589,13593,13598,5634,13572,13565,13574,13576,13570,5539,6157,5795,5791,13539,13545],"class_list":{"0":"post-157513","1":"product","2":"type-product","3":"status-publish","4":"has-post-thumbnail","6":"product_cat-letectvi","7":"product_cat-venkovni","8":"product_tag-2799-cs","9":"product_tag-2799-2-cs","10":"product_tag-2799-2nh-cs","11":"product_tag-2799-4-cs","12":"product_tag-2799-4nh-cs","13":"product_tag-406-cs","14":"product_tag-aero-oprava","15":"product_tag-aerofix-cs","16":"product_tag-aerofix-i-cs","17":"product_tag-aerofix-i-o-cs","18":"product_tag-aerofix-plb-cs","19":"product_tag-gps-cs","20":"product_tag-nouzovy-lokalizator","21":"product_tag-osobni-lokalizacni-majak","22":"product_tag-plb-cs","23":"product_tag-plb-200-cs","24":"product_tag-plb-201-cs","25":"pa_product-dedictvi","27":"first","28":"outofstock","29":"taxable","30":"shipping-taxable","31":"product-type-simple"},"acf":[],"_links":{"self":[{"href":"https:\/\/www.acrartex.com\/cs\/wp-json\/wp\/v2\/product\/157513","targetHints":{"allow":["GET"]}}],"collection":[{"href":"https:\/\/www.acrartex.com\/cs\/wp-json\/wp\/v2\/product"}],"about":[{"href":"https:\/\/www.acrartex.com\/cs\/wp-json\/wp\/v2\/types\/product"}],"wp:featuredmedia":[{"embeddable":true,"href":"https:\/\/www.acrartex.com\/cs\/wp-json\/wp\/v2\/media\/157544"}],"wp:attachment":[{"href":"https:\/\/www.acrartex.com\/cs\/wp-json\/wp\/v2\/media?parent=157513"}],"wp:term":[{"taxonomy":"product_brand","embeddable":true,"href":"https:\/\/www.acrartex.com\/cs\/wp-json\/wp\/v2\/product_brand?post=157513"},{"taxonomy":"product_cat","embeddable":true,"href":"https:\/\/www.acrartex.com\/cs\/wp-json\/wp\/v2\/product_cat?post=157513"},{"taxonomy":"product_tag","embeddable":true,"href":"https:\/\/www.acrartex.com\/cs\/wp-json\/wp\/v2\/product_tag?post=157513"}],"curies":[{"name":"wp","href":"https:\/\/api.w.org\/{rel}","templated":true}]}}