{"id":157446,"date":"2021-08-04T16:32:27","date_gmt":"2021-08-04T21:32:27","guid":{"rendered":"https:\/\/www.acrartex.com\/products\/personal-locator-beacon-microfix-plb-300\/"},"modified":"2021-08-04T16:32:27","modified_gmt":"2021-08-04T21:32:27","slug":"personal-locator-beacon-microfix-plb-300","status":"publish","type":"product","link":"https:\/\/www.acrartex.com\/cs\/products\/personal-locator-beacon-microfix-plb-300\/","title":{"rendered":"Personal Locator Beacon MicroFix\u2122 PLB -300"},"content":{"rendered":"<p><a href=\"https:\/\/www.acrartex.com\/cs\/kategorie-produktu\/venkovni\/\"><em><strong>Tento produkt byl ukon\u010den.  <\/strong><\/em><\/a><\/p>\n<p>Vys\u00edl\u00e1 na frekvenci 406 MHz prost\u0159ednictv\u00edm satelitn\u00edho syst\u00e9mu COSPAS-SARSAT s va\u0161\u00edm registrovan\u00fdm, jedine\u010dn\u00fdm, digit\u00e1ln\u011b k\u00f3dovan\u00fdm t\u00eds\u0148ov\u00fdm sign\u00e1lem a na frekvenci 121,5 MHz (nav\u00e1d\u011bc\u00ed frekvence SAR).<\/p>\n<p>Vestav\u011bn\u00fd 16kan\u00e1lov\u00fd paraleln\u00ed GPS po aktivaci jednotky zaznamen\u00e1v\u00e1 zem\u011bpisnou \u0161\u00ed\u0159ku (LAT\/LON) a pot\u00e9 vys\u00edl\u00e1 zem\u011bpisnou \u0161\u00ed\u0159ku (LAT\/LON), co\u017e dramaticky \u0161et\u0159\u00ed drahocenn\u00fd \u010das pot\u0159ebn\u00fd k tomu, aby se va\u0161e nouzov\u00e1 zpr\u00e1va dostala do m\u00edstn\u00edch z\u00e1chrann\u00fdch center, a z\u00e1chrann\u00fdm slo\u017ek\u00e1m poskytuje va\u0161i p\u0159esnou polohu s p\u0159esnost\u00ed na 100 metr\u016f (110 yard\u016f).<\/p>\n<p>Snadno se p\u0159en\u00e1\u0161\u00ed v batohu nebo kapse; dostate\u010dn\u011b mal\u00fd pro ly\u017ea\u0159e, turisty, lovce, kajak\u00e1\u0159e, horolezce, piloty, \u0159idi\u010de sn\u011b\u017en\u00fdch sk\u00fatr\u016f nebo jak\u00e9koli jin\u00e9 outdoorov\u00e9 nad\u0161ence.<\/p>\n","protected":false},"excerpt":{"rendered":"<p><em><strong><a href=\"https:\/\/www.acrartex.com\/product-category\/outdoor\/\">Tento produkt byl ukon\u010den. <\/a>  <\/strong><\/em><\/p>\n<p>Nehody se st\u00e1vaj\u00ed ka\u017ed\u00fd den, a\u0165 u\u017e jste na misi v nebezpe\u010d\u00ed, pracujete v odlehl\u00e9 oblasti, nebo jen tak kempujete \u010di lov\u00edte v p\u0159\u00edrod\u011b. V p\u0159\u00edrod\u011b se z b\u011b\u017en\u00e9 nehody m\u016f\u017ee okam\u017eit\u011b st\u00e1t \u017eivot ohro\u017euj\u00edc\u00ed situace a z\u00e1chrann\u00e9 akce mohou trvat dny nebo t\u00fddny, pokud nejste p\u0159ipraveni. <\/p>\n<p>Dejte si s\u00edlu do dlan\u011b s Personal Locator Beacon MicroFix 406 ( PLB ). Nyn\u00ed m\u016f\u017eete prom\u011bnit \u017eivot ohro\u017euj\u00edc\u00ed situaci v \u00fasp\u011b\u0161n\u00fd z\u00e1chrann\u00fd p\u0159\u00edb\u011bh. Je to tak snadn\u00e9 jako stisknout tla\u010d\u00edtko a d\u00edky intern\u00ed GPS MicroFix z\u00edsk\u00e1 va\u0161i GPS polohu a ode\u0161le ji spolu s va\u0161\u00edm personalizovan\u00fdm identifika\u010dn\u00edm k\u00f3dem prost\u0159ednictv\u00edm glob\u00e1ln\u00edho satelitn\u00edho syst\u00e9mu COSPASSARSAT, \u010d\u00edm\u017e okam\u017eit\u011b upozorn\u00ed p\u00e1trac\u00ed a z\u00e1chrann\u00e9 slo\u017eky, \u017ee pot\u0159ebujete pomoc!  <\/p>\n<p>Jedn\u00e1 se o celosv\u011btov\u00fd humanit\u00e1rn\u00ed syst\u00e9m na z\u00e1chranu \u017eivot\u016f, kter\u00fd zachr\u00e1nil p\u0159es 30 000 \u017eivot\u016f, a to z va\u0161ich dan\u00ed, bez n\u00e1kladn\u00fdch poplatk\u016f za p\u0159edplatn\u00e9.<\/p>\n<p>Bu\u010fte zodpov\u011bdn\u00ed, bu\u010fte p\u0159ipraveni, bu\u010fte v bezpe\u010d\u00ed.<\/p>\n","protected":false},"featured_media":157450,"template":"","meta":{"_acf_changed":false,"om_disable_all_campaigns":false},"product_brand":[],"product_cat":[5790],"product_tag":[13347,13352,8613,7078,13361,13356,13316,13319,8607,8614],"class_list":{"0":"post-157446","1":"product","2":"type-product","3":"status-publish","4":"has-post-thumbnail","6":"product_cat-venkovni","7":"product_tag-2898-cs","8":"product_tag-2898nh-cs","9":"product_tag-cospas-cs","10":"product_tag-cospas-sarsat-cs","11":"product_tag-micro-fix-plb-cs","12":"product_tag-mikrofix-cs","13":"product_tag-plb-300-cs","14":"product_tag-plb300-cs","15":"product_tag-sarsat-cs","16":"product_tag-sarsat-cospas-cs","17":"pa_product-dedictvi","19":"first","20":"outofstock","21":"taxable","22":"shipping-taxable","23":"product-type-simple"},"acf":[],"_links":{"self":[{"href":"https:\/\/www.acrartex.com\/cs\/wp-json\/wp\/v2\/product\/157446","targetHints":{"allow":["GET"]}}],"collection":[{"href":"https:\/\/www.acrartex.com\/cs\/wp-json\/wp\/v2\/product"}],"about":[{"href":"https:\/\/www.acrartex.com\/cs\/wp-json\/wp\/v2\/types\/product"}],"wp:featuredmedia":[{"embeddable":true,"href":"https:\/\/www.acrartex.com\/cs\/wp-json\/wp\/v2\/media\/157450"}],"wp:attachment":[{"href":"https:\/\/www.acrartex.com\/cs\/wp-json\/wp\/v2\/media?parent=157446"}],"wp:term":[{"taxonomy":"product_brand","embeddable":true,"href":"https:\/\/www.acrartex.com\/cs\/wp-json\/wp\/v2\/product_brand?post=157446"},{"taxonomy":"product_cat","embeddable":true,"href":"https:\/\/www.acrartex.com\/cs\/wp-json\/wp\/v2\/product_cat?post=157446"},{"taxonomy":"product_tag","embeddable":true,"href":"https:\/\/www.acrartex.com\/cs\/wp-json\/wp\/v2\/product_tag?post=157446"}],"curies":[{"name":"wp","href":"https:\/\/api.w.org\/{rel}","templated":true}]}}