{"id":157261,"date":"2022-02-07T16:20:41","date_gmt":"2022-02-07T21:20:41","guid":{"rendered":"https:\/\/www.acrartex.com\/products\/elt-4000s\/"},"modified":"2022-02-07T16:20:41","modified_gmt":"2022-02-07T21:20:41","slug":"elt-4000s","status":"publish","type":"product","link":"https:\/\/www.acrartex.com\/cs\/products\/elt-4000s\/","title":{"rendered":"ELT 4000S"},"content":{"rendered":"<p><strong>P\u0159ehled produktu<\/strong><\/p>\n<p>ARTEX <a href=\"https:\/\/www.acrartex.com\/cs\/news\/artex-uvadi-na-trh-emergency-locator-transmitter-preziti-nove-generace-bez-lithia\/\">ELT 4000S je p\u0159enosn\u00fd z\u00e1chrann\u00fd ELT (ESL)<\/a> , kter\u00fd vys\u00edl\u00e1 na frekvenc\u00edch 121,5 a 406 MHz a je vyjmut z po\u017eadavk\u016f TSO C142 a DO-227 d\u00edky inovativn\u00edmu syst\u00e9mu nap\u00e1jen\u00ed alkalick\u00fdmi bateriemi. Vys\u00edla\u010d ELT je zalo\u017een na syst\u00e9mu ARTEX ELT 4000 a p\u0159edstavuje nejnov\u011bj\u0161\u00ed technologii vys\u00edla\u010d\u016f ELT s bezlithiovou bateri\u00ed v z\u00e1chrann\u00e9m maj\u00e1ku, co\u017e oper\u00e1tor\u016fm \u0161et\u0159\u00ed n\u00e1klady na dopravu nebezpe\u010dn\u00fdch materi\u00e1l\u016f. ARTEX ELT 4000S je plovouc\u00ed a automaticky se aktivuje p\u0159i nasazen\u00ed ve vod\u011b. Sou\u010d\u00e1st\u00ed balen\u00ed je tak\u00e9 manu\u00e1ln\u00ed aktiva\u010dn\u00ed sp\u00edna\u010d pro pou\u017eit\u00ed na sou\u0161i. Intern\u00ed GPS (GNSS) z\u00edsk\u00e1v\u00e1 data o poloze pro zahrnut\u00ed do p\u0159enosu na 406 MHz a \u0161\u0148\u016frka umo\u017e\u0148uje p\u0159ipevn\u011bn\u00ed k z\u00e1chrann\u00e9mu \u010dlunu.    <\/p>\n<p><iframe loading=\"lazy\" title=\"ARTEX ELT 4000S Portable Emergency Locator Transmitter\" width=\"500\" height=\"281\" src=\"https:\/\/www.youtube.com\/embed\/KBgLQOc3Xag?feature=oembed\" frameborder=\"0\" allow=\"accelerometer; autoplay; clipboard-write; encrypted-media; gyroscope; picture-in-picture; web-share\" referrerpolicy=\"strict-origin-when-cross-origin\" allowfullscreen><\/iframe><\/p>\n<p>ARTEX ELT 4000S je vybaven snadno \u010diteln\u00fdm testovac\u00edm syst\u00e9mem vyu\u017e\u00edvaj\u00edc\u00edm dva LED indik\u00e1tory. Zelen\u00e1 LED dioda indikuje \u00fasp\u011b\u0161n\u00fd autotest. 4,5metrov\u00e1 \u0161\u0148\u016frka je \u00fahledn\u011b ulo\u017eena v horn\u00edm krytu a skl\u00e1dac\u00ed ant\u00e9na je zaji\u0161t\u011bna a lze ji rozvinout jednou rukou.   <\/p>\n<p>Mont\u00e1\u017en\u00ed syst\u00e9m schv\u00e1len\u00fd TSO umo\u017e\u0148uje v\u00edceos\u00e9 uvoln\u011bn\u00ed, co\u017e nab\u00edz\u00ed flexibilitu v m\u00edst\u011b instalace. U\u017eivatelsky vym\u011bniteln\u00fd bateriov\u00fd syst\u00e9m nab\u00edz\u00ed mo\u017enost \u00fadr\u017eby na k\u0159\u00eddle, co\u017e sni\u017euje n\u00e1klady na vlastnictv\u00ed. <\/p>\n<p><strong>Vlastnosti produktu<\/strong><\/p>\n<ul>\n<li>Schv\u00e1leno FAA a EASA<\/li>\n<li>Robustn\u00ed konstrukce s vestav\u011bn\u00fdm vztlakem (bez plov\u00e1kov\u00e9ho l\u00edmce)<\/li>\n<li>Integrovan\u00fd GPS<\/li>\n<li>Alkalick\u00e1 baterie (osvobozena od po\u017eadavk\u016f TSO C142 a DO-227)<\/li>\n<li>P\u011btilet\u00e1 z\u00e1ruka u\u017eivatelsky vym\u011bniteln\u00fdch alkalick\u00fdch bateri\u00ed (na k\u0159\u00eddle)<\/li>\n<li>V\u00fdjimka pro zvl\u00e1\u0161tn\u00ed podm\u00ednky, p\u0159eprava nebezpe\u010dn\u00fdch l\u00e1tek zak\u00e1z\u00e1na<\/li>\n<li>Jednoduch\u00fd dr\u017e\u00e1k pro snadn\u00e9 nasazen\u00ed jednou rukou<\/li>\n<li>Kompatibiln\u00ed se st\u00e1vaj\u00edc\u00edmi ru\u010dn\u00edmi program\u00e1tory ARTEX<\/li>\n<li>K dispozici jsou konfigurace dr\u017e\u00e1k\u016f pro lev\u00e1ky i prav\u00e1ky<\/li>\n<\/ul>\n<p>M\u00e1te z\u00e1jem dozv\u011bd\u011bt se v\u00edce o <a href=\"http:\/\/www.gadss.com\">GADSS.com<\/a><\/p>\n","protected":false},"excerpt":{"rendered":"<p>ARTEX ELT 4000S je p\u0159enosn\u00fd z\u00e1chrann\u00fd ELT (ESL) schv\u00e1len\u00fd FAA a EASA pro p\u0159e\u017eit\u00ed (S), kter\u00fd vys\u00edl\u00e1 na frekvenc\u00edch 121,5 a 406 MHz. Vys\u00edla\u010d ELT je zalo\u017een na syst\u00e9mu ARTEX ELT 4000 a p\u0159edstavuje nejnov\u011bj\u0161\u00ed technologii vys\u00edla\u010d\u016f ELT s bezlithiovou bateri\u00ed v z\u00e1chrann\u00e9m maj\u00e1ku, kter\u00fd nepodl\u00e9h\u00e1 schv\u00e1len\u00ed TSO C142 a DO-227. ARTEX ELT 4000S je plovouc\u00ed a automaticky se aktivuje p\u0159i nasazen\u00ed ve vod\u011b. Sou\u010d\u00e1st\u00ed je tak\u00e9 manu\u00e1ln\u00ed aktiva\u010dn\u00ed sp\u00edna\u010d pro pou\u017eit\u00ed na sou\u0161i. Intern\u00ed GPS (GNSS) z\u00edsk\u00e1v\u00e1 data o poloze pro zahrnut\u00ed do p\u0159enosu na 406 MHz a \u0161\u0148\u016frka umo\u017e\u0148uje p\u0159ipevn\u011bn\u00ed k z\u00e1chrann\u00e9mu \u010dlunu.    <\/p>\n<p>&nbsp;<\/p>\n","protected":false},"featured_media":27655,"template":"","meta":{"_acf_changed":false,"om_disable_all_campaigns":false},"product_brand":[],"product_cat":[5964,8584,5534],"product_tag":[13046,13044,8909,13042],"class_list":{"0":"post-157261","1":"product","2":"type-product","3":"status-publish","4":"has-post-thumbnail","6":"product_cat-business-jet-cs","7":"product_cat-komercni-letadla","8":"product_cat-letectvi","9":"product_tag-do-227a-cs","10":"product_tag-elt-4000s-cs","11":"product_tag-prenosny-elt","12":"product_tag-preziti-elt","13":"pa_aircraft-type-dopravni-letadla","14":"pa_aircraft-type-stredne-velke-tryskace","15":"pa_aircraft-type-velke-trysky","16":"pa_aircraft-type-vicemotorovy","18":"first","19":"instock","20":"taxable","21":"shipping-taxable","22":"product-type-simple"},"acf":[],"_links":{"self":[{"href":"https:\/\/www.acrartex.com\/cs\/wp-json\/wp\/v2\/product\/157261","targetHints":{"allow":["GET"]}}],"collection":[{"href":"https:\/\/www.acrartex.com\/cs\/wp-json\/wp\/v2\/product"}],"about":[{"href":"https:\/\/www.acrartex.com\/cs\/wp-json\/wp\/v2\/types\/product"}],"wp:featuredmedia":[{"embeddable":true,"href":"https:\/\/www.acrartex.com\/cs\/wp-json\/wp\/v2\/media\/27655"}],"wp:attachment":[{"href":"https:\/\/www.acrartex.com\/cs\/wp-json\/wp\/v2\/media?parent=157261"}],"wp:term":[{"taxonomy":"product_brand","embeddable":true,"href":"https:\/\/www.acrartex.com\/cs\/wp-json\/wp\/v2\/product_brand?post=157261"},{"taxonomy":"product_cat","embeddable":true,"href":"https:\/\/www.acrartex.com\/cs\/wp-json\/wp\/v2\/product_cat?post=157261"},{"taxonomy":"product_tag","embeddable":true,"href":"https:\/\/www.acrartex.com\/cs\/wp-json\/wp\/v2\/product_tag?post=157261"}],"curies":[{"name":"wp","href":"https:\/\/api.w.org\/{rel}","templated":true}]}}