{"id":157238,"date":"2022-01-26T17:16:59","date_gmt":"2022-01-26T22:16:59","guid":{"rendered":"https:\/\/www.acrartex.com\/products\/solarni-panel-bivy-15w\/"},"modified":"2022-01-26T17:16:59","modified_gmt":"2022-01-26T22:16:59","slug":"solarni-panel-bivy-15w","status":"publish","type":"product","link":"https:\/\/www.acrartex.com\/cs\/products\/solarni-panel-bivy-15w\/","title":{"rendered":"Sol\u00e1rn\u00ed panel Bivy 15W"},"content":{"rendered":"<p>INTELIGENTN\u00cd TECHNOLOGIE NAB\u00cdJEN\u00cd: Port USB automaticky rozpozn\u00e1 va\u0161e za\u0159\u00edzen\u00ed, aby poskytoval optim\u00e1ln\u00ed nab\u00edjec\u00ed proud a urychlil proces nab\u00edjen\u00ed, \u010d\u00edm\u017e minimalizuje dobu nab\u00edjen\u00ed.<\/p>\n<p>VYSOK\u00c1 M\u00cdRA KONVERZE: panel s povlakem ETFE efektivn\u011b absorbuje slune\u010dn\u00ed sv\u011btlo a p\u0159em\u011b\u0148uje a\u017e 20 % sol\u00e1rn\u00ed energie na energii; plynule nab\u00edj\u00ed iOS, Android, Bivy Stick, bateriov\u00e9 zdroje, GoPro a dal\u0161\u00ed elektroniku.<\/p>\n<p>P\u0158ENOSN\u00dd A LEHK\u00dd: ultratenk\u00fd a skl\u00e1dac\u00ed design usnad\u0148uje p\u0159en\u00e1\u0161en\u00ed;<\/p>\n<p>ODOLNOST PROTI NE\u010cISTOT\u011a A ST\u0158\u00cdKAJ\u00cdC\u00cd VOD\u011a: Vod\u011bodolnost IPX4, kter\u00e1 je odoln\u00e1 v\u016f\u010di st\u0159\u00edkaj\u00edc\u00ed vod\u011b a prachu bez ohledu na sm\u011br, je ide\u00e1ln\u00ed pro venkovn\u00ed pou\u017eit\u00ed.<\/p>\n<p>V\u00fdkon: 15 W<\/p>\n<dl>\n<dt>V\u00fdstup: 5V\/3A<\/dt>\n<\/dl>\n<dl>\n<dt>Certifik\u00e1t: CE FCC ROHS<\/dt>\n<\/dl>\n<dl>\n<dt>Hmotnost: 450 g<\/dt>\n<dt><\/dt>\n<dt>Velikost: (slo\u017een\u00fd) 25 cm x 16,5 cm x 0,75 cm<\/dt>\n<dt>(Rozlo\u017een\u00e9) 25 cm x 49,5 cm<\/dt>\n<\/dl>\n","protected":false},"excerpt":{"rendered":"<h4><span style=\"color: #ff0000;\">S hrdost\u00ed vyrobeno v USA!<\/span><\/h4>\n<p><a href=\"https:\/\/www.acrartex.com\/wp-content\/uploads\/2022\/01\/Prop-65-DINP.pdf\">VAROV\u00c1N\u00cd: PROP 65<\/a><\/p>\n","protected":false},"featured_media":157239,"template":"","meta":{"_acf_changed":false,"om_disable_all_campaigns":false},"product_brand":[],"product_cat":[6688,5719,5790],"product_tag":[13026,12951,12941,12949,12943,12960,11969,12953,5539,12945,12977,12955,12957,12947,12962,12975,12939,12964,12973,12959,12946,12970],"class_list":{"0":"post-157238","1":"product","2":"type-product","3":"status-publish","4":"has-post-thumbnail","6":"product_cat-bezpecnostni-prislusenstvi","7":"product_cat-namorni","8":"product_cat-venkovni","9":"product_tag-4605-cs","10":"product_tag-aplikace-bivy","11":"product_tag-bivy-cs","12":"product_tag-bivy-acr","13":"product_tag-bivy-tyc","14":"product_tag-bivy-vs-plb-cs","15":"product_tag-bluetooth-cs","16":"product_tag-globalni-zachrana","17":"product_tag-gps-cs","18":"product_tag-iridium-cs","19":"product_tag-mini-gps-cs","20":"product_tag-miniaturni","21":"product_tag-nejmensi-satelitni-komunikator","22":"product_tag-obousmerna-komunikace","23":"product_tag-preziti-bivy","24":"product_tag-sada-bivy-a-solarni-panely","25":"product_tag-sada-pro-preziti-cs","26":"product_tag-sada-pro-preziti-bivy","27":"product_tag-sada-pro-preziti-bivy-tyci-a-solarnim-panelem","28":"product_tag-satelitni-gps-sledovani","29":"product_tag-sledovani","30":"product_tag-solarni-panel-bivy","31":"pa_activity-beh-na-lyzich","32":"pa_activity-kempovani","33":"pa_activity-kolo","34":"pa_activity-lezeni","35":"pa_activity-lyzovani-snowboarding","36":"pa_activity-padlovaci-sporty","37":"pa_activity-rybolov","38":"pa_activity-snezny-skutr","39":"pa_activity-terenni-4x4","40":"pa_activity-turistika","41":"pa_aircraft-type-experimentalni","42":"pa_aircraft-type-jeden-motor","43":"pa_aircraft-type-lehke-trysky","44":"pa_aircraft-type-proudove-letadlo-pro-cestujici","45":"pa_aircraft-type-rotorcraft","46":"pa_aircraft-type-stredne-velke-tryskace","47":"pa_aircraft-type-turbovrtulovy","48":"pa_aircraft-type-velke-trysky","49":"pa_aircraft-type-vicemotorovy","50":"pa_boat-type-charterova-jachta","51":"pa_boat-type-jachta","52":"pa_boat-type-komercni-rybolov","53":"pa_boat-type-motorovy-clun","54":"pa_boat-type-nakladni-lod","55":"pa_boat-type-plachetnice","56":"pa_boat-type-remorker","57":"pa_boat-type-sportcraft-cs","58":"pa_product-bezpecnostni-prislusenstvi","59":"pa_terrain-kopec-a-hora","60":"pa_terrain-les-a-dzungle","61":"pa_terrain-reky-mokrady-jezera-cs","62":"pa_terrain-tundra-cs-2","64":"first","65":"instock","66":"sale","67":"taxable","68":"shipping-taxable","69":"purchasable","70":"product-type-simple"},"acf":[],"_links":{"self":[{"href":"https:\/\/www.acrartex.com\/cs\/wp-json\/wp\/v2\/product\/157238","targetHints":{"allow":["GET"]}}],"collection":[{"href":"https:\/\/www.acrartex.com\/cs\/wp-json\/wp\/v2\/product"}],"about":[{"href":"https:\/\/www.acrartex.com\/cs\/wp-json\/wp\/v2\/types\/product"}],"wp:featuredmedia":[{"embeddable":true,"href":"https:\/\/www.acrartex.com\/cs\/wp-json\/wp\/v2\/media\/157239"}],"wp:attachment":[{"href":"https:\/\/www.acrartex.com\/cs\/wp-json\/wp\/v2\/media?parent=157238"}],"wp:term":[{"taxonomy":"product_brand","embeddable":true,"href":"https:\/\/www.acrartex.com\/cs\/wp-json\/wp\/v2\/product_brand?post=157238"},{"taxonomy":"product_cat","embeddable":true,"href":"https:\/\/www.acrartex.com\/cs\/wp-json\/wp\/v2\/product_cat?post=157238"},{"taxonomy":"product_tag","embeddable":true,"href":"https:\/\/www.acrartex.com\/cs\/wp-json\/wp\/v2\/product_tag?post=157238"}],"curies":[{"name":"wp","href":"https:\/\/api.w.org\/{rel}","templated":true}]}}