{"id":157164,"date":"2021-09-23T20:05:44","date_gmt":"2021-09-24T01:05:44","guid":{"rendered":"https:\/\/www.acrartex.com\/products\/resqlink-view-rls-personal-locator-beacon\/"},"modified":"2026-01-13T14:40:13","modified_gmt":"2026-01-13T19:40:13","slug":"resqlink-view-rls-personal-locator-beacon","status":"publish","type":"product","link":"https:\/\/www.acrartex.com\/cs\/products\/resqlink-view-rls-personal-locator-beacon\/","title":{"rendered":"ResQLink \u2122 View RLS Personal Locator Beacon"},"content":{"rendered":"<p>Mal\u00fd, ale odoln\u00fd, ResQLink View RLS byl profesion\u00e1ln\u011b navr\u017een a testov\u00e1n, aby odolal i t\u011bm nejn\u00e1ro\u010dn\u011bj\u0161\u00edm vliv\u016fm. Tento plovouc\u00ed Personal Locator Beacon nevy\u017eaduje k pou\u017e\u00edv\u00e1n\u00ed \u017e\u00e1dn\u00e9 p\u0159edplatn\u00e9, m\u016f\u017ee se pochlubit digit\u00e1ln\u00edm displejem zobrazuj\u00edc\u00edm aktu\u00e1ln\u00ed stav a GPS sou\u0159adnice a zahrnuje novou funkci Return Link Service ( RLS ). Maj\u00e1ky s RLS    <span lang=\"EN-GB\">poskytnout u\u017eivateli potvrzen\u00ed, \u017ee byla p\u0159ijata t\u00eds\u0148ov\u00e1 zpr\u00e1va z jeho maj\u00e1ku a \u017ee byla detekov\u00e1na jeho poloha. RLS funguje tak, \u017ee vy\u0161le sign\u00e1l zp\u011bt prost\u0159ednictv\u00edm satelitn\u00ed s\u00edt\u011b Cospas Sarsat, aby u\u017eivateli maj\u00e1ku potvrdil, \u017ee t\u00eds\u0148ov\u00e1 zpr\u00e1va z maj\u00e1ku byla p\u0159ijata a jeho poloha byla detekov\u00e1na. Potvrzen\u00ed u\u017eivatele je z\u0159eteln\u011b indikov\u00e1no blikaj\u00edc\u00edm modr\u00fdm sv\u011btlem a odpov\u00eddaj\u00edc\u00ed potvrzovac\u00ed zpr\u00e1vou na digit\u00e1ln\u00edm displeji.  <\/span><\/p>\n<p><a href=\"https:\/\/www.acrartex.com\/cs\/news\/acr-electronics-ziskava-cenu-dame-za-return-link-service-resqlink-view-personal-locator-beacon\/\" rel=\"attachment wp-att-26076\"><img loading=\"lazy\" decoding=\"async\" class=\"size-medium wp-image-26076 alignright\" src=\"https:\/\/www.acrartex.com\/wp-content\/uploads\/2021\/11\/dame-design-award-logo-vector-300x167.png\" alt=\"ResQLink View RLS z\u00edskal cenu Dame Award za rok 2021\" width=\"300\" height=\"167\" srcset=\"https:\/\/www.acrartex.com\/wp-content\/uploads\/2021\/11\/dame-design-award-logo-vector-300x167.png 300w, https:\/\/www.acrartex.com\/wp-content\/uploads\/2021\/11\/dame-design-award-logo-vector-768x427.png 768w, https:\/\/www.acrartex.com\/wp-content\/uploads\/2021\/11\/dame-design-award-logo-vector-600x333.png 600w, https:\/\/www.acrartex.com\/wp-content\/uploads\/2021\/11\/dame-design-award-logo-vector.png 900w\" sizes=\"auto, (max-width: 300px) 100vw, 300px\" \/><\/a><\/p>\n<p>D\u00edky t\u0159em \u00farovn\u00edm integrovan\u00e9 sign\u00e1ln\u00ed technologie \u2013 ur\u010dov\u00e1n\u00ed polohy GPS , v\u00fdkonn\u00e9mu sign\u00e1lu 406 MHz a schopnosti nav\u00e1d\u011bn\u00ed 121,5 MHz \u2013 ResQLink View RLS rychle a p\u0159esn\u011b p\u0159en\u00e1\u0161\u00ed va\u0161i polohu do celosv\u011btov\u00e9 s\u00edt\u011b p\u00e1trac\u00edch a z\u00e1chrann\u00fdch satelit\u016f. Vestav\u011bn\u00fd stroboskop a infra\u010derven\u00fd stroboskop nav\u00edc usnad\u0148uj\u00ed z\u00e1chrann\u00e9 akce v noci nebo za jin\u00fdch podm\u00ednek n\u00edzk\u00e9 viditelnosti. A\u0165 u\u017e na sou\u0161i, na mo\u0159i nebo ve vzduchu, v\u011b\u0159te, \u017ee p\u0159esnost satelit\u016f a vojensk\u00e1 odolnost ResQLink v\u00e1m z\u00e1chranu d\u00e1vaj\u00ed do dlan\u011b.  <\/p>\n<p>&nbsp;<\/p>\n<p>A\u0165 u\u017e v\u00e1s va\u0161e dobrodru\u017estv\u00ed zavede kamkoli, a\u0165 u\u017e je to v\u00fdlet na nejvy\u0161\u0161\u00ed horsk\u00e9 vrcholky, do nejm\u00e9n\u011b prozkouman\u00e9ho ter\u00e9nu nebo do nejrozlehlej\u0161\u00edch oce\u00e1n\u016f, bu\u010fte si jisti, \u017ee ResQLink View RLS se v\u017edy snadno aktivuje. Jednodu\u0161e rozlo\u017ete ant\u00e9nu, stiskn\u011bte tla\u010d\u00edtko zapnut\u00ed a maj\u00e1k v\u00e1m poskytne potvrzen\u00ed o p\u0159ijet\u00ed va\u0161\u00ed nouzov\u00e9 zpr\u00e1vy a detekci va\u0161\u00ed polohy a z\u00e1rove\u0148 bez n\u00e1mahy navede z\u00e1chran\u00e1\u0159e do vzd\u00e1lenosti 100 metr\u016f nebo m\u00e9n\u011b od va\u0161\u00ed polohy. U\u017eijte si v\u011bt\u0161\u00ed klid d\u00edky integrovan\u00e9mu digit\u00e1ln\u00edmu displeji, kter\u00fd zobrazuje stav maj\u00e1ku v re\u00e1ln\u00e9m \u010dase a GPS sou\u0159adnice b\u011bhem cel\u00e9ho z\u00e1chrann\u00e9ho procesu.  <\/p>\n<p>&nbsp;<\/p>\n<p>D\u00edky inovativn\u00edm designov\u00fdm prvk\u016fm lze multifunk\u010dn\u00ed klipy pou\u017e\u00edvat ve spojen\u00ed s maj\u00e1kem, co\u017e nab\u00edz\u00ed \u0159adu mo\u017enost\u00ed no\u0161en\u00ed, kter\u00e9 spl\u0148uj\u00ed r\u016fzn\u00e9 po\u017eadavky. Snadn\u011bj\u0161\u00ed integrace ResQLink View na sob\u011b nebo s va\u0161\u00edm vybaven\u00edm nejen u\u010dinila v\u0161echna va\u0161e dobrodru\u017estv\u00ed bezpe\u010dn\u011bj\u0161\u00edmi, ale i pohodln\u011bj\u0161\u00edmi. <\/p>\n<p>&nbsp;<\/p>\n<p>ResQLink View RLS si zachov\u00e1v\u00e1 stejnou spolehlivost a robustn\u00ed odolnost jako jeho p\u0159edch\u016fdci, ale je tak\u00e9 navr\u017een pro pohodl\u00ed. U\u017eijte si pohodl\u00ed s v\u011bdom\u00edm, \u017ee va\u0161e t\u00eds\u0148ov\u00e1 zpr\u00e1va byla p\u0159ijata a va\u0161e poloha detekov\u00e1na. Jako l\u00eddr v oblasti z\u00e1chrann\u00fdch produkt\u016f pro profesion\u00e1ln\u00ed i rekrea\u010dn\u00ed pou\u017eit\u00ed poskytuje ACR bezkonkuren\u010dn\u00ed bezpe\u010dnost a klid s Personal Locator Beacon ResQLink View RLS .  <\/p>\n<p>&nbsp;<\/p>\n<p><b>Vlastnosti a v\u00fdhody:<\/b><\/p>\n<ul>\n<li>Nen\u00ed vy\u017eadov\u00e1no \u017e\u00e1dn\u00e9 p\u0159edplatn\u00e9<\/li>\n<li>Digit\u00e1ln\u00ed displej<\/li>\n<li>Funkce Return Link Service ( RLS )<\/li>\n<li><a name=\"_Hlk2671037\" data-cke-saved-name=\"_Hlk2671037\"><\/a>GPS | Galileo GNSS<\/li>\n<li>Vestav\u011bn\u00fd vztlak<\/li>\n<li>Stroboskop a infra\u010derven\u00fd stroboskop<\/li>\n<li>Glob\u00e1ln\u00ed pokryt\u00ed<\/li>\n<li>Kompatibiln\u00ed s MEOSARem<\/li>\n<li>Mal\u00fd a lehk\u00fd<\/li>\n<li>5let\u00e1 \u017eivotnost baterie<\/li>\n<li>Provozn\u00ed \u017eivotnost 28 hodin**<\/li>\n<li>Multifunk\u010dn\u00ed klip syst\u00e9m je sou\u010d\u00e1st\u00ed balen\u00ed<\/li>\n<li>Exkluzivn\u00ed skiny ACR jsou sou\u010d\u00e1st\u00ed n\u00e1kupu (p\u0159izp\u016fsobte si maj\u00e1k a p\u0159izp\u016fsobte ho sv\u00e9mu \u017eivotn\u00edmu stylu a preferovan\u00fdm aktivit\u00e1m)<\/li>\n<\/ul>\n<p>**Na z\u00e1klad\u011b zku\u0161ebn\u00ed zpr\u00e1vy z akreditovan\u00e9 laborato\u0159e**<\/p>\n<p>&nbsp;<\/p>\n<p>\u00dapln\u00fd seznam zem\u00ed, kter\u00e9 schv\u00e1lily prodej a pou\u017e\u00edv\u00e1n\u00ed RLS na sv\u00e9m \u00fazem\u00ed, naleznete na tomto odkazu <span lang=\"PT-BR\">:<\/span> <a href=\"https:\/\/cospas-sarsat.int\/en\/beacon-ownership\/rls-enabled-beacon-purchase\"><span lang=\"PT-BR\">https:\/\/cospas-sarsat.int\/en\/beacon-ownership\/rls-enabled-beacon-purchase<\/span><\/a><\/p>\n<p class=\"Paragraph1\" align=\"left\"><span lang=\"PT-BR\">M\u016f\u017ee doj\u00edt ke zpo\u017ed\u011bn\u00ed v informov\u00e1n\u00ed Cospas-Sarsat ze strany, tak\u017ee mnoho zem\u00ed, kter\u00e9 nejsou na v\u00fd\u0161e uveden\u00e9m seznamu, m\u016f\u017ee tak\u00e9 povolit maj\u00e1ky s podporou RLS<\/span><span lang=\"PT-BR\">. Cospas-Sarsat doporu\u010duje ov\u011b\u0159it si aktu\u00e1ln\u00ed informace o tom, co je povoleno, p\u0159\u00edmo u n\u00e1rodn\u00edch\/teritori\u00e1ln\u00edch org\u00e1n\u016f.<\/span><\/p>\n<p class=\"Paragraph1\" align=\"left\"><i><span lang=\"PT-BR\">* Kontaktovat pob\u0159e\u017en\u00ed str\u00e1\u017e USA m\u016f\u017eete zde<\/span><\/i> <a href=\"https:\/\/www.dco.uscg.mil\/Our-Organization\/Assistant-Commandant-for-Response-Policy-CG-5R\/Office-of-Incident-Management-Preparedness-CG-5RI\/US-Coast-Guard-Office-of-Search-and-Rescue-CG-SAR\/NSARC\/\"><i>https:\/\/www.dco.uscg.mil\/Our-Organization\/Assistant-Commandant-for-Response-Policy-CG-5R\/Office-of-Incident-Management-Preparedness-CG-5RI\/US-Coast-Guard-Office-of-Search-and-Rescue-CG-SAR\/NSARC\/<\/i><\/a><\/p>\n<p class=\"Paragraph1\" align=\"left\"><i><span lang=\"PT-BR\">** NOAA <strong>m\u016f\u017eete<\/strong> kontaktovat zde<\/span><\/i> <a href=\"https:\/\/www.sarsat.noaa.gov\/\"><i>https:\/\/www.sarsat.noaa.gov\/<\/i><\/a><\/p>\n<p><strong>2332: Bezpe\u010dnostn\u00ed sada ResQlink VIEW RLS PLB<\/strong> | Tato sada obsahuje n\u00e1sleduj\u00edc\u00ed polo\u017eky:<\/p>\n<ul>\n<li>Personal Locator Beacon ResQLink VIEW RLS \u2122 (programovan\u00fd pouze pro USA)<\/li>\n<li>Z\u00e1chrann\u00e9 sv\u011btlo C-Strobe\u2122 H2O \u2013 <a href=\"https:\/\/www.acrartex.com\/products\/c-strobe-h20\">Zjist\u011bte v\u00edce<\/a><\/li>\n<li>P\u00ed\u0161\u0165alka Res-Q\u2122 \u2013 <a href=\"https:\/\/www.acrartex.com\/cs\/products\/pistalka-ww-3-resq\/\">Zjist\u011bte v\u00edce<\/a><\/li>\n<li>Such\u00fd vak RapidDitch<\/li>\n<li>Sign\u00e1ln\u00ed zrcadlo<\/li>\n<\/ul>\n<p>&nbsp;<\/p>\n<p><strong>2333: Bezpe\u010dnostn\u00ed sada ResQLink VIEW RLS PLB + ResQFlare<\/strong> | Tato sada obsahuje n\u00e1sleduj\u00edc\u00ed z\u00e1kladn\u00ed produkty pro p\u0159e\u017eit\u00ed:<\/p>\n<ul>\n<li>Personal Locator Beacon ResQLink View RLS (programovan\u00fd pouze pro USA)<\/li>\n<li>ResQFlare Elektronick\u00e1 nouzov\u00e1 sv\u011btlice<\/li>\n<li>Z\u00e1chrann\u00e9 sv\u011btlo C-Strobe H2O<\/li>\n<li>Sign\u00e1ln\u00ed zrcadlo<\/li>\n<li>P\u00ed\u0161\u0165alka Res-Q\u2122<\/li>\n<li>Nepromokav\u00fd vak RapidDitch<\/li>\n<\/ul>\n","protected":false},"excerpt":{"rendered":"<p>Mal\u00fd, ale odoln\u00fd, ResQLink View RLS byl profesion\u00e1ln\u011b navr\u017een a testov\u00e1n, aby odolal i t\u011bm nejn\u00e1ro\u010dn\u011bj\u0161\u00edm vliv\u016fm. Tento plovouc\u00ed Personal Locator Beacon nevy\u017eaduje \u017e\u00e1dn\u00e9 p\u0159edplatn\u00e9, m\u016f\u017ee se pochlubit digit\u00e1ln\u00edm displejem zobrazuj\u00edc\u00edm aktu\u00e1ln\u00ed stav v re\u00e1ln\u00e9m \u010dase a d\u00edky nov\u00e9 funkci Return Link Service ( RLS ) v\u00e1m tento ACR maj\u00e1k poskytuje pohodl\u00ed v podob\u011b v\u011bdom\u00ed, \u017ee va\u0161e t\u00eds\u0148ov\u00e1 zpr\u00e1va byla p\u0159ijata a va\u0161e poloha detekov\u00e1na. <\/p>\n<p>&nbsp;<\/p>\n<p><b>Vlastnosti a v\u00fdhody:<\/b><\/p>\n<ul>\n<li>Nen\u00ed vy\u017eadov\u00e1no \u017e\u00e1dn\u00e9 p\u0159edplatn\u00e9<\/li>\n<li>Digit\u00e1ln\u00ed displej<\/li>\n<li>Funkce Return Link Service ( RLS )<\/li>\n<li><a name=\"_Hlk2671037\" data-cke-saved-name=\"_Hlk2671037\"><\/a>GPS | Galileo GNSS<\/li>\n<li>Vestav\u011bn\u00fd vztlak<\/li>\n<li>Stroboskop a infra\u010derven\u00fd stroboskop<\/li>\n<li>Glob\u00e1ln\u00ed pokryt\u00ed<\/li>\n<li>Kompatibiln\u00ed s MEOSARem<\/li>\n<li>Mal\u00fd a lehk\u00fd<\/li>\n<li>5let\u00e1 \u017eivotnost baterie<\/li>\n<li>Provozn\u00ed \u017eivotnost 28 hodin**<\/li>\n<li>Multifunk\u010dn\u00ed klip syst\u00e9m je sou\u010d\u00e1st\u00ed balen\u00ed<\/li>\n<li>Exkluzivn\u00ed skiny ACR jsou sou\u010d\u00e1st\u00ed n\u00e1kupu (p\u0159izp\u016fsobte si maj\u00e1k a p\u0159izp\u016fsobte ho sv\u00e9mu \u017eivotn\u00edmu stylu a preferovan\u00fdm aktivit\u00e1m)<\/li>\n<\/ul>\n<p>**Na z\u00e1klad\u011b zku\u0161ebn\u00ed zpr\u00e1vy z akreditovan\u00e9 laborato\u0159e**<\/p>\n<p>&nbsp;<\/p>\n<p><a href=\"https:\/\/www.dropbox.com\/s\/8343nj28z0d7bxa\/Prop%2065%20-%20BPA.pdf?dl=0\" data-cke-saved-href=\"https:\/\/www.dropbox.com\/s\/8343nj28z0d7bxa\/Prop%2065%20-%20BPA.pdf?dl=0\">VAROV\u00c1N\u00cd: PROP 65<\/a><\/p>\n","protected":false},"featured_media":88825,"template":"","meta":{"_acf_changed":false,"om_disable_all_campaigns":false},"product_brand":[],"product_cat":[5957,5949,5953,5719,5962,12194,5951,5955,5790,5947],"product_tag":[5634,6646,5544,7078,5539,6648,11648,5795,5791,5973,12997,12996,12998],"class_list":{"0":"post-157164","1":"product","2":"type-product","3":"status-publish","4":"has-post-thumbnail","6":"product_cat-akcni-sporty-terenni-jizdy","7":"product_cat-blizko-pobrezi","8":"product_cat-komercni","9":"product_cat-namorni","10":"product_cat-padlovaci-sporty-rybareni","11":"product_cat-personal-locator-beacon-cs","12":"product_cat-pobrezni","13":"product_cat-turistika-horolezectvi-tabor","14":"product_cat-venkovni","15":"product_cat-vnitrozemi","16":"product_tag-406-cs","17":"product_tag-406-mhz-cs","18":"product_tag-akr","19":"product_tag-cospas-sarsat-cs","20":"product_tag-gps-cs","21":"product_tag-majak","22":"product_tag-osobni-lokacni-majak-acr","23":"product_tag-osobni-lokalizacni-majak","24":"product_tag-plb-cs","25":"product_tag-resqlink-cs","26":"product_tag-return-link-service-cs","27":"product_tag-rls-cs","28":"product_tag-view-rls-resqlink","29":"pa_activity-beh-na-lyzich","30":"pa_activity-kempovani","31":"pa_activity-kolo","32":"pa_activity-lezeni","33":"pa_activity-lyzovani-snowboarding","34":"pa_activity-padlovaci-sporty","35":"pa_activity-rybolov","36":"pa_activity-snezny-skutr","37":"pa_activity-terenni-4x4","38":"pa_activity-turistika","39":"pa_aircraft-type-experimentalni","40":"pa_aircraft-type-jeden-motor","41":"pa_aircraft-type-lehke-trysky","42":"pa_aircraft-type-proudove-letadlo-pro-cestujici","43":"pa_aircraft-type-rotorcraft","44":"pa_aircraft-type-stredne-velke-tryskace","45":"pa_aircraft-type-turbovrtulovy","46":"pa_aircraft-type-velke-trysky","47":"pa_aircraft-type-vicemotorovy","48":"pa_boat-size-0-20-cs","49":"pa_boat-size-21-40-cs","50":"pa_boat-size-40-80-cs","51":"pa_boat-size-80-cs","52":"pa_boat-type-charterova-jachta","53":"pa_boat-type-jachta","54":"pa_boat-type-komercni-rybolov","55":"pa_boat-type-motorovy-clun","56":"pa_boat-type-nakladni-lod","57":"pa_boat-type-plachetnice","58":"pa_boat-type-remorker","59":"pa_boat-type-sportcraft-cs","60":"pa_product-rescue-beacons-cs","61":"pa_terrain-kopec-a-hora","62":"pa_terrain-les-a-dzungle","63":"pa_terrain-reky-mokrady-jezera-cs","64":"pa_terrain-tundra-cs-2","66":"first","67":"instock","68":"taxable","69":"shipping-taxable","70":"purchasable","71":"product-type-variable","72":"has-default-attributes"},"acf":[],"_links":{"self":[{"href":"https:\/\/www.acrartex.com\/cs\/wp-json\/wp\/v2\/product\/157164","targetHints":{"allow":["GET"]}}],"collection":[{"href":"https:\/\/www.acrartex.com\/cs\/wp-json\/wp\/v2\/product"}],"about":[{"href":"https:\/\/www.acrartex.com\/cs\/wp-json\/wp\/v2\/types\/product"}],"wp:featuredmedia":[{"embeddable":true,"href":"https:\/\/www.acrartex.com\/cs\/wp-json\/wp\/v2\/media\/88825"}],"wp:attachment":[{"href":"https:\/\/www.acrartex.com\/cs\/wp-json\/wp\/v2\/media?parent=157164"}],"wp:term":[{"taxonomy":"product_brand","embeddable":true,"href":"https:\/\/www.acrartex.com\/cs\/wp-json\/wp\/v2\/product_brand?post=157164"},{"taxonomy":"product_cat","embeddable":true,"href":"https:\/\/www.acrartex.com\/cs\/wp-json\/wp\/v2\/product_cat?post=157164"},{"taxonomy":"product_tag","embeddable":true,"href":"https:\/\/www.acrartex.com\/cs\/wp-json\/wp\/v2\/product_tag?post=157164"}],"curies":[{"name":"wp","href":"https:\/\/api.w.org\/{rel}","templated":true}]}}