{"id":157119,"date":"2021-10-05T13:04:31","date_gmt":"2021-10-05T18:04:31","guid":{"rendered":"https:\/\/www.acrartex.com\/products\/l8-5\/"},"modified":"2025-10-21T12:05:49","modified_gmt":"2025-10-21T17:05:49","slug":"l8-5","status":"publish","type":"product","link":"https:\/\/www.acrartex.com\/cs\/products\/l8-5\/","title":{"rendered":"L8-5"},"content":{"rendered":"<ul>\n<li>Vysoce \u00fa\u010dinn\u00e1 LED \u017e\u00e1rovka<\/li>\n<li>Jednoduch\u00e1 integrace z\u00e1chrann\u00fdch vest<\/li>\n<li>Ultra mal\u00fd a lehk\u00fd design<\/li>\n<li>Aktivov\u00e1no vodou (sladk\u00e1 a slan\u00e1 voda)<\/li>\n<li>P\u011btilet\u00e1 \u017eivotnost baterie*<\/li>\n<\/ul>\n<p>&nbsp;<\/p>\n<p>*Za p\u0159edpokladu, \u017ee sv\u011btlo nep\u0159ijde n\u00e1hodn\u011b do kontaktu s vodou a je skladov\u00e1no dle stanoven\u00fdch skladovac\u00edch po\u017eadavk\u016f.<\/p>\n","protected":false},"excerpt":{"rendered":"<p>L8-5 je LED sv\u011btlo aktivovan\u00e9 vodou, schv\u00e1len\u00e9 americkou pob\u0159e\u017en\u00ed str\u00e1\u017e\u00ed a ur\u010den\u00e9 pro pou\u017eit\u00ed na z\u00e1chrann\u00fdch vest\u00e1ch nebo z\u00e1chrann\u00fdch kruhech k indikaci polohy p\u0159e\u017eiv\u0161\u00edch ve vod\u011b v d\u016fsledku nehody nebo nouzov\u00e9 situace souvisej\u00edc\u00ed s mo\u0159em. Kombinace lampy a \u010do\u010dky L8-5 vytv\u00e1\u0159\u00ed siln\u00e9 sv\u011btlo, kter\u00e9 vydr\u017e\u00ed minim\u00e1ln\u011b 8 hodin po aktivaci s minim\u00e1ln\u00ed intenzitou sv\u011btla 1 cd. Po celou dobu sv\u00e9 provozn\u00ed \u017eivotnosti bude sv\u011btlo nep\u0159etr\u017eit\u011b vyd\u00e1vat st\u00e1l\u00e9 b\u00edl\u00e9 sv\u011btlo, kter\u00e9 jasn\u011b indikuje polohu p\u0159e\u017eiv\u0161\u00edho a zvy\u0161uje pravd\u011bpodobnost z\u00e1chrany.  <\/p>\n","protected":false},"featured_media":157122,"template":"","meta":{"_acf_changed":false,"om_disable_all_campaigns":false},"product_brand":[],"product_cat":[5719],"product_tag":[12974,12968,12976,12971,12963,12965,10805],"class_list":{"0":"post-157119","1":"product","2":"type-product","3":"status-publish","4":"has-post-thumbnail","6":"product_cat-namorni","7":"product_tag-l8-5-cs","8":"product_tag-namorni-pfd-svetlo","9":"product_tag-nouzove-svetlo-pfd","10":"product_tag-svetlo-acr-pfd","11":"product_tag-svetlo-pro-namorni-zachrannou-vestu","12":"product_tag-svetlo-pro-namorni-zachrannou-vestu-cs","13":"product_tag-zachranne-svetlo","14":"pa_product-dedictvi","16":"first","17":"instock","18":"taxable","19":"shipping-taxable","20":"product-type-simple"},"acf":[],"_links":{"self":[{"href":"https:\/\/www.acrartex.com\/cs\/wp-json\/wp\/v2\/product\/157119","targetHints":{"allow":["GET"]}}],"collection":[{"href":"https:\/\/www.acrartex.com\/cs\/wp-json\/wp\/v2\/product"}],"about":[{"href":"https:\/\/www.acrartex.com\/cs\/wp-json\/wp\/v2\/types\/product"}],"wp:featuredmedia":[{"embeddable":true,"href":"https:\/\/www.acrartex.com\/cs\/wp-json\/wp\/v2\/media\/157122"}],"wp:attachment":[{"href":"https:\/\/www.acrartex.com\/cs\/wp-json\/wp\/v2\/media?parent=157119"}],"wp:term":[{"taxonomy":"product_brand","embeddable":true,"href":"https:\/\/www.acrartex.com\/cs\/wp-json\/wp\/v2\/product_brand?post=157119"},{"taxonomy":"product_cat","embeddable":true,"href":"https:\/\/www.acrartex.com\/cs\/wp-json\/wp\/v2\/product_cat?post=157119"},{"taxonomy":"product_tag","embeddable":true,"href":"https:\/\/www.acrartex.com\/cs\/wp-json\/wp\/v2\/product_tag?post=157119"}],"curies":[{"name":"wp","href":"https:\/\/api.w.org\/{rel}","templated":true}]}}