{"id":157045,"date":"2021-03-16T08:12:41","date_gmt":"2021-03-16T13:12:41","guid":{"rendered":"https:\/\/www.acrartex.com\/products\/g406-4-elt\/"},"modified":"2021-03-16T08:12:41","modified_gmt":"2021-03-16T13:12:41","slug":"g406-4-elt","status":"publish","type":"product","link":"https:\/\/www.acrartex.com\/cs\/products\/g406-4-elt\/","title":{"rendered":"G406-4 ELT"},"content":{"rendered":"<p>Model G406-4 byl testov\u00e1n a spl\u0148uje p\u0159\u00edsn\u00e9 po\u017eadavky normy TSO C126, v\u010detn\u011b r\u00e1zov\u00fdch zkou\u0161ek 500 G, tlakov\u00fdch zkou\u0161ek 1000 liber a tak\u00e9 zkou\u0161ek plamenem a vibracemi. Model G406-4 je k dispozici pro pou\u017eit\u00ed s \u200b\u200blevn\u00fdmi prutov\u00fdmi ant\u00e9nami Artex nebo s robustn\u00ed ty\u010dovou ant\u00e9nou ze skeln\u00fdch vl\u00e1ken. Model G406-4 lze propojit s voliteln\u00fdm rozhran\u00edm Artex ELT \/NAV, kter\u00e9 umo\u017e\u0148uje p\u0159enos dat o zem\u011bpisn\u00e9 \u0161\u00ed\u0159ce a d\u00e9lce jako sou\u010d\u00e1st zpr\u00e1vy na frekvenci 406 MHz.  <\/p>\n<p>Radiostanice ARTEX ELT jsou volbou letadel v\u0161eobecn\u00e9ho letectv\u00ed, v\u010detn\u011b Cessna, Piper, Cirrus, Beechcraft, Diamond a Quest.<\/p>\n<p>&nbsp;<\/p>\n<p>Seznam vybaven\u00ed pro z\u00e1chran\u00e1\u0159e ELT<\/p>\n<table style=\"border-collapse: collapse; width: 745pt; border: none;\" width=\"994\">\n<colgroup>\n<col style=\"width: 140pt;\" width=\"187\">\n<col style=\"width: 219pt;\" width=\"292\">\n<col style=\"width: 197pt;\" width=\"263\">\n<col style=\"width: 189pt;\" width=\"252\"> <\/colgroup>\n<tbody>\n<tr style=\"height: 20.0pt;\">\n<td class=\"xl66\" style=\"border: none; height: 20.0pt; width: 140pt; text-align: center; vertical-align: middle; padding-top: 1px; padding-right: 1px; padding-left: 1px;\" width=\"187\" height=\"27\"><\/td>\n<td class=\"xl68\" style=\"border: none; border-bottom: 0.5pt solid gray; background: #3c404a; width: 219pt; text-align: center; vertical-align: middle; border-top: none; border-right: 0.5pt solid gray; border-left: 0.5pt solid gray; padding-top: 1px; padding-right: 1px; padding-left: 1px;\" width=\"292\"><span style=\"font-size: 11pt;\"><span style=\"color: #b0e40a;\"><span style=\"font-weight: bold;\"><span style=\"font-style: normal;\"><span style=\"text-decoration: none;\"><span style=\"font-family: Calibri,sans-serif;\">Ant\u00e9na<\/span><\/span><\/span><\/span><\/span><\/span><\/td>\n<td class=\"xl68\" style=\"border: none; border-bottom: 0.5pt solid gray; background: #3c404a; border-left: none; width: 197pt; text-align: center; vertical-align: middle; border-top: none; border-right: 0.5pt solid gray; padding-top: 1px; padding-right: 1px; padding-left: 1px;\" width=\"263\"><span style=\"font-size: 11pt;\"><span style=\"color: #b0e40a;\"><span style=\"font-weight: bold;\"><span style=\"font-style: normal;\"><span style=\"text-decoration: none;\"><span style=\"font-family: Calibri,sans-serif;\">D\u00e1lkov\u00fd sp\u00edna\u010d a p\u0159\u00edslu\u0161enstv\u00ed<\/span><\/span><\/span><\/span><\/span><\/span><\/td>\n<td class=\"xl69\" style=\"border: none; border-bottom: 0.5pt solid gray; background: #3c404a; border-left: none; width: 189pt; text-align: center; vertical-align: middle; border-top: none; border-right: 0.5pt solid windowtext; padding-top: 1px; padding-right: 1px; padding-left: 1px;\" width=\"252\"><span style=\"font-size: 11pt;\"><span style=\"color: #b0e40a;\"><span style=\"font-weight: bold;\"><span style=\"font-style: normal;\"><span style=\"text-decoration: none;\"><span style=\"font-family: Calibri,sans-serif;\">Manu\u00e1ly\/Schv\u00e1len\u00ed\/Soubory ke sta\u017een\u00ed<\/span><\/span><\/span><\/span><\/span><\/span><\/td>\n<\/tr>\n<tr style=\"height: 20.0pt;\">\n<td class=\"xl72\" style=\"border: 0.5pt solid gray; background: #b0e40a; height: 20.0pt; text-align: center; vertical-align: middle; padding-top: 1px; padding-right: 1px; padding-left: 1px;\" height=\"27\"><span style=\"font-size: 11pt;\"><span style=\"font-weight: 400;\"><span style=\"font-style: normal;\"><span style=\"text-decoration: none;\"><span style=\"font-family: Calibri,sans-serif;\">ELT G406-4 455-5018<\/span><\/span><\/span><\/span><\/span><\/td>\n<td class=\"xl67\" style=\"border: none; padding-top: 1px; padding-right: 1px; padding-left: 1px; vertical-align: bottom;\"><span style=\"font-size: 11pt;\"><span style=\"font-weight: 400;\"><span style=\"font-style: normal;\"><span style=\"text-decoration: none;\"><span style=\"font-family: Calibri,sans-serif;\"> <\/span><\/span><\/span><\/span><\/span><\/td>\n<td class=\"xl70\" style=\"border: none; text-align: center; padding-top: 1px; padding-right: 1px; padding-left: 1px; vertical-align: bottom;\"><span style=\"font-size: 11pt;\"><span style=\"font-weight: 400;\"><span style=\"font-style: normal;\"><span style=\"text-decoration: none;\"><span style=\"font-family: Calibri,sans-serif;\">455-6196<\/span><\/span><\/span><\/span><\/span><\/td>\n<td class=\"xl66\" style=\"border: none; text-align: center; vertical-align: middle; padding-top: 1px; padding-right: 1px; padding-left: 1px;\"><a href=\"https:\/\/www.dropbox.com\/s\/khxmu4u80wm1xkh\/455-5018_packlist.pdf?dl=1\"><span style=\"font-size: 11pt;\"><span style=\"font-weight: 400;\"><span style=\"font-style: normal;\"><span style=\"text-decoration: none;\"><span style=\"font-family: Calibri,sans-serif;\">Seznam v\u011bc\u00ed k zabalen\u00ed<\/span><\/span><\/span><\/span><\/span><\/a><\/td>\n<\/tr>\n<tr style=\"height: 20.0pt;\">\n<td class=\"xl72\" style=\"border: 0.5pt solid gray; background: #b0e40a; height: 20.0pt; border-top: none; text-align: center; vertical-align: middle; padding-top: 1px; padding-right: 1px; padding-left: 1px;\" height=\"27\"><span style=\"font-size: 11pt;\"><span style=\"font-weight: 400;\"><span style=\"font-style: normal;\"><span style=\"text-decoration: none;\"><span style=\"font-family: Calibri,sans-serif;\">ELT G406-4 455-5019<\/span><\/span><\/span><\/span><\/span><\/td>\n<td class=\"xl66\" style=\"border: none; text-align: center; vertical-align: middle; padding-top: 1px; padding-right: 1px; padding-left: 1px;\"><span style=\"font-size: 11pt;\"><span style=\"font-weight: 400;\"><span style=\"font-style: normal;\"><span style=\"text-decoration: none;\"><span style=\"font-family: Calibri,sans-serif;\">110-320 (b\u00edl\u00e1) a 110-320-04 (\u010dern\u00e1)<\/span><\/span><\/span><\/span><\/span><\/td>\n<td class=\"xl66\" style=\"border: none; text-align: center; vertical-align: middle; padding-top: 1px; padding-right: 1px; padding-left: 1px;\"><span style=\"font-size: 11pt;\"><span style=\"font-weight: 400;\"><span style=\"font-style: normal;\"><span style=\"text-decoration: none;\"><span style=\"font-family: Calibri,sans-serif;\">455-6196<\/span><\/span><\/span><\/span><\/span><\/td>\n<td class=\"xl66\" style=\"border: none; text-align: center; vertical-align: middle; padding-top: 1px; padding-right: 1px; padding-left: 1px;\"><a href=\"https:\/\/www.dropbox.com\/s\/3ql2pxyydg12wii\/455-5019_packlist.pdf?dl=1\"><span style=\"font-size: 11pt;\"><span style=\"font-weight: 400;\"><span style=\"font-style: normal;\"><span style=\"text-decoration: none;\"><span style=\"font-family: Calibri,sans-serif;\">Seznam v\u011bc\u00ed k zabalen\u00ed<\/span><\/span><\/span><\/span><\/span><\/a><\/td>\n<\/tr>\n<tr style=\"height: 36.75pt;\">\n<td class=\"xl72\" style=\"border: 0.5pt solid gray; background: #b0e40a; height: 36.75pt; border-top: none; text-align: center; vertical-align: middle; padding-top: 1px; padding-right: 1px; padding-left: 1px;\" height=\"48\"><span style=\"font-size: 11pt;\"><span style=\"font-weight: 400;\"><span style=\"font-style: normal;\"><span style=\"text-decoration: none;\"><span style=\"font-family: Calibri,sans-serif;\">ELT G406-4 455-5044<\/span><\/span><\/span><\/span><\/span><\/td>\n<td class=\"xl71\" style=\"border: none; width: 219pt; text-align: center; vertical-align: middle; padding-top: 1px; padding-right: 1px; padding-left: 1px;\" width=\"292\"><span style=\"font-size: 11pt;\"><span style=\"font-weight: 400;\"><span style=\"font-style: normal;\"><span style=\"text-decoration: none;\"><span style=\"font-family: Calibri,sans-serif;\">110-324<br \/>\n 110-320 (b\u00edl\u00e1) a 110-320-04 (\u010dern\u00e1)<\/span><\/span><\/span><\/span><\/span><\/td>\n<td class=\"xl66\" style=\"border: none; text-align: center; vertical-align: middle; padding-top: 1px; padding-right: 1px; padding-left: 1px;\"><span style=\"font-size: 11pt;\"><span style=\"font-weight: 400;\"><span style=\"font-style: normal;\"><span style=\"text-decoration: none;\"><span style=\"font-family: Calibri,sans-serif;\">455-6196<\/span><\/span><\/span><\/span><\/span><\/td>\n<td class=\"xl66\" style=\"border: none; text-align: center; vertical-align: middle; padding-top: 1px; padding-right: 1px; padding-left: 1px;\"><a href=\"https:\/\/www.dropbox.com\/s\/n5avstbhfscdzhf\/455-5044_packlist.pdf?dl=1\"><span style=\"font-size: 11pt;\"><span style=\"font-weight: 400;\"><span style=\"font-style: normal;\"><span style=\"text-decoration: none;\"><span style=\"font-family: Calibri,sans-serif;\">Seznam v\u011bc\u00ed k zabalen\u00ed<\/span><\/span><\/span><\/span><\/span><\/a><\/td>\n<\/tr>\n<\/tbody>\n<\/table>\n","protected":false},"excerpt":{"rendered":"<p>Nouzov\u00fd lokaliza\u010dn\u00ed vys\u00edla\u010d Artex G406-4 ( ELT ), navr\u017een\u00fd s ohledem na leteck\u00fd trh, komunikuje na v\u0161ech 3 nouzov\u00fdch frekvenc\u00edch (121,5, 243,0 a 406 MHz). G406-4 ELT se automaticky aktivuje p\u0159i hav\u00e1rii a vys\u00edl\u00e1 digit\u00e1ln\u00ed zpr\u00e1vu o frekvenci 406 MHz do celosv\u011btov\u00e9 s\u00edt\u011b p\u00e1trac\u00edch a z\u00e1chrann\u00fdch satelit\u016f, co\u017e pom\u00e1h\u00e1 m\u00edstn\u00edm z\u00e1chrann\u00fdm slo\u017ek\u00e1m rychle a p\u0159esn\u011b identifikovat nejen va\u0161i polohu, ale i va\u0161i identitu. <\/p>\n<p>&nbsp;<\/p>\n<p>&nbsp;<\/p>\n<p><a href=\"https:\/\/www.acrartex.com\/products\/406test-elt-self-testing-service\/\"><img loading=\"lazy\" decoding=\"async\" class=\"alignnone\" style=\"width: 300px; height: 41px;\" src=\"https:\/\/dk2ztu5ooimmu.cloudfront.net\/ckeditor_assets\/pictures\/146\/406Test_with_desc_-_Tag.gif\" alt=\"\" width=\"641\" height=\"88\"><\/a><\/p>\n","protected":false},"featured_media":157051,"template":"","meta":{"_acf_changed":false,"om_disable_all_campaigns":false},"product_brand":[],"product_cat":[5534],"product_tag":[8590,8594,5546,12874,12856,5545,8593,12855,12857,12854,8592,8596,8599,12848,6516,8598,12877,12853,8601,12862,12858,12849,12850,12851,12864,12861,12871,12859,8603,12860,5542,12852,12868,8605,8588],"class_list":{"0":"post-157045","1":"product","2":"type-product","3":"status-publish","4":"has-post-thumbnail","6":"product_cat-letectvi","7":"product_tag-1215-elt-cs","8":"product_tag-406-elt-cs","9":"product_tag-406-mhz-elt-cs","10":"product_tag-ack-406-elt-cs","11":"product_tag-ack-406-mhz-elt-cs","12":"product_tag-artex-cs","13":"product_tag-artex-110-4-cs","14":"product_tag-artex-406-cs","15":"product_tag-artex-406-elt-cs","16":"product_tag-artex-406-mhz-elt-cs","17":"product_tag-artex-elt-cs","18":"product_tag-artex-elt-110-4-cs","19":"product_tag-artex-elt-406-cs","20":"product_tag-artex-g406-1-cs","21":"product_tag-artex-me406-cs","22":"product_tag-artex-net-cs","23":"product_tag-baterie-artex-elt","24":"product_tag-dodavky-letadel-artex","25":"product_tag-elt-406-cs","26":"product_tag-elt-406-mhz-cs","27":"product_tag-elt-artex-cs","28":"product_tag-g406-2-cs","29":"product_tag-g406-3-cs","30":"product_tag-g406-4-cs","31":"product_tag-kannadsky-elt","32":"product_tag-letadlo-artex","33":"product_tag-letadlo-elt","34":"product_tag-letadlo-elt-406","35":"product_tag-lokator-elt","36":"product_tag-majak-406-mhz","37":"product_tag-nouzovy-vysilac-lokalizace","38":"product_tag-registrace-elt-406","39":"product_tag-registrace-elt-406-mhz","40":"product_tag-tester-eltu-artex","41":"product_tag-vyska-1215","42":"pa_product-dedictvi","44":"first","45":"instock","46":"taxable","47":"shipping-taxable","48":"product-type-simple"},"acf":[],"_links":{"self":[{"href":"https:\/\/www.acrartex.com\/cs\/wp-json\/wp\/v2\/product\/157045","targetHints":{"allow":["GET"]}}],"collection":[{"href":"https:\/\/www.acrartex.com\/cs\/wp-json\/wp\/v2\/product"}],"about":[{"href":"https:\/\/www.acrartex.com\/cs\/wp-json\/wp\/v2\/types\/product"}],"wp:featuredmedia":[{"embeddable":true,"href":"https:\/\/www.acrartex.com\/cs\/wp-json\/wp\/v2\/media\/157051"}],"wp:attachment":[{"href":"https:\/\/www.acrartex.com\/cs\/wp-json\/wp\/v2\/media?parent=157045"}],"wp:term":[{"taxonomy":"product_brand","embeddable":true,"href":"https:\/\/www.acrartex.com\/cs\/wp-json\/wp\/v2\/product_brand?post=157045"},{"taxonomy":"product_cat","embeddable":true,"href":"https:\/\/www.acrartex.com\/cs\/wp-json\/wp\/v2\/product_cat?post=157045"},{"taxonomy":"product_tag","embeddable":true,"href":"https:\/\/www.acrartex.com\/cs\/wp-json\/wp\/v2\/product_tag?post=157045"}],"curies":[{"name":"wp","href":"https:\/\/api.w.org\/{rel}","templated":true}]}}