{"id":156945,"date":"2021-03-16T08:24:25","date_gmt":"2021-03-16T13:24:25","guid":{"rendered":"https:\/\/www.acrartex.com\/products\/personal-locator-beacon-resqlink-400\/"},"modified":"2026-02-03T13:48:46","modified_gmt":"2026-02-03T18:48:46","slug":"personal-locator-beacon-resqlink-400","status":"publish","type":"product","link":"https:\/\/www.acrartex.com\/cs\/products\/personal-locator-beacon-resqlink-400\/","title":{"rendered":"Personal Locator Beacon ResQLink \u2122 400"},"content":{"rendered":"<p style=\"margin-left: 0in; margin-right: 0in;\">D\u00edky t\u0159em \u00farovn\u00edm integrovan\u00e9 sign\u00e1ln\u00ed technologie \u2013 GPS polohov\u00e1n\u00ed, v\u00fdkonn\u00e9mu sign\u00e1lu 406 MHz a funkci nav\u00e1d\u011bn\u00ed 121,5 MHz \u2013 ResQLink 400 rychle a p\u0159esn\u011b p\u0159en\u00e1\u0161\u00ed va\u0161i polohu do celosv\u011btov\u00e9 s\u00edt\u011b p\u00e1trac\u00edch a z\u00e1chrann\u00fdch satelit\u016f. Vestav\u011bn\u00fd stroboskop a infra\u010derven\u00fd stroboskop nav\u00edc usnad\u0148uj\u00ed z\u00e1chrann\u00e9 operace v noci nebo za sn\u00ed\u017een\u00e9 viditelnosti. <\/p>\n<p style=\"margin-left: 0in; margin-right: 0in;\">A\u0165 u\u017e v\u00e1s va\u0161e dobrodru\u017estv\u00ed zavede kamkoli, a\u0165 u\u017e je to v\u00fdlet na nejvy\u0161\u0161\u00ed horsk\u00e9 vrcholky, do nejm\u00e9n\u011b prozkouman\u00e9ho ter\u00e9nu nebo do nejrozlehlej\u0161\u00edch oce\u00e1n\u016f, bu\u010fte si jisti, \u017ee ResQLink 400 se v\u017edy snadno aktivuje. Jednodu\u0161e rozlo\u017ete ant\u00e9nu, stiskn\u011bte tla\u010d\u00edtko ON a maj\u00e1k se postar\u00e1 o zbytek za v\u00e1s t\u00edm, \u017ee bez n\u00e1mahy navede z\u00e1chran\u00e1\u0159e do vzd\u00e1lenosti 100 metr\u016f nebo m\u00e9n\u011b od va\u0161\u00ed polohy. <\/p>\n<p style=\"margin-left: 0in; margin-right: 0in;\">D\u00edky inovativn\u00edm konstruk\u010dn\u00edm prvk\u016fm lze multifunk\u010dn\u00ed klipy pou\u017e\u00edvat ve spojen\u00ed s maj\u00e1kem, co\u017e nab\u00edz\u00ed \u0159adu mo\u017enost\u00ed no\u0161en\u00ed pro \u0159adu u\u017eite\u010dn\u00fdch aplikac\u00ed. Snadn\u011bj\u0161\u00ed integrace ResQLink 400 na sob\u011b nebo s va\u0161\u00edm vybaven\u00edm nejen u\u010dinila v\u0161echna va\u0161e dobrodru\u017estv\u00ed bezpe\u010dn\u011bj\u0161\u00edmi, ale i pohodln\u011bj\u0161\u00edmi. <\/p>\n<p style=\"margin-left: 0in; margin-right: 0in;\">Jako\u017eto l\u00eddr v oblasti z\u00e1chrann\u00fdch produkt\u016f pro profesion\u00e1ln\u00ed i rekrea\u010dn\u00ed pou\u017eit\u00ed poskytuje ACR bezkonkuren\u010dn\u00ed bezpe\u010dnost a klid s Personal Locator Beacon ResQLink 400.<\/p>\n<p><strong>2346: Bezpe\u010dnostn\u00ed sada ResQlink 400 Base PLB<\/strong> | Tato sada obsahuje n\u00e1sleduj\u00edc\u00ed polo\u017eky:<\/p>\n<p>+ Personal Locator Beacon ResQLink 400\u2122 (programovan\u00fd pouze pro USA)<br \/>\n + Z\u00e1chrann\u00e9 sv\u011btlo C-Strobe\u2122 H2O<br \/>\n + P\u00ed\u0161\u0165alka Res-Q\u2122<br \/>\n + Such\u00fd vak RapidDitch<br \/>\n + Sign\u00e1ln\u00ed zrcadlo<\/p>\n","protected":false},"excerpt":{"rendered":"<p style=\"margin-left: 0in; margin-right: 0in;\"><span style=\"font-size: 14px;\">Mal\u00fd, ale odoln\u00fd ResQLink 400 byl profesion\u00e1ln\u011b navr\u017een a testov\u00e1n, aby odolal i t\u011bm nejn\u00e1ro\u010dn\u011bj\u0161\u00edm vliv\u016fm. Tento plovouc\u00ed Personal Locator Beacon nevy\u017eaduje \u017e\u00e1dn\u00e9 p\u0159edplatn\u00e9 a lze jej vyu\u017e\u00edt ke zv\u00fd\u0161en\u00ed va\u0161\u00ed bezpe\u010dnosti v \u0161irok\u00e9 \u0161k\u00e1le prost\u0159ed\u00ed. A\u0165 u\u017e na sou\u0161i, na mo\u0159i nebo ve vzduchu, v\u011b\u0159te, \u017ee p\u0159esnost satelit\u016f a vojensk\u00e1 odolnost ResQLink v\u00e1m z\u00e1chranu d\u00e1vaj\u00ed do dlan\u011b.  <\/span><\/p>\n<p style=\"margin-left: 0in; margin-right: 0in;\"><span style=\"font-size: 14px;\"><strong>Vlastnosti a v\u00fdhody:<\/strong><\/span><\/p>\n<ul>\n<li><span style=\"font-size: 14px;\">Nen\u00ed vy\u017eadov\u00e1no \u017e\u00e1dn\u00e9 p\u0159edplatn\u00e9<\/span><\/li>\n<li><span style=\"font-size: 14px;\">GPS a Galileo GNSS<\/span><\/li>\n<li><span style=\"font-size: 14px;\">Vestav\u011bn\u00fd vztlak<\/span><\/li>\n<li><span style=\"font-size: 14px;\">Stroboskop a infra\u010derven\u00fd stroboskop<\/span><\/li>\n<li><span style=\"font-size: 14px;\">Glob\u00e1ln\u00ed pokryt\u00ed<\/span><\/li>\n<li><span style=\"font-size: 14px;\">Kompatibiln\u00ed s MEOSARem<\/span><\/li>\n<li><span style=\"font-size: 14px;\">Mal\u00fd a lehk\u00fd<\/span><\/li>\n<li><span style=\"font-size: 14px;\">5let\u00e1 \u017eivotnost baterie<\/span><\/li>\n<li><span style=\"font-size: 14px;\">Provozn\u00ed \u017eivotnost 24+ hodin**<\/span><\/li>\n<li><span style=\"font-size: 14px;\">Multifunk\u010dn\u00ed klip syst\u00e9m sou\u010d\u00e1st\u00ed balen\u00ed<\/span><\/li>\n<\/ul>\n<p><span style=\"font-size: 14px;\">**Na z\u00e1klad\u011b zku\u0161ebn\u00ed zpr\u00e1vy z akreditovan\u00e9 laborato\u0159e | <a href=\"https:\/\/www.dropbox.com\/s\/8343nj28z0d7bxa\/Prop%2065%20-%20BPA.pdf?dl=0\">VAROV\u00c1N\u00cd: PROP 65<\/a> <\/span><\/p>\n","protected":false},"featured_media":156954,"template":"","meta":{"_acf_changed":false,"om_disable_all_campaigns":false},"product_brand":[],"product_cat":[5957,5949,5960,5953,5719,5962,12194,5955,5790,5947],"product_tag":[12491,5634,6646,6704,5544,5539,6693,12807,12808,12228,6713,6714,6648,6736,6701,11851,6697,11648,5795,5791,6689,11841,12197,5975,12481,6717,6707,6712,12212,11830,6653,6666,6730,6739],"class_list":{"0":"post-156945","1":"product","2":"type-product","3":"status-publish","4":"has-post-thumbnail","6":"product_cat-akcni-sporty-terenni-jizdy","7":"product_cat-blizko-pobrezi","8":"product_cat-cestovni-vybaveni","9":"product_cat-komercni","10":"product_cat-namorni","11":"product_cat-padlovaci-sporty-rybareni","12":"product_cat-personal-locator-beacon-cs","13":"product_cat-turistika-horolezectvi-tabor","14":"product_cat-venkovni","15":"product_cat-vnitrozemi","16":"product_tag-2921-cs","17":"product_tag-406-cs","18":"product_tag-406-mhz-cs","19":"product_tag-66-kanalu","20":"product_tag-akr","21":"product_tag-gps-cs","22":"product_tag-gps-lokator","23":"product_tag-gps-majak","24":"product_tag-gps-tracker-cs-2","25":"product_tag-jizda-na-kajaku-cs","26":"product_tag-lezeni","27":"product_tag-lov","28":"product_tag-majak","29":"product_tag-majak-preziti","30":"product_tag-maly-majak","31":"product_tag-nejnovejsi-model","32":"product_tag-osobni-epirb","33":"product_tag-osobni-lokacni-majak-acr","34":"product_tag-osobni-lokalizacni-majak","35":"product_tag-plb-cs","36":"product_tag-plovaky","37":"product_tag-pobrezni","38":"product_tag-pristat","39":"product_tag-resq-cs","40":"product_tag-resqlink-400-cs","41":"product_tag-rybolov","42":"product_tag-snadna-aktivace","43":"product_tag-turisticky-majak","44":"product_tag-turistika","45":"product_tag-venkovni","46":"product_tag-vztlakovy","47":"product_tag-vztlakovy-plb","48":"product_tag-zachranari","49":"product_tag-zachranne-vybaveni","50":"pa_activity-beh-na-lyzich","51":"pa_activity-kempovani","52":"pa_activity-kolo","53":"pa_activity-lezeni","54":"pa_activity-lyzovani-snowboarding","55":"pa_activity-padlovaci-sporty","56":"pa_activity-rybolov","57":"pa_activity-snezny-skutr","58":"pa_activity-terenni-4x4","59":"pa_activity-turistika","60":"pa_boat-type-charterova-jachta","61":"pa_boat-type-jachta","62":"pa_boat-type-komercni-rybolov","63":"pa_boat-type-motorovy-clun","64":"pa_boat-type-plachetnice","65":"pa_boat-type-remorker","66":"pa_boat-type-sportcraft-cs","67":"pa_product-rescue-beacons-cs","68":"pa_terrain-kopec-a-hora","69":"pa_terrain-les-a-dzungle","70":"pa_terrain-reky-mokrady-jezera-cs","71":"pa_terrain-tundra-cs-2","73":"first","74":"instock","75":"taxable","76":"shipping-taxable","77":"purchasable","78":"product-type-variable","79":"has-default-attributes"},"acf":[],"_links":{"self":[{"href":"https:\/\/www.acrartex.com\/cs\/wp-json\/wp\/v2\/product\/156945","targetHints":{"allow":["GET"]}}],"collection":[{"href":"https:\/\/www.acrartex.com\/cs\/wp-json\/wp\/v2\/product"}],"about":[{"href":"https:\/\/www.acrartex.com\/cs\/wp-json\/wp\/v2\/types\/product"}],"wp:featuredmedia":[{"embeddable":true,"href":"https:\/\/www.acrartex.com\/cs\/wp-json\/wp\/v2\/media\/156954"}],"wp:attachment":[{"href":"https:\/\/www.acrartex.com\/cs\/wp-json\/wp\/v2\/media?parent=156945"}],"wp:term":[{"taxonomy":"product_brand","embeddable":true,"href":"https:\/\/www.acrartex.com\/cs\/wp-json\/wp\/v2\/product_brand?post=156945"},{"taxonomy":"product_cat","embeddable":true,"href":"https:\/\/www.acrartex.com\/cs\/wp-json\/wp\/v2\/product_cat?post=156945"},{"taxonomy":"product_tag","embeddable":true,"href":"https:\/\/www.acrartex.com\/cs\/wp-json\/wp\/v2\/product_tag?post=156945"}],"curies":[{"name":"wp","href":"https:\/\/api.w.org\/{rel}","templated":true}]}}