{"id":156379,"date":"2021-03-16T08:23:29","date_gmt":"2021-03-16T13:23:29","guid":{"rendered":"https:\/\/www.acrartex.com\/products\/plovaci-vak-pro-resqlink-plb\/"},"modified":"2021-03-16T08:23:29","modified_gmt":"2021-03-16T13:23:29","slug":"plovaci-vak-pro-resqlink-plb","status":"publish","type":"product","link":"https:\/\/www.acrartex.com\/cs\/products\/plovaci-vak-pro-resqlink-plb\/","title":{"rendered":"Plovac\u00ed vak pro ResQlink PLB"},"content":{"rendered":"<ul>\n<li>Lehk\u00e1<\/li>\n<li>Dostate\u010dn\u011b mal\u00fd pro snadn\u00e9 p\u0159en\u00e1\u0161en\u00ed v batohu nebo kapse<\/li>\n<li>Udr\u017euje ResQLink v bezpe\u010d\u00ed a zaji\u0161\u0165uje vztlak.<\/li>\n<li>\u0160\u0148\u016frka na krk<\/li>\n<li>Zip\u0161\u0148\u016frka<\/li>\n<\/ul>\n","protected":false},"excerpt":{"rendered":"<p>Plovac\u00ed pouzdro pro RESQLINK\u2122 p\u0159id\u00e1v\u00e1 druhou vrstvu ochrany va\u0161emu osobn\u00edmu loka\u010dn\u00edmu maj\u00e1ku a umo\u017e\u0148uje mu plavat. Je pohodln\u00e9 a snadn\u00e9 ho p\u0159ipevnit k z\u00e1chrann\u00e9 vest\u011b pomoc\u00ed \u0161\u0148\u016frky. <\/p>\n<p><strong>POZN\u00c1MKA: Toto pouzdro je ur\u010deno pouze pro model ResQLink PLB -375 (\u010d. d\u00edlu 2880). Toto pouzdro nebude kompatibiln\u00ed s ResQLink Plus (\u010d. d\u00edlu 2881), ResQLink 400 (\u010d. d\u00edlu 2921) ani ResQLink View (\u010d. d\u00edlu 2922).   <\/strong><\/p>\n<p>&nbsp;<\/p>\n","protected":false},"featured_media":156453,"template":"","meta":{"_acf_changed":false,"om_disable_all_campaigns":false},"product_brand":[],"product_cat":[5957,5949,5960,5953,5534,5719,5962,5966,5972,5955,5945,5790,5947],"product_tag":[12516,12538,5539,5795,5791,12506,5977,5973,12526],"class_list":{"0":"post-156379","1":"product","2":"type-product","3":"status-publish","4":"has-post-thumbnail","6":"product_cat-akcni-sporty-terenni-jizdy","7":"product_cat-blizko-pobrezi","8":"product_cat-cestovni-vybaveni","9":"product_cat-komercni","10":"product_cat-letectvi","11":"product_cat-namorni","12":"product_cat-padlovaci-sporty-rybareni","13":"product_cat-policie-obec","14":"product_cat-pozemni-specialni-jednotky","15":"product_cat-turistika-horolezectvi-tabor","16":"product_cat-valecny","17":"product_cat-venkovni","18":"product_cat-vnitrozemi","19":"product_tag-2880-cs","20":"product_tag-flotace","21":"product_tag-gps-cs","22":"product_tag-osobni-lokalizacni-majak","23":"product_tag-plb-cs","24":"product_tag-plbs-cs","25":"product_tag-resq-odkaz","26":"product_tag-resqlink-cs","27":"product_tag-vak","28":"pa_activity-lyzovani-snowboarding","29":"pa_activity-rybolov","30":"pa_activity-terenni-4x4","31":"pa_aircraft-type-jeden-motor","32":"pa_aircraft-type-turbovrtulovy","33":"pa_product-dedictvi","34":"pa_product-rescue-beacons-cs","35":"pa_terrain-kopec-a-hora","36":"pa_terrain-les-a-dzungle","37":"pa_terrain-tundra-cs-2","39":"first","40":"outofstock","41":"taxable","42":"shipping-taxable","43":"product-type-simple"},"acf":[],"_links":{"self":[{"href":"https:\/\/www.acrartex.com\/cs\/wp-json\/wp\/v2\/product\/156379","targetHints":{"allow":["GET"]}}],"collection":[{"href":"https:\/\/www.acrartex.com\/cs\/wp-json\/wp\/v2\/product"}],"about":[{"href":"https:\/\/www.acrartex.com\/cs\/wp-json\/wp\/v2\/types\/product"}],"wp:featuredmedia":[{"embeddable":true,"href":"https:\/\/www.acrartex.com\/cs\/wp-json\/wp\/v2\/media\/156453"}],"wp:attachment":[{"href":"https:\/\/www.acrartex.com\/cs\/wp-json\/wp\/v2\/media?parent=156379"}],"wp:term":[{"taxonomy":"product_brand","embeddable":true,"href":"https:\/\/www.acrartex.com\/cs\/wp-json\/wp\/v2\/product_brand?post=156379"},{"taxonomy":"product_cat","embeddable":true,"href":"https:\/\/www.acrartex.com\/cs\/wp-json\/wp\/v2\/product_cat?post=156379"},{"taxonomy":"product_tag","embeddable":true,"href":"https:\/\/www.acrartex.com\/cs\/wp-json\/wp\/v2\/product_tag?post=156379"}],"curies":[{"name":"wp","href":"https:\/\/api.w.org\/{rel}","templated":true}]}}