{"id":156329,"date":"2021-03-16T08:25:51","date_gmt":"2021-03-16T13:25:51","guid":{"rendered":"https:\/\/www.acrartex.com\/products\/zachranne-obrysove-svetlo-solas-sm-3\/"},"modified":"2026-03-06T10:53:08","modified_gmt":"2026-03-06T15:53:08","slug":"zachranne-obrysove-svetlo-solas-sm-3","status":"publish","type":"product","link":"https:\/\/www.acrartex.com\/cs\/products\/zachranne-obrysove-svetlo-solas-sm-3\/","title":{"rendered":"Z\u00e1chrann\u00e9 obrysov\u00e9 sv\u011btlo SOLAS SM-3"},"content":{"rendered":"<p style=\"margin: 0in 0in 0.0001pt;\"><span style=\"font-size: 10pt;\"><span style=\"font-size: 11.0pt;\">Z\u00e1chrann\u00e9 sv\u011btlo SM-3 SOLAS s minim\u00e1ln\u00ed intenzitou sv\u011btla 3 kandely po celou dobu sv\u00e9 provozn\u00ed \u017eivotnosti. Toto vysoce intenzivn\u00ed LED stroboskopick\u00e9 sv\u011btlo ozna\u010duje ka\u017ed\u00fdm jasn\u00fdm z\u00e1bleskem m\u00edsto, kde se pos\u00e1dka dostala p\u0159es palubu. Ve vod\u011b se automaticky narovn\u00e1 a aktivuje, tak\u017ee aktivace nikdy nep\u0159edstavuje probl\u00e9m, o kter\u00fd by se \u010dlen pos\u00e1dky v nouzi musel starat. SM-3 je nap\u00e1jen 2 lithiov\u00fdmi bateriemi AA a baterie jsou vym\u011bniteln\u00e9 u\u017eivatelem, co\u017e umo\u017e\u0148uje del\u0161\u00ed \u017eivotnost v\u00fdrobku ne\u017e mnoho jednor\u00e1zov\u00fdch z\u00e1chrann\u00fdch sv\u011btel na trhu.  <\/span><\/span><\/p>\n<p>&nbsp;<\/p>\n<p style=\"margin: 0in 0in 0.0001pt;\"><span style=\"font-size: 10pt;\"><span style=\"font-size: 11.0pt;\">Dod\u00e1van\u00fd mont\u00e1\u017en\u00ed dr\u017e\u00e1k dr\u017e\u00ed SM-3 bezpe\u010dn\u011b i v t\u011bch nejn\u00e1ro\u010dn\u011bj\u0161\u00edch podm\u00ednk\u00e1ch, ale v p\u0159\u00edpad\u011b nouze je st\u00e1le snadno p\u0159\u00edstupn\u00fd. Nav\u00edc, a\u010dkoli jsou SM-3 a jeho dr\u017e\u00e1k v\u00fdrazn\u011b men\u0161\u00ed ne\u017e prot\u011bj\u0161ky SM-2, dr\u017e\u00e1k SM-3 si prakticky zachov\u00e1v\u00e1 stejn\u00e9 rozlo\u017een\u00ed mont\u00e1\u017en\u00edch otvor\u016f jako SM-2, co\u017e umo\u017e\u0148uje snadnou dodate\u010dnou mont\u00e1\u017e bez nutnosti dal\u0161\u00ed adapt\u00e9rov\u00e9 \u200b\u200bdesky. <\/span><\/span><\/p>\n<p style=\"margin: 0in 0in 0.0001pt;\"><span style=\"font-size: 10pt;\"><span style=\"font-size: 11.0pt;\">Sv\u011btlo SM-3 je schv\u00e1leno dle \u00famluv USCG\/MED\/SOLAS pro pou\u017eit\u00ed po cel\u00e9m sv\u011bt\u011b a toto odoln\u00e9 LED obrysov\u00e9 sv\u011btlo proto p\u0159edstavuje vynikaj\u00edc\u00ed volbu pro plavidla, kter\u00e1 mus\u00ed spl\u0148ovat po\u017eadavky \u00famluv USCG a SOLAS na p\u0159epravu samoz\u00e1paln\u00fdch sv\u011btel pro z\u00e1chrann\u00e9 kruhy. Podle po\u017eadavk\u016f USCG a SOLAS pro osobn\u00ed a n\u00e1kladn\u00ed plavidla mus\u00ed b\u00fdt alespo\u0148 polovina celkov\u00e9ho po\u010dtu z\u00e1chrann\u00fdch kruh\u016f na plavidle vybavena samoz\u00e1paln\u00fdm sv\u011btlem.  Minim\u00e1ln\u00ed po\u017eadavky na p\u0159epravu se odv\u00edjej\u00ed od d\u00e9lky plavidla a mohou se pohybovat od minim\u00e1ln\u011b \u010dty\u0159 do minim\u00e1ln\u011b patn\u00e1cti z\u00e1chrann\u00fdch kruh\u016f se samozapalovac\u00edmi sv\u011btly na plavidlo.  <\/span><\/span><\/p>\n<p>&nbsp;<\/p>\n<p style=\"margin: 0in 0in 0.0001pt;\"><span style=\"font-size: 10pt;\"><span style=\"font-size: 11.0pt;\">Robustn\u00ed konstrukce vede k v\u011bt\u0161\u00ed flexibilit\u011b pou\u017eit\u00ed. Zat\u00edmco schv\u00e1len\u00ed SOLAS vy\u017eaduje pouze p\u00e1dovou zkou\u0161ku z 30 metr\u016f, SM-3 byl testov\u00e1n p\u00e1dem z v\u00fd\u0161ky 76 metr\u016f. D\u00edky tomu je SM-3 v\u0161estrannou volbou pro pou\u017eit\u00ed na r\u016fzn\u00fdch plo\u0161in\u00e1ch nebo plavidlech r\u016fzn\u00fdch velikost\u00ed.  <\/span><\/span><\/p>\n<p style=\"margin: 0in 0in 0.0001pt;\"><span style=\"font-size: 10pt;\"><span style=\"font-size: 11.0pt;\">D\u00edky snadno vym\u011bniteln\u00e9mu lithiov\u00e9mu AA zdroji nap\u00e1jen\u00ed v\u00e1m SM-3 bude slou\u017eit roky a bude p\u0159ipraven, kdykoli bude pot\u0159eba.<\/span><\/span><\/p>\n<p>&nbsp;<\/p>\n<p><iframe loading=\"lazy\" title=\"The New ACR SM-3 Buoy Marker Light is USCG, MED, SOLAS Approved\" width=\"500\" height=\"281\" src=\"https:\/\/www.youtube.com\/embed\/hHbvfrkWlic?feature=oembed\" frameborder=\"0\" allow=\"accelerometer; autoplay; clipboard-write; encrypted-media; gyroscope; picture-in-picture; web-share\" referrerpolicy=\"strict-origin-when-cross-origin\" allowfullscreen><\/iframe><\/p>\n<h2 style=\"margin: 0in 0in 0.0001pt;\"><span style=\"font-size: 10pt;\"><b><span style=\"font-size: 12.0pt;\">Vlastnosti a v\u00fdhody:<\/span><\/b><\/span><\/h2>\n<ul>\n<li style=\"margin-right: 13.5pt; margin: 0in 0in 0.0001pt;\"><span style=\"font-size: 10pt;\"><span style=\"background: white;\"><span style=\"color: black;\"><span style=\"font-size: 11.0pt;\">Schv\u00e1leno SOLAS \/ MED  <\/span><\/span><\/span><\/span><\/li>\n<li style=\"margin-right: 13.5pt; margin: 0in 0in 0.0001pt;\"><span style=\"font-size: 10pt;\"><span style=\"background: white;\"><span style=\"color: black;\"><span style=\"font-size: 11.0pt;\">Jasn\u00e9 sv\u011btlo ve v\u0161ech sm\u011brech (viditelnost 360\u00b0)<\/span><\/span><\/span><\/span><\/li>\n<li style=\"margin-right: 13.5pt; margin: 0in 0in 0.0001pt;\"><span style=\"font-size: 10pt;\"><span style=\"background: white;\"><span style=\"font-size: 11.0pt;\"><span style=\"color: black;\">Pouzdro z polykarbon\u00e1tu odoln\u00e9ho proti UV z\u00e1\u0159en\u00ed<\/span><\/span><\/span><\/span><\/li>\n<li style=\"margin-right: 13.5pt; margin: 0in 0in 0.0001pt;\"><span style=\"font-size: 10pt;\"><span style=\"background: white;\"><span style=\"color: black;\"><span style=\"font-size: 11.0pt;\">Lehk\u00fd a kompaktn\u00ed<\/span><\/span><\/span><\/span><\/li>\n<li style=\"margin-right: 13.5pt; margin: 0in 0in 0.0001pt;\"><span style=\"font-size: 10pt;\"><span style=\"background: white;\"><span style=\"color: black;\"><span style=\"font-size: 11.0pt;\">Snadn\u00e1 instalace dr\u017e\u00e1ku<\/span><\/span><\/span><\/span><\/li>\n<li style=\"margin-right: 13.5pt; margin: 0in 0in 0.0001pt;\"><span style=\"font-size: 10pt;\"><span style=\"background: white;\"><span style=\"color: black;\"><span style=\"font-size: 11.0pt;\">Dr\u017e\u00e1k je sou\u010d\u00e1st\u00ed balen\u00ed a zachov\u00e1v\u00e1 stejn\u00e9 rozlo\u017een\u00ed otvor\u016f jako SM-2 pro snadnou dodate\u010dnou mont\u00e1\u017e.<\/span><\/span><\/span><\/span><\/li>\n<li style=\"margin-right: 13.5pt; margin: 0in 0in 0.0001pt;\"><span style=\"font-size: 10pt;\"><span style=\"background: white;\"><span style=\"color: black;\"><span style=\"font-size: 11.0pt;\">Automaticky se narovn\u00e1 a aktivuje ve vod\u011b<\/span><\/span><\/span><\/span><\/li>\n<li style=\"margin-right: 13.5pt; margin: 0in 0in 0.0001pt;\"><span style=\"font-size: 10pt;\"><span style=\"background: white;\"><span style=\"color: black;\"><span style=\"font-size: 11.0pt;\">Vysoce intenzivn\u00ed LED stroboskop<\/span><\/span><\/span><\/span><\/li>\n<li style=\"margin-right: 13.5pt; margin: 0in 0in 0.0001pt;\"><span style=\"font-size: 10pt;\"><span style=\"background: white;\"><span style=\"color: black;\"><span style=\"font-size: 11.0pt;\">Plov\u00e1 vzp\u0159\u00edmen\u011b za v\u0161ech podm\u00ednek<\/span><\/span><\/span><\/span><\/li>\n<li style=\"margin-right: 13.5pt; margin: 0in 0in 0.0001pt;\"><span style=\"font-size: 10pt;\"><span style=\"background: white;\"><span style=\"color: black;\"><span style=\"font-size: 11.0pt;\">Minim\u00e1ln\u00ed 40 hodin nep\u0159etr\u017eit\u00e9ho provozu p\u0159i  <\/span><span style=\"font-size: 11.0pt;\"><span style=\"background: white;\">30 <sup>\u00b0<\/sup> C (86 <sup>\u00b0<\/sup> F) nebo v\u00edce ne\u017e 24 hodin p\u0159i -1 <sup>\u00b0<\/sup> C (30 <sup>\u00b0<\/sup> F)<\/span><\/span><\/span><\/span><\/span><\/li>\n<li style=\"margin-right: 13.5pt; margin: 0in 0in 0.0001pt;\"><span style=\"font-size: 11.0pt;\"><span style=\"color: black;\">U\u017eivatelsky vym\u011bniteln\u00e9 lithiov\u00e9 baterie AA Energizer L91 (nejsou sou\u010d\u00e1st\u00ed balen\u00ed)<\/span><\/span><\/li>\n<\/ul>\n","protected":false},"excerpt":{"rendered":"<p><span style=\"font-size: 11.0pt;\"><span style=\"background: white;\"><span style=\"color: black;\">Z\u00e1chrann\u00e9 pozn\u00e1vac\u00ed sv\u011btlo SM-3 schv\u00e1len\u00e9 SOLAS je vysoce intenzivn\u00ed LED stroboskopick\u00e9 sv\u011btlo, kter\u00e9 poskytuje 360\u00b0 viditelnost na vzd\u00e1lenost p\u0159ibli\u017en\u011b 2 mil. Toto kompaktn\u00ed, ale odoln\u00e9 pozn\u00e1vac\u00ed sv\u011btlo usnad\u0148uje z\u00e1chranu automatickou aktivac\u00ed a spu\u0161t\u011bn\u00edm stroboskopu ve vod\u011b, p\u0159i\u010dem\u017e pracuje v\u00edce ne\u017e 40 hodin p\u0159i 30 <sup>\u00b0<\/sup> C (86 <sup>\u00b0<\/sup> F) nebo v\u00edce ne\u017e 24 hodin p\u0159i -1 <sup>\u00b0<\/sup> C (30 <sup>\u00b0<\/sup> F). Sv\u011btlo SM-3 je ide\u00e1ln\u00ed pro komer\u010dn\u00ed n\u00e1mo\u0159n\u00ed dopravu, petrochemickou dopravu, k\u0159i\u017en\u00edky a jak\u00e9koli dal\u0161\u00ed aplikace vy\u017eaduj\u00edc\u00ed spolehliv\u00e9 pozn\u00e1vac\u00ed sv\u011btlo pro pos\u00e1dku p\u0159es palubu (COB). Sv\u011btlo SM-3 se za v\u0161ech podm\u00ednek vzn\u00e1\u0161\u00ed vzp\u0159\u00edmen\u011b a zaji\u0161\u0165uje tak, \u017ee bude sv\u00edtit, kdy\u017e ho nejv\u00edce pot\u0159ebujete.  <\/span><\/span><\/span><\/p>\n<p><a href=\"https:\/\/www.dropbox.com\/s\/0ezw0kexbm120vv\/Prop%2065%20-%20Lead%20and%20Lead%20Compounds.pdf?dl=0\">VAROV\u00c1N\u00cd: PROP 65<\/a><\/p>\n<p>&nbsp;<\/p>\n","protected":false},"featured_media":164406,"template":"","meta":{"_acf_changed":false,"om_disable_all_campaigns":false},"product_brand":[],"product_cat":[5719,7907],"product_tag":[12632,12615,12609,12576,8069,12595,7928,12509,12498,12554,12625,12489,12479,8067,12528,12602,12565,12517,12586,12540,11190],"class_list":{"0":"post-156329","1":"product","2":"type-product","3":"status-publish","4":"has-post-thumbnail","6":"product_cat-namorni","7":"product_cat-signalizacni-produkty","8":"product_tag-3947-cs","9":"product_tag-acr-sm-2-cs","10":"product_tag-acr-sm2-cs","11":"product_tag-blikajici-svetlo-pres-palubu-posadky","12":"product_tag-gmdss-cs","13":"product_tag-gmdss-light-cs","14":"product_tag-namorni-stroboskopicke-svetlo","15":"product_tag-obrysove-svetlo-sm-3","16":"product_tag-obrysove-svetlo-sm3","17":"product_tag-samozapalujici-se-svetlo-zachranneho-kruhu","18":"product_tag-schvaleni-solas","19":"product_tag-sm-3-cs","20":"product_tag-sm3-cs","21":"product_tag-solas-cs","22":"product_tag-stroboskop-sm-3","23":"product_tag-svetlo-na-kruhovou-boji","24":"product_tag-svetlo-pro-posadku-pres-palubu","25":"product_tag-svetlo-sm3","26":"product_tag-svetlo-solas","27":"product_tag-svetlo-zachranneho-kruhu","28":"product_tag-zachranne-stroboskopicke-svetlo-cs","29":"pa_boat-size-0-20-cs","30":"pa_boat-size-21-40-cs","31":"pa_boat-size-40-80-cs","32":"pa_boat-size-80-cs","33":"pa_boat-type-charterova-jachta","34":"pa_boat-type-jachta","35":"pa_boat-type-komercni-rybolov","36":"pa_boat-type-nakladni-lod","37":"pa_boat-type-plachetnice","38":"pa_boat-type-remorker","39":"pa_product-rescue-beacons-vhf-sart-cs","40":"pa_product-signalizacni-produkty","41":"pa_product-zachranna-svetla","43":"first","44":"instock","45":"taxable","46":"shipping-taxable","47":"purchasable","48":"product-type-simple"},"acf":[],"_links":{"self":[{"href":"https:\/\/www.acrartex.com\/cs\/wp-json\/wp\/v2\/product\/156329","targetHints":{"allow":["GET"]}}],"collection":[{"href":"https:\/\/www.acrartex.com\/cs\/wp-json\/wp\/v2\/product"}],"about":[{"href":"https:\/\/www.acrartex.com\/cs\/wp-json\/wp\/v2\/types\/product"}],"wp:featuredmedia":[{"embeddable":true,"href":"https:\/\/www.acrartex.com\/cs\/wp-json\/wp\/v2\/media\/164406"}],"wp:attachment":[{"href":"https:\/\/www.acrartex.com\/cs\/wp-json\/wp\/v2\/media?parent=156329"}],"wp:term":[{"taxonomy":"product_brand","embeddable":true,"href":"https:\/\/www.acrartex.com\/cs\/wp-json\/wp\/v2\/product_brand?post=156329"},{"taxonomy":"product_cat","embeddable":true,"href":"https:\/\/www.acrartex.com\/cs\/wp-json\/wp\/v2\/product_cat?post=156329"},{"taxonomy":"product_tag","embeddable":true,"href":"https:\/\/www.acrartex.com\/cs\/wp-json\/wp\/v2\/product_tag?post=156329"}],"curies":[{"name":"wp","href":"https:\/\/api.w.org\/{rel}","templated":true}]}}