{"id":156198,"date":"2021-03-16T08:23:13","date_gmt":"2021-03-16T13:23:13","guid":{"rendered":"https:\/\/www.acrartex.com\/products\/pilotni-sada-artex-elt-345\/"},"modified":"2021-03-16T08:23:13","modified_gmt":"2021-03-16T13:23:13","slug":"pilotni-sada-artex-elt-345","status":"publish","type":"product","link":"https:\/\/www.acrartex.com\/cs\/products\/pilotni-sada-artex-elt-345\/","title":{"rendered":"Pilotn\u00ed sada ARTEX ELT 345\u2122"},"content":{"rendered":"<p>V p\u0159\u00edpad\u011b nouze se spolehn\u011bte na stejnou zna\u010dku, kter\u00e9 d\u016fv\u011b\u0159uj\u00ed p\u0159edn\u00ed v\u00fdrobci letadel, pokud jde o prvot\u0159\u00eddn\u00ed kvalitu, vynikaj\u00edc\u00ed technologii a vynikaj\u00edc\u00ed z\u00e1kaznick\u00fd servis. Nov\u00fd ARTEX <a href=\"https:\/\/www.acrartex.com\/cs\/products\/elt-345\/\">ELT 345<\/a> je vyroben podle nejp\u0159\u00edsn\u011bj\u0161\u00edch standard\u016f \u0159\u00edzen\u00ed kvality v oboru, aby bylo zaji\u0161t\u011bno, \u017ee ELT bude fungovat poka\u017ed\u00e9 napoprv\u00e9. ARTEX ELT 345 vys\u00edl\u00e1 na frekvenc\u00edch 406 MHz a 121,5 MHz a z\u00e1rove\u0148 poskytuje p\u0159esnost polohy d\u00edky vestav\u011bn\u00e9mu naviga\u010dn\u00edmu rozhran\u00ed GPS . Data GPS jsou integrov\u00e1na do prvn\u00edho nouzov\u00e9ho p\u0159enosu a poskytuj\u00ed p\u00e1trac\u00edm a z\u00e1chrann\u00fdm slo\u017ek\u00e1m polohu letadla s p\u0159esnost\u00ed na 100 metr\u016f za m\u00e9n\u011b ne\u017e minutu. ELT 345 se py\u0161n\u00ed n\u00edzkou cenou v oboru za ELT kter\u00fd poskytuje stejnou kvalitu a v\u00fdkon, na kter\u00fdch byla zna\u010dka ARTEX postavena.    <\/p>\n<p>&nbsp;<\/p>\n<p><strong>Jak funguje ARTEX ELT 345:<\/strong><\/p>\n<p>Radiomaj\u00e1k ARTEX ELT 345 lze aktivovat ru\u010dn\u011b (pomoc\u00ed d\u00e1lkov\u00e9ho sp\u00edna\u010de v kokpitu nebo sp\u00edna\u010de ELT ) nebo automaticky (G-sp\u00edna\u010d detekuje n\u00e1raz o frekvenci 2,3 G nebo vy\u0161\u0161\u00ed) a upozorn\u00ed nejbli\u017e\u0161\u00ed p\u00e1trac\u00ed a z\u00e1chrannou slu\u017ebu na va\u0161i nouzovou situaci. Sign\u00e1l 406 MHz, kter\u00fd obsahuje va\u0161e GPS sou\u0159adnice, je vysl\u00e1n na satelity Cospas-Sarsat a p\u0159en\u00e1\u0161en do \u0159\u00eddic\u00edho st\u0159ediska mise, kde je okam\u017eit\u011b sm\u011brov\u00e1n k nejbli\u017e\u0161\u00ed p\u00e1trac\u00ed a z\u00e1chrann\u00e9 slu\u017eb\u011b. Registrace va\u0161eho radiomaj\u00e1ku sd\u011bl\u00ed z\u00e1chrann\u00fdm slo\u017ek\u00e1m <strong>, kdo<\/strong> jste, a samotn\u00fd radiomaj\u00e1k jim sd\u011bl\u00ed, <strong>kde<\/strong> se nach\u00e1z\u00edte s p\u0159esnost\u00ed na 100 metr\u016f. M\u00edstn\u00ed nav\u00e1d\u011bc\u00ed sign\u00e1l 121,5 MHz pom\u00e1h\u00e1 p\u00e1trac\u00edm a z\u00e1chrann\u00fdm sil\u00e1m ur\u010dit va\u0161i p\u0159esnou polohu.   <\/p>\n<p>&nbsp;<\/p>\n<p><strong>Snadn\u00e1 instalace:<\/strong><\/p>\n<p>ARTEX ELT 345 nab\u00edz\u00ed rychlou a snadnou mo\u017enost dodate\u010dn\u00e9 mont\u00e1\u017ee s flexibiln\u00edmi mo\u017enostmi instalace, jako je dvouvodi\u010dov\u00fd d\u00e1lkov\u00fd sp\u00edna\u010d, kter\u00fd nevy\u017eaduje \u017e\u00e1dn\u00e9 nap\u00e1jen\u00ed z letadla. Proto\u017ee se jedn\u00e1 o ELT s jedn\u00edm v\u00fdstupem, vyu\u017e\u00edv\u00e1 ELT 345 stejn\u00fd RF v\u00fdstup a pouze jeden koaxi\u00e1ln\u00ed kabel k p\u0159enosu sign\u00e1l\u016f 406 MHz i 121,5 MHz. Vestav\u011bn\u00e9 naviga\u010dn\u00ed rozhran\u00ed k provozu nevy\u017eaduje nap\u00e1jen\u00ed z letadla, co\u017e v\u00fdrazn\u011b sni\u017euje n\u00e1klady na instalaci. Mont\u00e1\u017en\u00ed konzola z nerezov\u00e9 oceli m\u00e1 konfiguraci s v\u00edce otvory, co\u017e usnad\u0148uje a urychluje v\u00fdm\u011bnu star\u0161\u00edch ELT ARTEX nebo star\u00fdch ELT ACK, Kannad a AmeriKing.   <\/p>\n<p>Sp\u00e1rujte ELT 345 s exkluzivn\u00edm online syst\u00e9mem pro testov\u00e1n\u00ed satelit\u016f od ARTEX , <a title=\"406Test.com\" href=\"http:\/\/www.406test.com\/\">406Test.com<\/a> , a z\u00edskejte v\u00fdsledky test\u016f maj\u00e1k\u016f v re\u00e1ln\u00e9m \u010dase ze stejn\u00fdch satelit\u016f, jak\u00e9 pou\u017e\u00edvaj\u00ed p\u00e1trac\u00ed a z\u00e1chrann\u00e9 slu\u017eby, abyste se ujistili, \u017ee v\u00e1\u0161 syst\u00e9m ELT funguje spr\u00e1vn\u011b. Existuje d\u016fvod, pro\u010d si ELT ARTEX vyb\u00edr\u00e1 v\u00edce v\u00fdrobc\u016f letadel ne\u017e kter\u00e9koli jin\u00e9; d\u016fv\u011b\u0159uj\u00ed ARTEX , \u017ee vyr\u00e1b\u00ed produkty nejvy\u0161\u0161\u00ed kvality s v\u011bdom\u00edm, \u017ee se pou\u017e\u00edvaj\u00ed k z\u00e1chran\u011b \u017eivot\u016f. <\/p>\n<p>&nbsp;<\/p>\n<p><strong>Obsah sady:<\/strong><\/p>\n<ul style=\"list-style-type: disc;\">\n<li><a href=\"https:\/\/www.acrartex.com\/cs\/products\/elt-345\/\">ELT 345\u2122<\/a> (\u010d. d\u00edlu 8102)<\/li>\n<li>Personal Locator Beacon <a href=\"https:\/\/www.acrartex.com\/products\/resqlink-400\/\">ResQLink 400\u2122<\/a> (\u010d. d\u00edlu 2921)<\/li>\n<li>Nouzov\u00e9 nouzov\u00e9 sv\u011btlo <a href=\"https:\/\/www.acrartex.com\/products\/c-light-h20\">C-Light H\u2082O\u2122<\/a> (\u010d. d\u00edlu 3962)<\/li>\n<li>Sign\u00e1ln\u00ed zrcadlo<\/li>\n<li>P\u00ed\u0161\u0165alka WW-3 Res-Q\u2122 (\u010d. d\u00edlu 1700)<\/li>\n<\/ul>\n","protected":false},"excerpt":{"rendered":"<p>Toto je nejnov\u011bj\u0161\u00ed sada pro p\u0159e\u017eit\u00ed pro piloty. Nov\u00e1 <a href=\"https:\/\/www.acrartex.com\/press_releases\/167\">pilotn\u00ed sada ARTEX ELT 345\u2122<\/a> je perfektn\u00ed kombinac\u00ed bezpe\u010dnostn\u00edch produkt\u016f a produkt\u016f pro p\u0159e\u017eit\u00ed, kter\u00e9 jsou navr\u017eeny tak, aby piloti byli v bezpe\u010d\u00ed v p\u0159\u00edpad\u011b nouze. Pilotn\u00ed sada poskytuje pilot\u016fm jednu praktickou sadu pro vybaven\u00ed jejich letadla nejnov\u011bj\u0161\u00edm Emergency Locator Transmitter ( ELT ) 406 MHz spolu s osobn\u00edm vybaven\u00edm pro p\u0159e\u017eit\u00ed, kter\u00e9 tvo\u0159\u00ed redundantn\u00ed syst\u00e9m pro upozorn\u011bn\u00ed p\u00e1trac\u00edch a z\u00e1chrann\u00fdch slo\u017eek na jejich polohu.  <\/p>\n<p>&nbsp;<\/p>\n<p><a href=\"https:\/\/www.acrartex.com\/products\/elt-345-transmitter\">ARTEX ELT 345<\/a> je dod\u00e1v\u00e1n s d\u00e1lkov\u00fdm sp\u00edna\u010dem, bzu\u010d\u00e1kem, ant\u00e9nou a instala\u010dn\u00edm hardwarem a poskytuje pilot\u016fm cenov\u011b v\u00fdhodn\u00e9 \u0159e\u0161en\u00ed pro upgrade star\u0161\u00edch ELT 121,5 MHz, kter\u00e9 ji\u017e nejsou monitorov\u00e1ny p\u00e1trac\u00edmi a z\u00e1chrann\u00fdmi satelity, nebo jako n\u00e1hrada za jin\u00e9 ELT 406 MHz pro piloty zam\u011b\u0159en\u00e9 na kvalitu a hodnotu.<\/p>\n<p>&nbsp;<\/p>\n<p>Tato sada obsahuje n\u00e1sleduj\u00edc\u00ed z\u00e1kladn\u00ed produkty pro p\u0159e\u017eit\u00ed:<\/p>\n<p>&nbsp;<\/p>\n<ul>\n<li>ELT 345\u2122 (v\u010detn\u011b ant\u00e9ny, d\u00e1lkov\u00e9ho sp\u00edna\u010de + instala\u010dn\u00edho hardwaru)<\/li>\n<li>Personal Locator Beacon ResQLink +\u2122<\/li>\n<li>Nouzov\u00e9 nouzov\u00e9 sv\u011btlo C-Light H\u2082O\u2122<\/li>\n<li>Sign\u00e1ln\u00ed zrcadlo<\/li>\n<li>P\u00ed\u0161\u0165alka WW-3 Res-Q\u2122<\/li>\n<\/ul>\n<p>&nbsp;<\/p>\n<p><a href=\"https:\/\/www.dropbox.com\/s\/8343nj28z0d7bxa\/Prop%2065%20-%20BPA.pdf?dl=0\">VAROV\u00c1N\u00cd: PROP 65<\/a><\/p>\n<p>&nbsp;<\/p>\n<p>&nbsp;<\/p>\n","protected":false},"featured_media":156375,"template":"","meta":{"_acf_changed":false,"om_disable_all_campaigns":false},"product_brand":[],"product_cat":[5964,8584,5534,5535],"product_tag":[12491,12386,5537,5543,12403,12470,5795,12417,5791,12428,12457,5973,12481,12446,10798],"class_list":{"0":"post-156198","1":"product","2":"type-product","3":"status-publish","4":"has-post-thumbnail","6":"product_cat-business-jet-cs","7":"product_cat-komercni-letadla","8":"product_cat-letectvi","9":"product_cat-vseobecne-letectvi","10":"product_tag-2921-cs","11":"product_tag-c-light-h2o-cs","12":"product_tag-elt-cs","13":"product_tag-elt-345-cs","14":"product_tag-nouzove-svetlo","15":"product_tag-nouzovy-lokalizacni-majak","16":"product_tag-osobni-lokalizacni-majak","17":"product_tag-pilotni-sada","18":"product_tag-plb-cs","19":"product_tag-prezivsi","20":"product_tag-resq-whistle-cs","21":"product_tag-resqlink-cs","22":"product_tag-resqlink-400-cs","23":"product_tag-sada-pro-preziti","24":"product_tag-signalni-zrcadlo","25":"pa_product-dedictvi","27":"first","28":"instock","29":"taxable","30":"shipping-taxable","31":"product-type-simple"},"acf":[],"_links":{"self":[{"href":"https:\/\/www.acrartex.com\/cs\/wp-json\/wp\/v2\/product\/156198","targetHints":{"allow":["GET"]}}],"collection":[{"href":"https:\/\/www.acrartex.com\/cs\/wp-json\/wp\/v2\/product"}],"about":[{"href":"https:\/\/www.acrartex.com\/cs\/wp-json\/wp\/v2\/types\/product"}],"wp:featuredmedia":[{"embeddable":true,"href":"https:\/\/www.acrartex.com\/cs\/wp-json\/wp\/v2\/media\/156375"}],"wp:attachment":[{"href":"https:\/\/www.acrartex.com\/cs\/wp-json\/wp\/v2\/media?parent=156198"}],"wp:term":[{"taxonomy":"product_brand","embeddable":true,"href":"https:\/\/www.acrartex.com\/cs\/wp-json\/wp\/v2\/product_brand?post=156198"},{"taxonomy":"product_cat","embeddable":true,"href":"https:\/\/www.acrartex.com\/cs\/wp-json\/wp\/v2\/product_cat?post=156198"},{"taxonomy":"product_tag","embeddable":true,"href":"https:\/\/www.acrartex.com\/cs\/wp-json\/wp\/v2\/product_tag?post=156198"}],"curies":[{"name":"wp","href":"https:\/\/api.w.org\/{rel}","templated":true}]}}