{"id":156148,"date":"2021-03-16T08:23:22","date_gmt":"2021-03-16T13:23:22","guid":{"rendered":"https:\/\/www.acrartex.com\/products\/tps-8700-sada-testovacich-a-programovacich-pristroju\/"},"modified":"2021-03-16T08:23:22","modified_gmt":"2021-03-16T13:23:22","slug":"tps-8700-sada-testovacich-a-programovacich-pristroju","status":"publish","type":"product","link":"https:\/\/www.acrartex.com\/cs\/products\/tps-8700-sada-testovacich-a-programovacich-pristroju\/","title":{"rendered":"TPS 8700 \u2013 Sada testovac\u00edch a programovac\u00edch p\u0159\u00edstroj\u016f"},"content":{"rendered":"<p><strong><u>Testov\u00e1n\u00ed ELT a ov\u011b\u0159en\u00ed identifikace ELT<\/u><\/strong><\/p>\n<p>Vys\u00edla\u010de nouzov\u00e9ho lokaliz\u00e1toru letadel (ELT) mus\u00ed m\u00edt u n\u00e1rodn\u00edch \u00fa\u0159ad\u016f zaregistrovan\u00e9 sv\u00e9 jedine\u010dn\u00e9 identifika\u010dn\u00ed \u010d\u00edslo. Tester ARTEX poskytuje jednoduch\u00fd zp\u016fsob ov\u011b\u0159en\u00ed a ulo\u017een\u00ed ID ARTEX ELT po instalaci, p\u0159eprogramov\u00e1n\u00ed nebo v p\u0159\u00edpad\u011b pot\u0159eby op\u011btovn\u00e9 registrace maj\u00e1ku po zm\u011bn\u011b vlastnictv\u00ed letadla. <\/p>\n<p>&nbsp;<\/p>\n<p><strong><u>Testovac\u00ed data<\/u><\/strong><\/p>\n<p>Tester ARTEX zaznamen\u00e1v\u00e1 ve\u0161ker\u00e1 data do intern\u00ed datab\u00e1ze, kterou lze z\u00e1lohovat do po\u010d\u00edta\u010de. Data si m\u016f\u017eete prohl\u00ed\u017eet v po\u010d\u00edta\u010di nez\u00e1visle na testeru a jsou opat\u0159ena \u010dasov\u00fdm raz\u00edtkem jako d\u016fkaz p\u0159enosu a spr\u00e1vn\u00e9ho naprogramov\u00e1n\u00ed. Tester m\u016f\u017ee tisknout p\u0159es rozhran\u00ed USB do po\u010d\u00edta\u010de. Pro tisk je vy\u017eadov\u00e1n software ke sta\u017een\u00ed na ACRARTEX.com.   <\/p>\n<p>&nbsp;<\/p>\n<p><strong><u>Programov\u00e1n\u00ed<\/u><\/strong><\/p>\n<p>Program\u00e1tor\/tester ARTEX m\u00e1 v\u0161echny v\u00fd\u0161e uveden\u00e9 funkce testeru a dok\u00e1\u017ee tak\u00e9 rychle a snadno naprogramovat celou \u0159adu lokomotiv ARTEX ELT. Je schopen naprogramovat po\u017eadovan\u00fd protokol, p\u0159enosovou rychlost naviga\u010dn\u00edch dat a po\u017eadovan\u00e9 informace dle pokyn\u016f spole\u010dnosti Cospas-Sarsat pomoc\u00ed p\u0159\u00edslu\u0161n\u00e9ho programovac\u00edho kabelu (sou\u010d\u00e1st\u00ed balen\u00ed). <\/p>\n<p>&nbsp;<\/p>\n<p>*V\u0161echny funkce modelu 8700 plat\u00ed pouze pro chyta\u010de lodn\u00ed z\u00e1chrany ARTEX .<\/p>\n<table style=\"width: 500px;\" border=\"1\" cellspacing=\"1\" cellpadding=\"1\" align=\"left\">\n<tbody>\n<tr>\n<td><span style=\"font-size: 12.0pt;\">Tabulka funkc\u00ed testov\u00e1n\u00ed a programov\u00e1n\u00ed<\/span><\/td>\n<td><strong><span style=\"font-size: 12.0pt;\">TPS 8700<\/span><\/strong><\/td>\n<td><strong><span style=\"font-size: 12.0pt;\">TS 8701<\/span><\/strong><\/td>\n<td><strong><span style=\"font-size: 12.0pt;\">TPS 8715<\/span><\/strong><\/td>\n<\/tr>\n<tr>\n<td><span style=\"font-size: 12.0pt;\">Ov\u011b\u0159en\u00ed identifikace ELT a dek\u00f3dov\u00e1n\u00ed vys\u00edl\u00e1n\u00ed na frekvenci 406 MHz<\/span><\/td>\n<td>x<\/td>\n<td>x<\/td>\n<td>x<\/td>\n<\/tr>\n<tr>\n<td><span style=\"font-size: 12.0pt;\">Testov\u00e1n\u00ed p\u0159\u00edtomnosti p\u0159enos\u016f 121,5 MHz a 243 MHz<\/span><\/td>\n<td>x<\/td>\n<td>x<\/td>\n<td>x<\/td>\n<\/tr>\n<tr>\n<td><span style=\"font-size: 12.0pt;\">Programov\u00e1n\u00ed pouze z\u00e1chrann\u00fdch lodn\u00edch vys\u00edla\u010d\u016f ARTEX pro v\u0161eobecn\u00e9 letectv\u00ed (referen\u010dn\u00ed \u010d\u00edslo PN 8700 pro jednotku, kter\u00e1 je schopna programovat i ELT na p\u0159epravn\u00ed \u00farovni)<\/span><\/td>\n<td><\/td>\n<td><\/td>\n<td>x<\/td>\n<\/tr>\n<tr>\n<td><span style=\"font-size: 12.0pt;\">Programov\u00e1n\u00ed v\u0161ech chytr\u00fdch hodinek ARTEX ELT<\/span><\/td>\n<td>x<\/td>\n<td><\/td>\n<td><\/td>\n<\/tr>\n<tr>\n<td><span style=\"font-size: 12.0pt;\">Z\u00e1lohov\u00e1n\u00ed dat do po\u010d\u00edta\u010de<\/span><\/td>\n<td>x<\/td>\n<td>x<\/td>\n<td>x<\/td>\n<\/tr>\n<tr>\n<td><span style=\"font-size: 12.0pt;\">Mo\u017enost tisku p\u0159es rozhran\u00ed USB k po\u010d\u00edta\u010di<\/span><\/td>\n<td>x<\/td>\n<td>x<\/td>\n<td>x<\/td>\n<\/tr>\n<tr>\n<td><span style=\"font-size: 12.0pt;\">Software dod\u00e1van\u00fd s produktem<\/span><\/td>\n<td>x<\/td>\n<td>x<\/td>\n<td><\/td>\n<\/tr>\n<tr>\n<td><span style=\"font-size: 12.0pt;\">Software nen\u00ed sou\u010d\u00e1st\u00ed produktu (software sta\u017een\u00fd po obdr\u017een\u00ed produktu z\u00e1kazn\u00edkem)<\/span><\/td>\n<td><\/td>\n<td><\/td>\n<td>x<\/td>\n<\/tr>\n<\/tbody>\n<\/table>\n<p>&nbsp;<\/p>\n","protected":false},"excerpt":{"rendered":"<p>TPS 8700 je robustn\u00ed, kompaktn\u00ed a p\u0159enosn\u00fd syst\u00e9m, kter\u00fd umo\u017e\u0148uje programov\u00e1n\u00ed, ov\u011b\u0159ov\u00e1n\u00ed a testov\u00e1n\u00ed v\u0161ech ELT ARTEX .<\/p>\n<p> <span style=\"color: #ff0000;\"><strong>POZN\u00c1MKA: Tento produkt byl ukon\u010den a nahrazen <a href=\"https:\/\/www.acrartex.com\/products\/fpt\/\">program\u00e1torem ARTEX \u0159ady FPT 8800<\/a> .<\/strong><\/span><\/p>\n<p>&nbsp;<\/p>\n","protected":false},"featured_media":156156,"template":"","meta":{"_acf_changed":false,"om_disable_all_campaigns":false},"product_brand":[],"product_cat":[5534],"product_tag":[],"class_list":{"0":"post-156148","1":"product","2":"type-product","3":"status-publish","4":"has-post-thumbnail","6":"product_cat-letectvi","7":"pa_product-dedictvi","9":"first","10":"instock","11":"taxable","12":"shipping-taxable","13":"product-type-simple"},"acf":[],"_links":{"self":[{"href":"https:\/\/www.acrartex.com\/cs\/wp-json\/wp\/v2\/product\/156148","targetHints":{"allow":["GET"]}}],"collection":[{"href":"https:\/\/www.acrartex.com\/cs\/wp-json\/wp\/v2\/product"}],"about":[{"href":"https:\/\/www.acrartex.com\/cs\/wp-json\/wp\/v2\/types\/product"}],"wp:featuredmedia":[{"embeddable":true,"href":"https:\/\/www.acrartex.com\/cs\/wp-json\/wp\/v2\/media\/156156"}],"wp:attachment":[{"href":"https:\/\/www.acrartex.com\/cs\/wp-json\/wp\/v2\/media?parent=156148"}],"wp:term":[{"taxonomy":"product_brand","embeddable":true,"href":"https:\/\/www.acrartex.com\/cs\/wp-json\/wp\/v2\/product_brand?post=156148"},{"taxonomy":"product_cat","embeddable":true,"href":"https:\/\/www.acrartex.com\/cs\/wp-json\/wp\/v2\/product_cat?post=156148"},{"taxonomy":"product_tag","embeddable":true,"href":"https:\/\/www.acrartex.com\/cs\/wp-json\/wp\/v2\/product_tag?post=156148"}],"curies":[{"name":"wp","href":"https:\/\/api.w.org\/{rel}","templated":true}]}}