{"id":156081,"date":"2021-03-16T08:25:01","date_gmt":"2021-03-16T13:25:01","guid":{"rendered":"https:\/\/www.acrartex.com\/products\/led-svetlomet-rcl-85\/"},"modified":"2026-02-03T14:06:35","modified_gmt":"2026-02-03T19:06:35","slug":"led-svetlomet-rcl-85","status":"publish","type":"product","link":"https:\/\/www.acrartex.com\/cs\/products\/led-svetlomet-rcl-85\/","title":{"rendered":"LED sv\u011btlomet RCL -85"},"content":{"rendered":"<p style=\"margin: 0in 0in 0.0001pt;\"><span style=\"font-size: 10pt;\"><span style=\"line-height: 150%;\">Elegantn\u00ed design sv\u011btlometu RCL -85 LED z n\u011bj \u010din\u00ed atraktivn\u00ed a cenov\u011b dostupnou volbu pro mal\u00e9 a\u017e st\u0159edn\u011b velk\u00e9 rekrea\u010dn\u00ed motorov\u00e9 \u010dluny i lehk\u00e1 komer\u010dn\u00ed plavidla. Tento sv\u011btlomet je dod\u00e1v\u00e1n s bezdr\u00e1tov\u00fdm ru\u010dn\u00edm d\u00e1lkov\u00fdm ovlada\u010dem, kter\u00fd umo\u017e\u0148uje ot\u00e1\u010den\u00ed sv\u011btla o 350 stup\u0148\u016f. D\u00edky 8stup\u0148ov\u00e9mu \u00fahlu paprsku se sv\u011btlo m\u016f\u017ee naklonit o p\u016fsobiv\u00fdch 90 stup\u0148\u016f, co\u017e usnad\u0148uje osv\u011btlen\u00ed padac\u00edch most\u016f, b\u00f3j\u00ed a dok\u016f. Pokud pot\u0159ebujete pomoc, pou\u017eijte funkci stroboskopu k signalizaci pomoci. <strong><span style=\"font-weight: normal;\">RCL -85 je odoln\u00fd v\u016f\u010di pov\u011btrnostn\u00edm vliv\u016fm d\u00edky<\/span><\/strong> elektronice um\u00edst\u011bn\u00e9 ve vod\u011bodoln\u00e9 hlav\u011b s kryt\u00edm IP68 nam\u00edsto z\u00e1kladny pro zv\u00fd\u0161enou ochranu. Pouzdro a \u010do\u010dka ASA jsou ut\u011bsn\u011bny proti pov\u011btrnostn\u00edm vliv\u016fm pro roky bezprobl\u00e9mov\u00e9ho provozu pro ka\u017ed\u00e9ho, kdo chce cenov\u011b dostupn\u00fd a jasn\u00fd LED sv\u011btlomet pro lod\u011b a n\u00e1kladn\u00ed automobily.      <\/span><\/span><\/p>\n<p style=\"text-align: justify; margin: 0in 0in 0.0001pt;\"><span style=\"font-size: 10pt;\"><span style=\"line-height: 150%;\"><b>Kl\u00ed\u010dov\u00e9 vlastnosti:<\/b><\/span><\/span><\/p>\n<ul>\n<li style=\"text-align: justify; margin: 0in 0in 0.0001pt;\"><span style=\"font-size: 10pt;\"><span style=\"line-height: 150%;\">6 LED diod s vysok\u00fdm tokem (OSRAM)  <\/span><\/span><\/li>\n<li style=\"text-align: justify; margin: 0in 0in 0.0001pt;\"><span style=\"font-size: 10pt;\"><span style=\"line-height: 150%;\">240 000 kandel, maxim\u00e1ln\u00ed dosah paprsku 980 m<\/span><\/span><\/li>\n<li style=\"text-align: justify; margin: 0in 0in 0.0001pt;\"><span style=\"font-size: 10pt;\"><span style=\"line-height: 150%;\">Bezdr\u00e1tov\u00fd ru\u010dn\u00ed d\u00e1lkov\u00fd ovlada\u010d (sou\u010d\u00e1st\u00ed balen\u00ed)<\/span><\/span><\/li>\n<li style=\"text-align: justify; margin: 0in 0in 0.0001pt;\"><span style=\"font-size: 10pt;\"><span style=\"line-height: 150%;\">Rotace 350 <sup>\u00b0<\/sup> a n\u00e1klon 90 <sup>\u00b0<\/sup><\/span><\/span><\/li>\n<li style=\"text-align: justify; margin: 0in 0in 0.0001pt;\"><span style=\"font-size: 10pt;\"><span style=\"line-height: 150%;\">2 A (12 V) a\u017e 1,1 A (24 V)<\/span><\/span><\/li>\n<li style=\"text-align: justify; margin: 0in 0in 0.0001pt;\"><span style=\"font-size: 10pt;\"><span style=\"line-height: 150%;\">Efektivn\u00ed LED diody s dlouhou \u017eivotnost\u00ed \u2013 50 000 provozn\u00edch hodin<\/span><\/span><\/li>\n<li style=\"text-align: justify; margin: 0in 0in 0.0001pt;\"><span style=\"font-size: 10pt;\"><span style=\"line-height: 150%;\">Odoln\u00e9 v\u016f\u010di UV z\u00e1\u0159en\u00ed a pov\u011btrnostn\u00edm vliv\u016fm<\/span><\/span><\/li>\n<li>Jasn\u00fd LED reflektor pro lod\u011b a n\u00e1kladn\u00ed automobily<\/li>\n<li style=\"text-align: justify; margin: 0in 0in 0.0001pt;\"><span style=\"font-size: 10.0pt;\">Jednoduch\u00e1 instalace (pouze p\u0159ipojen\u00ed k nap\u00e1jen\u00ed 12\u201324 V)<\/span><\/li>\n<\/ul>\n","protected":false},"excerpt":{"rendered":"<p style=\"margin: 0in 0in 0.0001pt;\"><span style=\"font-size: 10pt;\"><span style=\"line-height: 150%;\">Zcela nov\u00fd LED sv\u011btlomet RCL -85 byl navr\u017een pro majitele lod\u00ed, kte\u0159\u00ed se cht\u011bj\u00ed zbavit pot\u00ed\u017e\u00ed s halogenov\u00fdmi sv\u011btlomety, ale p\u0159esto cht\u011bj\u00ed m\u00edt zaji\u0161t\u011bnou cenovou dostupnost v podob\u011b jasn\u00fdch LED sv\u011btlomet\u016f pro lod\u011b a n\u00e1kladn\u00ed automobily. S p\u016fsobiv\u00fdm sv\u011bteln\u00fdm tokem 240 000 kandel s vyu\u017eit\u00edm 6 LED diod s vysok\u00fdm tokem (30 W) m\u00e1te viditelnost p\u0159es \u00bd n\u00e1mo\u0159n\u00ed m\u00edle a osv\u011btl\u00edte si cestu k c\u00edli. Jednoduch\u00e1 instalace vy\u017eaduje pouze p\u0159ipojen\u00ed nap\u00e1jen\u00ed 12 a\u017e 24 V k sv\u011btlometu, ve\u0161ker\u00e9 ovl\u00e1d\u00e1n\u00ed je kompletn\u011b bezdr\u00e1tov\u00e9.  <\/span><\/span><\/p>\n<p>&nbsp;<\/p>\n<p style=\"margin: 0in 0in 0.0001pt;\"><a href=\"https:\/\/www.dropbox.com\/s\/fk04stqsp2hgk5f\/Prop%2065%20-%20DEHP.pdf?dl=0\">VAROV\u00c1N\u00cd: PROP 65<\/a><\/p>\n<p>&nbsp;<\/p>\n","protected":false},"featured_media":36740,"template":"","meta":{"_acf_changed":false,"om_disable_all_campaigns":false},"product_brand":[],"product_cat":[5949,5719,5951,7249,5947],"product_tag":[12380,12392,12341,12371,11596,7381,7387,7256,7260,12361,7255,12352,7253],"class_list":{"0":"post-156081","1":"product","2":"type-product","3":"status-publish","4":"has-post-thumbnail","6":"product_cat-blizko-pobrezi","7":"product_cat-namorni","8":"product_cat-pobrezni","9":"product_cat-reflektory","10":"product_cat-vnitrozemi","11":"product_tag-1956-cs","12":"product_tag-1957-cs","13":"product_tag-acr-rcl-85-cs","14":"product_tag-jasny-led-reflektor-pro-lode-a-nakladni-automobily","15":"product_tag-led-lodni-svetlomet","16":"product_tag-led-svetlomet","17":"product_tag-namorni-led-svetlomet","18":"product_tag-namorni-reflektor","19":"product_tag-reflektor-acr","20":"product_tag-svetlo-pracovniho-voziku","21":"product_tag-svetlomet-pro-lode","22":"product_tag-svetlomet-pro-nakladni-automobily","23":"product_tag-svetlomety-na-prodej","24":"pa_product-hledaci-svetla","26":"first","27":"instock","28":"taxable","29":"shipping-taxable","30":"purchasable","31":"product-type-variable"},"acf":[],"_links":{"self":[{"href":"https:\/\/www.acrartex.com\/cs\/wp-json\/wp\/v2\/product\/156081","targetHints":{"allow":["GET"]}}],"collection":[{"href":"https:\/\/www.acrartex.com\/cs\/wp-json\/wp\/v2\/product"}],"about":[{"href":"https:\/\/www.acrartex.com\/cs\/wp-json\/wp\/v2\/types\/product"}],"wp:featuredmedia":[{"embeddable":true,"href":"https:\/\/www.acrartex.com\/cs\/wp-json\/wp\/v2\/media\/36740"}],"wp:attachment":[{"href":"https:\/\/www.acrartex.com\/cs\/wp-json\/wp\/v2\/media?parent=156081"}],"wp:term":[{"taxonomy":"product_brand","embeddable":true,"href":"https:\/\/www.acrartex.com\/cs\/wp-json\/wp\/v2\/product_brand?post=156081"},{"taxonomy":"product_cat","embeddable":true,"href":"https:\/\/www.acrartex.com\/cs\/wp-json\/wp\/v2\/product_cat?post=156081"},{"taxonomy":"product_tag","embeddable":true,"href":"https:\/\/www.acrartex.com\/cs\/wp-json\/wp\/v2\/product_tag?post=156081"}],"curies":[{"name":"wp","href":"https:\/\/api.w.org\/{rel}","templated":true}]}}