{"id":156039,"date":"2021-03-16T08:25:07","date_gmt":"2021-03-16T13:25:07","guid":{"rendered":"https:\/\/www.acrartex.com\/products\/led-svetlomet-rcl-95\/"},"modified":"2026-02-03T14:14:39","modified_gmt":"2026-02-03T19:14:39","slug":"led-svetlomet-rcl-95","status":"publish","type":"product","link":"https:\/\/www.acrartex.com\/cs\/products\/led-svetlomet-rcl-95\/","title":{"rendered":"LED sv\u011btlomet RCL -95"},"content":{"rendered":"<p style=\"margin: 0in 0in 0.0001pt;\"><span style=\"font-size: 10pt;\"><span style=\"line-height: 150%;\">Pou\u017e\u00edvejte LED p\u00e1trac\u00ed sv\u011btlomet RCL -95 s<b> <\/b>Kabelov\u00e9 ovl\u00e1d\u00e1n\u00ed joystickem na palubn\u00ed desce nebo bezdr\u00e1tov\u00e9 ru\u010dn\u00ed d\u00e1lkov\u00e9 ovl\u00e1d\u00e1n\u00ed pro plynul\u00e9 ot\u00e1\u010den\u00ed sv\u011btla o 360 stup\u0148\u016f vysokou nebo pomalou rychlost\u00ed bez pot\u00ed\u017e\u00ed s prudk\u00fdm zastaven\u00edm. D\u00edky \u00fahlu paprsku 8 stup\u0148\u016f se sv\u011btlo m\u016f\u017ee naklonit o p\u016fsobiv\u00fdch 135 stup\u0148\u016f, co\u017e usnad\u0148uje osv\u011btlen\u00ed v\u00fdsuvn\u00fdch most\u016f, b\u00f3j\u00ed a dok\u016f. Funkce automatick\u00e9ho n\u00e1vratu dom\u016f pohodln\u011b zaparkuje sv\u011btlomet zp\u011bt na po\u017eadovan\u00e9 m\u00edsto p\u0159i ka\u017ed\u00e9m vypnut\u00ed sv\u011btlometu. <strong><span style=\"font-weight: normal;\">RCL -95 je nejjasn\u011bj\u0161\u00ed LED lodn\u00ed sv\u011btlomet, kter\u00fd je odoln\u00fd v\u016f\u010di pov\u011btrnostn\u00edm vliv\u016fm, s<\/span><\/strong> elektronikou um\u00edst\u011bnou ve vod\u011bodoln\u00e9 hlav\u011b sv\u011btla s kryt\u00edm IP68 nam\u00edsto z\u00e1kladny pro zv\u00fd\u0161enou ochranu. Pouzdro a \u010do\u010dka ASA jsou ut\u011bsn\u011bny proti pov\u011btrnostn\u00edm vliv\u016fm pro roky bezprobl\u00e9mov\u00e9ho provozu.     <\/span><\/span><\/p>\n<p style=\"margin: 0in 0in 0.0001pt;\"><b>Kl\u00ed\u010dov\u00e9 vlastnosti:<\/b><\/p>\n<ul>\n<li style=\"text-align: justify; margin: 0in 0in 0.0001pt;\"><span style=\"font-size: 10pt;\"><span style=\"line-height: 150%;\">10 LED diod s vysok\u00fdm tokem (OSRAM)  <\/span><\/span><\/li>\n<li style=\"text-align: justify; margin: 0in 0in 0.0001pt;\"><span style=\"font-size: 10pt;\"><span style=\"line-height: 150%;\">460 000 kandel, maxim\u00e1ln\u00ed dosah paprsku 1 372 m, jeden z nejjasn\u011bj\u0161\u00edch LED lodn\u00edch sv\u011btlomet\u016f<\/span><\/span><\/li>\n<li style=\"text-align: justify; margin: 0in 0in 0.0001pt;\"><span style=\"font-size: 10pt;\"><span style=\"line-height: 150%;\">Bezdr\u00e1tov\u00fd ru\u010dn\u00ed d\u00e1lkov\u00fd ovlada\u010d a kabelov\u00fd joystick pro mont\u00e1\u017e na palubn\u00ed desku (oba sou\u010d\u00e1st\u00ed balen\u00ed)<\/span><\/span><\/li>\n<li style=\"text-align: justify; margin: 0in 0in 0.0001pt;\"><span style=\"font-size: 10pt;\"><span style=\"line-height: 150%;\">Plynul\u00e9 ot\u00e1\u010den\u00ed <sup>o 360\u00b0<\/sup> a n\u00e1klon o 135 <sup>\u00b0<\/sup><\/span><\/span><\/li>\n<li style=\"text-align: justify; margin: 0in 0in 0.0001pt;\"><span style=\"font-size: 10pt;\"><span style=\"line-height: 150%;\">Automatick\u00fd n\u00e1vrat dom\u016f p\u0159i vypnut\u00ed<\/span><\/span><\/li>\n<li style=\"text-align: justify; margin: 0in 0in 0.0001pt;\"><span style=\"font-size: 10pt;\"><span style=\"line-height: 150%;\">4 A (12 V) a\u017e 2 A (24 V)<\/span><\/span><\/li>\n<li style=\"text-align: justify; margin: 0in 0in 0.0001pt;\"><span style=\"font-size: 10pt;\"><span style=\"line-height: 150%;\">Efektivn\u00ed LED diody s dlouhou \u017eivotnost\u00ed \u2013 50 000 provozn\u00edch hodin<\/span><\/span><\/li>\n<li style=\"text-align: justify; margin: 0in 0in 0.0001pt;\"><span style=\"font-size: 10pt;\"><span style=\"line-height: 150%;\">Odoln\u00e9 v\u016f\u010di UV z\u00e1\u0159en\u00ed a pov\u011btrnostn\u00edm vliv\u016fm<\/span><\/span><\/li>\n<li style=\"text-align: justify; margin: 0in 0in 0.0001pt;\"><span style=\"font-size: 10pt;\"><span style=\"line-height: 150%;\">Jednoduch\u00e1 instalace (p\u0159ipojen\u00ed k nap\u00e1jen\u00ed 12\u201324 V a 5m kabel pro ovl\u00e1d\u00e1n\u00ed joystickem)<\/span><\/span><\/li>\n<li>Ide\u00e1ln\u00ed pro pracovn\u00ed n\u00e1kladn\u00ed vozy, dod\u00e1vky, lod\u011b a pracovn\u00ed \u010dluny<\/li>\n<\/ul>\n<p><b>Voliteln\u00e9 p\u0159\u00edslu\u0161enstv\u00ed:<\/b><b><\/b><\/p>\n<ul>\n<li><b><\/b><span style=\"font-size: 10pt;\"><span style=\"line-height: 150%;\">Bezdr\u00e1tov\u00fd d\u00e1lkov\u00fd ovlada\u010d pro mont\u00e1\u017e na palubn\u00ed desku (\u010d. d\u00edlu 9635)<\/span><\/span><\/li>\n<li><span style=\"font-size: 10pt;\"><span style=\"line-height: 150%;\">N\u00e1hradn\u00ed mont\u00e1\u017en\u00ed deska RCL -95 pro GOLIGHT\u00ae (\u010d. d\u00edlu 9639)*<\/span><\/span><\/li>\n<li><span style=\"font-size: 10pt;\"><span style=\"line-height: 150%;\">Prodlu\u017eovac\u00ed kabel RCL -95 5 m (16,4&#8242;) (\u010d. d\u00edlu 9638)<\/span><\/span><\/li>\n<li><span style=\"font-size: 10pt;\"><span style=\"line-height: 150%;\">Kabel\u00e1\u017e pro joystick RCL -95 (\u010d. d\u00edlu 9640)<\/span><\/span><\/li>\n<\/ul>\n<p><span style=\"font-size: 10pt;\"><span style=\"line-height: 150%;\">*Tuto sadu pro dodate\u010dnou mont\u00e1\u017e lze pou\u017e\u00edt p\u0159i v\u00fdm\u011bn\u011b sv\u011btlomet\u016f GOLIGHT\u00ae Stryker nebo RadioRay za sv\u011btlomet RCL -95. Pozn\u00e1mka: Tato sada nebude fungovat s p\u0159enosnou verz\u00ed RadioRay (GOLIGHT je registrovan\u00e1 ochrann\u00e1 zn\u00e1mka spole\u010dnosti GOLIGHT Inc.) <\/span><\/span><\/p>\n","protected":false},"excerpt":{"rendered":"<p style=\"margin: 0in 0in 0.0001pt;\"><span style=\"font-size: 10pt;\"><span style=\"line-height: 150%;\">Zcela nov\u00fd LED hledac\u00ed sv\u011btlomet RCL -95 byl navr\u017een s ohledem na v\u00fdkon a jednoduchost a z\u00e1rove\u0148 jako jeden z nejjasn\u011bj\u0161\u00edch LED hledac\u00edch sv\u011btlomet\u016f pro lod\u011b. S nejlep\u0161\u00edm sv\u011bteln\u00fdm v\u00fdkonem 460 000 kandel s vyu\u017eit\u00edm 10 LED diod s vysok\u00fdm tokem (50 W) m\u00e1te viditelnost p\u0159es \u00be n\u00e1mo\u0159n\u00ed m\u00edle pro osv\u011btlen\u00ed cesty k c\u00edli.   <\/span><\/span><span style=\"font-size: 10.0pt;\">Elegantn\u00ed design RCL -95 LED z n\u011bj \u010din\u00ed atraktivn\u00ed a cenov\u011b dostupnou volbu pro mal\u00e9 a\u017e st\u0159edn\u011b velk\u00e9 rekrea\u010dn\u00ed motorov\u00e9 \u010dluny i lehk\u00e1 komer\u010dn\u00ed plavidla.<\/span><\/p>\n<p>&nbsp;<\/p>\n<p style=\"margin: 0in 0in 0.0001pt;\"><a href=\"https:\/\/www.dropbox.com\/s\/0ezw0kexbm120vv\/Prop%2065%20-%20Lead%20and%20Lead%20Compounds.pdf?dl=0\">VAROV\u00c1N\u00cd: PROP 65<\/a><\/p>\n","protected":false},"featured_media":36733,"template":"","meta":{"_acf_changed":false,"om_disable_all_campaigns":false},"product_brand":[],"product_cat":[5949,5719,5951,7249,5947],"product_tag":[12340,12351,12328,11596,7387,7256,7260,7255,12316],"class_list":{"0":"post-156039","1":"product","2":"type-product","3":"status-publish","4":"has-post-thumbnail","6":"product_cat-blizko-pobrezi","7":"product_cat-namorni","8":"product_cat-pobrezni","9":"product_cat-reflektory","10":"product_cat-vnitrozemi","11":"product_tag-1958-cs","12":"product_tag-1959-cs","13":"product_tag-acr-rcl-95-cs","14":"product_tag-led-lodni-svetlomet","15":"product_tag-namorni-led-svetlomet","16":"product_tag-namorni-reflektor","17":"product_tag-reflektor-acr","18":"product_tag-svetlomet-pro-lode","19":"product_tag-svetlomety-na-prodej-cs","20":"pa_product-hledaci-svetla","22":"first","23":"instock","24":"taxable","25":"shipping-taxable","26":"purchasable","27":"product-type-variable"},"acf":[],"_links":{"self":[{"href":"https:\/\/www.acrartex.com\/cs\/wp-json\/wp\/v2\/product\/156039","targetHints":{"allow":["GET"]}}],"collection":[{"href":"https:\/\/www.acrartex.com\/cs\/wp-json\/wp\/v2\/product"}],"about":[{"href":"https:\/\/www.acrartex.com\/cs\/wp-json\/wp\/v2\/types\/product"}],"wp:featuredmedia":[{"embeddable":true,"href":"https:\/\/www.acrartex.com\/cs\/wp-json\/wp\/v2\/media\/36733"}],"wp:attachment":[{"href":"https:\/\/www.acrartex.com\/cs\/wp-json\/wp\/v2\/media?parent=156039"}],"wp:term":[{"taxonomy":"product_brand","embeddable":true,"href":"https:\/\/www.acrartex.com\/cs\/wp-json\/wp\/v2\/product_brand?post=156039"},{"taxonomy":"product_cat","embeddable":true,"href":"https:\/\/www.acrartex.com\/cs\/wp-json\/wp\/v2\/product_cat?post=156039"},{"taxonomy":"product_tag","embeddable":true,"href":"https:\/\/www.acrartex.com\/cs\/wp-json\/wp\/v2\/product_tag?post=156039"}],"curies":[{"name":"wp","href":"https:\/\/api.w.org\/{rel}","templated":true}]}}