{"id":155888,"date":"2021-03-16T08:24:50","date_gmt":"2021-03-16T13:24:50","guid":{"rendered":"https:\/\/www.acrartex.com\/products\/resqlink-view-personal-locator-beacon\/"},"modified":"2026-03-06T10:23:00","modified_gmt":"2026-03-06T15:23:00","slug":"resqlink-view-personal-locator-beacon","status":"publish","type":"product","link":"https:\/\/www.acrartex.com\/cs\/products\/resqlink-view-personal-locator-beacon\/","title":{"rendered":"ResQLink\u2122 View Osobn\u00ed lok\u00e1tor Beacon"},"content":{"rendered":"<p style=\"margin-left: 0in; margin-right: 0in;\">D\u00edky t\u0159em \u00farovn\u00edm integrovan\u00e9 sign\u00e1ln\u00ed technologie \u2013 ur\u010dov\u00e1n\u00ed polohy GPS, v\u00fdkonn\u00e9mu sign\u00e1lu 406 MHz a funkci nav\u00e1d\u011bn\u00ed 121,5 MHz \u2013 ResQLink View rychle a p\u0159esn\u011b p\u0159en\u00e1\u0161\u00ed va\u0161i polohu do celosv\u011btov\u00e9 s\u00edt\u011b p\u00e1trac\u00edch a z\u00e1chrann\u00fdch satelit\u016f. Vestav\u011bn\u00fd stroboskop a infra\u010derven\u00fd stroboskop nav\u00edc usnad\u0148uj\u00ed z\u00e1chrann\u00e9 akce v noci nebo za sn\u00ed\u017een\u00e9 viditelnosti. <\/p>\n<p style=\"margin-left: 0in; margin-right: 0in;\">A\u0165 u\u017e v\u00e1s va\u0161e dobrodru\u017estv\u00ed zavede kamkoli, a\u0165 u\u017e je to v\u00fdlet na nejvy\u0161\u0161\u00ed horsk\u00e9 vrcholky, do nejm\u00e9n\u011b prozkouman\u00e9ho ter\u00e9nu nebo do nejrozlehlej\u0161\u00edch oce\u00e1n\u016f, bu\u010fte si jisti, \u017ee ResQLink View se v\u017edy snadno aktivuje. Jednodu\u0161e rozlo\u017ete ant\u00e9nu, stiskn\u011bte tla\u010d\u00edtko zapnut\u00ed a maj\u00e1k se postar\u00e1 o zbytek za v\u00e1s. Bez n\u00e1mahy navede z\u00e1chran\u00e1\u0159e do vzd\u00e1lenosti 100 metr\u016f nebo m\u00e9n\u011b od va\u0161\u00ed polohy. U\u017eijte si v\u011bt\u0161\u00ed klid d\u00edky integrovan\u00e9mu digit\u00e1ln\u00edmu displeji, kter\u00fd zobrazuje stav maj\u00e1ku a GPS sou\u0159adnice v re\u00e1ln\u00e9m \u010dase b\u011bhem cel\u00e9ho z\u00e1chrann\u00e9ho procesu.   <\/p>\n<p style=\"margin-left: 0in; margin-right: 0in;\">D\u00edky inovativn\u00edm designov\u00fdm prvk\u016fm lze multifunk\u010dn\u00ed klipy pou\u017e\u00edvat ve spojen\u00ed s maj\u00e1kem, co\u017e nab\u00edz\u00ed \u0159adu mo\u017enost\u00ed no\u0161en\u00ed pro \u0159adu u\u017eite\u010dn\u00fdch aplikac\u00ed. Snadn\u011bj\u0161\u00ed za\u010dlen\u011bn\u00ed ResQLink View na osobu nebo s va\u0161\u00edm vybaven\u00edm nejen u\u010dinilo v\u0161echna va\u0161e dobrodru\u017estv\u00ed bezpe\u010dn\u011bj\u0161\u00edmi, ale i pohodln\u011bj\u0161\u00edmi. <\/p>\n<p style=\"margin-left: 0in; margin-right: 0in;\">Jako\u017eto l\u00eddr v oblasti z\u00e1chrann\u00fdch produkt\u016f pro profesion\u00e1ln\u00ed i rekrea\u010dn\u00ed pou\u017eit\u00ed poskytuje ACR bezkonkuren\u010dn\u00ed bezpe\u010dnost a klid s osobn\u00edm lokaliza\u010dn\u00edm maj\u00e1kem ResQLink View.<\/p>\n<p style=\"margin-left: 0in; margin-right: 0in;\"><strong>Vlastnosti a v\u00fdhody:<\/strong><\/p>\n<ul>\n<li>Nen\u00ed vy\u017eadov\u00e1no \u017e\u00e1dn\u00e9 p\u0159edplatn\u00e9<\/li>\n<li>GPS a Galileo GNSS<\/li>\n<li>Vestav\u011bn\u00fd vztlak<\/li>\n<li>Stroboskop a infra\u010derven\u00fd stroboskop<\/li>\n<li>Glob\u00e1ln\u00ed pokryt\u00ed<\/li>\n<li>Kompatibiln\u00ed s MEOSARem<\/li>\n<li>Mal\u00fd a lehk\u00fd<\/li>\n<li>5let\u00e1 \u017eivotnost baterie<\/li>\n<li>Provozn\u00ed \u017eivotnost 28 hodin**<\/li>\n<li>Multifunk\u010dn\u00ed klip syst\u00e9m je sou\u010d\u00e1st\u00ed balen\u00ed<\/li>\n<li><span style=\"font-family: Tahoma, sans-serif;\">Exkluzivn\u00ed skiny ACR zahrnut\u00e9 v cen\u011b n\u00e1kupu (p\u0159izp\u016fsobte si sv\u016fj maj\u00e1k a p\u0159izp\u016fsobte ho sv\u00e9mu \u017eivotn\u00edmu stylu a preferovan\u00fdm aktivit\u00e1m)<\/span><\/li>\n<\/ul>\n<p>&nbsp;<\/p>\n<p><strong>2347: Bezpe\u010dnostn\u00ed sada ResQlink View PLB<\/strong> | Tato sada obsahuje n\u00e1sleduj\u00edc\u00ed polo\u017eky:<\/p>\n<ul>\n<li>Osobn\u00ed loka\u010dn\u00ed maj\u00e1k ResQLink View\u2122 (programovan\u00fd pouze pro USA)<\/li>\n<li>Z\u00e1chrann\u00e9 sv\u011btlo C-Strobe\u2122 H2O \u2013 <a href=\"https:\/\/www.acrartex.com\/products\/c-strobe-h20\">Zjist\u011bte v\u00edce<\/a><\/li>\n<li>P\u00ed\u0161\u0165alka Res-Q\u2122 \u2013 <a href=\"https:\/\/www.acrartex.com\/cs\/products\/pistalka-ww-3-resq\/\">Zjist\u011bte v\u00edce<\/a><\/li>\n<li>Such\u00fd vak RapidDitch<\/li>\n<li>Sign\u00e1ln\u00ed zrcadlo<\/li>\n<\/ul>\n<p>&nbsp;<\/p>\n<p><strong>2361: Bezpe\u010dnostn\u00ed sada ResQLink VIEW PLB + ResQFlare<\/strong> | Tato sada obsahuje n\u00e1sleduj\u00edc\u00ed z\u00e1kladn\u00ed produkty pro p\u0159e\u017eit\u00ed:<\/p>\n<ul>\n<li>ResQLink View Personal Locator Beacon (programov\u00e1no pouze pro USA)<\/li>\n<li>ResQFlare Elektronick\u00e1 nouzov\u00e1 sv\u011btlice<\/li>\n<li>Z\u00e1chrann\u00e9 sv\u011btlo C-Strobe H2O<\/li>\n<li>Sign\u00e1ln\u00ed zrcadlo<\/li>\n<li>P\u00ed\u0161\u0165alka Res-Q\u2122<\/li>\n<li>Nepromokav\u00fd vak RapidDitch<\/li>\n<\/ul>\n","protected":false},"excerpt":{"rendered":"<p style=\"margin-left: 0in; margin-right: 0in;\">Mal\u00fd, ale odoln\u00fd ResQLink View byl profesion\u00e1ln\u011b navr\u017een a testov\u00e1n, aby odolal i t\u011bm nejn\u00e1ro\u010dn\u011bj\u0161\u00edm vliv\u016fm. Tento plovouc\u00ed osobn\u00ed lokaliza\u010dn\u00ed maj\u00e1k nevy\u017eaduje \u017e\u00e1dn\u00e9 p\u0159edplatn\u00e9 a obsahuje digit\u00e1ln\u00ed displej zobrazuj\u00edc\u00ed aktu\u00e1ln\u00ed stav a GPS sou\u0159adnice. A\u0165 u\u017e jste na sou\u0161i, na mo\u0159i nebo ve vzduchu, v\u011b\u0159te, \u017ee p\u0159esnost satelit\u016f a vojensk\u00e1 odolnost ResQLinku v\u00e1m z\u00e1chranu daj\u00ed do dlan\u011b.  <\/p>\n<p>**Na z\u00e1klad\u011b zku\u0161ebn\u00ed zpr\u00e1vy z akreditovan\u00e9 laborato\u0159e**<\/p>\n<p>&nbsp;<\/p>\n<p><a href=\"https:\/\/www.dropbox.com\/s\/8343nj28z0d7bxa\/Prop%2065%20-%20BPA.pdf?dl=0\">VAROV\u00c1N\u00cd: PROP 65<\/a><\/p>\n<p>&nbsp;<\/p>\n","protected":false},"featured_media":12437,"template":"","meta":{"_acf_changed":false,"om_disable_all_campaigns":false},"product_brand":[],"product_cat":[5957,5949,5960,5953,5719,5962,12194,5955,5790,5947],"product_tag":[5634,6646,5544,5539,6693,12228,12274,6713,6714,6648,6701,9295,6697,11648,5791,12257,6689,12197,5975,5973,6717,12289,6712,12212,6653,6666,6739,12301,12242],"class_list":{"0":"post-155888","1":"product","2":"type-product","3":"status-publish","4":"has-post-thumbnail","6":"product_cat-akcni-sporty-terenni-jizdy","7":"product_cat-blizko-pobrezi","8":"product_cat-cestovni-vybaveni","9":"product_cat-komercni","10":"product_cat-namorni","11":"product_cat-padlovaci-sporty-rybareni","12":"product_cat-personal-locator-beacon-cs","13":"product_cat-turistika-horolezectvi-tabor","14":"product_cat-venkovni","15":"product_cat-vnitrozemi","16":"product_tag-406-cs","17":"product_tag-406-mhz-cs","18":"product_tag-akr","19":"product_tag-gps-cs","20":"product_tag-gps-lokator","21":"product_tag-jizda-na-kajaku-cs","22":"product_tag-lcd-cs","23":"product_tag-lezeni","24":"product_tag-lov","25":"product_tag-majak","26":"product_tag-maly-majak","27":"product_tag-namorni","28":"product_tag-osobni-epirb","29":"product_tag-osobni-lokacni-majak-acr","30":"product_tag-plb-cs","31":"product_tag-plb-425-cs","32":"product_tag-plovaky","33":"product_tag-pristat","34":"product_tag-resq-cs","35":"product_tag-resqlink-cs","36":"product_tag-rybolov","37":"product_tag-spolehlivy","38":"product_tag-turisticky-majak","39":"product_tag-turistika","40":"product_tag-vztlakovy","41":"product_tag-vztlakovy-plb","42":"product_tag-zachranne-vybaveni","43":"product_tag-zadne-predplatne","44":"product_tag-zobrazeni-resqlinku","45":"pa_activity-beh-na-lyzich","46":"pa_activity-kempovani","47":"pa_activity-kolo","48":"pa_activity-lezeni","49":"pa_activity-lyzovani-snowboarding","50":"pa_activity-padlovaci-sporty","51":"pa_activity-rybolov","52":"pa_activity-snezny-skutr","53":"pa_activity-terenni-4x4","54":"pa_activity-turistika","55":"pa_boat-type-charterova-jachta","56":"pa_boat-type-jachta","57":"pa_boat-type-komercni-rybolov","58":"pa_boat-type-motorovy-clun","59":"pa_boat-type-plachetnice","60":"pa_boat-type-sportcraft-cs","61":"pa_product-rescue-beacons-cs","62":"pa_terrain-kopec-a-hora","63":"pa_terrain-les-a-dzungle","64":"pa_terrain-reky-mokrady-jezera-cs","65":"pa_terrain-tundra-cs-2","67":"first","68":"instock","69":"taxable","70":"shipping-taxable","71":"purchasable","72":"product-type-variable","73":"has-default-attributes"},"acf":[],"_links":{"self":[{"href":"https:\/\/www.acrartex.com\/cs\/wp-json\/wp\/v2\/product\/155888","targetHints":{"allow":["GET"]}}],"collection":[{"href":"https:\/\/www.acrartex.com\/cs\/wp-json\/wp\/v2\/product"}],"about":[{"href":"https:\/\/www.acrartex.com\/cs\/wp-json\/wp\/v2\/types\/product"}],"wp:featuredmedia":[{"embeddable":true,"href":"https:\/\/www.acrartex.com\/cs\/wp-json\/wp\/v2\/media\/12437"}],"wp:attachment":[{"href":"https:\/\/www.acrartex.com\/cs\/wp-json\/wp\/v2\/media?parent=155888"}],"wp:term":[{"taxonomy":"product_brand","embeddable":true,"href":"https:\/\/www.acrartex.com\/cs\/wp-json\/wp\/v2\/product_brand?post=155888"},{"taxonomy":"product_cat","embeddable":true,"href":"https:\/\/www.acrartex.com\/cs\/wp-json\/wp\/v2\/product_cat?post=155888"},{"taxonomy":"product_tag","embeddable":true,"href":"https:\/\/www.acrartex.com\/cs\/wp-json\/wp\/v2\/product_tag?post=155888"}],"curies":[{"name":"wp","href":"https:\/\/api.w.org\/{rel}","templated":true}]}}