{"id":155374,"date":"2021-03-16T08:27:47","date_gmt":"2021-03-16T13:27:47","guid":{"rendered":"https:\/\/www.acrartex.com\/products\/bezpecnostni-sada-resqflare-elektronicka-led-nouzova-svetlice-a-signalizace-pro-lode\/"},"modified":"2025-12-19T00:00:42","modified_gmt":"2025-12-19T05:00:42","slug":"bezpecnostni-sada-resqflare-elektronicka-led-nouzova-svetlice-a-signalizace-pro-lode","status":"publish","type":"product","link":"https:\/\/www.acrartex.com\/cs\/products\/bezpecnostni-sada-resqflare-elektronicka-led-nouzova-svetlice-a-signalizace-pro-lode\/","title":{"rendered":"Bezpe\u010dnostn\u00ed sada ResQFlare \u2013 Elektronick\u00e1 LED nouzov\u00e1 sv\u011btlice a signalizace pro lod\u011b"},"content":{"rendered":"<h2>S novou bezpe\u010dnostn\u00ed sadou ResQFlare jsou lodn\u00ed sv\u011btlice mnohem bezpe\u010dn\u011bj\u0161\u00ed.<\/h2>\n<p style=\"margin: 0in;\"><span style=\"font-size: 10pt;\"><span style=\"font-size: 11.0pt;\"><span style=\"background: white;\"><span style=\"color: black;\">Tento bal\u00ed\u010dek obsahuje n\u00e1sleduj\u00edc\u00ed d\u016fle\u017eit\u00e9 bezpe\u010dnostn\u00ed produkty:<\/span><\/span><\/span><\/span><\/p>\n<ul>\n<li style=\"margin-top: 0in; margin-right: 13.5pt; margin-bottom: .0001pt; margin: 0in;\"><a href=\"https:\/\/www.acrartex.com\/de\/products\/resqflare-elektronische-led-notfall-bootsfackel\/\"><span style=\"font-size: 10pt;\"><span style=\"background: white;\"><span style=\"font-size: 11.0pt;\"><span style=\"background: white;\"><span style=\"color: black;\">Elektronick\u00e1 sv\u011btlice ResQFlare \u2122 pro nouzov\u00e9 lod\u011b<\/span><\/span><\/span><\/span><\/span><\/a><\/li>\n<li style=\"margin-top: 0in; margin-right: 13.5pt; margin-bottom: .0001pt; margin: 0in;\"><a href=\"https:\/\/www.acrartex.com\/de\/products\/resqflare-elektronische-led-notfall-bootsfackel\/\"><span style=\"font-size: 10pt;\"><span style=\"background: white;\"><span style=\"font-size: 11.0pt;\"><span style=\"background: white;\"><span style=\"color: black;\">Nouzov\u00e1 vlajka ACR<\/span><\/span><\/span><\/span><\/span><\/a><\/li>\n<li style=\"margin-top: 0in; margin-right: 13.5pt; margin-bottom: .0001pt; margin: 0in;\"><a href=\"https:\/\/www.acrartex.com\/de\/products\/c-blitze\/\"><span style=\"font-size: 10pt;\"><span style=\"background: white;\"><span style=\"font-size: 11.0pt;\"><span style=\"background: white;\"><span style=\"color: black;\">Z\u00e1chrann\u00e9 sv\u011btlo C-Strobe\u2122<\/span><\/span><\/span><\/span><\/span><\/a><\/li>\n<li style=\"margin-top: 0in; margin-right: 13.5pt; margin-bottom: .0001pt; margin: 0in;\"><span style=\"font-size: 10pt;\"><span style=\"background: white;\"><span style=\"font-size: 11.0pt;\"><span style=\"background: white;\"><span style=\"color: black;\">Sign\u00e1ln\u00ed zrcadlo<\/span><\/span><\/span><\/span><\/span><\/li>\n<li style=\"margin-top: 0in; margin-right: 13.5pt; margin-bottom: .0001pt; margin: 0in;\"><span style=\"font-size: 10pt;\"><span style=\"background: white;\"><span style=\"font-size: 11.0pt;\"><span style=\"color: black;\">Nepromokav\u00fd vak RapidDitch<\/span><\/span><\/span><\/span><\/li>\n<\/ul>\n<p style=\"margin: 0in;\"><span style=\"font-size: 10pt;\"><span style=\"font-size: 11.0pt;\"><span style=\"background: white;\"><span style=\"color: black;\"><a href=\"https:\/\/www.acrartex.com\/de\/products\/resqflare-elektronische-led-notfall-bootsfackel\/\">Zjist\u011bte v\u00edce o tom, jak ResQFlare a nouzov\u00e1 vlajka<\/a> nejen spl\u0148uj\u00ed p\u0159edpisy pob\u0159e\u017en\u00ed str\u00e1\u017ee USA pro pou\u017e\u00edv\u00e1n\u00ed sv\u011bteln\u00fdch sign\u00e1l\u016f, ale tak\u00e9 chr\u00e1n\u00ed va\u0161i rodinu.<\/span><\/span><\/span><\/span><\/p>\n<ul>\n<li style=\"margin: 0in 0in 0.0001pt;\"><span style=\"font-size: 10pt;\"><span style=\"font-size: 11.0pt;\">Bez data spot\u0159eby (u\u017eivatelem vym\u011bniteln\u00e9 baterie typu C)<\/span><\/span><\/li>\n<li style=\"margin: 0in 0in 0.0001pt;\"><span style=\"font-size: 10pt;\"><span style=\"font-size: 11.0pt;\">Bezpe\u010dn\u00e9 pro rodiny (bez ho\u0159\u00edc\u00edho plamene), bezpe\u010dn\u011bj\u0161\u00ed pro pou\u017eit\u00ed s \u200b\u200bnafukovac\u00edmi z\u00e1chrann\u00fdmi vestami a z\u00e1chrann\u00fdmi vory<\/span><\/span><\/li>\n<li style=\"margin: 0in 0in 0.0001pt;\"><span style=\"font-size: 10pt;\"><span style=\"font-size: 11.0pt;\">Snadn\u00e1 ovladatelnost (tak\u017ee v p\u0159\u00edpad\u011b nouze jej zvl\u00e1dnou i va\u0161e d\u011bti a za\u010d\u00ednaj\u00edc\u00ed jachta\u0159i)  <\/span><\/span><\/li>\n<li style=\"margin: 0in 0in 0.0001pt;\"><span style=\"font-size: 10pt;\"><span style=\"font-size: 11.0pt;\">\u017d\u00e1dn\u00e9 probl\u00e9my se st\u00e1vaj\u00edc\u00edmi p\u0159\u00edsn\u00fdmi povinn\u00fdmi po\u017eadavky na likvidaci pyrotechnick\u00fdch sv\u011btlic (z pr\u00e1vn\u00edho hlediska pova\u017eov\u00e1ny za nebezpe\u010dn\u00e9 materi\u00e1ly)<\/span><\/span><\/li>\n<li style=\"margin: 0in 0in 0.0001pt;\"><span style=\"font-size: 10pt;\"><span style=\"font-size: 11.0pt;\">Vod\u011bodoln\u00fd a vztlakov\u00fd  <\/span><\/span><\/li>\n<li style=\"margin: 0in 0in 0.0001pt;\"><span style=\"font-size: 10pt;\"><span style=\"font-size: 11.0pt;\">Jednor\u00e1zov\u00fd n\u00e1kup (ni\u017e\u0161\u00ed n\u00e1klady po celou dobu \u017eivotnosti produktu)<\/span><\/span><\/li>\n<\/ul>\n<h2><span style=\"font-size: 10pt;\"><b><span style=\"font-size: 12.0pt;\">Vlastnosti a v\u00fdhody sady pro lodn\u00ed sv\u011btlice:<\/span><\/b><\/span><\/h2>\n<ul>\n<li style=\"margin: 0in 0in 0.0001pt;\"><span style=\"font-size: 10pt;\"><span style=\"font-size: 11.0pt;\">ResQFlare a p\u0159ilo\u017een\u00e1 nouzov\u00e1 vlajka, pokud jsou p\u0159epravov\u00e1ny spole\u010dn\u011b, nahrazuj\u00ed p\u0159epravu pyrotechnick\u00fdch lodn\u00edch sv\u011btlic a lodn\u00edch sv\u011btlic USCG (pouze v USA).<\/span><\/span><\/li>\n<li style=\"margin-right: 13.5pt; margin: 0in 0in 0.0001pt;\"><span style=\"font-size: 10pt;\"><span style=\"background: white;\"><span style=\"color: black;\"><span style=\"font-size: 11.0pt;\">Jasn\u00e9 sv\u011btlo ve v\u0161ech sm\u011brech (viditelnost 360\u00b0), viditeln\u00e9 na vzd\u00e1lenost p\u0159es 6 mil<\/span><\/span><\/span><\/span><\/li>\n<li style=\"margin-right: 13.5pt; margin: 0in 0in 0.0001pt;\"><span style=\"font-size: 10pt;\"><span style=\"background: white;\"><span style=\"color: black;\"><span style=\"font-size: 11.0pt;\">Vod\u011bodoln\u00fd vak s popruhem pro pohodln\u00e9 ulo\u017een\u00ed ve\u0161ker\u00e9ho bezpe\u010dnostn\u00edho vybaven\u00ed<\/span><\/span><\/span><\/span><\/li>\n<li style=\"margin-right: 13.5pt; margin: 0in 0in 0.0001pt;\"><span style=\"color: #000000;\"><span style=\"font-size: 14.6667px;\">Sign\u00e1ln\u00ed zrc\u00e1tko a nouzov\u00e1 vlajka poskytuj\u00ed nouzov\u00e9 varov\u00e1n\u00ed b\u011bhem dne<\/span><\/span><\/li>\n<li style=\"margin: 0in 0in 0.0001pt;\"><span style=\"font-size: 10pt;\"><span style=\"font-size: 11.0pt;\"><span style=\"color: black;\">Z\u00e1chrann\u00e9 sv\u011btlo z\u00e1chrann\u00e9 vesty pom\u00e1h\u00e1 vizu\u00e1ln\u011b lokalizovat nouzovou situaci<\/span><\/span><\/span><\/li>\n<\/ul>\n<h3 style=\"margin: 0in 0in 0.0001pt;\"><strong>ResQFlare v novink\u00e1ch:<\/strong><\/h3>\n<p><a href=\"https:\/\/www.sailingworld.com\/story\/gear\/safe-distress-flare-alternative\/\">Sailing World \u2013 Bezpe\u010dn\u00e1 alternativa k nouzov\u00fdm sv\u011bteln\u00fdm sign\u00e1l\u016fm<\/a><\/p>\n<p><a href=\"https:\/\/www.greatlakesscuttlebutt.com\/news\/featured-news\/this-year-s-boating-finds\/\">Great Lakes Scuttlebutt \u2013 Leto\u0161n\u00ed n\u00e1lezy z plavby<\/a><\/p>\n<p><a href=\"https:\/\/lakelandboating.com\/acr-electronics-introduces-new-alternative-to-pyrotechnic-flares\/\">Lakeland Boating \u2013 ACR Electronics p\u0159edstavuje novou alternativu k pyrotechnick\u00fdm sv\u011btlic\u00edm<\/a><\/p>\n","protected":false},"excerpt":{"rendered":"<p style=\"margin: 0in;\">Bezpe\u010dnostn\u00ed sada ResQFlare elektronick\u00e9 nouzov\u00e9 sv\u011btlice poskytuje vybaven\u00ed pot\u0159ebn\u00e9 k va\u0161\u00ed bezpe\u010dnosti a umo\u017e\u0148uje v\u00e1m signalizovat pomoc v p\u0159\u00edpad\u011b nouze na vod\u011b. ResQFlare je dod\u00e1v\u00e1na s denn\u00ed nouzovou vlajkou a p\u0159i spole\u010dn\u00e9m no\u0161en\u00ed spl\u0148uj\u00ed tyto dv\u011b polo\u017eky platn\u00e9 po\u017eadavky americk\u00e9 pob\u0159e\u017en\u00ed str\u00e1\u017ee, kter\u00e9 jim umo\u017e\u0148uj\u00ed nosit je m\u00edsto tradi\u010dn\u00edch pyrotechnick\u00fdch sv\u011btlic (pouze v USA). Bezpe\u010dnostn\u00ed sada ResQFlare poskytuje jachta\u0159\u016fm pohodl\u00ed v tom, \u017ee ji\u017e nemus\u00ed kupovat ani likvidovat pyrotechnick\u00e9 sv\u011btlice, a st\u00e1v\u00e1 se neoceniteln\u00fdm bezpe\u010dnostn\u00edm dopl\u0148kem.  <\/p>\n<h4><span style=\"color: #ff0000;\"><strong>S hrdost\u00ed vyrobeno v USA!<\/strong><\/span><\/h4>\n<p style=\"margin: 0in;\"><a href=\"https:\/\/www.dropbox.com\/s\/0ezw0kexbm120vv\/Prop%2065%20-%20Lead%20and%20Lead%20Compounds.pdf?dl=0\">VAROV\u00c1N\u00cd: PROP 65<\/a><\/p>\n<p><a href=\"https:\/\/www.acrartex.com\/wp-content\/uploads\/2021\/03\/10_Off_Tag_.webp\"><img loading=\"lazy\" decoding=\"async\" class=\"alignnone wp-image-126151\" src=\"https:\/\/www.acrartex.com\/wp-content\/uploads\/2021\/03\/10_Off_Tag_.webp\" alt=\"\" width=\"145\" height=\"60\" srcset=\"https:\/\/www.acrartex.com\/wp-content\/uploads\/2021\/03\/10_Off_Tag_.webp 300w, https:\/\/www.acrartex.com\/wp-content\/uploads\/2021\/03\/10_Off_Tag_-60x25.webp 60w, https:\/\/www.acrartex.com\/wp-content\/uploads\/2021\/03\/10_Off_Tag_-110x45.webp 110w\" sizes=\"auto, (max-width: 145px) 100vw, 145px\" \/><\/a><\/p>\n<p style=\"margin: 0in;\">\n","protected":false},"featured_media":155490,"template":"","meta":{"_acf_changed":false,"om_disable_all_campaigns":false},"product_brand":[],"product_cat":[5949,5960,5953,5719,5962,5951,5790,5947],"product_tag":[11827,11711,11698,11838,11750,11811,11784,11804,11859,11741,11688,11817,11794,11733,11723,11848,11772,11759],"class_list":{"0":"post-155374","1":"product","2":"type-product","3":"status-publish","4":"has-post-thumbnail","6":"product_cat-blizko-pobrezi","7":"product_cat-cestovni-vybaveni","8":"product_cat-komercni","9":"product_cat-namorni","10":"product_cat-padlovaci-sporty-rybareni","11":"product_cat-pobrezni","12":"product_cat-venkovni","13":"product_cat-vnitrozemi","14":"product_tag-cervena-svetlice","15":"product_tag-e-vzplanuti","16":"product_tag-elektronicka-svetlice","17":"product_tag-kourova-svetlice","18":"product_tag-led-nouzova-svetlice","19":"product_tag-led-svetlice","20":"product_tag-lodni-svetlice","21":"product_tag-namorni-svetlice","22":"product_tag-nouzova-svetlice","23":"product_tag-nouzovy-svetlice","24":"product_tag-resqflare-cs","25":"product_tag-rucni-svetlice","26":"product_tag-signalni-svetlice","27":"product_tag-svetlice-cs","28":"product_tag-svetlice","29":"product_tag-svetlice-cs-2","30":"product_tag-svetlice-na-lodi","31":"product_tag-vzplanuti","33":"first","34":"instock","35":"taxable","36":"shipping-taxable","37":"purchasable","38":"product-type-simple"},"acf":[],"_links":{"self":[{"href":"https:\/\/www.acrartex.com\/cs\/wp-json\/wp\/v2\/product\/155374","targetHints":{"allow":["GET"]}}],"collection":[{"href":"https:\/\/www.acrartex.com\/cs\/wp-json\/wp\/v2\/product"}],"about":[{"href":"https:\/\/www.acrartex.com\/cs\/wp-json\/wp\/v2\/types\/product"}],"wp:featuredmedia":[{"embeddable":true,"href":"https:\/\/www.acrartex.com\/cs\/wp-json\/wp\/v2\/media\/155490"}],"wp:attachment":[{"href":"https:\/\/www.acrartex.com\/cs\/wp-json\/wp\/v2\/media?parent=155374"}],"wp:term":[{"taxonomy":"product_brand","embeddable":true,"href":"https:\/\/www.acrartex.com\/cs\/wp-json\/wp\/v2\/product_brand?post=155374"},{"taxonomy":"product_cat","embeddable":true,"href":"https:\/\/www.acrartex.com\/cs\/wp-json\/wp\/v2\/product_cat?post=155374"},{"taxonomy":"product_tag","embeddable":true,"href":"https:\/\/www.acrartex.com\/cs\/wp-json\/wp\/v2\/product_tag?post=155374"}],"curies":[{"name":"wp","href":"https:\/\/api.w.org\/{rel}","templated":true}]}}