{"id":155332,"date":"2021-04-09T11:16:10","date_gmt":"2021-04-09T16:16:10","guid":{"rendered":"https:\/\/www.acrartex.com\/products\/sarlink\/"},"modified":"2021-04-09T11:16:10","modified_gmt":"2021-04-09T16:16:10","slug":"sarlink","status":"publish","type":"product","link":"https:\/\/www.acrartex.com\/cs\/products\/sarlink\/","title":{"rendered":"SARLink\u2122"},"content":{"rendered":"<p><strong>O SARLinku<\/strong><\/p>\n<p>Za\u0159\u00edzen\u00ed SARLink bylo vyvinuto tak, aby spl\u0148ovalo po\u017eadavky na provoz v n\u00e1ro\u010dn\u00fdch podm\u00ednk\u00e1ch. Jednotka je vodot\u011bsn\u00e1 do hloubky jednoho metru a m\u00e1 stupe\u0148 kryt\u00ed IP-67. Mezi dal\u0161\u00ed testy vliv\u016f na prost\u0159ed\u00ed pat\u0159\u00ed p\u00e1d, vibrace, n\u00e1razy, koroze a tepeln\u00e9 \u0161oky. Za\u0159\u00edzen\u00ed SARLink je robustn\u00ed, aby vydr\u017eelo \u00fakoly dne\u0161n\u00edch osam\u011bl\u00fdch pracovn\u00edk\u016f, policist\u016f, hasi\u010d\u016f, p\u00e1trac\u00edch a z\u00e1chrann\u00fdch slo\u017eek, zdravotnick\u00fdch z\u00e1chran\u00e1\u0159\u016f a dal\u0161\u00edch z\u00e1chrann\u00fdch slo\u017eek.   <\/p>\n<p>SARLink nab\u00edz\u00ed barevn\u00fd LCD dotykov\u00fd displej s vysok\u00fdm rozli\u0161en\u00edm, kde se mo\u017enosti u\u017eivatelsk\u00e9ho menu zobrazuj\u00ed jako snadno rozpoznateln\u00e9 ikony. Dotykov\u00fd displej umo\u017e\u0148uje rychl\u00fd p\u0159\u00edstup k u\u017eivatelsk\u00fdm menu a snadn\u00e9 zad\u00e1v\u00e1n\u00ed textu pomoc\u00ed kl\u00e1vesnice QWERTY na obrazovce. SARLink obsahuje dv\u011b specializovan\u00e9 baterie: dob\u00edjec\u00ed lithium-iontovou baterii pro sledov\u00e1n\u00ed Iridium, pos\u00edl\u00e1n\u00ed textov\u00fdch zpr\u00e1v a t\u00eds\u0148ov\u00e9 zpr\u00e1vy a specializovanou lithiovou baterii pro 406MHz lokaliza\u010dn\u00ed maj\u00e1k v souladu s p\u0159\u00edsn\u00fdmi syst\u00e9mov\u00fdmi po\u017eadavky Cospas-Sarsat . V p\u0159\u00edpad\u011b, \u017ee je baterie Iridium vybit\u00e1, specializovan\u00e1 406MHz baterie poskytne nez\u00e1visl\u00fd 24hodinov\u00fd p\u0159enos t\u00eds\u0148ov\u00e9ho sign\u00e1lu.   <\/p>\n<p><strong>T\u00eds\u0148ov\u00e9 zpr\u00e1vy<\/strong><\/p>\n<p>SARLink poskytuje simult\u00e1nn\u00ed a redundantn\u00ed nouzov\u00e1 upozorn\u011bn\u00ed prost\u0159ednictv\u00edm satelitn\u00edch s\u00edt\u00ed Cospas-Sarsat a Iridium po aktivaci tla\u010d\u00edtka SOS. Technologie sd\u00edlen\u00ed GPS ve palub\u011b umo\u017e\u0148uje, aby ob\u011b upozorn\u011bn\u00ed obsahovala p\u0159esn\u00e1 geoloka\u010dn\u00ed data. Obousm\u011brn\u00e1 komunika\u010dn\u00ed schopnost v kombinaci s nouzov\u00fdm upozorn\u011bn\u00edm umo\u017e\u0148uje ov\u011b\u0159en\u00ed nouzov\u00e9 situace a tak\u00e9 schopnost pomoci p\u0159i z\u00e1chran\u011b poskytnut\u00edm podrobn\u00fdch informac\u00ed o povaze situace.  <\/p>\n<p><strong>Sledov\u00e1n\u00ed<\/strong><\/p>\n<p>SARLink umo\u017e\u0148uje p\u0159enos p\u0159esn\u00fdch informac\u00ed o poloze (PLI) v voliteln\u00fdch intervalech od jednou za minutu do jednou za den. Podporov\u00e1na je tak\u00e9 manu\u00e1ln\u011b aktivovan\u00e1 kontrola (Check-in) a mezi dal\u0161\u00ed funkce pat\u0159\u00ed mo\u017enost vytv\u00e1\u0159et, ukl\u00e1dat a odes\u00edlat u\u017eivatelem definovan\u00e9 trasov\u00e9 body. SARLink vyu\u017e\u00edv\u00e1 otev\u0159en\u00fd protokol datov\u00e9ho form\u00e1tu a podporuje 10bajtov\u00e9 a 30bajtov\u00e9 form\u00e1ty a z\u00e1rove\u0148 umo\u017e\u0148uje vzd\u00e1lenou konfiguraci bezdr\u00e1tov\u011b.  <\/p>\n<p><strong>Obousm\u011brn\u00e9 zas\u00edl\u00e1n\u00ed zpr\u00e1v<\/strong><\/p>\n<p>SARLink nab\u00edz\u00ed obousm\u011brn\u00e9 satelitn\u00ed zas\u00edl\u00e1n\u00ed zpr\u00e1v prost\u0159ednictv\u00edm s\u00edt\u011b Iridium, kter\u00e1 poskytuje 100% glob\u00e1ln\u00ed pokryt\u00ed bez mezer, okraj\u016f nebo oblast\u00ed se slab\u00fdm sign\u00e1lem. SARLink m\u016f\u017ee komunikovat s jin\u00fdmi mobiln\u00edmi za\u0159\u00edzen\u00edmi, v\u010detn\u011b mobiln\u00edch telefon\u016f, satelitn\u00edch telefon\u016f a dal\u0161\u00edch jednotek SARLink, pomoc\u00ed obousm\u011brn\u00e9ho zas\u00edl\u00e1n\u00ed zpr\u00e1v, kter\u00e9 podporuje back-endov\u00e1 platforma klienta. Mezi tyto mo\u017enosti zas\u00edl\u00e1n\u00ed zpr\u00e1v pat\u0159\u00ed voln\u00fd text pomoc\u00ed integrovan\u00e9 kl\u00e1vesnice QWERTY, p\u0159edp\u0159ipraven\u00e9 zpr\u00e1vy a kombinace voln\u00e9ho textu a p\u0159edp\u0159ipraven\u00fdch zpr\u00e1v. Podporov\u00e1ny jsou tak\u00e9 kr\u00e1tk\u00e9 k\u00f3dy. Seznamy kontakt\u016f lze p\u0159eddefinovat a p\u0159edp\u0159ipraven\u00e9 zpr\u00e1vy m\u016f\u017ee spr\u00e1vce syst\u00e9mu napsat do skriptu a na\u010d\u00edst je do v\u0161ech za\u0159\u00edzen\u00ed. SARLink tak\u00e9 podporuje zas\u00edl\u00e1n\u00ed e-mailov\u00fdch zpr\u00e1v.     <\/p>\n<p><strong>Pou\u017eit\u00ed SARLinku<\/strong><\/p>\n<p>Aby bylo mo\u017en\u00e9 vyu\u017e\u00edvat v\u0161echny funkce SARLink, m\u011bl by b\u00fdt lok\u00e1tor 406 MHz registrov\u00e1n u NOAA ( <a href=\"https:\/\/beaconregistration.noaa.gov\/RGDB\/registerUsername\">klikn\u011bte zde pro registraci u NOAA<\/a> ). U\u017eivatel\u00e9 si nav\u00edc budou muset zakoupit p\u0159edplatn\u00e9 slu\u017eby Iridium Airtime a spolupracovat s poskytovatelem backendov\u00fdch slu\u017eeb (BES), aby z\u00edskali backendov\u00e9 slu\u017eby. Bez p\u0159edplatn\u00e9ho Iridium Airtime nebo BES nebudou u\u017eivatel\u00e9 moci vyu\u017e\u00edvat sledov\u00e1n\u00ed, obousm\u011brnou komunikaci a funkce t\u00eds\u0148ov\u00e9ho varov\u00e1n\u00ed Iridium. S dotazy ohledn\u011b Iridium Airtime nebo poskytovatel\u016f backendov\u00fdch slu\u017eeb kontaktujte pros\u00edm ACR Electronics na \u010d\u00edsle 954-981-3333.   <\/p>\n","protected":false},"excerpt":{"rendered":"<p>M\u011bjte bezpe\u010d\u00ed po sv\u00e9m boku s du\u00e1ln\u00edm z\u00e1chrann\u00fdm komunika\u010dn\u00edm za\u0159\u00edzen\u00edm SARLink\u2122. Toto ru\u010dn\u00ed za\u0159\u00edzen\u00ed je vybaveno dotykovou LED obrazovkou pro snadn\u00e9 odes\u00edl\u00e1n\u00ed a p\u0159ij\u00edm\u00e1n\u00ed zpr\u00e1v a glob\u00e1ln\u00edm sledov\u00e1n\u00edm, abyste z\u016fstali ve spojen\u00ed, i kdy\u017e v\u00e1s va\u0161e dobrodru\u017estv\u00ed zavedou mimo vy\u0161lapan\u00e9 cesty. Pokud se ocitnete v nouzov\u00e9 situaci, tla\u010d\u00edtko SARLink SOS v\u00e1m umo\u017en\u00ed rychle odeslat t\u00eds\u0148ov\u00e9 zpr\u00e1vy do satelitn\u00edch s\u00edt\u00ed.  <\/p>\n<p>&nbsp;<\/p>\n<p><strong>Tento produkt nen\u00ed k dispozici pro komer\u010dn\u00ed prodej.<\/strong><\/p>\n<p>&nbsp;<\/p>\n","protected":false},"featured_media":155397,"template":"","meta":{"_acf_changed":false,"om_disable_all_campaigns":false},"product_brand":[],"product_cat":[5968,5970,5966,5972,5945],"product_tag":[7078,5720,11707,11720,11648,5795,11660,11682,11637,11662,11695,8607],"class_list":{"0":"post-155332","1":"product","2":"type-product","3":"status-publish","4":"has-post-thumbnail","6":"product_cat-letecka-hlidka","7":"product_cat-namorni-sily","8":"product_cat-policie-obec","9":"product_cat-pozemni-specialni-jednotky","10":"product_cat-valecny","11":"product_tag-cospas-sarsat-cs","12":"product_tag-epirb-cs","13":"product_tag-gps-navigace-sarlink","14":"product_tag-osobni-gps-lokator-sarlink","15":"product_tag-osobni-lokacni-majak-acr","16":"product_tag-osobni-lokalizacni-majak","17":"product_tag-osobni-lokalizacni-majak-cs","18":"product_tag-osobni-lokalizacni-majak-sarlink","19":"product_tag-osobni-lokalizacni-majaky","20":"product_tag-sarlink-cs","21":"product_tag-sarlink-406-cs","22":"product_tag-sarsat-cs","23":"pa_product-dedictvi","25":"first","26":"outofstock","27":"taxable","28":"shipping-taxable","29":"product-type-simple"},"acf":[],"_links":{"self":[{"href":"https:\/\/www.acrartex.com\/cs\/wp-json\/wp\/v2\/product\/155332","targetHints":{"allow":["GET"]}}],"collection":[{"href":"https:\/\/www.acrartex.com\/cs\/wp-json\/wp\/v2\/product"}],"about":[{"href":"https:\/\/www.acrartex.com\/cs\/wp-json\/wp\/v2\/types\/product"}],"wp:featuredmedia":[{"embeddable":true,"href":"https:\/\/www.acrartex.com\/cs\/wp-json\/wp\/v2\/media\/155397"}],"wp:attachment":[{"href":"https:\/\/www.acrartex.com\/cs\/wp-json\/wp\/v2\/media?parent=155332"}],"wp:term":[{"taxonomy":"product_brand","embeddable":true,"href":"https:\/\/www.acrartex.com\/cs\/wp-json\/wp\/v2\/product_brand?post=155332"},{"taxonomy":"product_cat","embeddable":true,"href":"https:\/\/www.acrartex.com\/cs\/wp-json\/wp\/v2\/product_cat?post=155332"},{"taxonomy":"product_tag","embeddable":true,"href":"https:\/\/www.acrartex.com\/cs\/wp-json\/wp\/v2\/product_tag?post=155332"}],"curies":[{"name":"wp","href":"https:\/\/api.w.org\/{rel}","templated":true}]}}