{"id":155281,"date":"2021-04-09T11:16:18","date_gmt":"2021-04-09T16:16:18","guid":{"rendered":"https:\/\/www.acrartex.com\/products\/dgl-1\/"},"modified":"2021-04-09T11:16:18","modified_gmt":"2021-04-09T16:16:18","slug":"dgl-1","status":"publish","type":"product","link":"https:\/\/www.acrartex.com\/cs\/products\/dgl-1\/","title":{"rendered":"DGL-1"},"content":{"rendered":"<p>Provozovatel\u00e9 letadel budou moci velmi efektivn\u011b a pohodln\u011b p\u0159en\u00e1\u0161et ELT mezi letadly. DGL-1 je dod\u00e1v\u00e1n p\u0159ipevn\u011bn\u00fd k horn\u00edmu krytu. Horn\u00ed kryt a hardwarov\u00fd kl\u00ed\u010d z\u016fst\u00e1vaj\u00ed u letadla. Po instalaci ELT ELT DGL-1 p\u0159eprogramuje s 24bitovou adresou letadla. DGL-1 je perfektn\u00ed volbou pro oper\u00e1tory, kte\u0159\u00ed cht\u011bj\u00ed automatick\u00e9 programov\u00e1n\u00ed, ale necht\u011bj\u00ed funkci dat o poloze rozhran\u00ed Artex ELT \/NAV.    <\/p>\n<p>\u2022 Navr\u017eeno speci\u00e1ln\u011b pro provozovatele vozov\u00fdch park\u016f<\/p>\n<p>\u2022 St\u00e1vaj\u00edc\u00ed instalace C406-1\/2, G406-4 a B406-4 lze snadno upgradovat<\/p>\n<p>\u2022 V\u00fdrazn\u011b zjednodu\u0161uje \u00fadr\u017ebu a zkracuje prostoje<\/p>\n<p>\u2022 Instalace se st\u00e1v\u00e1 sou\u010d\u00e1st\u00ed trval\u00e9ho kabelov\u00e9ho svazku klimatizace<\/p>\n<p>\u2022 Mo\u017enost pevn\u00e9ho zapojen\u00ed pro identifikaci letadel flotily<\/p>\n<p>\u2022 Zaji\u0161\u0165uje spr\u00e1vn\u00e9 programov\u00e1n\u00ed ELT pro n\u00e1hradn\u00ed d\u00edly<\/p>\n","protected":false},"excerpt":{"rendered":"<p>D\u00edky programovac\u00edmu adapt\u00e9ru Artex DGL-1 budou moci provozovatel\u00e9 letadel efektivn\u011b p\u0159en\u00e1\u0161et ELT z letadla do letadla. DGL-1 je ide\u00e1ln\u00ed volbou pro provozovatele, kte\u0159\u00ed cht\u011bj\u00ed automatick\u00e9 programov\u00e1n\u00ed, ale necht\u011bj\u00ed funkci dat o poloze rozhran\u00ed Artex ELT \/NAV. DGL-1 je dod\u00e1v\u00e1n p\u0159ipevn\u011bn\u00fd k horn\u00edmu krytu, kter\u00fd spolu s hardwarov\u00fdm adapt\u00e9rem z\u016fst\u00e1v\u00e1 u letadla. Po instalaci ELT ELT DGL-1 p\u0159eprogramuje s 24bitovou adresou letadla. Se\u010dteno a podtr\u017eeno: toto za\u0159\u00edzen\u00ed v\u00fdrazn\u011b zjednodu\u0161uje \u00fadr\u017ebu a zkracuje prostoje.    <\/p>\n","protected":false},"featured_media":155324,"template":"","meta":{"_acf_changed":false,"om_disable_all_campaigns":false},"product_brand":[],"product_cat":[5964,8584,5534,5535],"product_tag":[11606,11617,11563,11595,11585,11575],"class_list":{"0":"post-155281","1":"product","2":"type-product","3":"status-publish","4":"has-post-thumbnail","6":"product_cat-business-jet-cs","7":"product_cat-komercni-letadla","8":"product_cat-letectvi","9":"product_cat-vseobecne-letectvi","10":"product_tag-dlg-cs","11":"product_tag-dlg-1-cs","12":"product_tag-elt-dongle-cs","13":"product_tag-hardwarovy-klic-elt-programu","14":"product_tag-programovaci-hardwarovy-klic","15":"product_tag-programovaci-hardwarovy-klic-elt","17":"first","18":"instock","19":"taxable","20":"shipping-taxable","21":"product-type-simple"},"acf":[],"_links":{"self":[{"href":"https:\/\/www.acrartex.com\/cs\/wp-json\/wp\/v2\/product\/155281","targetHints":{"allow":["GET"]}}],"collection":[{"href":"https:\/\/www.acrartex.com\/cs\/wp-json\/wp\/v2\/product"}],"about":[{"href":"https:\/\/www.acrartex.com\/cs\/wp-json\/wp\/v2\/types\/product"}],"wp:featuredmedia":[{"embeddable":true,"href":"https:\/\/www.acrartex.com\/cs\/wp-json\/wp\/v2\/media\/155324"}],"wp:attachment":[{"href":"https:\/\/www.acrartex.com\/cs\/wp-json\/wp\/v2\/media?parent=155281"}],"wp:term":[{"taxonomy":"product_brand","embeddable":true,"href":"https:\/\/www.acrartex.com\/cs\/wp-json\/wp\/v2\/product_brand?post=155281"},{"taxonomy":"product_cat","embeddable":true,"href":"https:\/\/www.acrartex.com\/cs\/wp-json\/wp\/v2\/product_cat?post=155281"},{"taxonomy":"product_tag","embeddable":true,"href":"https:\/\/www.acrartex.com\/cs\/wp-json\/wp\/v2\/product_tag?post=155281"}],"curies":[{"name":"wp","href":"https:\/\/api.w.org\/{rel}","templated":true}]}}