{"id":155275,"date":"2021-03-16T08:27:35","date_gmt":"2021-03-16T13:27:35","guid":{"rendered":"https:\/\/www.acrartex.com\/products\/led-svetlomet-rcl-50\/"},"modified":"2026-02-03T13:57:18","modified_gmt":"2026-02-03T18:57:18","slug":"led-svetlomet-rcl-50","status":"publish","type":"product","link":"https:\/\/www.acrartex.com\/cs\/products\/led-svetlomet-rcl-50\/","title":{"rendered":"LED sv\u011btlomet RCL -50"},"content":{"rendered":"<p>RCL -50 LED i nad\u00e1le vyu\u017e\u00edv\u00e1 stejnou robustn\u00ed konstrukci jako p\u016fvodn\u00ed RCL -50D a obsahuje efektivn\u00ed pole 6 LED diod, kter\u00e9 produkuje p\u0159es 100 000 kandel sv\u011btla. Hlin\u00edkov\u00e9 pouzdro a ut\u011bsn\u011bn\u00e1 sklen\u011bn\u00e1 \u010do\u010dka jsou navr\u017eeny pro mal\u00e9 a\u017e st\u0159edn\u00ed lod\u011b a chr\u00e1n\u00ed je po mnoho let bezprobl\u00e9mov\u00e9ho provozu. Mezi dal\u0161\u00ed funkce pat\u0159\u00ed kabelov\u00e9 d\u00e1lkov\u00e9 ovl\u00e1d\u00e1n\u00ed, kter\u00e9 umo\u017e\u0148uje u\u017eivatel\u016fm plynul\u00e9 ot\u00e1\u010den\u00ed o 360 stup\u0148\u016f p\u0159i vysok\u00fdch i n\u00edzk\u00fdch rychlostech bez nutnosti prudk\u00e9ho zastaven\u00ed. S \u00fahlem vyza\u0159ov\u00e1n\u00ed 10 stup\u0148\u016f poskytuje sv\u011btlo tak\u00e9 \u00fahly elevace o 20 stup\u0148\u016f nahoru a dol\u016f, co\u017e usnad\u0148uje osv\u011btlen\u00ed padac\u00edch most\u016f, b\u00f3j\u00ed a dok\u016f.   <\/p>\n<p>Hlin\u00edkov\u00e9 pouzdro je pota\u017eeno UV stabiliz\u00e1torem, aby vydr\u017eelo roky v drsn\u00e9m mo\u0159sk\u00e9m prost\u0159ed\u00ed. Mechanismy sv\u011btlometu jsou pln\u011b uzav\u0159en\u00e9 s ochranou p\u0159esn\u00fdm ovl\u00e1d\u00e1n\u00edm sklonu paprsku a LED \u017e\u00e1rovky RCL -50 jsou navr\u017eeny pro provoz p\u0159es 40 000 provozn\u00edch hodin. Jsou vybaveny exkluzivn\u00edm syst\u00e9mem XRCiZ\u2122, p\u0159edprogramovan\u00fdm syst\u00e9mem, kter\u00fd se nez\u00e1visle st\u0159\u00edd\u00e1 ka\u017ed\u00fdch 30 dn\u00ed od aktivace, aby byl chr\u00e1n\u011bn p\u0159ed koroz\u00ed a aby v\u0161echny elektrick\u00e9 kontakty byly funk\u010dn\u00ed. LED sv\u011btlomet RCL -50 je odoln\u00fd v\u016f\u010di pov\u011btrnostn\u00edm vliv\u016fm a pracuje s nap\u00e1jen\u00edm 12 nebo 24 V stejnosm\u011brn\u00e9ho proudu.   <\/p>\n<p>&nbsp;<\/p>\n<h3>Hlavn\u00ed vlastnosti nov\u00e9ho RCL -50 LED:<\/h3>\n<ul>\n<li>Ultrajasn\u00e9 pole 6 LED diod generuje \u0161pi\u010dkov\u00fd sv\u011bteln\u00fd tok p\u0159es 100 000 kandel<\/li>\n<li>Efektivn\u00ed LED diody s dlouhou \u017eivotnost\u00ed \u2013 40 000 provozn\u00edch hodin<\/li>\n<li>Sn\u00ed\u017een\u00e1 spot\u0159eba energie a\u017e o 50 % u 12V plavidel<\/li>\n<li>\u0158\u00eddic\u00ed jednotka m\u00e1 nejmodern\u011bj\u0161\u00ed elektroniku, kter\u00e1 chr\u00e1n\u00ed sv\u011btlo p\u0159ed v\u011bt\u0161inou p\u0159ep\u011bt\u00ed.<\/li>\n<li>Vnit\u0159n\u00ed eleva\u010dn\u00ed mechanismus pro p\u0159esn\u00e9 ovl\u00e1d\u00e1n\u00ed sklonu paprsku; chr\u00e1n\u00ed eleva\u010dn\u00ed mechanismus p\u0159ed pov\u011btrnostn\u00edmi vlivy<\/li>\n<li>Robustn\u00ed pouzdro z hlin\u00edku n\u00e1mo\u0159n\u00ed kvality s trojit\u00fdm z\u00e1kladn\u00edm n\u00e1t\u011brem a t\u011bsn\u011bn\u00edm (k dispozici v b\u00edl\u00e9 nebo \u010dern\u00e9 barv\u011b)<\/li>\n<li>Sou\u010d\u00e1st\u00ed je d\u00e1lkov\u00e9 ovl\u00e1d\u00e1n\u00ed pomoc\u00ed dotykov\u00e9 podlo\u017eky Point Pad; do syst\u00e9mu lze nainstalovat a\u017e t\u0159i vzd\u00e1len\u00e9 jednotky Point Pad; sou\u010d\u00e1st\u00ed jsou i mo\u017enosti povrchov\u00e9\/zapu\u0161t\u011bn\u00e9 mont\u00e1\u017ee.<\/li>\n<li>Exkluzivn\u00ed funkce XRCiZ\u2122 ot\u00e1\u010d\u00ed a pohybuje sestavou sv\u011btla ka\u017ed\u00fdch 30 dn\u00ed od aktivace, aby v\u0161echny lo\u017eiskov\u00e9 povrchy z\u016fstaly bez koroze a v\u0161echny elektrick\u00e9 kontakty byly funk\u010dn\u00ed.<\/li>\n<li>V\u010detn\u011b kabelov\u00e9ho svazku o d\u00e9lce 4,57 m<\/li>\n<li>Dvourychlostn\u00ed motor<\/li>\n<\/ul>\n<p>&nbsp;<\/p>\n<h3>Dostupn\u00e9 konfigurace:<\/h3>\n<p>LED dioda RCL-50 je k dispozici v \u0159ad\u011b r\u016fzn\u00fdch praktick\u00fdch konfigurac\u00ed, kter\u00e9 jsou uvedeny n\u00ed\u017ee.<\/p>\n<p>&nbsp;<\/p>\n<p><em><strong>\u010c\u00edsla d\u00edl\u016f pro sady reflektor\u016f vyu\u017e\u00edvaj\u00edc\u00ed bodov\u00fd ovlada\u010d URP-102 a hlavn\u00ed \u0159\u00eddic\u00ed jednotku URC-103:<\/strong><\/em><\/p>\n<table>\n<tbody>\n<tr>\n<td width=\"103\"><strong>\u010c\u00cdSLO D\u00cdLU<\/strong><\/td>\n<td width=\"619\"><strong>POPIS<\/strong><\/td>\n<\/tr>\n<tr>\n<td width=\"103\">1960<\/td>\n<td width=\"619\">RCL-50 LED, b\u00edl\u00e1, s hlavn\u00edm ovlada\u010dem URC-103 a bodov\u00fdm ovlada\u010dem URP-102<\/td>\n<\/tr>\n<tr>\n<td width=\"103\">1961<\/td>\n<td width=\"619\">RCL-50 LED, \u010dern\u00e1, s hlavn\u00edm ovlada\u010dem URC-103 a bodov\u00fdm ovlada\u010dem URP-102<\/td>\n<\/tr>\n<\/tbody>\n<\/table>\n<p><strong> <\/strong><\/p>\n<p><strong> <\/strong><em><strong>\u010c\u00edsla d\u00edl\u016f pro sady reflektor\u016f vyu\u017e\u00edvaj\u00edc\u00ed bodov\u00fd ovlada\u010d URP-103 a hlavn\u00ed \u0159\u00eddic\u00ed jednotku URC-104:<\/strong><\/em><\/p>\n<table>\n<tbody>\n<tr>\n<td width=\"103\"><strong>\u010c\u00cdSLO D\u00cdLU<\/strong><\/td>\n<td width=\"619\"><strong>POPIS<\/strong><\/td>\n<\/tr>\n<tr>\n<td width=\"103\">1980<\/td>\n<td width=\"619\">RCL-50 LED, b\u00edl\u00e1, s nov\u00fdm hlavn\u00edm ovlada\u010dem URC-104, bodov\u00fdm ovlada\u010dem URP-103 a ru\u010dn\u00edm bezdr\u00e1tov\u00fdm d\u00e1lkov\u00fdm ovlada\u010dem URH-103<\/td>\n<\/tr>\n<tr>\n<td width=\"103\">1981<\/td>\n<td width=\"619\">RCL-50 LED, \u010dern\u00e1, s nov\u00fdm hlavn\u00edm ovlada\u010dem URC-104, bodov\u00fdm ovlada\u010dem URP-103 a ru\u010dn\u00edm bezdr\u00e1tov\u00fdm d\u00e1lkov\u00fdm ovlada\u010dem URH-103<\/td>\n<\/tr>\n<tr>\n<td width=\"103\">1982<\/td>\n<td width=\"619\">RCL-50 LED, b\u00edl\u00e1, s nov\u00fdm hlavn\u00edm ovlada\u010dem URC-104 a bodov\u00fdm ovlada\u010dem URP-103<\/td>\n<\/tr>\n<tr>\n<td width=\"103\">1983<\/td>\n<td width=\"619\">RCL-50 LED, \u010dern\u00e1, s nov\u00fdm hlavn\u00edm ovlada\u010dem URC-104 a bodov\u00fdm ovlada\u010dem URP-103<\/td>\n<\/tr>\n<\/tbody>\n<\/table>\n","protected":false},"excerpt":{"rendered":"<p>&nbsp;<\/p>\n<p>Tento robustn\u00ed sv\u011btlomet, ur\u010den\u00fd pro mal\u00e9 a\u017e st\u0159edn\u011b velk\u00e9 rekrea\u010dn\u00ed plavidla a mal\u00e1 komer\u010dn\u00ed plavidla, se py\u0161n\u00ed novou 6 LED lampou s v\u00fdkonem p\u0159es 100 000 kandel. Nov\u00fd RCL -50, vyroben\u00fd pro drsn\u00e9 a n\u00e1ro\u010dn\u00e9 mo\u0159sk\u00e9 prost\u0159ed\u00ed, vyu\u017e\u00edv\u00e1 stejn\u00e9 osv\u011bd\u010den\u00e9 pouzdro z tlakov\u011b lit\u00e9ho hlin\u00edku se zcela nov\u00fdmi vnit\u0159n\u00edmi mechanick\u00fdmi ovl\u00e1dac\u00edmi prvky pro nap\u00e1jen\u00ed a ot\u00e1\u010den\u00ed ultra jasn\u00e9 LED lampy. <\/p>\n<p>Tradi\u010dn\u011b elegantn\u00ed design LED sv\u011btla RCL -50 z n\u011bj \u010din\u00ed atraktivn\u00ed a cenov\u011b dostupnou volbu pro sportovn\u00ed jachty, sportovn\u00ed ryb\u00e1\u0159sk\u00e9 lod\u011b, pracovn\u00ed lod\u011b a lehk\u00e1 komer\u010dn\u00ed plavidla. D\u00edky \u00fa\u010dinn\u011bj\u0161\u00edm LED diod\u00e1m sni\u017euje LED sv\u011btlo RCL -50 spot\u0159ebu energie u 12V plavidel a\u017e o 50 %. <\/p>\n<p>&nbsp;<\/p>\n<p style=\"margin-left: 0in; margin-right: 0in;\"><span style=\"font-size: 11pt;\"><span style=\"font-family: Calibri,sans-serif;\"><a style=\"color: blue; text-decoration: underline;\" href=\"https:\/\/www.dropbox.com\/scl\/fi\/8sck4rivcx2jzxj8j61pu\/Prop-65-Lead-and-Lead-Compounds.pdf?rlkey=nsnudjcdonl81ck0z1eyzvq7b&amp;e=1&amp;dl=0\"><span style=\"color: #000000;\">VAROV\u00c1N\u00cd: PROP 65<\/span><\/a><\/span><\/span><\/p>\n<p>&nbsp;<\/p>\n","protected":false},"featured_media":155362,"template":"","meta":{"_acf_changed":false,"om_disable_all_campaigns":false},"product_brand":[],"product_cat":[5949,5953,5719,5951,7249,5947],"product_tag":[11635,11644,11540,7265,11628,11596,11619,11656,11668,7250,11607,11586,11574,7251,7252,11551,11562],"class_list":{"0":"post-155275","1":"product","2":"type-product","3":"status-publish","4":"has-post-thumbnail","6":"product_cat-blizko-pobrezi","7":"product_cat-komercni","8":"product_cat-namorni","9":"product_cat-pobrezni","10":"product_cat-reflektory","11":"product_cat-vnitrozemi","12":"product_tag-1960-cs","13":"product_tag-1961-cs","14":"product_tag-dalkove-ovladane-svetlomety","15":"product_tag-dalkove-ovladany-reflektor","16":"product_tag-hlinikovy-reflektor","17":"product_tag-led-lodni-svetlomet","18":"product_tag-maly-reflektor-pro-jachty","19":"product_tag-pn-1960-cs","20":"product_tag-pn-1961-cs","21":"product_tag-rcl-cs","22":"product_tag-rcl-50-led-cs","23":"product_tag-rcl-50-cs","24":"product_tag-rcl-50b-cs","25":"product_tag-reflektory","26":"product_tag-svetlomet","27":"product_tag-venkovni-reflektor","28":"product_tag-zlate-svetlo","29":"pa_product-hledaci-svetla","31":"first","32":"onbackorder","33":"taxable","34":"shipping-taxable","35":"purchasable","36":"product-type-variable"},"acf":[],"_links":{"self":[{"href":"https:\/\/www.acrartex.com\/cs\/wp-json\/wp\/v2\/product\/155275","targetHints":{"allow":["GET"]}}],"collection":[{"href":"https:\/\/www.acrartex.com\/cs\/wp-json\/wp\/v2\/product"}],"about":[{"href":"https:\/\/www.acrartex.com\/cs\/wp-json\/wp\/v2\/types\/product"}],"wp:featuredmedia":[{"embeddable":true,"href":"https:\/\/www.acrartex.com\/cs\/wp-json\/wp\/v2\/media\/155362"}],"wp:attachment":[{"href":"https:\/\/www.acrartex.com\/cs\/wp-json\/wp\/v2\/media?parent=155275"}],"wp:term":[{"taxonomy":"product_brand","embeddable":true,"href":"https:\/\/www.acrartex.com\/cs\/wp-json\/wp\/v2\/product_brand?post=155275"},{"taxonomy":"product_cat","embeddable":true,"href":"https:\/\/www.acrartex.com\/cs\/wp-json\/wp\/v2\/product_cat?post=155275"},{"taxonomy":"product_tag","embeddable":true,"href":"https:\/\/www.acrartex.com\/cs\/wp-json\/wp\/v2\/product_tag?post=155275"}],"curies":[{"name":"wp","href":"https:\/\/api.w.org\/{rel}","templated":true}]}}