{"id":155118,"date":"2021-04-09T11:16:33","date_gmt":"2021-04-09T16:16:33","guid":{"rendered":"https:\/\/www.acrartex.com\/products\/stroboskopicke-svetlo-firefly-3-waterbug\/"},"modified":"2021-04-09T11:16:33","modified_gmt":"2021-04-09T16:16:33","slug":"stroboskopicke-svetlo-firefly-3-waterbug","status":"publish","type":"product","link":"https:\/\/www.acrartex.com\/cs\/products\/stroboskopicke-svetlo-firefly-3-waterbug\/","title":{"rendered":"Stroboskopick\u00e9 sv\u011btlo Firefly \u00ae3 \u200b\u200bWaterbug"},"content":{"rendered":"<p>Firefly \u00ae3 \u200b\u200bje nejmodern\u011bj\u0161\u00edm d\u011bdicem sv\u00fdch slavn\u00fdch p\u0159edch\u016fdc\u016f, Firefly \u00ae4F a 4G.<\/p>\n<ul>\n<li>Nejmodern\u011bj\u0161\u00ed kombinace lampy a objektivu pro vysoce intenzivn\u00ed blesk<\/li>\n<li>Velk\u00fd posuvn\u00fd sp\u00edna\u010d umo\u017e\u0148uje snadn\u00e9 ovl\u00e1d\u00e1n\u00ed i v rukavic\u00edch<\/li>\n<li>Speci\u00e1ln\u011b navr\u017een\u00e1 z\u00e1kladn\u00ed plo\u0161ina umo\u017e\u0148uje snadn\u00e9 postaven\u00ed jednotky<\/li>\n<li>Dr\u017e\u00e1k z nerezov\u00e9 oceli bezpe\u010dn\u011b p\u0159ipev\u0148uje dv\u00ed\u0159ka baterie k pouzdru<\/li>\n<li>Integrovan\u00e9 \u00fachyty pro upevn\u011bn\u00ed zaji\u0161\u0165uj\u00ed bezpe\u010dn\u00fd kotevn\u00ed bod<\/li>\n<li>Ide\u00e1ln\u00ed pro z\u00e1chrann\u00e9 vesty, bezpe\u010dnostn\u00ed postroje, plov\u00e1ky, pracovn\u00ed obleky, z\u00e1chrann\u00e9 obleky, batohy a leteck\u00e9 kombin\u00e9zy.<\/li>\n<\/ul>\n","protected":false},"excerpt":{"rendered":"<p>D\u00edky speci\u00e1ln\u00ed funkci aktivace vodou se tento v\u00fdkonn\u00fd z\u00e1chrann\u00fd stroboskop automaticky zapne, kdy\u017e je aktivov\u00e1n a je v kontaktu s vodou.<\/p>\n<p>&nbsp;<\/p>\n","protected":false},"featured_media":155136,"template":"","meta":{"_acf_changed":false,"om_disable_all_campaigns":false},"product_brand":[],"product_cat":[5719,5970,5951,5945,5790],"product_tag":[11167,11184,11279,7599,11272,10792],"class_list":{"0":"post-155118","1":"product","2":"type-product","3":"status-publish","4":"has-post-thumbnail","6":"product_cat-namorni","7":"product_cat-namorni-sily","8":"product_cat-pobrezni","9":"product_cat-valecny","10":"product_cat-venkovni","11":"product_tag-firefly-cs","12":"product_tag-stroboskopicke-svetlo","13":"product_tag-svetluska3","14":"product_tag-vodni-brouk","15":"product_tag-zachranit","16":"product_tag-zachranne-stroboskopicke-svetlo","17":"pa_product-dedictvi","19":"first","20":"outofstock","21":"taxable","22":"shipping-taxable","23":"product-type-simple"},"acf":[],"_links":{"self":[{"href":"https:\/\/www.acrartex.com\/cs\/wp-json\/wp\/v2\/product\/155118","targetHints":{"allow":["GET"]}}],"collection":[{"href":"https:\/\/www.acrartex.com\/cs\/wp-json\/wp\/v2\/product"}],"about":[{"href":"https:\/\/www.acrartex.com\/cs\/wp-json\/wp\/v2\/types\/product"}],"wp:featuredmedia":[{"embeddable":true,"href":"https:\/\/www.acrartex.com\/cs\/wp-json\/wp\/v2\/media\/155136"}],"wp:attachment":[{"href":"https:\/\/www.acrartex.com\/cs\/wp-json\/wp\/v2\/media?parent=155118"}],"wp:term":[{"taxonomy":"product_brand","embeddable":true,"href":"https:\/\/www.acrartex.com\/cs\/wp-json\/wp\/v2\/product_brand?post=155118"},{"taxonomy":"product_cat","embeddable":true,"href":"https:\/\/www.acrartex.com\/cs\/wp-json\/wp\/v2\/product_cat?post=155118"},{"taxonomy":"product_tag","embeddable":true,"href":"https:\/\/www.acrartex.com\/cs\/wp-json\/wp\/v2\/product_tag?post=155118"}],"curies":[{"name":"wp","href":"https:\/\/api.w.org\/{rel}","templated":true}]}}