{"id":155102,"date":"2021-04-09T11:16:44","date_gmt":"2021-04-09T16:16:44","guid":{"rendered":"https:\/\/www.acrartex.com\/products\/zachranne-zableskove-zarovkove-svetlo-firefly-2-doublefly\/"},"modified":"2021-04-09T11:16:44","modified_gmt":"2021-04-09T16:16:44","slug":"zachranne-zableskove-zarovkove-svetlo-firefly-2-doublefly","status":"publish","type":"product","link":"https:\/\/www.acrartex.com\/cs\/products\/zachranne-zableskove-zarovkove-svetlo-firefly-2-doublefly\/","title":{"rendered":"Z\u00e1chrann\u00e9 z\u00e1bleskov\u00e9\/\u017e\u00e1rovkov\u00e9 sv\u011btlo Firefly \u00ae 2 Doublefly"},"content":{"rendered":"<p>Xenonov\u00fd paprsek 360\u00b0 blik\u00e1 v sekundov\u00fdch intervalech po dobu nejm\u00e9n\u011b 8 hodin (2 hodiny nep\u0159etr\u017eit\u00e9ho provozu v re\u017eimu \u017e\u00e1rovky).<\/p>\n<ul>\n<li>Multifunk\u010dn\u00ed p\u0159ep\u00edna\u010d umo\u017e\u0148uje volbu mezi z\u00e1bleskov\u00fdm sv\u011btlem pro viditelnost na velk\u00e9 vzd\u00e1lenosti a st\u00e1l\u00fdm \u017e\u00e1rovkov\u00fdm sv\u011btlem pro pr\u00e1ci na bl\u00edzko.<\/li>\n<li>Velk\u00fd posuvn\u00fd sp\u00edna\u010d umo\u017e\u0148uje snadn\u00e9 ovl\u00e1d\u00e1n\u00ed i v rukavic\u00edch<\/li>\n<li>Speci\u00e1ln\u011b navr\u017een\u00e1 z\u00e1kladn\u00ed plo\u0161ina umo\u017e\u0148uje snadn\u00e9 postaven\u00ed jednotky do svisl\u00e9 polohy<\/li>\n<li>Hlin\u00edkov\u00fd \u00fachyt bezpe\u010dn\u011b p\u0159ipev\u0148uje dv\u00ed\u0159ka baterie k pouzdru<\/li>\n<li>Vysoce intenzivn\u00ed xenonov\u00e1 z\u00e1bleskov\u00e1 a \u017e\u00e1rovkov\u00e1 v\u00fdbojka<\/li>\n<li>Ide\u00e1ln\u00ed pro z\u00e1chrann\u00e9 vesty, bezpe\u010dnostn\u00ed postroje, plov\u00e1ky, pracovn\u00ed obleky, z\u00e1chrann\u00e9 obleky, batohy a leteck\u00e9 kombin\u00e9zy.<\/li>\n<\/ul>\n","protected":false},"excerpt":{"rendered":"<p>Multifunk\u010dn\u00ed p\u0159ep\u00edna\u010d Doublefly umo\u017e\u0148uje p\u0159ep\u00ednat mezi vysoce intenzivn\u00edm stroboskopick\u00fdm sv\u011btlem viditeln\u00fdm ze vzd\u00e1lenosti 1 nm (1,9 km) nebo st\u00e1l\u00fdm \u017e\u00e1rovkov\u00fdm sv\u011btlem pro pr\u00e1ci na zbl\u00edzka.<\/p>\n","protected":false},"featured_media":155106,"template":"","meta":{"_acf_changed":false,"om_disable_all_campaigns":false},"product_brand":[],"product_cat":[5957,5960,5719,5962,5955,5790],"product_tag":[11246,11167,7596,10805,11252],"class_list":{"0":"post-155102","1":"product","2":"type-product","3":"status-publish","4":"has-post-thumbnail","6":"product_cat-akcni-sporty-terenni-jizdy","7":"product_cat-cestovni-vybaveni","8":"product_cat-namorni","9":"product_cat-padlovaci-sporty-rybareni","10":"product_cat-turistika-horolezectvi-tabor","11":"product_cat-venkovni","12":"product_tag-dvojita-muska","13":"product_tag-firefly-cs","14":"product_tag-stroboskop","15":"product_tag-zachranne-svetlo","16":"product_tag-zhave","17":"pa_product-dedictvi","19":"first","20":"outofstock","21":"taxable","22":"shipping-taxable","23":"product-type-simple"},"acf":[],"_links":{"self":[{"href":"https:\/\/www.acrartex.com\/cs\/wp-json\/wp\/v2\/product\/155102","targetHints":{"allow":["GET"]}}],"collection":[{"href":"https:\/\/www.acrartex.com\/cs\/wp-json\/wp\/v2\/product"}],"about":[{"href":"https:\/\/www.acrartex.com\/cs\/wp-json\/wp\/v2\/types\/product"}],"wp:featuredmedia":[{"embeddable":true,"href":"https:\/\/www.acrartex.com\/cs\/wp-json\/wp\/v2\/media\/155106"}],"wp:attachment":[{"href":"https:\/\/www.acrartex.com\/cs\/wp-json\/wp\/v2\/media?parent=155102"}],"wp:term":[{"taxonomy":"product_brand","embeddable":true,"href":"https:\/\/www.acrartex.com\/cs\/wp-json\/wp\/v2\/product_brand?post=155102"},{"taxonomy":"product_cat","embeddable":true,"href":"https:\/\/www.acrartex.com\/cs\/wp-json\/wp\/v2\/product_cat?post=155102"},{"taxonomy":"product_tag","embeddable":true,"href":"https:\/\/www.acrartex.com\/cs\/wp-json\/wp\/v2\/product_tag?post=155102"}],"curies":[{"name":"wp","href":"https:\/\/api.w.org\/{rel}","templated":true}]}}