{"id":155063,"date":"2021-04-09T11:17:01","date_gmt":"2021-04-09T16:17:01","guid":{"rendered":"https:\/\/www.acrartex.com\/products\/sluzba-autotestovani-majaku-406link\/"},"modified":"2021-04-09T11:17:01","modified_gmt":"2021-04-09T16:17:01","slug":"sluzba-autotestovani-majaku-406link","status":"publish","type":"product","link":"https:\/\/www.acrartex.com\/cs\/products\/sluzba-autotestovani-majaku-406link\/","title":{"rendered":"Slu\u017eba autotestov\u00e1n\u00ed maj\u00e1k\u016f 406Link"},"content":{"rendered":"<p>Nyn\u00ed m\u016f\u017eete vy a 5 dal\u0161\u00edch kontakt\u016f dost\u00e1vat p\u0159edkonfigurovan\u00e9 potvrzovac\u00ed zpr\u00e1vy ze satelit\u016f p\u0159i testov\u00e1n\u00ed va\u0161eho EPIRB nebo Personal Locator Beacon od ACR , ARTEX a Ocean Signal .<\/p>\n<p>406Link je prvn\u00ed a jedin\u00fd pokro\u010dil\u00fd syst\u00e9m pro testov\u00e1n\u00ed satelit\u016f, kter\u00fd dok\u00e1\u017ee p\u0159ij\u00edmat autotesty z va\u0161eho Personal Locator Beacon ( PLB ) a nouzov\u00e9ho r\u00e1diomaj\u00e1ku s indikac\u00ed polohy ( EPIRB ). Tato voliteln\u00e1 p\u0159edplatitelsk\u00e1 slu\u017eba je navr\u017eena tak, aby vylep\u0161ila funk\u010dnost va\u0161eho maj\u00e1ku a poskytla v\u00e1m a va\u0161im bl\u00edzk\u00fdm potvrzen\u00ed ze satelit\u016f, \u017ee v\u00e1\u0161 maj\u00e1k funguje spr\u00e1vn\u011b. <\/p>\n<p>Pozn\u00e1mka: P\u0159edplatn\u00e9 406Link je nez\u00e1visl\u00e9 na aplikaci ACR Product App pou\u017e\u00edvan\u00e9 ve spojen\u00ed s EPIRB GlobalFix V5 a V6 a ResQLink AIS PLB .<\/p>\n<p>Syst\u00e9m 406Link funguje tak, \u017ee vys\u00edl\u00e1 speci\u00e1ln\u011b k\u00f3dovan\u00fd testovac\u00ed sign\u00e1l na stacion\u00e1rn\u00ed satelity GEO ve v\u00fd\u0161ce 22 000 mil (35 500 km) do s\u00edt\u011b p\u00e1trac\u00edch a z\u00e1chrann\u00fdch satelit\u016f. Jakmile satelity sign\u00e1l p\u0159ijmou, je zachycen pozemn\u00edmi stanicemi ACR v Severn\u00ed Americe. Za m\u00e9n\u011b ne\u017e minutu n\u00e1\u0161 patentovan\u00fd software zpracuje va\u0161e autotestovac\u00ed data a pot\u00e9 v\u00e1m a va\u0161im zadan\u00fdm kontakt\u016fm ode\u0161le potvrzovac\u00ed zpr\u00e1vu a obr\u00e1zek va\u0161\u00ed skute\u010dn\u00e9 polohy prost\u0159ednictv\u00edm e-mailu a SMS zpr\u00e1vy.  <\/p>\n<p>P\u0159i prov\u00e1d\u011bn\u00ed autotestu GPS se va\u0161e GPS sou\u0159adnice vykresl\u00ed na mapu a 406Link p\u0159id\u00e1 do va\u0161eho e-mailu a\/nebo SMS zpr\u00e1vy odkaz, kter\u00fd jasn\u011b ukazuje va\u0161i polohu v okruhu 110 yard\u016f (100 metr\u016f).<\/p>\n<p>https:\/\/www.youtube.com\/watch?v=dU_zXBAfX00<\/p>\n<p><strong>S 406Link m\u016f\u017eete:  <\/strong><\/p>\n<ul>\n<li>Otestujte si sv\u016fj maj\u00e1k se stejn\u00fdm satelitn\u00edm syst\u00e9mem, jak\u00fd se pou\u017e\u00edv\u00e1 p\u0159i skute\u010dn\u00e9m p\u00e1tr\u00e1n\u00ed a z\u00e1chran\u011b.<\/li>\n<li>Odes\u00edlejte p\u0159izp\u016fsoben\u00e9 potvrzovac\u00ed zpr\u00e1vy e-mailem a SMS a\u017e 5 kontakt\u016fm\n<ul>\n<li>Odeslat polohu GPS (nen\u00ed k dispozici u v\u0161ech model\u016f maj\u00e1k\u016f)<\/li>\n<\/ul>\n<\/li>\n<li>Vylep\u0161ete funk\u010dnost sv\u00e9ho maj\u00e1ku ACR , Ocean Signal nebo Artex 406 MHz<\/li>\n<li>Vytvo\u0159te klid pro sebe a sv\u00e9 bl\u00edzk\u00e9<\/li>\n<li>406Link nen\u00ed slu\u017eba typu \u201echeck-in\u201c ani \u201eI\u2019m ok\u201c, jedn\u00e1 se o jednosm\u011brn\u00fd ov\u011b\u0159ovac\u00ed test, kter\u00fd potvrzuje, \u017ee zpr\u00e1va z autotestu va\u0161eho maj\u00e1ku byla p\u0159ijata stejn\u00fdmi p\u00e1trac\u00edmi a z\u00e1chrann\u00fdmi satelity, jak\u00e9 byly pou\u017eity ve skute\u010dn\u00e9 nouzov\u00e9 situaci.<\/li>\n<\/ul>\n<p><strong>V sou\u010dasn\u00e9 dob\u011b k dispozici pouze ve Spojen\u00fdch st\u00e1tech.<\/strong><\/p>\n","protected":false},"excerpt":{"rendered":"<p>Prodej nov\u00fdch p\u0159edplatn\u00fdch slu\u017eby 406Link byl ukon\u010den k 1. z\u00e1\u0159\u00ed 2023. St\u00e1vaj\u00edc\u00ed p\u0159edplatn\u00e1 budou podporov\u00e1na a budou i nad\u00e1le fungovat jako obvykle po cel\u00e9 ro\u010dn\u00ed obdob\u00ed p\u0159edplatn\u00e9ho. Slu\u017eba 406Link ji\u017e nebude od 1. z\u00e1\u0159\u00ed 2024 podporov\u00e1na.  <\/p>\n<p>I kdy\u017e slu\u017eba 406Link ji\u017e nebude k dispozici ke koupi, vyu\u017eijte pros\u00edm \u0161anci pod\u00edvat se na <a href=\"https:\/\/acrelectronics.lt.acemlnc.com\/Prod\/link-tracker?redirectUrl=aHR0cHMlM0ElMkYlMkZiaXZ5c3RpY2suY29tJTJG&amp;a=%7C%7C798920491%7C%7C&amp;account=acrelectronics.activehosted.com&amp;email=y47OuVGNLVmypvt5SysuK4mcDWscx9eGrUGJW43GCh5nUjWjzE%2B2Wl9%2F%3AXZsLcuuUP%2Fd5fWs60R8xl%2Bdi4p087Lif&amp;s=8c317dd875871e7647efafcf8d0907b8&amp;i=455A691A0A5674&amp;sig=5YcfKU4g3N9zX2LkQhUUFTb1aniVKGLWUYxdT5yGmpaa&amp;iat=1692974463\" data-ac-default-color=\"1\"><span style=\"font-weight: inherit;\">satelitn\u00ed komunik\u00e1tor ACR Bivy Stick<\/span><\/a> <span style=\"font-weight: inherit;\">kter\u00fd nejen umo\u017e\u0148uje odes\u00edl\u00e1n\u00ed potvrzovac\u00edch zpr\u00e1v podobn\u011b jako slu\u017eba 406Link, ale tak\u00e9 umo\u017e\u0148uje obousm\u011brn\u00e9 zas\u00edl\u00e1n\u00ed zpr\u00e1v a mnoho dal\u0161\u00edch v\u00fdhod.<\/span><\/p>\n<p>Upozor\u0148ujeme, \u017ee p\u0159edplatn\u00e9 406Link je voliteln\u00e1 slu\u017eba a nen\u00ed vy\u017eadov\u00e1no pro spr\u00e1vn\u00e9 fungov\u00e1n\u00ed va\u0161eho maj\u00e1ku. Bez ohledu na to, zda je k va\u0161emu maj\u00e1ku p\u0159ipojeno p\u0159edplatn\u00e9, bude maj\u00e1k st\u00e1le vys\u00edlat va\u0161i t\u00eds\u0148ovou zpr\u00e1vu a p\u00e1trac\u00ed a z\u00e1chrann\u00e1 slu\u017eba bude schopna identifikovat va\u0161i polohu. <\/p>\n","protected":false},"featured_media":155067,"template":"","meta":{"_acf_changed":false,"om_disable_all_campaigns":false},"product_brand":[],"product_cat":[5719,5790],"product_tag":[],"class_list":{"0":"post-155063","1":"product","2":"type-product","3":"status-publish","4":"has-post-thumbnail","6":"product_cat-namorni","7":"product_cat-venkovni","8":"pa_product-dedictvi","10":"first","11":"instock","12":"virtual","13":"taxable","14":"product-type-subscription"},"acf":[],"_links":{"self":[{"href":"https:\/\/www.acrartex.com\/cs\/wp-json\/wp\/v2\/product\/155063","targetHints":{"allow":["GET"]}}],"collection":[{"href":"https:\/\/www.acrartex.com\/cs\/wp-json\/wp\/v2\/product"}],"about":[{"href":"https:\/\/www.acrartex.com\/cs\/wp-json\/wp\/v2\/types\/product"}],"wp:featuredmedia":[{"embeddable":true,"href":"https:\/\/www.acrartex.com\/cs\/wp-json\/wp\/v2\/media\/155067"}],"wp:attachment":[{"href":"https:\/\/www.acrartex.com\/cs\/wp-json\/wp\/v2\/media?parent=155063"}],"wp:term":[{"taxonomy":"product_brand","embeddable":true,"href":"https:\/\/www.acrartex.com\/cs\/wp-json\/wp\/v2\/product_brand?post=155063"},{"taxonomy":"product_cat","embeddable":true,"href":"https:\/\/www.acrartex.com\/cs\/wp-json\/wp\/v2\/product_cat?post=155063"},{"taxonomy":"product_tag","embeddable":true,"href":"https:\/\/www.acrartex.com\/cs\/wp-json\/wp\/v2\/product_tag?post=155063"}],"curies":[{"name":"wp","href":"https:\/\/api.w.org\/{rel}","templated":true}]}}