{"id":155047,"date":"2021-03-16T08:17:46","date_gmt":"2021-03-16T13:17:46","guid":{"rendered":"https:\/\/www.acrartex.com\/products\/nouzova-zableskova-svetla-firefly-pro\/"},"modified":"2025-12-01T05:43:36","modified_gmt":"2025-12-01T10:43:36","slug":"nouzova-zableskova-svetla-firefly-pro","status":"publish","type":"product","link":"https:\/\/www.acrartex.com\/cs\/products\/nouzova-zableskova-svetla-firefly-pro\/","title":{"rendered":"Nouzov\u00e1 z\u00e1bleskov\u00e1 sv\u011btla Firefly \u00ae PRO"},"content":{"rendered":"<p>Pokud jde o z\u00e1chranu \u017eivot\u016f, nic hor\u0161\u00edho ne\u017e to nejlep\u0161\u00ed nep\u0159ipad\u00e1 v \u00favahu. Z\u00e1chrann\u00e1 z\u00e1bleskov\u00e1 sv\u011btla Firefly PRO pat\u0159\u00ed k nejjasn\u011bj\u0161\u00edm a nejfunk\u010dn\u011bj\u0161\u00edm z\u00e1bleskov\u00fdm sv\u011btel\u016fm na dne\u0161n\u00edm trhu. D\u00edky t\u0159em aktiva\u010dn\u00edm funkc\u00edm m\u016f\u017eete p\u0159ep\u00ednat mezi ultrajasn\u00fdm z\u00e1bleskem a z\u00e1bleskem SOS pro vizu\u00e1ln\u00ed upozorn\u011bn\u00ed z\u00e1chrann\u00fdch slo\u017eek na va\u0161i polohu a pot\u00e9 p\u0159epnout na funkci st\u00e1l\u00e9ho sv\u00edcen\u00ed pro z\u00e1chrann\u00e9 operace zbl\u00edzka. Vyberte si mezi verz\u00ed Firefly PRO SOLAS (aktivuje se bez pou\u017eit\u00ed vody) nebo Firefly PRO Waterbug (aktivuje se vodou).   <\/p>\n<p>Na\u0161e inovativn\u00ed nov\u00e9 LED diody s \u0161irok\u00fdm sv\u011bteln\u00fdm v\u00fdstupem produkuj\u00ed 360\u00b0 sv\u011bteln\u00fd paprsek (41 kandel), kter\u00fd umo\u017e\u0148uje viditelnost p\u0159es 5 km. Na\u0161e chladn\u00e9 b\u00edl\u00e9 sv\u011btlo nem\u00e1 \u017elut\u00e9 zabarven\u00ed, co\u017e umo\u017e\u0148uje viditeln\u011bj\u0161\u00ed sv\u011bteln\u00fd paprsek, kter\u00fd je viditeln\u00fd na v\u011bt\u0161\u00ed vzd\u00e1lenosti. D\u00edky energeticky \u00fasporn\u00e9mu mikroprocesoru a p\u0159epracovan\u00e9 elektronice se Firefly PRO m\u016f\u017ee pochlubit maxim\u00e1ln\u00ed provozn\u00ed \u017eivotnost\u00ed i v t\u011bch nejn\u00e1ro\u010dn\u011bj\u0161\u00edch podm\u00ednk\u00e1ch. S jednou sadou lithiov\u00fdch bateri\u00ed AA dok\u00e1\u017ee Firefly PRO nep\u0159etr\u017eit\u011b bliknout v\u00edce ne\u017e 56 hodin nebo pou\u017e\u00edvat funkci st\u00e1l\u00e9ho sv\u00edcen\u00ed po dobu 28 hodin. To je dvakr\u00e1t d\u00e9le ne\u017e u konkurence a o v\u00edce ne\u017e 48 hodin p\u0159ekra\u010duje po\u017eadavky pob\u0159e\u017en\u00ed str\u00e1\u017ee USA a \u00famluvy SOLAS.    <\/p>\n<p>Kompaktn\u00ed velikost se snadno vejde do nafukovac\u00ed z\u00e1chrann\u00e9 vesty nebo kapsy pro pohodln\u00e9 no\u0161en\u00ed. Pouzdro ve vojensk\u00fdch specifikac\u00edch je dostate\u010dn\u011b robustn\u00ed, aby vydr\u017eelo roky zach\u00e1zen\u00ed a nejn\u00e1ro\u010dn\u011bj\u0161\u00ed podm\u00ednky. Dv\u011b poutka pro upevn\u011bn\u00ed a p\u0159ilo\u017een\u00fd such\u00fd zip usnad\u0148uj\u00ed mont\u00e1\u017e Firefly PRO na z\u00e1chrannou vestu, opasek nebo batoh, tak\u017ee stroboskopick\u00e9 sv\u011btlo je snadno dostupn\u00e9 v okam\u017eiku, kdy ho pot\u0159ebujete.  <\/p>\n","protected":false},"excerpt":{"rendered":"<p>Z\u00e1chrann\u00e1 z\u00e1bleskov\u00e1 sv\u011btla Firefly PRO pat\u0159\u00ed k nejjasn\u011bj\u0161\u00edm a nejfunk\u010dn\u011bj\u0161\u00edm z\u00e1bleskov\u00fdm sv\u011btel\u016fm na sou\u010dasn\u00e9m trhu. D\u00edky t\u0159em aktiva\u010dn\u00edm funkc\u00edm m\u016f\u017eete p\u0159ep\u00ednat mezi ultrajasn\u00fdm z\u00e1bleskem a z\u00e1bleskem SOS pro vizu\u00e1ln\u00ed upozorn\u011bn\u00ed z\u00e1chrann\u00fdch slo\u017eek na va\u0161i polohu a pot\u00e9 p\u0159epnout na funkci st\u00e1l\u00e9ho sv\u00edcen\u00ed pro z\u00e1chrann\u00e9 operace zbl\u00edzka. Vyberte si mezi verz\u00ed Firefly PRO SOLAS (aktivuje se bez pou\u017eit\u00ed vody) nebo Firefly PRO Waterbug (aktivuje se vodou).  <\/p>\n<p>Tato nouzov\u00e1 z\u00e1bleskov\u00e1 sv\u011btla se py\u0161n\u00ed inovativn\u00edm syst\u00e9mem \u0159\u00edzen\u00ed sv\u011bteln\u00e9ho v\u00fdkonu, kter\u00fd produkuje v\u00edce ne\u017e 41 kandel sv\u011btla na z\u00e1blesk po dobu a\u017e 56 hodin pou\u017e\u00edv\u00e1n\u00ed (s lithiov\u00fdmi bateriemi AA). D\u00edky LED diod\u00e1m s \u0161irok\u00fdm vyza\u0159ov\u00e1n\u00edm sv\u011btla proniknou i do t\u011bch nejn\u00e1ro\u010dn\u011bj\u0161\u00edch podm\u00ednek a vytvo\u0159\u00ed super jasn\u00fd z\u00e1blesk viditeln\u00fd na vzd\u00e1lenost p\u0159es 5 km. <\/p>\n","protected":false},"featured_media":36741,"template":"","meta":{"_acf_changed":false,"om_disable_all_campaigns":false},"product_brand":[],"product_cat":[5957,5949,5960,5953,5968,5719,5970,5962,5951,5966,5972,7907,5955,5945,5790,5947],"product_tag":[11212,11217,11180,11167,11171,11192,7930,7916,7596,11184,11175,11197,7595,11208,11203,10792,11222],"class_list":{"0":"post-155047","1":"product","2":"type-product","3":"status-publish","4":"has-post-thumbnail","6":"product_cat-akcni-sporty-terenni-jizdy","7":"product_cat-blizko-pobrezi","8":"product_cat-cestovni-vybaveni","9":"product_cat-komercni","10":"product_cat-letecka-hlidka","11":"product_cat-namorni","12":"product_cat-namorni-sily","13":"product_cat-padlovaci-sporty-rybareni","14":"product_cat-pobrezni","15":"product_cat-policie-obec","16":"product_cat-pozemni-specialni-jednotky","17":"product_cat-signalizacni-produkty","18":"product_cat-turistika-horolezectvi-tabor","19":"product_cat-valecny","20":"product_cat-venkovni","21":"product_cat-vnitrozemi","22":"product_tag-3970-3-cs","23":"product_tag-3970-4-cs","24":"product_tag-3971-3-cs","25":"product_tag-firefly-cs","26":"product_tag-firefly-pro-cs","27":"product_tag-firefly-pro-solas-cs","28":"product_tag-nouzove-stroboskopicke-svetlo","29":"product_tag-nouzovy-stroboskop","30":"product_tag-stroboskop","31":"product_tag-stroboskopicke-svetlo","32":"product_tag-stroboskopicke-svetlo-pobrezni-straze-usa","33":"product_tag-stroboskopicke-svetlo-solas","34":"product_tag-svetlo","35":"product_tag-svetlo-na-zachrannou-vestu-solas","36":"product_tag-svetlo-schvalene-solas-v-pdf","37":"product_tag-zachranne-stroboskopicke-svetlo","38":"product_tag-zachranny-stroboskop","39":"pa_activity-beh-na-lyzich","40":"pa_activity-kempovani","41":"pa_activity-kolo","42":"pa_activity-lezeni","43":"pa_activity-lyzovani-snowboarding","44":"pa_activity-padlovaci-sporty","45":"pa_activity-rybolov","46":"pa_activity-snezny-skutr","47":"pa_activity-terenni-4x4","48":"pa_activity-turistika","49":"pa_aircraft-type-experimentalni","50":"pa_aircraft-type-jeden-motor","51":"pa_aircraft-type-lehke-trysky","52":"pa_aircraft-type-rotorcraft","53":"pa_aircraft-type-stredne-velke-tryskace","54":"pa_aircraft-type-turbovrtulovy","55":"pa_aircraft-type-velke-trysky","56":"pa_aircraft-type-vicemotorovy","57":"pa_boat-size-0-20-cs","58":"pa_boat-size-21-40-cs","59":"pa_boat-size-40-80-cs","60":"pa_boat-size-80-cs","61":"pa_boat-type-charterova-jachta","62":"pa_boat-type-jachta","63":"pa_boat-type-komercni-rybolov","64":"pa_boat-type-motorovy-clun","65":"pa_boat-type-nakladni-lod","66":"pa_boat-type-plachetnice","67":"pa_boat-type-remorker","68":"pa_boat-type-sportcraft-cs","69":"pa_product-bezpecnostni-prislusenstvi","70":"pa_product-signalizacni-produkty","71":"pa_product-zachranna-svetla","73":"first","74":"instock","75":"taxable","76":"shipping-taxable","77":"purchasable","78":"product-type-variable"},"acf":[],"_links":{"self":[{"href":"https:\/\/www.acrartex.com\/cs\/wp-json\/wp\/v2\/product\/155047","targetHints":{"allow":["GET"]}}],"collection":[{"href":"https:\/\/www.acrartex.com\/cs\/wp-json\/wp\/v2\/product"}],"about":[{"href":"https:\/\/www.acrartex.com\/cs\/wp-json\/wp\/v2\/types\/product"}],"wp:featuredmedia":[{"embeddable":true,"href":"https:\/\/www.acrartex.com\/cs\/wp-json\/wp\/v2\/media\/36741"}],"wp:attachment":[{"href":"https:\/\/www.acrartex.com\/cs\/wp-json\/wp\/v2\/media?parent=155047"}],"wp:term":[{"taxonomy":"product_brand","embeddable":true,"href":"https:\/\/www.acrartex.com\/cs\/wp-json\/wp\/v2\/product_brand?post=155047"},{"taxonomy":"product_cat","embeddable":true,"href":"https:\/\/www.acrartex.com\/cs\/wp-json\/wp\/v2\/product_cat?post=155047"},{"taxonomy":"product_tag","embeddable":true,"href":"https:\/\/www.acrartex.com\/cs\/wp-json\/wp\/v2\/product_tag?post=155047"}],"curies":[{"name":"wp","href":"https:\/\/api.w.org\/{rel}","templated":true}]}}