{"id":155036,"date":"2021-03-16T08:17:27","date_gmt":"2021-03-16T13:17:27","guid":{"rendered":"https:\/\/www.acrartex.com\/products\/obrysova-svetla-sm-2\/"},"modified":"2021-03-16T08:17:27","modified_gmt":"2021-03-16T13:17:27","slug":"obrysova-svetla-sm-2","status":"publish","type":"product","link":"https:\/\/www.acrartex.com\/cs\/products\/obrysova-svetla-sm-2\/","title":{"rendered":"Obrysov\u00e1 sv\u011btla SM-2"},"content":{"rendered":"<p>Automaticky se vyrovn\u00e1 a aktivuje ve vod\u011b a za\u010dne blikat. Na 6voltovou baterii sv\u00edtilny vydr\u017e\u00ed sv\u00edtit a\u017e 60 hodin. Ide\u00e1ln\u00ed pro komer\u010dn\u00ed lod\u011b, petrolej\u00e1rny, k\u0159i\u017en\u00edky a jak\u00e9koli aplikace vy\u017eaduj\u00edc\u00ed spolehliv\u00e9 COB sv\u011btlo. <\/p>\n<ul>\n<li>Jasn\u011bj\u0161\u00ed sv\u011btlo ve v\u0161ech sm\u011brech<\/li>\n<li>Vylep\u0161en\u00e9 pouzdro ze sm\u011bsi polykarbon\u00e1tu, vylep\u0161en\u00e1 odolnost proti n\u00e1razu; odolnost proti UV z\u00e1\u0159en\u00ed, teplot\u00e1m a chemik\u00e1li\u00edm<\/li>\n<li>Ide\u00e1ln\u00ed pro komer\u010dn\u00ed n\u00e1mo\u0159n\u00ed, petrolej\u00e1\u0159sk\u00e9, pot\u00e1p\u011b\u010dsk\u00e9, k\u0159i\u017en\u00edkov\u00e9 a jak\u00e9koli aplikace vy\u017eaduj\u00edc\u00ed spolehliv\u00e9 COB sv\u011btlo<\/li>\n<li>Automaticky se narovn\u00e1 a aktivuje ve vod\u011b<\/li>\n<li>Vysoce intenzivn\u00ed xenonov\u00fd stroboskop poskytuje 360\u00b0 viditelnost na vzd\u00e1lenost v\u00edce ne\u017e 4,8 km<\/li>\n<li>Plov\u00e1 vzp\u0159\u00edmen\u011b za v\u0161ech podm\u00ednek<\/li>\n<li>Minim\u00e1ln\u011b 36 hodin nep\u0159etr\u017eit\u00e9ho provozu<\/li>\n<\/ul>\n<p>Ot\u00e1zka rovnov\u00e1hy<br \/>\n Obrysov\u00e1 sv\u011btla jsou konstruk\u010dn\u011b navr\u017eena tak, aby se vzn\u00e1\u0161ela vzp\u0159\u00edmen\u011b pro maxim\u00e1ln\u00ed viditelnost. P\u0159ed\u0159adn\u00edkem pro tato sv\u011btla jsou 6voltov\u00e9 baterie do luceren. I kdy\u017e baterie mohou m\u00edt stejnou velikost, r\u016fzn\u00e9 chemick\u00e9 slo\u017een\u00ed zp\u016fsobuje jejich r\u016fznou hmotnost. Je nezbytn\u00e9 pou\u017e\u00edvat pouze doporu\u010den\u00e9 modely 6voltov\u00fdch bateri\u00ed. P\u0159\u00edli\u0161 m\u00e1lo p\u0159ed\u0159adn\u00edku a sv\u011btlo se p\u0159evr\u00e1t\u00ed na bok a nebude \u00fa\u010dinn\u00e9; p\u0159\u00edli\u0161 mnoho p\u0159ed\u0159adn\u00edku a sv\u011btlo se m\u016f\u017ee potopit. Pokud m\u00e1te pochybnosti o vhodn\u00e9 hmotnosti baterie, vyzkou\u0161ejte sv\u011btlo v m\u011blk\u00e9 vod\u011b. Pokud plave vzp\u0159\u00edmen\u011b, je to v po\u0159\u00e1dku, pokud se v\u0161ak SM-2 potop\u00ed, baterie je p\u0159\u00edli\u0161 t\u011b\u017ek\u00e1.      <\/p>\n<p>Doporu\u010den\u00e9 typy bateri\u00ed, baterie se \u0161roubovac\u00edmi svorkami:<\/p>\n<ul>\n<li>ANSI\/NEDA: 915, 915C, 915D, 915AC<\/li>\n<li>Duracell: M915, PC915<\/li>\n<li>Rayovac\u00ae: 942, 945<\/li>\n<li>Eveready\u00ae: 510S<\/li>\n<\/ul>\n<p>Doporu\u010den\u00e9 typy bateri\u00ed, pru\u017einov\u00e9 svorky:<\/p>\n<ul>\n<li>ANSI\/NEDA: 908, 908C, 908D, 908AC<\/li>\n<li>Duracell: M908, PC908<\/li>\n<li>Rayovac\u00ae: 941, 944<\/li>\n<li>Eveready\u00ae: 509, 1209<\/li>\n<li>Zdroj energie: EN529 (ne 529)<\/li>\n<li>Panasonic: W-4FD<\/li>\n<\/ul>\n","protected":false},"excerpt":{"rendered":"<p>V\u00fdroba b\u00f3je SM-2 byla ukon\u010dena a nahrazena <a href=\"https:\/\/www.acrartex.com\/products\/sm-3-lifebuoy-self-igniting-light\">nov\u00fdm b\u00f3jov\u00fdm zna\u010dkovac\u00edm sv\u011btlem SM-3 (schv\u00e1leno pob\u0159e\u017en\u00ed str\u00e1\u017e\u00ed USA\/MED)<\/a> .<\/p>\n<p>SM-2 je vysoce intenzivn\u00ed xenonov\u00e9 z\u00e1bleskov\u00e9 sv\u011btlo, kter\u00e9 poskytuje 360\u00b0 viditelnost na vzd\u00e1lenost v\u00edce ne\u017e 4,8 km (3 m\u00edle). Toto obrysov\u00e9 sv\u011btlo se automaticky aktivuje a za\u010dne blikat, kdy\u017e je ve vod\u011b, a na 6voltovou baterii vydr\u017e\u00ed sv\u00edtit a\u017e 60 hodin. SM-2 je ide\u00e1ln\u00ed pro komer\u010dn\u00ed lod\u011b, benz\u00ednov\u00e9 lod\u011b, k\u0159i\u017en\u00edky a jak\u00e9koli dal\u0161\u00ed aplikace vy\u017eaduj\u00edc\u00ed spolehliv\u00e9 obrysov\u00e9 sv\u011btlo pro pos\u00e1dku p\u0159es palubu (COB). SM-2 se za v\u0161ech podm\u00ednek vzn\u00e1\u0161\u00ed vzp\u0159\u00edmen\u011b a zaji\u0161\u0165uje tak, \u017ee bude sv\u00edtit, kdy\u017e to nejv\u00edce pot\u0159ebujete.  <\/p>\n<p>&nbsp;<\/p>\n<p><span style=\"color: #e74c3c;\">K\u00d3D: <strong>SHIPFREE20<\/strong> Doprava zdarma u objedn\u00e1vek nad 30 USD. Neplat\u00ed pro Havaje a Alja\u0161ku. <\/span><\/p>\n<p>&nbsp;<\/p>\n","protected":false},"featured_media":155085,"template":"","meta":{"_acf_changed":false,"om_disable_all_campaigns":false},"product_brand":[],"product_cat":[5719],"product_tag":[11182,11172,11187,11195,11207,11220,11148,11162,11160,11213,11157,11154,11151,11168,7596,11224,11202,11216,11164,11177,11190],"class_list":{"0":"post-155036","1":"product","2":"type-product","3":"status-publish","4":"has-post-thumbnail","6":"product_cat-namorni","7":"product_tag-elektronika-acr","8":"product_tag-koupit-akr","9":"product_tag-nafukovaci-zivot","10":"product_tag-namorni-stroboskopicka-svetla","11":"product_tag-nouzove-stroboskopicke-svetlo-cs","12":"product_tag-obchod-se-stroboskopickymi-svetly","13":"product_tag-obrysova-svetla","14":"product_tag-obrysove-svetlo-sm-2","15":"product_tag-obrysove-svetlo-sm2","16":"product_tag-prodej-stroboskopickych-svetel","17":"product_tag-sm-2-cs-2","18":"product_tag-sm-2-cs","19":"product_tag-sm2-cs","20":"product_tag-sm2-zableskovy-reflektor","21":"product_tag-stroboskop","22":"product_tag-stroboskopicka-elektronika","23":"product_tag-stroboskopicke-svetlo-cs","24":"product_tag-stroboskopicke-svetlo-cs-2","25":"product_tag-svetlo-sm2","26":"product_tag-zableskovy-majak","27":"product_tag-zachranne-stroboskopicke-svetlo-cs","28":"pa_product-dedictvi","30":"first","31":"outofstock","32":"taxable","33":"shipping-taxable","34":"product-type-simple"},"acf":[],"_links":{"self":[{"href":"https:\/\/www.acrartex.com\/cs\/wp-json\/wp\/v2\/product\/155036","targetHints":{"allow":["GET"]}}],"collection":[{"href":"https:\/\/www.acrartex.com\/cs\/wp-json\/wp\/v2\/product"}],"about":[{"href":"https:\/\/www.acrartex.com\/cs\/wp-json\/wp\/v2\/types\/product"}],"wp:featuredmedia":[{"embeddable":true,"href":"https:\/\/www.acrartex.com\/cs\/wp-json\/wp\/v2\/media\/155085"}],"wp:attachment":[{"href":"https:\/\/www.acrartex.com\/cs\/wp-json\/wp\/v2\/media?parent=155036"}],"wp:term":[{"taxonomy":"product_brand","embeddable":true,"href":"https:\/\/www.acrartex.com\/cs\/wp-json\/wp\/v2\/product_brand?post=155036"},{"taxonomy":"product_cat","embeddable":true,"href":"https:\/\/www.acrartex.com\/cs\/wp-json\/wp\/v2\/product_cat?post=155036"},{"taxonomy":"product_tag","embeddable":true,"href":"https:\/\/www.acrartex.com\/cs\/wp-json\/wp\/v2\/product_tag?post=155036"}],"curies":[{"name":"wp","href":"https:\/\/api.w.org\/{rel}","templated":true}]}}