{"id":155007,"date":"2021-03-16T08:18:06","date_gmt":"2021-03-16T13:18:06","guid":{"rendered":"https:\/\/www.acrartex.com\/products\/ts-8701-sada-testeru\/"},"modified":"2021-03-16T08:18:06","modified_gmt":"2021-03-16T13:18:06","slug":"ts-8701-sada-testeru","status":"publish","type":"product","link":"https:\/\/www.acrartex.com\/cs\/products\/ts-8701-sada-testeru\/","title":{"rendered":"TS 8701 \u2013 Sada tester\u016f"},"content":{"rendered":"<p><strong>Testov\u00e1n\u00ed ELT a ov\u011b\u0159en\u00ed identifikace ELT<\/strong><\/p>\n<p>Vys\u00edla\u010de nouzov\u00e9ho lokaliz\u00e1toru letadel (ELT) mus\u00ed m\u00edt u n\u00e1rodn\u00edch \u00fa\u0159ad\u016f zaregistrovan\u00e9 sv\u00e9 jedine\u010dn\u00e9 identifika\u010dn\u00ed \u010d\u00edslo. Tester ARTEX poskytuje jednoduch\u00fd zp\u016fsob ov\u011b\u0159en\u00ed a ulo\u017een\u00ed ID ARTEX ELT po instalaci, p\u0159eprogramov\u00e1n\u00ed nebo v p\u0159\u00edpad\u011b pot\u0159eby op\u011btovn\u00e9 registrace maj\u00e1ku po zm\u011bn\u011b vlastnictv\u00ed letadla. <\/p>\n<p><strong>Dek\u00f3dov\u00e1n\u00ed ELT<\/strong><\/p>\n<p>Tester ARTEX dek\u00f3duje vys\u00edl\u00e1n\u00ed dru\u017eic Cospas-Sarsat na frekvenci 406 MHz. Vys\u00edl\u00e1n\u00ed lze ode\u010d\u00edtat p\u0159\u00edmo p\u0159es ant\u00e9nn\u00ed kabel nebo p\u0159es samotnou ant\u00e9nu. Jednotka tak\u00e9 indikuje, zda je p\u0159\u00edtomna frekvence 121,5 MHz. Tester je pouze dek\u00f3dovac\u00ed za\u0159\u00edzen\u00ed a nem\u011b\u0159\u00ed v\u00fdkon. Pro po\u017eadavky na m\u011b\u0159en\u00ed ELT pro ro\u010dn\u00ed kontroly se pros\u00edm obra\u0165te na m\u00edstn\u00ed \u00fa\u0159ad.    <\/p>\n<p><strong>Testovac\u00ed data<\/strong><\/p>\n<p>Tester ARTEX zaznamen\u00e1v\u00e1 ve\u0161ker\u00e1 data do intern\u00ed datab\u00e1ze, kterou lze z\u00e1lohovat do po\u010d\u00edta\u010de. Data si m\u016f\u017eete prohl\u00ed\u017eet v po\u010d\u00edta\u010di nez\u00e1visle na testeru a jsou opat\u0159ena \u010dasov\u00fdm raz\u00edtkem jako d\u016fkaz p\u0159enosu a spr\u00e1vn\u00e9ho naprogramov\u00e1n\u00ed. Tester m\u016f\u017ee tisknout p\u0159es rozhran\u00ed USB do po\u010d\u00edta\u010de. Pro tisk je vy\u017eadov\u00e1n software ke sta\u017een\u00ed na ACRARTEX.com.   <\/p>\n<p>&nbsp;<\/p>\n<p>*V\u0161echny funkce modelu 8701 plat\u00ed pouze pro chyta\u010de lodn\u00ed z\u00e1chrany ARTEX .<\/p>\n<table style=\"width: 602px;\" border=\"0\">\n<tbody>\n<tr>\n<td>Tabulka funkc\u00ed testov\u00e1n\u00ed a programov\u00e1n\u00ed<\/td>\n<td><strong>TPS 8700<\/strong><\/td>\n<td><strong>TS 8701<\/strong><\/td>\n<td><strong>TPS 8715<\/strong><\/td>\n<\/tr>\n<tr>\n<td>Ov\u011b\u0159en\u00ed identifikace ELT a dek\u00f3dov\u00e1n\u00ed vys\u00edl\u00e1n\u00ed na frekvenci 406 MHz<\/td>\n<td><strong>x<\/strong><\/td>\n<td><strong>x<\/strong><\/td>\n<td><strong>x<\/strong><\/td>\n<\/tr>\n<tr>\n<td>Testov\u00e1n\u00ed p\u0159\u00edtomnosti p\u0159enos\u016f 121,5 MHz a 243 MHz<\/td>\n<td><strong>x<\/strong><\/td>\n<td><strong>x<\/strong><\/td>\n<td><strong>x<\/strong><\/td>\n<\/tr>\n<tr>\n<td>Programov\u00e1n\u00ed pouze z\u00e1chrann\u00fdch lodn\u00edch vys\u00edla\u010d\u016f ARTEX pro v\u0161eobecn\u00e9 letectv\u00ed (referen\u010dn\u00ed \u010d\u00edslo PN 8700 pro jednotku, kter\u00e1 je schopna programovat i ELT na p\u0159epravn\u00ed \u00farovni)<\/td>\n<td><strong> <\/strong><\/td>\n<td><strong> <\/strong><\/td>\n<td><strong>x<\/strong><\/td>\n<\/tr>\n<tr>\n<td>Programov\u00e1n\u00ed v\u0161ech chytr\u00fdch hodinek ARTEX ELT<\/td>\n<td><strong>x<\/strong><\/td>\n<td><strong> <\/strong><\/td>\n<td><strong> <\/strong><\/td>\n<\/tr>\n<tr>\n<td>Z\u00e1lohov\u00e1n\u00ed dat do po\u010d\u00edta\u010de<\/td>\n<td><strong>x<\/strong><\/td>\n<td><strong>x<\/strong><\/td>\n<td><strong>x<\/strong><\/td>\n<\/tr>\n<tr>\n<td>Mo\u017enost tisku p\u0159es rozhran\u00ed USB k po\u010d\u00edta\u010di<\/td>\n<td><strong>x<\/strong><\/td>\n<td><strong>x<\/strong><\/td>\n<td><strong>x<\/strong><\/td>\n<\/tr>\n<tr>\n<td>Software dod\u00e1van\u00fd s produktem<\/td>\n<td><strong>x<\/strong><\/td>\n<td><strong>x<\/strong><\/td>\n<td><strong> <\/strong><\/td>\n<\/tr>\n<tr>\n<td>Software nen\u00ed sou\u010d\u00e1st\u00ed produktu (software sta\u017een\u00fd po obdr\u017een\u00ed produktu z\u00e1kazn\u00edkem)<\/td>\n<td><strong> <\/strong><\/td>\n<td><strong> <\/strong><\/td>\n<td><strong>x<\/strong><\/td>\n<\/tr>\n<tr>\n<td><\/td>\n<td><strong> <\/strong><\/td>\n<td><strong> <\/strong><\/td>\n<td><strong> <\/strong><\/td>\n<\/tr>\n<\/tbody>\n<\/table>\n","protected":false},"excerpt":{"rendered":"<p>Tester ARTEX 8701 je jedin\u00fd syst\u00e9m, kter\u00fd pot\u0159ebujete k testov\u00e1n\u00ed a ov\u011b\u0159en\u00ed v\u0161ech ELT ARTEX . Jeho kompaktn\u00ed a p\u0159enosn\u00fd design umo\u017e\u0148uje pohodln\u00e9 pou\u017e\u00edv\u00e1n\u00ed, tak\u017ee m\u016f\u017eete snadno testovat jak\u00fdkoli ELT kdykoli. <\/p>\n<p><a title=\"sarcalc-desktop-software.zip\" href=\"https:\/\/www.acrartex.com\/media\/1377582\/sarcalc-desktop-software.zip\">Desktopov\u00fd software SARCALC<\/a><\/p>\n<p><strong><span style=\"color: #ff0000;\">POZN\u00c1MKA: Tento produkt byl ukon\u010den a nahrazen<\/span> <a href=\"https:\/\/www.acrartex.com\/products\/fpt\/\">program\u00e1torem ARTEX \u0159ady FPT 8800<\/a> .<\/strong><\/p>\n<p>&nbsp;<\/p>\n","protected":false},"featured_media":155012,"template":"","meta":{"_acf_changed":false,"om_disable_all_campaigns":false},"product_brand":[],"product_cat":[5964,8584,5534,5535],"product_tag":[11059,11048,5537,11051,11045,11040,11043,11031,11034,11036,11039,10890,11057,11054],"class_list":{"0":"post-155007","1":"product","2":"type-product","3":"status-publish","4":"has-post-thumbnail","6":"product_cat-business-jet-cs","7":"product_cat-komercni-letadla","8":"product_cat-letectvi","9":"product_cat-vseobecne-letectvi","10":"product_tag-8701-cs","11":"product_tag-dekodovani","12":"product_tag-elt-cs","13":"product_tag-ga-cs","14":"product_tag-overeni","15":"product_tag-programator","16":"product_tag-programator-elt","17":"product_tag-programovani","18":"product_tag-programovani-elt","19":"product_tag-test-cs","20":"product_tag-testovani","21":"product_tag-tps-cs","22":"product_tag-tps-8701-cs","23":"product_tag-vseobecne-letectvi","24":"pa_product-dedictvi","26":"first","27":"instock","28":"taxable","29":"shipping-taxable","30":"product-type-simple"},"acf":[],"_links":{"self":[{"href":"https:\/\/www.acrartex.com\/cs\/wp-json\/wp\/v2\/product\/155007","targetHints":{"allow":["GET"]}}],"collection":[{"href":"https:\/\/www.acrartex.com\/cs\/wp-json\/wp\/v2\/product"}],"about":[{"href":"https:\/\/www.acrartex.com\/cs\/wp-json\/wp\/v2\/types\/product"}],"wp:featuredmedia":[{"embeddable":true,"href":"https:\/\/www.acrartex.com\/cs\/wp-json\/wp\/v2\/media\/155012"}],"wp:attachment":[{"href":"https:\/\/www.acrartex.com\/cs\/wp-json\/wp\/v2\/media?parent=155007"}],"wp:term":[{"taxonomy":"product_brand","embeddable":true,"href":"https:\/\/www.acrartex.com\/cs\/wp-json\/wp\/v2\/product_brand?post=155007"},{"taxonomy":"product_cat","embeddable":true,"href":"https:\/\/www.acrartex.com\/cs\/wp-json\/wp\/v2\/product_cat?post=155007"},{"taxonomy":"product_tag","embeddable":true,"href":"https:\/\/www.acrartex.com\/cs\/wp-json\/wp\/v2\/product_tag?post=155007"}],"curies":[{"name":"wp","href":"https:\/\/api.w.org\/{rel}","templated":true}]}}