{"id":155006,"date":"2021-03-16T08:17:57","date_gmt":"2021-03-16T13:17:57","guid":{"rendered":"https:\/\/www.acrartex.com\/products\/tps-8715-sada-testovacich-a-programovacich-pristroju\/"},"modified":"2021-03-16T08:17:57","modified_gmt":"2021-03-16T13:17:57","slug":"tps-8715-sada-testovacich-a-programovacich-pristroju","status":"publish","type":"product","link":"https:\/\/www.acrartex.com\/cs\/products\/tps-8715-sada-testovacich-a-programovacich-pristroju\/","title":{"rendered":"TPS 8715 \u2013 Sada testovac\u00edch a programovac\u00edch p\u0159\u00edstroj\u016f"},"content":{"rendered":"<p><strong><u>Testov\u00e1n\u00ed ELT a ov\u011b\u0159en\u00ed identifikace ELT<\/u><\/strong><\/p>\n<p>Nouzov\u00e9 vys\u00edla\u010de polohy letadel (ELT) mus\u00ed m\u00edt u n\u00e1rodn\u00edch \u00fa\u0159ad\u016f zaregistrov\u00e1no sv\u00e9 jedine\u010dn\u00e9 identifika\u010dn\u00ed \u010d\u00edslo. Syst\u00e9m ARTEX TPS 8715 pro v\u0161eobecn\u00e9 letectv\u00ed poskytuje jednoduch\u00fd zp\u016fsob ov\u011b\u0159en\u00ed a ulo\u017een\u00ed ID vys\u00edla\u010d\u016f ARTEX ELT po instalaci, p\u0159eprogramov\u00e1n\u00ed nebo v p\u0159\u00edpad\u011b pot\u0159eby op\u011btovn\u00e9 registrace maj\u00e1ku po zm\u011bn\u011b vlastnictv\u00ed letadla. Tento syst\u00e9m programuje pouze vys\u00edla\u010de ARTEX ELT* pro v\u0161eobecn\u00e9 letectv\u00ed, v\u010detn\u011b ME406, ELT 345 a ELT 1000.  <\/p>\n<p><strong><u>Dek\u00f3dov\u00e1n\u00ed ELT<\/u><\/strong><\/p>\n<p>ARTEX TPS 8715 je robustn\u00ed, kompaktn\u00ed a p\u0159enosn\u00fd syst\u00e9m, kter\u00fd dek\u00f3duje vys\u00edl\u00e1n\u00ed dru\u017eic Cospas-Sarsat na frekvenci 406 MHz. Vys\u00edl\u00e1n\u00ed lze \u010d\u00edst p\u0159\u00edmo p\u0159es ant\u00e9nn\u00ed kabel nebo p\u0159es samotnou ant\u00e9nu. Jednotka tak\u00e9 indikuje, zda je p\u0159\u00edtomna frekvence 121,5 MHz. TPS 8715 je pouze dek\u00f3dovac\u00ed za\u0159\u00edzen\u00ed a nem\u011b\u0159\u00ed v\u00fdkon. Pro po\u017eadavky na m\u011b\u0159en\u00ed ELT pro ka\u017edoro\u010dn\u00ed kontroly se pros\u00edm obra\u0165te na m\u00edstn\u00ed \u00fa\u0159ad.    <\/p>\n<p><strong><u>Program GA Line of ELT<\/u><\/strong><\/p>\n<p>TPS 8715 dok\u00e1\u017ee rychle a snadno naprogramovat celou \u0159adu z\u00e1chrann\u00fdch lokomotivn\u00edch p\u0159\u00edstroj\u016f ARTEX General Aviation ELT s po\u017eadovan\u00fdm protokolem, p\u0159enosovou rychlost\u00ed naviga\u010dn\u00edch dat a po\u017eadovan\u00fdmi informacemi dle standard\u016f Cospas-Sarsat prost\u0159ednictv\u00edm programovac\u00edho kabelu (sou\u010d\u00e1st\u00ed balen\u00ed).<\/p>\n<p><strong><u>Testovac\u00ed data<\/u><\/strong><\/p>\n<p>Tisk\u00e1rna TPS 8715 zaznamen\u00e1v\u00e1 v\u0161echna data do intern\u00ed datab\u00e1ze, kterou lze z\u00e1lohovat do po\u010d\u00edta\u010de. Data si m\u016f\u017eete prohl\u00ed\u017eet v po\u010d\u00edta\u010di nez\u00e1visle na TPS 8715 a jsou opat\u0159ena \u010dasov\u00fdm raz\u00edtkem jako d\u016fkaz p\u0159enosu a spr\u00e1vn\u00e9ho naprogramov\u00e1n\u00ed. Tisk\u00e1rna TPS 8715 umo\u017e\u0148uje tisknout p\u0159es rozhran\u00ed USB do po\u010d\u00edta\u010de. Pro tisk je vy\u017eadov\u00e1n software ke sta\u017een\u00ed na ACRARTEX.com.   <\/p>\n<p>TPS 8715 je dod\u00e1v\u00e1n bez softwaru a pro sta\u017een\u00ed po\u017eadovan\u00fdch softwarov\u00fdch aplikac\u00ed se mus\u00edte zaregistrovat a absolvovat \u0161kolen\u00ed na <a href=\"http:\/\/www.acrartex.com\/\">www.ACRARTEX.com<\/a> . \u0160kolen\u00ed je samoobslu\u017en\u00e9 a je k dispozici zdarma. Ke ka\u017ed\u00e9 jednotce je p\u0159ilo\u017een stru\u010dn\u00fd n\u00e1vod k obsluze s popisem postupu.  <\/p>\n<p>*Pro programov\u00e1n\u00ed ELT na p\u0159epravn\u00ed \u00farovni viz PN 8700 ELT TPS.<\/p>\n","protected":false},"excerpt":{"rendered":"<p>ARTEX TPS 8715 umo\u017e\u0148uje ov\u011b\u0159ov\u00e1n\u00ed, testov\u00e1n\u00ed a programov\u00e1n\u00ed \u0159ady ELT ARTEX pro v\u0161eobecn\u00e9 letectv\u00ed.<\/p>\n<p> <span style=\"color: #ff0000;\"><strong>POZN\u00c1MKA: Tento produkt byl ukon\u010den a nahrazen <a href=\"https:\/\/www.acrartex.com\/products\/fpt\/\">program\u00e1torem ARTEX \u0159ady FPT 8800<\/a> .<\/strong><\/span><\/p>\n","protected":false},"featured_media":155010,"template":"","meta":{"_acf_changed":false,"om_disable_all_campaigns":false},"product_brand":[],"product_cat":[5534,5535],"product_tag":[11049,11048,5537,11051,11045,11040,11043,11031,11034,11036,11039,10890,11047,11054],"class_list":{"0":"post-155006","1":"product","2":"type-product","3":"status-publish","4":"has-post-thumbnail","6":"product_cat-letectvi","7":"product_cat-vseobecne-letectvi","8":"product_tag-8715-cs","9":"product_tag-dekodovani","10":"product_tag-elt-cs","11":"product_tag-ga-cs","12":"product_tag-overeni","13":"product_tag-programator","14":"product_tag-programator-elt","15":"product_tag-programovani","16":"product_tag-programovani-elt","17":"product_tag-test-cs","18":"product_tag-testovani","19":"product_tag-tps-cs","20":"product_tag-tps-8715-cs","21":"product_tag-vseobecne-letectvi","22":"pa_product-dedictvi","24":"first","25":"instock","26":"taxable","27":"shipping-taxable","28":"product-type-simple"},"acf":[],"_links":{"self":[{"href":"https:\/\/www.acrartex.com\/cs\/wp-json\/wp\/v2\/product\/155006","targetHints":{"allow":["GET"]}}],"collection":[{"href":"https:\/\/www.acrartex.com\/cs\/wp-json\/wp\/v2\/product"}],"about":[{"href":"https:\/\/www.acrartex.com\/cs\/wp-json\/wp\/v2\/types\/product"}],"wp:featuredmedia":[{"embeddable":true,"href":"https:\/\/www.acrartex.com\/cs\/wp-json\/wp\/v2\/media\/155010"}],"wp:attachment":[{"href":"https:\/\/www.acrartex.com\/cs\/wp-json\/wp\/v2\/media?parent=155006"}],"wp:term":[{"taxonomy":"product_brand","embeddable":true,"href":"https:\/\/www.acrartex.com\/cs\/wp-json\/wp\/v2\/product_brand?post=155006"},{"taxonomy":"product_cat","embeddable":true,"href":"https:\/\/www.acrartex.com\/cs\/wp-json\/wp\/v2\/product_cat?post=155006"},{"taxonomy":"product_tag","embeddable":true,"href":"https:\/\/www.acrartex.com\/cs\/wp-json\/wp\/v2\/product_tag?post=155006"}],"curies":[{"name":"wp","href":"https:\/\/api.w.org\/{rel}","templated":true}]}}