{"id":154968,"date":"2021-03-16T08:18:08","date_gmt":"2021-03-16T13:18:08","guid":{"rendered":"https:\/\/www.acrartex.com\/products\/nastroj-pro-demontaz-konektoru-tps\/"},"modified":"2021-03-16T08:18:08","modified_gmt":"2021-03-16T13:18:08","slug":"nastroj-pro-demontaz-konektoru-tps","status":"publish","type":"product","link":"https:\/\/www.acrartex.com\/cs\/products\/nastroj-pro-demontaz-konektoru-tps\/","title":{"rendered":"N\u00e1stroj pro demont\u00e1\u017e konektoru TPS"},"content":{"rendered":"","protected":false},"excerpt":{"rendered":"<p>N\u00e1stroj pro demont\u00e1\u017e konektor\u016f TPS pom\u00e1h\u00e1 odpojit i ty nejnevhodn\u011bj\u0161\u00ed konektory, tak\u017ee demont\u00e1\u017e ELT (C406-2 a C406-2 HM, B406-4 a G406-4) a ant\u00e9ny je rychl\u00e1 a efektivn\u00ed. Tento n\u00e1stroj je kompatibiln\u00ed s n\u00e1sleduj\u00edc\u00edmi modely ELT : \u2013 C406-2 \u2013 C406-2 HM \u2013 B406-4 \u2013 G406-4 <\/p>\n","protected":false},"featured_media":154975,"template":"","meta":{"_acf_changed":false,"om_disable_all_campaigns":false},"product_brand":[],"product_cat":[6135],"product_tag":[10907,10920,10904,10910,10913,10918,10901,10898,10895,10923,10917,10890],"class_list":{"0":"post-154968","1":"product","2":"type-product","3":"status-publish","4":"has-post-thumbnail","6":"product_cat-nezarazene","7":"product_tag-145-0001-cs","8":"product_tag-cislo-dilu-145-0001-cs-3","9":"product_tag-cislo-dilu-145-0001","10":"product_tag-cislo-dilu-145-0001-cs","11":"product_tag-cislo-dilu-145-0001-cs-2","12":"product_tag-cislo-dilu-4145-0001","13":"product_tag-demontaz-eltu-pro-udrzbu","14":"product_tag-demontaz-konektoru","15":"product_tag-nastroj-pro-demontaz-konektoru-tps","16":"product_tag-nastroj-pro-odstraneni","17":"product_tag-pn4145-0001-cs","18":"product_tag-tps-cs","20":"first","21":"instock","22":"taxable","23":"shipping-taxable","24":"product-type-simple"},"acf":[],"_links":{"self":[{"href":"https:\/\/www.acrartex.com\/cs\/wp-json\/wp\/v2\/product\/154968","targetHints":{"allow":["GET"]}}],"collection":[{"href":"https:\/\/www.acrartex.com\/cs\/wp-json\/wp\/v2\/product"}],"about":[{"href":"https:\/\/www.acrartex.com\/cs\/wp-json\/wp\/v2\/types\/product"}],"wp:featuredmedia":[{"embeddable":true,"href":"https:\/\/www.acrartex.com\/cs\/wp-json\/wp\/v2\/media\/154975"}],"wp:attachment":[{"href":"https:\/\/www.acrartex.com\/cs\/wp-json\/wp\/v2\/media?parent=154968"}],"wp:term":[{"taxonomy":"product_brand","embeddable":true,"href":"https:\/\/www.acrartex.com\/cs\/wp-json\/wp\/v2\/product_brand?post=154968"},{"taxonomy":"product_cat","embeddable":true,"href":"https:\/\/www.acrartex.com\/cs\/wp-json\/wp\/v2\/product_cat?post=154968"},{"taxonomy":"product_tag","embeddable":true,"href":"https:\/\/www.acrartex.com\/cs\/wp-json\/wp\/v2\/product_tag?post=154968"}],"curies":[{"name":"wp","href":"https:\/\/api.w.org\/{rel}","templated":true}]}}