{"id":154941,"date":"2021-03-16T08:18:16","date_gmt":"2021-03-16T13:18:16","guid":{"rendered":"https:\/\/www.acrartex.com\/products\/pistalka-ww-3-resq\/"},"modified":"2021-03-16T08:18:16","modified_gmt":"2021-03-16T13:18:16","slug":"pistalka-ww-3-resq","status":"publish","type":"product","link":"https:\/\/www.acrartex.com\/cs\/products\/pistalka-ww-3-resq\/","title":{"rendered":"P\u00ed\u0161\u0165alka WW-3 ResQ\u2122"},"content":{"rendered":"<ul>\n<li>Z\u00edsk\u00e1v\u00e1 pozornost!<\/li>\n<li>Hlasit\u00fd, pronikav\u00fd, dvout\u00f3nov\u00fd zvuk sly\u0161iteln\u00fd z velk\u00e9 vzd\u00e1lenosti<\/li>\n<li>Unik\u00e1tn\u00ed ploch\u00fd design zabra\u0148uje zadr\u017eov\u00e1n\u00ed vody<\/li>\n<li>Spl\u0148uje po\u017eadavky pob\u0159e\u017en\u00ed str\u00e1\u017ee USA<\/li>\n<li>Pom\u00e1h\u00e1 p\u0159i z\u00e1chrann\u00fdch akc\u00edch na zemi nebo na mo\u0159i<\/li>\n<li>Pou\u017e\u00edvejte na z\u00e1chrann\u00e9 vesty, vesty, vybaven\u00ed do nep\u0159\u00edzniv\u00e9ho po\u010das\u00ed, kruhov\u00e9 b\u00f3je, rafty, kl\u00ed\u010denky atd.<\/li>\n<li>Kompletn\u00ed s 80 cm dlouhou \u0161\u0148\u016frkou<\/li>\n<\/ul>\n","protected":false},"excerpt":{"rendered":"<p>Z\u00edskejte pozornost, kdy\u017e ji pot\u0159ebujete, s p\u00ed\u0161\u0165alkou WW-3 ResQ\u2122. Tato kompaktn\u00ed p\u00ed\u0161\u0165alka pro p\u0159e\u017eit\u00ed byla speci\u00e1ln\u011b vyvinuta pro lokalizaci lod\u00ed, kter\u00e9 spadly p\u0159es palubu, ale m\u016f\u017ee tak\u00e9 pomoci p\u0159i z\u00e1chran\u011b na sou\u0161i. WW-3 ResQ vyd\u00e1v\u00e1 pronikav\u00fd dvout\u00f3nov\u00fd zvuk o s\u00edle a\u017e 100 decibel\u016f, kter\u00fd je sly\u0161iteln\u00fd na velk\u00e9 vzd\u00e1lenosti. Unik\u00e1tn\u00ed ploch\u00fd design t\u00e9to p\u00ed\u0161\u0165alky zabra\u0148uje zadr\u017eov\u00e1n\u00ed vody a jej\u00ed 80cm \u0161\u0148\u016frka se snadno p\u0159ipevn\u00ed k z\u00e1chrann\u00fdm vest\u00e1m, raft\u016fm a dal\u0161\u00edmu vybaven\u00ed do pov\u011btrnostn\u00edch podm\u00ednek. A aby toho nebylo m\u00e1lo, tato z\u00e1chrann\u00e1 p\u00ed\u0161\u0165alka byla vyrobena tak, aby spl\u0148ovala po\u017eadavky pob\u0159e\u017en\u00ed str\u00e1\u017ee USA.    <\/p>\n","protected":false},"featured_media":154948,"template":"","meta":{"_acf_changed":false,"om_disable_all_campaigns":false},"product_brand":[],"product_cat":[5957,5949,5960,5953,5719,5962,5951,7907,5955,5790,5947],"product_tag":[10817,10832,10836,10821,10824,10828,10843,10840,5975,10845],"class_list":{"0":"post-154941","1":"product","2":"type-product","3":"status-publish","4":"has-post-thumbnail","6":"product_cat-akcni-sporty-terenni-jizdy","7":"product_cat-blizko-pobrezi","8":"product_cat-cestovni-vybaveni","9":"product_cat-komercni","10":"product_cat-namorni","11":"product_cat-padlovaci-sporty-rybareni","12":"product_cat-pobrezni","13":"product_cat-signalizacni-produkty","14":"product_cat-turistika-horolezectvi-tabor","15":"product_cat-venkovni","16":"product_cat-vnitrozemi","17":"product_tag-2vodicove-rozhrani-elt-rswt","18":"product_tag-bezpecnost-pri-pistalkach","19":"product_tag-bezpecnostni-pistalka","20":"product_tag-nouzova-pistalka","21":"product_tag-nouzove-pistalky","22":"product_tag-nouzove-zasoby","23":"product_tag-piskat","24":"product_tag-plastova-pistalka","25":"product_tag-resq-cs","26":"product_tag-signal-cs","27":"pa_product-bezpecnostni-prislusenstvi","28":"pa_product-signalizacni-produkty","30":"first","31":"instock","32":"taxable","33":"shipping-taxable","34":"purchasable","35":"product-type-simple"},"acf":[],"_links":{"self":[{"href":"https:\/\/www.acrartex.com\/cs\/wp-json\/wp\/v2\/product\/154941","targetHints":{"allow":["GET"]}}],"collection":[{"href":"https:\/\/www.acrartex.com\/cs\/wp-json\/wp\/v2\/product"}],"about":[{"href":"https:\/\/www.acrartex.com\/cs\/wp-json\/wp\/v2\/types\/product"}],"wp:featuredmedia":[{"embeddable":true,"href":"https:\/\/www.acrartex.com\/cs\/wp-json\/wp\/v2\/media\/154948"}],"wp:attachment":[{"href":"https:\/\/www.acrartex.com\/cs\/wp-json\/wp\/v2\/media?parent=154941"}],"wp:term":[{"taxonomy":"product_brand","embeddable":true,"href":"https:\/\/www.acrartex.com\/cs\/wp-json\/wp\/v2\/product_brand?post=154941"},{"taxonomy":"product_cat","embeddable":true,"href":"https:\/\/www.acrartex.com\/cs\/wp-json\/wp\/v2\/product_cat?post=154941"},{"taxonomy":"product_tag","embeddable":true,"href":"https:\/\/www.acrartex.com\/cs\/wp-json\/wp\/v2\/product_tag?post=154941"}],"curies":[{"name":"wp","href":"https:\/\/api.w.org\/{rel}","templated":true}]}}