{"id":154935,"date":"2021-03-16T08:18:23","date_gmt":"2021-03-16T13:18:23","guid":{"rendered":"https:\/\/www.acrartex.com\/products\/signalni-zrcatko-hot-shot\/"},"modified":"2021-03-16T08:18:23","modified_gmt":"2021-03-16T13:18:23","slug":"signalni-zrcatko-hot-shot","status":"publish","type":"product","link":"https:\/\/www.acrartex.com\/cs\/products\/signalni-zrcatko-hot-shot\/","title":{"rendered":"Sign\u00e1ln\u00ed zrc\u00e1tko Hot Shot\u2122"},"content":{"rendered":"<ul>\n<li>Navr\u017eeno pro optim\u00e1ln\u00ed zam\u011b\u0159ovac\u00ed \u201ebod\u201c s holografick\u00fdm pr\u016fzorem s \u010dervenou te\u010dkou<\/li>\n<li>Kdy\u017e jsou obraz c\u00edle, zrcadlo a slunce ve spr\u00e1vn\u00e9m zarovn\u00e1n\u00ed, \u010derven\u00e1 te\u010dka na c\u00edli zaji\u0161\u0165uje, \u017ee odraz zrcadla je na c\u00edli.<\/li>\n<li>Druh\u00e9 reflexn\u00ed zrc\u00e1tko v kvalit\u011b dalekohledu je jasn\u00e9 a poskytuje zaost\u0159en\u00fd obraz.<\/li>\n<li>Plovouc\u00ed plov\u00e1k pro snadn\u00e9 vypro\u0161t\u011bn\u00ed v p\u0159\u00edpad\u011b p\u00e1du p\u0159es palubu<\/li>\n<li>Patentovan\u00e1 p\u00ed\u0161\u0165alka (spl\u0148uje po\u017eadavky pob\u0159e\u017en\u00ed str\u00e1\u017ee USA) pro zvukov\u00e9 upozorn\u011bn\u00ed za podm\u00ednek n\u00edzk\u00e9 viditelnosti<\/li>\n<li>Lano pro upevn\u011bn\u00ed k osob\u011b nebo z\u00e1chrann\u00e9mu voru<\/li>\n<li>Jednoduch\u00fd, kompletn\u00ed bezpe\u010dnostn\u00ed signaliza\u010dn\u00ed bal\u00ed\u010dek<\/li>\n<\/ul>\n","protected":false},"excerpt":{"rendered":"<p><span style=\"color: #ff0000;\"><strong>JDE O UKON\u010cEN\u00dd PRODUKT, KTER\u00dd SE JI\u017d NEVYR\u00c1B\u00cd ANI NEPROD\u00c1V\u00c1<\/strong><\/span><\/p>\n<p>&nbsp;<\/p>\n<p>Dopl\u0148te svou nouzovou v\u00fdbavu kvalitn\u00edm zrc\u00e1tkem, jako je The Hot Shot\u2122 Signal. Toto odoln\u00e9 denn\u00ed signaliza\u010dn\u00ed za\u0159\u00edzen\u00ed posouv\u00e1 nouzov\u00e1 varov\u00e1n\u00ed na novou \u00farove\u0148 d\u00edky holografick\u00e9mu pr\u016fzoru s \u201e\u010dervenou te\u010dkou\u201c, kter\u00fd rychle vyhled\u00e1 optim\u00e1ln\u00ed bod pro jasn\u00fd a zaost\u0159en\u00fd sign\u00e1l. Kdy\u017e jsou obraz c\u00edle, zrc\u00e1tko a slunce ve spr\u00e1vn\u00e9m zarovn\u00e1n\u00ed, \u010derven\u00e1 te\u010dka zajist\u00ed, \u017ee odraz zrc\u00e1tka je na c\u00edli. The Hot Shot Signal se py\u0161n\u00ed vztlakov\u00fdm designem, tak\u017ee jej lze snadno vyzvednout, pokud spadne p\u0159es palubu. A co je je\u0161t\u011b lep\u0161\u00ed, pokud je p\u00ed\u0161\u0165alka \u00fapln\u011b mimo, spl\u0148uje tato patentovan\u00e1 p\u00ed\u0161\u0165alka standardy pob\u0159e\u017en\u00ed str\u00e1\u017ee USA a je dod\u00e1v\u00e1na se \u0161\u0148\u016frkou, tak\u017ee ji lze snadno p\u0159ipevnit k osob\u011b nebo z\u00e1chrann\u00e9mu \u010dlunu.    <\/p>\n<p>&nbsp;<\/p>\n","protected":false},"featured_media":154945,"template":"","meta":{"_acf_changed":false,"om_disable_all_campaigns":false},"product_brand":[],"product_cat":[5719,5790],"product_tag":[10830,10834,10838,10841,10823,10803,10806,10802,10798,10818,10814,10827,10812,10808,10810],"class_list":{"0":"post-154935","1":"product","2":"type-product","3":"status-publish","4":"has-post-thumbnail","6":"product_cat-namorni","7":"product_cat-venkovni","8":"product_tag-bezpecnostni-signalizace","9":"product_tag-bezpecnostni-signalizacni-zrcatko","10":"product_tag-pokyny-k-zrcadlovemu-signalu","11":"product_tag-pomoci-signalniho-zrcadla","12":"product_tag-signalizace-preziti","13":"product_tag-signalizacni-zrcadlo","14":"product_tag-signalizacni-zrcatka","15":"product_tag-signalni-zrcadla","16":"product_tag-signalni-zrcadlo","17":"product_tag-sklenene-signalni-zrcadlo","18":"product_tag-zrcadla-signalu-pro-preziti","19":"product_tag-zrcadlo-pro-preziti","20":"product_tag-zrcadlo-signalu-preziti","21":"product_tag-zrcadlove-signaly","22":"product_tag-zrcadlovy-signal","23":"pa_product-dedictvi","25":"first","26":"outofstock","27":"taxable","28":"shipping-taxable","29":"product-type-simple"},"acf":[],"_links":{"self":[{"href":"https:\/\/www.acrartex.com\/cs\/wp-json\/wp\/v2\/product\/154935","targetHints":{"allow":["GET"]}}],"collection":[{"href":"https:\/\/www.acrartex.com\/cs\/wp-json\/wp\/v2\/product"}],"about":[{"href":"https:\/\/www.acrartex.com\/cs\/wp-json\/wp\/v2\/types\/product"}],"wp:featuredmedia":[{"embeddable":true,"href":"https:\/\/www.acrartex.com\/cs\/wp-json\/wp\/v2\/media\/154945"}],"wp:attachment":[{"href":"https:\/\/www.acrartex.com\/cs\/wp-json\/wp\/v2\/media?parent=154935"}],"wp:term":[{"taxonomy":"product_brand","embeddable":true,"href":"https:\/\/www.acrartex.com\/cs\/wp-json\/wp\/v2\/product_brand?post=154935"},{"taxonomy":"product_cat","embeddable":true,"href":"https:\/\/www.acrartex.com\/cs\/wp-json\/wp\/v2\/product_cat?post=154935"},{"taxonomy":"product_tag","embeddable":true,"href":"https:\/\/www.acrartex.com\/cs\/wp-json\/wp\/v2\/product_tag?post=154935"}],"curies":[{"name":"wp","href":"https:\/\/api.w.org\/{rel}","templated":true}]}}