{"id":154929,"date":"2021-03-16T08:18:32","date_gmt":"2021-03-16T13:18:32","guid":{"rendered":"https:\/\/www.acrartex.com\/products\/l8-4\/"},"modified":"2021-03-16T08:18:32","modified_gmt":"2021-03-16T13:18:32","slug":"l8-4","status":"publish","type":"product","link":"https:\/\/www.acrartex.com\/cs\/products\/l8-4\/","title":{"rendered":"L8-4"},"content":{"rendered":"<ul>\n<li>Schv\u00e1leno FAA pro pou\u017eit\u00ed na z\u00e1chrann\u00fdch vest\u00e1ch<\/li>\n<li>Kombinace lampy a \u010do\u010dky vytv\u00e1\u0159\u00ed brilantn\u00ed sv\u011btlo viditeln\u00e9 na vzd\u00e1lenost v\u00edce ne\u017e jednu m\u00edli<\/li>\n<li>Funguje ve sladk\u00e9 i slan\u00e9 vod\u011b<\/li>\n<li>Standardn\u00ed d\u00e9lka p\u0159\u00edvodn\u00edho dr\u00e1tu 46 cm (18 palc\u016f); k dispozici jsou i zak\u00e1zkov\u00e9 d\u00e9lky (plat\u00ed minim\u00e1ln\u00ed mno\u017estv\u00ed)<\/li>\n<li>Baterie aktivovan\u00e1 vodou<\/li>\n<li>Provozn\u00ed doba p\u0159esahuje 8 hodin<\/li>\n<\/ul>\n","protected":false},"excerpt":{"rendered":"<p>L8-4 je osobn\u00ed z\u00e1chrann\u00e9 sv\u011btlo aktivovan\u00e9 vodou, kter\u00e9 je schv\u00e1leno FAA pro pou\u017eit\u00ed na z\u00e1chrann\u00fdch vest\u00e1ch. Kombinace sv\u011btla a \u010do\u010dky L8-4 vytv\u00e1\u0159\u00ed siln\u00e9 sv\u011btlo, kter\u00e9 je viditeln\u00e9 na v\u00edce ne\u017e jednu m\u00edli. Toto z\u00e1chrann\u00e9 sv\u011btlo m\u00e1 baterii aktivovanou vodou a po spu\u0161t\u011bn\u00ed vydr\u017e\u00ed sv\u00edtit 8 hodin.  <\/p>\n","protected":false},"featured_media":154942,"template":"","meta":{"_acf_changed":false,"om_disable_all_campaigns":false},"product_brand":[],"product_cat":[5964,8584,5534,5535],"product_tag":[7931,10809,10807,10811,10822,10826,10835,10813,10815,10819,10796,10799,7928,7930,7910,10801,10831,10794,7933,10792,10805],"class_list":{"0":"post-154929","1":"product","2":"type-product","3":"status-publish","4":"has-post-thumbnail","6":"product_cat-business-jet-cs","7":"product_cat-komercni-letadla","8":"product_cat-letectvi","9":"product_cat-vseobecne-letectvi","10":"product_tag-acr-stroboskop","11":"product_tag-artex-pfd-cs","12":"product_tag-artex-svetlo","13":"product_tag-l8-svetlo","14":"product_tag-l8-3-cs","15":"product_tag-l8-3-svetlo","16":"product_tag-l8-4-svetlo","17":"product_tag-l82-cs","18":"product_tag-l83-cs","19":"product_tag-l84-cs","20":"product_tag-letecke-pfd-svetlo","21":"product_tag-letecke-svetlo","22":"product_tag-namorni-stroboskopicke-svetlo","23":"product_tag-nouzove-stroboskopicke-svetlo","24":"product_tag-stroboskopicka-svetla","25":"product_tag-stroboskopicka-svetla-acr","26":"product_tag-svetlo-l84","27":"product_tag-svetlo-pro-leteckou-zachrannou-vestu","28":"product_tag-zachranna-svetla","29":"product_tag-zachranne-stroboskopicke-svetlo","30":"product_tag-zachranne-svetlo","31":"pa_product-dedictvi","33":"first","34":"instock","35":"taxable","36":"shipping-taxable","37":"product-type-simple"},"acf":[],"_links":{"self":[{"href":"https:\/\/www.acrartex.com\/cs\/wp-json\/wp\/v2\/product\/154929","targetHints":{"allow":["GET"]}}],"collection":[{"href":"https:\/\/www.acrartex.com\/cs\/wp-json\/wp\/v2\/product"}],"about":[{"href":"https:\/\/www.acrartex.com\/cs\/wp-json\/wp\/v2\/types\/product"}],"wp:featuredmedia":[{"embeddable":true,"href":"https:\/\/www.acrartex.com\/cs\/wp-json\/wp\/v2\/media\/154942"}],"wp:attachment":[{"href":"https:\/\/www.acrartex.com\/cs\/wp-json\/wp\/v2\/media?parent=154929"}],"wp:term":[{"taxonomy":"product_brand","embeddable":true,"href":"https:\/\/www.acrartex.com\/cs\/wp-json\/wp\/v2\/product_brand?post=154929"},{"taxonomy":"product_cat","embeddable":true,"href":"https:\/\/www.acrartex.com\/cs\/wp-json\/wp\/v2\/product_cat?post=154929"},{"taxonomy":"product_tag","embeddable":true,"href":"https:\/\/www.acrartex.com\/cs\/wp-json\/wp\/v2\/product_tag?post=154929"}],"curies":[{"name":"wp","href":"https:\/\/api.w.org\/{rel}","templated":true}]}}