{"id":154860,"date":"2021-03-16T08:18:44","date_gmt":"2021-03-16T13:18:44","guid":{"rendered":"https:\/\/www.acrartex.com\/products\/antena-110-337-11-cepel-406\/"},"modified":"2021-03-16T08:18:44","modified_gmt":"2021-03-16T13:18:44","slug":"antena-110-337-11-cepel-406","status":"publish","type":"product","link":"https:\/\/www.acrartex.com\/cs\/products\/antena-110-337-11-cepel-406\/","title":{"rendered":"Ant\u00e9na 110-337-11, \u010depel 406"},"content":{"rendered":"<p>T\u0159\u00edp\u00e1smov\u00e1 vysokorychlostn\u00ed ploch\u00e1 ant\u00e9na, kter\u00e1 v kompaktn\u00edm proveden\u00ed nab\u00edz\u00ed frekvence 121,5, 243 a 406 MHz. Model 110-337-11 nab\u00edz\u00ed dva konektory pro instalace, kter\u00e9 toto nastaven\u00ed vy\u017eaduj\u00ed. Je navr\u017eena tak, aby spl\u0148ovala po\u017eadavky normy TSOA C91a a spl\u0148ovala zkou\u0161ku plamenem Eurocae ED 62.  <\/p>\n<p>Nab\u00edz\u00ed dva bezpe\u010dn\u00e9 zp\u016fsoby upevn\u011bn\u00ed ant\u00e9ny k letadlu. Vyberte si bu\u010f mont\u00e1\u017e \u0161rouby, nebo mont\u00e1\u017e na z\u00e1kladn\u00ed desku. <\/p>\n","protected":false},"excerpt":{"rendered":"<p>Ant\u00e9na 110-337-11 je vybavena na\u0161\u00ed inovativn\u00ed technologi\u00ed Tri-Band, kter\u00e1 spojuje frekvence 121,5, 243 a 406 MHz v jednom kompaktn\u00edm proveden\u00ed. Tato vysokorychlostn\u00ed ploch\u00e1 ant\u00e9na nab\u00edz\u00ed dva konektory pro instalace, kter\u00e9 vy\u017eaduj\u00ed toto konkr\u00e9tn\u00ed nastaven\u00ed. Nav\u00edc nab\u00edz\u00edme dva bezpe\u010dn\u00e9 zp\u016fsoby upevn\u011bn\u00ed t\u00e9to ant\u00e9ny k va\u0161emu letadlu: mont\u00e1\u017e \u0161rouby nebo mont\u00e1\u017e na z\u00e1kladn\u00ed desku. Stejn\u011b jako ve\u0161ker\u00e9 na\u0161e za\u0159\u00edzen\u00ed je i tato ant\u00e9na navr\u017eena tak, aby spl\u0148ovala pr\u016fmyslov\u00e9 standardy. Tento produkt spl\u0148uje po\u017eadavky TSOA C91a a zkou\u0161ku plamenem Eurocae ED 62.    <\/p>\n","protected":false},"featured_media":154862,"template":"","meta":{"_acf_changed":false,"om_disable_all_campaigns":false},"product_brand":[],"product_cat":[5534],"product_tag":[10163,10454,10161,10450,10165,10171,10169,10167,10159,10176,10173,10155,10157],"class_list":{"0":"post-154860","1":"product","2":"type-product","3":"status-publish","4":"has-post-thumbnail","6":"product_cat-letectvi","7":"product_tag-406-antena","8":"product_tag-406-antenni-cepel","9":"product_tag-antena-121-243","10":"product_tag-antena-121-406-cs","11":"product_tag-antena-elt-s-lopatkami","12":"product_tag-antena-rode-elt","13":"product_tag-antena-s-prutovym-eltem","14":"product_tag-antenni-tyc-elt","15":"product_tag-dvoufrekvencni-antena","16":"product_tag-lopatkova-antena-elt","17":"product_tag-prutova-antena-elt","18":"product_tag-tripasmova-antena","19":"product_tag-tripasmova-antena-cs","21":"first","22":"instock","23":"taxable","24":"shipping-taxable","25":"product-type-simple"},"acf":[],"_links":{"self":[{"href":"https:\/\/www.acrartex.com\/cs\/wp-json\/wp\/v2\/product\/154860","targetHints":{"allow":["GET"]}}],"collection":[{"href":"https:\/\/www.acrartex.com\/cs\/wp-json\/wp\/v2\/product"}],"about":[{"href":"https:\/\/www.acrartex.com\/cs\/wp-json\/wp\/v2\/types\/product"}],"wp:featuredmedia":[{"embeddable":true,"href":"https:\/\/www.acrartex.com\/cs\/wp-json\/wp\/v2\/media\/154862"}],"wp:attachment":[{"href":"https:\/\/www.acrartex.com\/cs\/wp-json\/wp\/v2\/media?parent=154860"}],"wp:term":[{"taxonomy":"product_brand","embeddable":true,"href":"https:\/\/www.acrartex.com\/cs\/wp-json\/wp\/v2\/product_brand?post=154860"},{"taxonomy":"product_cat","embeddable":true,"href":"https:\/\/www.acrartex.com\/cs\/wp-json\/wp\/v2\/product_cat?post=154860"},{"taxonomy":"product_tag","embeddable":true,"href":"https:\/\/www.acrartex.com\/cs\/wp-json\/wp\/v2\/product_tag?post=154860"}],"curies":[{"name":"wp","href":"https:\/\/api.w.org\/{rel}","templated":true}]}}