{"id":154844,"date":"2021-03-16T08:18:48","date_gmt":"2021-03-16T13:18:48","guid":{"rendered":"https:\/\/www.acrartex.com\/products\/prenosna-antena-110-775-dvoupasmova-pro-me406p\/"},"modified":"2021-03-16T08:18:48","modified_gmt":"2021-03-16T13:18:48","slug":"prenosna-antena-110-775-dvoupasmova-pro-me406p","status":"publish","type":"product","link":"https:\/\/www.acrartex.com\/cs\/products\/prenosna-antena-110-775-dvoupasmova-pro-me406p\/","title":{"rendered":"P\u0159enosn\u00e1 ant\u00e9na 110-775, dvoup\u00e1smov\u00e1 pro ME406P"},"content":{"rendered":"","protected":false},"excerpt":{"rendered":"<p>P\u0159enosn\u00e1 ant\u00e9na, dvoup\u00e1smov\u00e1 pro ME406P, 121,5 a 406 MHz<\/p>\n","protected":false},"featured_media":154846,"template":"","meta":{"_acf_changed":false,"om_disable_all_campaigns":false},"product_brand":[],"product_cat":[6135],"product_tag":[10627,10624,10163,10625,10622,10165,10171,10169,10167,5537,10176,10173,10155,10157],"class_list":{"0":"post-154844","1":"product","2":"type-product","3":"status-publish","4":"has-post-thumbnail","6":"product_cat-nezarazene","7":"product_tag-110-775-cs","8":"product_tag-121-antena","9":"product_tag-406-antena","10":"product_tag-antena-1215","11":"product_tag-antena-elt","12":"product_tag-antena-elt-s-lopatkami","13":"product_tag-antena-rode-elt","14":"product_tag-antena-s-prutovym-eltem","15":"product_tag-antenni-tyc-elt","16":"product_tag-elt-cs","17":"product_tag-lopatkova-antena-elt","18":"product_tag-prutova-antena-elt","19":"product_tag-tripasmova-antena","20":"product_tag-tripasmova-antena-cs","22":"first","23":"instock","24":"taxable","25":"shipping-taxable","26":"product-type-simple"},"acf":[],"_links":{"self":[{"href":"https:\/\/www.acrartex.com\/cs\/wp-json\/wp\/v2\/product\/154844","targetHints":{"allow":["GET"]}}],"collection":[{"href":"https:\/\/www.acrartex.com\/cs\/wp-json\/wp\/v2\/product"}],"about":[{"href":"https:\/\/www.acrartex.com\/cs\/wp-json\/wp\/v2\/types\/product"}],"wp:featuredmedia":[{"embeddable":true,"href":"https:\/\/www.acrartex.com\/cs\/wp-json\/wp\/v2\/media\/154846"}],"wp:attachment":[{"href":"https:\/\/www.acrartex.com\/cs\/wp-json\/wp\/v2\/media?parent=154844"}],"wp:term":[{"taxonomy":"product_brand","embeddable":true,"href":"https:\/\/www.acrartex.com\/cs\/wp-json\/wp\/v2\/product_brand?post=154844"},{"taxonomy":"product_cat","embeddable":true,"href":"https:\/\/www.acrartex.com\/cs\/wp-json\/wp\/v2\/product_cat?post=154844"},{"taxonomy":"product_tag","embeddable":true,"href":"https:\/\/www.acrartex.com\/cs\/wp-json\/wp\/v2\/product_tag?post=154844"}],"curies":[{"name":"wp","href":"https:\/\/api.w.org\/{rel}","templated":true}]}}