{"id":154832,"date":"2021-03-16T08:18:55","date_gmt":"2021-03-16T13:18:55","guid":{"rendered":"https:\/\/www.acrartex.com\/products\/prenosna-antena-110-750-dvoupasmova-cerna-paska\/"},"modified":"2021-03-16T08:18:55","modified_gmt":"2021-03-16T13:18:55","slug":"prenosna-antena-110-750-dvoupasmova-cerna-paska","status":"publish","type":"product","link":"https:\/\/www.acrartex.com\/cs\/products\/prenosna-antena-110-750-dvoupasmova-cerna-paska\/","title":{"rendered":"P\u0159enosn\u00e1 ant\u00e9na 110-750, dvoup\u00e1smov\u00e1, \u010dern\u00e1 p\u00e1ska"},"content":{"rendered":"","protected":false},"excerpt":{"rendered":"<p>P\u0159enosn\u00e1 ant\u00e9na, dvoup\u00e1smov\u00e1, \u010dern\u00e1 p\u00e1ska, 121,5 a 406 MHz<\/p>\n","protected":false},"featured_media":154835,"template":"","meta":{"_acf_changed":false,"om_disable_all_campaigns":false},"product_brand":[],"product_cat":[6135],"product_tag":[10600,10454,10476,10472,10161,10450,10165,10171,10169,10167,10603,10605,10598,10602,10159,10176,10604,10173,10157,10155],"class_list":{"0":"post-154832","1":"product","2":"type-product","3":"status-publish","4":"has-post-thumbnail","6":"product_cat-nezarazene","7":"product_tag-110-750-cs","8":"product_tag-406-antenni-cepel","9":"product_tag-406-antenni-prut","10":"product_tag-406-antenni-tyc","11":"product_tag-antena-121-243","12":"product_tag-antena-121-406-cs","13":"product_tag-antena-elt-s-lopatkami","14":"product_tag-antena-rode-elt","15":"product_tag-antena-s-prutovym-eltem","16":"product_tag-antenni-tyc-elt","17":"product_tag-c-dilu-110-750","18":"product_tag-cislo-dilu-110-750-cs","19":"product_tag-cislo-dilu-110-750","20":"product_tag-cislo-vyrobku-110-750","21":"product_tag-dvoufrekvencni-antena","22":"product_tag-lopatkova-antena-elt","23":"product_tag-pn110-750-cs","24":"product_tag-prutova-antena-elt","25":"product_tag-tripasmova-antena-cs","26":"product_tag-tripasmova-antena","28":"first","29":"instock","30":"taxable","31":"shipping-taxable","32":"product-type-simple"},"acf":[],"_links":{"self":[{"href":"https:\/\/www.acrartex.com\/cs\/wp-json\/wp\/v2\/product\/154832","targetHints":{"allow":["GET"]}}],"collection":[{"href":"https:\/\/www.acrartex.com\/cs\/wp-json\/wp\/v2\/product"}],"about":[{"href":"https:\/\/www.acrartex.com\/cs\/wp-json\/wp\/v2\/types\/product"}],"wp:featuredmedia":[{"embeddable":true,"href":"https:\/\/www.acrartex.com\/cs\/wp-json\/wp\/v2\/media\/154835"}],"wp:attachment":[{"href":"https:\/\/www.acrartex.com\/cs\/wp-json\/wp\/v2\/media?parent=154832"}],"wp:term":[{"taxonomy":"product_brand","embeddable":true,"href":"https:\/\/www.acrartex.com\/cs\/wp-json\/wp\/v2\/product_brand?post=154832"},{"taxonomy":"product_cat","embeddable":true,"href":"https:\/\/www.acrartex.com\/cs\/wp-json\/wp\/v2\/product_cat?post=154832"},{"taxonomy":"product_tag","embeddable":true,"href":"https:\/\/www.acrartex.com\/cs\/wp-json\/wp\/v2\/product_tag?post=154832"}],"curies":[{"name":"wp","href":"https:\/\/api.w.org\/{rel}","templated":true}]}}