{"id":154790,"date":"2021-03-16T08:18:59","date_gmt":"2021-03-16T13:18:59","guid":{"rendered":"https:\/\/www.acrartex.com\/products\/110-343-prutova-antena-tripasmova\/"},"modified":"2021-03-16T08:18:59","modified_gmt":"2021-03-16T13:18:59","slug":"110-343-prutova-antena-tripasmova","status":"publish","type":"product","link":"https:\/\/www.acrartex.com\/cs\/products\/110-343-prutova-antena-tripasmova\/","title":{"rendered":"110-343 Prutov\u00e1 ant\u00e9na, t\u0159\u00edp\u00e1smov\u00e1"},"content":{"rendered":"<p>Dva dostupn\u00e9 modely:<br \/>\n \u2013 110-343 (b\u00edl\u00e1)<br \/>\n \u2013 110-343-01 (\u010dern\u00e1)<\/p>\n","protected":false},"excerpt":{"rendered":"<p>Prutov\u00e1 ant\u00e9na, t\u0159\u00edp\u00e1smov\u00e1, 121,5, 243 a 406 MHz. K dispozici ve dvou modelech: \u2013 110-343 (b\u00edl\u00e1) \u2013 110-343-01 (\u010dern\u00e1)<\/p>\n","protected":false},"featured_media":154796,"template":"","meta":{"_acf_changed":false,"om_disable_all_campaigns":false},"product_brand":[],"product_cat":[5534,5535],"product_tag":[10525,10163,10161,10450,10165,10171,10169,10167,10159,10176,10039,10173,10155,10157,10498],"class_list":{"0":"post-154790","1":"product","2":"type-product","3":"status-publish","4":"has-post-thumbnail","6":"product_cat-letectvi","7":"product_cat-vseobecne-letectvi","8":"product_tag-110-343-cs","9":"product_tag-406-antena","10":"product_tag-antena-121-243","11":"product_tag-antena-121-406-cs","12":"product_tag-antena-elt-s-lopatkami","13":"product_tag-antena-rode-elt","14":"product_tag-antena-s-prutovym-eltem","15":"product_tag-antenni-tyc-elt","16":"product_tag-dvoufrekvencni-antena","17":"product_tag-lopatkova-antena-elt","18":"product_tag-pruhova-antena","19":"product_tag-prutova-antena-elt","20":"product_tag-tripasmova-antena","21":"product_tag-tripasmova-antena-cs","22":"product_tag-triznackovy","23":"pa_aircraft-type-experimentalni","24":"pa_aircraft-type-jeden-motor","25":"pa_aircraft-type-turbovrtulovy","26":"pa_product-bezpecnostni-prislusenstvi","27":"pa_product-reseni-elt","29":"first","30":"instock","31":"taxable","32":"shipping-taxable","33":"product-type-simple"},"acf":[],"_links":{"self":[{"href":"https:\/\/www.acrartex.com\/cs\/wp-json\/wp\/v2\/product\/154790","targetHints":{"allow":["GET"]}}],"collection":[{"href":"https:\/\/www.acrartex.com\/cs\/wp-json\/wp\/v2\/product"}],"about":[{"href":"https:\/\/www.acrartex.com\/cs\/wp-json\/wp\/v2\/types\/product"}],"wp:featuredmedia":[{"embeddable":true,"href":"https:\/\/www.acrartex.com\/cs\/wp-json\/wp\/v2\/media\/154796"}],"wp:attachment":[{"href":"https:\/\/www.acrartex.com\/cs\/wp-json\/wp\/v2\/media?parent=154790"}],"wp:term":[{"taxonomy":"product_brand","embeddable":true,"href":"https:\/\/www.acrartex.com\/cs\/wp-json\/wp\/v2\/product_brand?post=154790"},{"taxonomy":"product_cat","embeddable":true,"href":"https:\/\/www.acrartex.com\/cs\/wp-json\/wp\/v2\/product_cat?post=154790"},{"taxonomy":"product_tag","embeddable":true,"href":"https:\/\/www.acrartex.com\/cs\/wp-json\/wp\/v2\/product_tag?post=154790"}],"curies":[{"name":"wp","href":"https:\/\/api.w.org\/{rel}","templated":true}]}}