{"id":154783,"date":"2021-03-16T08:19:03","date_gmt":"2021-03-16T13:19:03","guid":{"rendered":"https:\/\/www.acrartex.com\/products\/110-341-plocha-antena\/"},"modified":"2021-03-16T08:19:03","modified_gmt":"2021-03-16T13:19:03","slug":"110-341-plocha-antena","status":"publish","type":"product","link":"https:\/\/www.acrartex.com\/cs\/products\/110-341-plocha-antena\/","title":{"rendered":"110-341 Ploch\u00e1 ant\u00e9na"},"content":{"rendered":"","protected":false},"excerpt":{"rendered":"<p>T\u0159\u00edp\u00e1smov\u00fd, 121,5, 243 a 406 MHz<\/p>\n<p> <span style=\"color: #3366ff;\"><strong>Tento produkt byl ukon\u010den<\/strong><\/span><\/p>\n","protected":false},"featured_media":154791,"template":"","meta":{"_acf_changed":false,"om_disable_all_campaigns":false},"product_brand":[],"product_cat":[5964,8584,5534],"product_tag":[9998,10508,10521,10518,9996,10503,10516,10512,10179,10498],"class_list":{"0":"post-154783","1":"product","2":"type-product","3":"status-publish","4":"has-post-thumbnail","6":"product_cat-business-jet-cs","7":"product_cat-komercni-letadla","8":"product_cat-letectvi","9":"product_tag-110-cs","10":"product_tag-110-341-cs","11":"product_tag-341-cs","12":"product_tag-acr-tri-brand-cs","13":"product_tag-antena","14":"product_tag-cislo-dilu-110-341","15":"product_tag-cislo-dilu-110-341-cs","16":"product_tag-cislo-vyrobku-110-341","17":"product_tag-lopatkova-antena","18":"product_tag-triznackovy","19":"pa_aircraft-speed-200-350-uzlu","20":"pa_aircraft-type-lehke-trysky","21":"pa_aircraft-type-stredne-velke-tryskace","22":"pa_product-bezpecnostni-prislusenstvi","23":"pa_product-dedictvi","24":"pa_product-reseni-elt","26":"first","27":"instock","28":"taxable","29":"shipping-taxable","30":"product-type-simple"},"acf":[],"_links":{"self":[{"href":"https:\/\/www.acrartex.com\/cs\/wp-json\/wp\/v2\/product\/154783","targetHints":{"allow":["GET"]}}],"collection":[{"href":"https:\/\/www.acrartex.com\/cs\/wp-json\/wp\/v2\/product"}],"about":[{"href":"https:\/\/www.acrartex.com\/cs\/wp-json\/wp\/v2\/types\/product"}],"wp:featuredmedia":[{"embeddable":true,"href":"https:\/\/www.acrartex.com\/cs\/wp-json\/wp\/v2\/media\/154791"}],"wp:attachment":[{"href":"https:\/\/www.acrartex.com\/cs\/wp-json\/wp\/v2\/media?parent=154783"}],"wp:term":[{"taxonomy":"product_brand","embeddable":true,"href":"https:\/\/www.acrartex.com\/cs\/wp-json\/wp\/v2\/product_brand?post=154783"},{"taxonomy":"product_cat","embeddable":true,"href":"https:\/\/www.acrartex.com\/cs\/wp-json\/wp\/v2\/product_cat?post=154783"},{"taxonomy":"product_tag","embeddable":true,"href":"https:\/\/www.acrartex.com\/cs\/wp-json\/wp\/v2\/product_tag?post=154783"}],"curies":[{"name":"wp","href":"https:\/\/api.w.org\/{rel}","templated":true}]}}