{"id":154774,"date":"2021-03-16T08:19:11","date_gmt":"2021-03-16T13:19:11","guid":{"rendered":"https:\/\/www.acrartex.com\/products\/110-338-tycova-antena\/"},"modified":"2021-03-16T08:19:11","modified_gmt":"2021-03-16T13:19:11","slug":"110-338-tycova-antena","status":"publish","type":"product","link":"https:\/\/www.acrartex.com\/cs\/products\/110-338-tycova-antena\/","title":{"rendered":"110-338 Ty\u010dov\u00e1 ant\u00e9na"},"content":{"rendered":"<p>Odoln\u00e9 pouzdro z polyesteru vyztu\u017een\u00e9ho skeln\u00fdmi vl\u00e1kny zakr\u00fdv\u00e1 na\u0161i inovativn\u00ed technologii Tri-Band a v kompaktn\u00edm proveden\u00ed p\u0159in\u00e1\u0161\u00ed frekvence 121,5, 243 a 406 MHz. Tato vysoce \u00fa\u010dinn\u00e1 ant\u00e9na nab\u00edz\u00ed jeden BNC konektor pro instalace, kter\u00e9 vy\u017eaduj\u00ed pou\u017eit\u00ed jedin\u00e9ho konektoru. Je navr\u017eena tak, aby spl\u0148ovala po\u017eadavky testu plamene Eurocae ED 62.  <\/p>\n<p>Dva dostupn\u00e9 modely:<br \/>\n \u2013 110-338 (b\u00edl\u00e1)<br \/>\n \u2013 110-338-01 (\u010dern\u00e1)<\/p>\n","protected":false},"excerpt":{"rendered":"<p>T\u0159\u00edp\u00e1smov\u00fd, 121,5, 243 a 406 MHz<\/p>\n","protected":false},"featured_media":154788,"template":"","meta":{"_acf_changed":false,"om_disable_all_campaigns":false},"product_brand":[],"product_cat":[5534,5632,5535],"product_tag":[10504,10489,10454,10476,10472,9996,10161,10450,10484,10507,10501,10511,10493,10497,10487,10491,10495,10515,10480,10000],"class_list":{"0":"post-154774","1":"product","2":"type-product","3":"status-publish","4":"has-post-thumbnail","6":"product_cat-letectvi","7":"product_cat-rotorcraft","8":"product_cat-vseobecne-letectvi","9":"product_tag-110-338-cs-2","10":"product_tag-110-338-cs","11":"product_tag-406-antenni-cepel","12":"product_tag-406-antenni-prut","13":"product_tag-406-antenni-tyc","14":"product_tag-antena","15":"product_tag-antena-121-243","16":"product_tag-antena-121-406-cs","17":"product_tag-antena-s-al-frekvenci","18":"product_tag-cislo-dilu-110-338-cs-4","19":"product_tag-cislo-dilu-110-338-cs-3","20":"product_tag-cislo-dilu-110-338-cs-5","21":"product_tag-cislo-dilu-110-338-cs","22":"product_tag-cislo-dilu-110-338-cs-2","23":"product_tag-cislo-dilu-110-338","24":"product_tag-cislo-vyrobku-110-338","25":"product_tag-pn110-338-cs","26":"product_tag-tripasmovy-110-338","27":"product_tag-tyc","28":"product_tag-tycova-antena","29":"pa_aircraft-type-experimentalni","30":"pa_aircraft-type-jeden-motor","31":"pa_aircraft-type-turbovrtulovy","32":"pa_aircraft-type-vicemotorovy","33":"pa_product-bezpecnostni-prislusenstvi","34":"pa_product-reseni-elt","36":"first","37":"instock","38":"taxable","39":"shipping-taxable","40":"product-type-simple"},"acf":[],"_links":{"self":[{"href":"https:\/\/www.acrartex.com\/cs\/wp-json\/wp\/v2\/product\/154774","targetHints":{"allow":["GET"]}}],"collection":[{"href":"https:\/\/www.acrartex.com\/cs\/wp-json\/wp\/v2\/product"}],"about":[{"href":"https:\/\/www.acrartex.com\/cs\/wp-json\/wp\/v2\/types\/product"}],"wp:featuredmedia":[{"embeddable":true,"href":"https:\/\/www.acrartex.com\/cs\/wp-json\/wp\/v2\/media\/154788"}],"wp:attachment":[{"href":"https:\/\/www.acrartex.com\/cs\/wp-json\/wp\/v2\/media?parent=154774"}],"wp:term":[{"taxonomy":"product_brand","embeddable":true,"href":"https:\/\/www.acrartex.com\/cs\/wp-json\/wp\/v2\/product_brand?post=154774"},{"taxonomy":"product_cat","embeddable":true,"href":"https:\/\/www.acrartex.com\/cs\/wp-json\/wp\/v2\/product_cat?post=154774"},{"taxonomy":"product_tag","embeddable":true,"href":"https:\/\/www.acrartex.com\/cs\/wp-json\/wp\/v2\/product_tag?post=154774"}],"curies":[{"name":"wp","href":"https:\/\/api.w.org\/{rel}","templated":true}]}}