{"id":154769,"date":"2021-03-16T08:19:07","date_gmt":"2021-03-16T13:19:07","guid":{"rendered":"https:\/\/www.acrartex.com\/products\/110-340-plocha-antena\/"},"modified":"2021-03-16T08:19:07","modified_gmt":"2021-03-16T13:19:07","slug":"110-340-plocha-antena","status":"publish","type":"product","link":"https:\/\/www.acrartex.com\/cs\/products\/110-340-plocha-antena\/","title":{"rendered":"110-340 Ploch\u00e1 ant\u00e9na"},"content":{"rendered":"<p>Vysokorychlostn\u00ed ant\u00e9na Tri-Band Blade vyu\u017e\u00edv\u00e1 na\u0161i inovativn\u00ed technologii Tri-Band, kter\u00e1 v kompaktn\u00edm proveden\u00ed zahrnuje frekvence 121,5, 243 a 406 MHz. Model 110-340 nab\u00edz\u00ed jeden konektor pro instalace, kter\u00e9 toto nastaven\u00ed vy\u017eaduj\u00ed. <\/p>\n<p>Dva dostupn\u00e9 modely:<\/p>\n<ul>\n<li>110-340<\/li>\n<li>110-340-01 (ochrann\u00e1 hrana)<\/li>\n<\/ul>\n","protected":false},"excerpt":{"rendered":"<p>T\u0159\u00edp\u00e1smov\u00fd, 121,5, 243 a 406 MHz<\/p>\n","protected":false},"featured_media":154778,"template":"","meta":{"_acf_changed":false,"om_disable_all_campaigns":false},"product_brand":[],"product_cat":[5964,8584,5534],"product_tag":[10463,10163,10454,10161,10450,10473,10459,10482,10467,10159,10176,10478,10155,10157],"class_list":{"0":"post-154769","1":"product","2":"type-product","3":"status-publish","4":"has-post-thumbnail","6":"product_cat-business-jet-cs","7":"product_cat-komercni-letadla","8":"product_cat-letectvi","9":"product_tag-110-340-cs","10":"product_tag-406-antena","11":"product_tag-406-antenni-cepel","12":"product_tag-antena-121-243","13":"product_tag-antena-121-406-cs","14":"product_tag-c-dilu-110-340","15":"product_tag-cislo-dilu-110-340","16":"product_tag-cislo-dilu-110-340-cs","17":"product_tag-cislo-vyrobku-110-340","18":"product_tag-dvoufrekvencni-antena","19":"product_tag-lopatkova-antena-elt","20":"product_tag-pn110-340-cs","21":"product_tag-tripasmova-antena","22":"product_tag-tripasmova-antena-cs","23":"pa_aircraft-speed-200-350-uzlu","24":"pa_aircraft-speed-350-uzlu","25":"pa_aircraft-type-dopravni-letadla","26":"pa_aircraft-type-lehke-trysky","27":"pa_aircraft-type-proudove-letadlo-pro-cestujici","28":"pa_aircraft-type-stredne-velke-tryskace","29":"pa_aircraft-type-velke-trysky","30":"pa_aircraft-type-vicemotorovy","31":"pa_product-bezpecnostni-prislusenstvi","32":"pa_product-reseni-elt","34":"first","35":"instock","36":"taxable","37":"shipping-taxable","38":"product-type-simple"},"acf":[],"_links":{"self":[{"href":"https:\/\/www.acrartex.com\/cs\/wp-json\/wp\/v2\/product\/154769","targetHints":{"allow":["GET"]}}],"collection":[{"href":"https:\/\/www.acrartex.com\/cs\/wp-json\/wp\/v2\/product"}],"about":[{"href":"https:\/\/www.acrartex.com\/cs\/wp-json\/wp\/v2\/types\/product"}],"wp:featuredmedia":[{"embeddable":true,"href":"https:\/\/www.acrartex.com\/cs\/wp-json\/wp\/v2\/media\/154778"}],"wp:attachment":[{"href":"https:\/\/www.acrartex.com\/cs\/wp-json\/wp\/v2\/media?parent=154769"}],"wp:term":[{"taxonomy":"product_brand","embeddable":true,"href":"https:\/\/www.acrartex.com\/cs\/wp-json\/wp\/v2\/product_brand?post=154769"},{"taxonomy":"product_cat","embeddable":true,"href":"https:\/\/www.acrartex.com\/cs\/wp-json\/wp\/v2\/product_cat?post=154769"},{"taxonomy":"product_tag","embeddable":true,"href":"https:\/\/www.acrartex.com\/cs\/wp-json\/wp\/v2\/product_tag?post=154769"}],"curies":[{"name":"wp","href":"https:\/\/api.w.org\/{rel}","templated":true}]}}