{"id":154747,"date":"2021-03-16T08:19:15","date_gmt":"2021-03-16T13:19:15","guid":{"rendered":"https:\/\/www.acrartex.com\/products\/110-337-plocha-antena\/"},"modified":"2021-03-16T08:19:15","modified_gmt":"2021-03-16T13:19:15","slug":"110-337-plocha-antena","status":"publish","type":"product","link":"https:\/\/www.acrartex.com\/cs\/products\/110-337-plocha-antena\/","title":{"rendered":"110-337 Ploch\u00e1 ant\u00e9na"},"content":{"rendered":"<p>Vysokorychlostn\u00ed ant\u00e9na Tri-Band Blade nab\u00edz\u00ed na\u0161i inovativn\u00ed technologii Tri-Band, kter\u00e1 v kompaktn\u00edm proveden\u00ed spojuje frekvence 121,5, 243 a 406 MHz. Model 110-337 nab\u00edz\u00ed dva konektory pro instalace, kter\u00e9 toto nastaven\u00ed vy\u017eaduj\u00ed. Je navr\u017een tak, aby spl\u0148oval po\u017eadavky TSOA C91a a spl\u0148oval zkou\u0161ku plamenem Eurocae ED 62.  <\/p>\n<p>Dva dostupn\u00e9 modely:<br \/>\n \u2013 110-337<br \/>\n \u2013 110-337-01 (ochrann\u00e1 hrana)<\/p>\n","protected":false},"excerpt":{"rendered":"<p>T\u0159\u00edp\u00e1smov\u00fd, du\u00e1ln\u00ed vstup, 121,5, 243 a 406 MHz<\/p>\n","protected":false},"featured_media":154749,"template":"","meta":{"_acf_changed":false,"om_disable_all_campaigns":false},"product_brand":[],"product_cat":[5964,8584,5534],"product_tag":[9998,10323,10326,10330,10002,10328,10179,9995],"class_list":{"0":"post-154747","1":"product","2":"type-product","3":"status-publish","4":"has-post-thumbnail","6":"product_cat-business-jet-cs","7":"product_cat-komercni-letadla","8":"product_cat-letectvi","9":"product_tag-110-cs","10":"product_tag-110-337-cs","11":"product_tag-337-cs","12":"product_tag-acr-atenna","13":"product_tag-dualni-vstup","14":"product_tag-kapela","15":"product_tag-lopatkova-antena","16":"product_tag-tripasmovy","17":"pa_aircraft-type-lehke-trysky","18":"pa_aircraft-type-stredne-velke-tryskace","19":"pa_aircraft-type-velke-trysky","20":"pa_aircraft-type-vicemotorovy","21":"pa_product-bezpecnostni-prislusenstvi","22":"pa_product-reseni-elt","24":"first","25":"instock","26":"taxable","27":"shipping-taxable","28":"product-type-simple"},"acf":[],"_links":{"self":[{"href":"https:\/\/www.acrartex.com\/cs\/wp-json\/wp\/v2\/product\/154747","targetHints":{"allow":["GET"]}}],"collection":[{"href":"https:\/\/www.acrartex.com\/cs\/wp-json\/wp\/v2\/product"}],"about":[{"href":"https:\/\/www.acrartex.com\/cs\/wp-json\/wp\/v2\/types\/product"}],"wp:featuredmedia":[{"embeddable":true,"href":"https:\/\/www.acrartex.com\/cs\/wp-json\/wp\/v2\/media\/154749"}],"wp:attachment":[{"href":"https:\/\/www.acrartex.com\/cs\/wp-json\/wp\/v2\/media?parent=154747"}],"wp:term":[{"taxonomy":"product_brand","embeddable":true,"href":"https:\/\/www.acrartex.com\/cs\/wp-json\/wp\/v2\/product_brand?post=154747"},{"taxonomy":"product_cat","embeddable":true,"href":"https:\/\/www.acrartex.com\/cs\/wp-json\/wp\/v2\/product_cat?post=154747"},{"taxonomy":"product_tag","embeddable":true,"href":"https:\/\/www.acrartex.com\/cs\/wp-json\/wp\/v2\/product_tag?post=154747"}],"curies":[{"name":"wp","href":"https:\/\/api.w.org\/{rel}","templated":true}]}}