{"id":154709,"date":"2021-03-16T08:19:21","date_gmt":"2021-03-16T13:19:21","guid":{"rendered":"https:\/\/www.acrartex.com\/products\/110-333-plocha-antena\/"},"modified":"2021-03-16T08:19:21","modified_gmt":"2021-03-16T13:19:21","slug":"110-333-plocha-antena","status":"publish","type":"product","link":"https:\/\/www.acrartex.com\/cs\/products\/110-333-plocha-antena\/","title":{"rendered":"110-333 Ploch\u00e1 ant\u00e9na"},"content":{"rendered":"<p>K dispozici dva modely: \u2013 110-333 (b\u00edl\u00e1) \u2013 110-333-04 (\u010dern\u00e1)<\/p>\n","protected":false},"excerpt":{"rendered":"<p>T\u0159\u00edp\u00e1smov\u00fd, du\u00e1ln\u00ed vstup, 121,5, 243 a 406 MHz<\/p>\n","protected":false},"featured_media":154714,"template":"","meta":{"_acf_changed":false,"om_disable_all_campaigns":false},"product_brand":[],"product_cat":[5534],"product_tag":[10232,9996,10234,10241,9995,10237],"class_list":{"0":"post-154709","1":"product","2":"type-product","3":"status-publish","4":"has-post-thumbnail","6":"product_cat-letectvi","7":"product_tag-110-333-plocha-antena","8":"product_tag-antena","9":"product_tag-dualni-vstup-cs","10":"product_tag-tripasmova-antena-cs-2","11":"product_tag-tripasmovy","12":"product_tag-zakaz","13":"pa_product-bezpecnostni-prislusenstvi","15":"first","16":"instock","17":"taxable","18":"shipping-taxable","19":"product-type-simple"},"acf":[],"_links":{"self":[{"href":"https:\/\/www.acrartex.com\/cs\/wp-json\/wp\/v2\/product\/154709","targetHints":{"allow":["GET"]}}],"collection":[{"href":"https:\/\/www.acrartex.com\/cs\/wp-json\/wp\/v2\/product"}],"about":[{"href":"https:\/\/www.acrartex.com\/cs\/wp-json\/wp\/v2\/types\/product"}],"wp:featuredmedia":[{"embeddable":true,"href":"https:\/\/www.acrartex.com\/cs\/wp-json\/wp\/v2\/media\/154714"}],"wp:attachment":[{"href":"https:\/\/www.acrartex.com\/cs\/wp-json\/wp\/v2\/media?parent=154709"}],"wp:term":[{"taxonomy":"product_brand","embeddable":true,"href":"https:\/\/www.acrartex.com\/cs\/wp-json\/wp\/v2\/product_brand?post=154709"},{"taxonomy":"product_cat","embeddable":true,"href":"https:\/\/www.acrartex.com\/cs\/wp-json\/wp\/v2\/product_cat?post=154709"},{"taxonomy":"product_tag","embeddable":true,"href":"https:\/\/www.acrartex.com\/cs\/wp-json\/wp\/v2\/product_tag?post=154709"}],"curies":[{"name":"wp","href":"https:\/\/api.w.org\/{rel}","templated":true}]}}