{"id":154689,"date":"2021-03-16T08:19:26","date_gmt":"2021-03-16T13:19:26","guid":{"rendered":"https:\/\/www.acrartex.com\/products\/110-329-prutova-antena-jednopasmova\/"},"modified":"2021-03-16T08:19:26","modified_gmt":"2021-03-16T13:19:26","slug":"110-329-prutova-antena-jednopasmova","status":"publish","type":"product","link":"https:\/\/www.acrartex.com\/cs\/products\/110-329-prutova-antena-jednopasmova\/","title":{"rendered":"110-329 Prutov\u00e1 ant\u00e9na, jednop\u00e1smov\u00e1"},"content":{"rendered":"<p>K dispozici dva modely: \u2013 110-329 s konektorem TNC (G406-4) \u2013 110-329-01 s konektorem TPS<\/p>\n","protected":false},"excerpt":{"rendered":"<p>Prutov\u00e1 ant\u00e9na, jednop\u00e1smov\u00e1, 406 MHz<\/p>\n<p>&nbsp;<\/p>\n","protected":false},"featured_media":154692,"template":"","meta":{"_acf_changed":false,"om_disable_all_campaigns":false},"product_brand":[],"product_cat":[6135],"product_tag":[9998,10189,10188,10190,9996,9995],"class_list":{"0":"post-154689","1":"product","2":"type-product","3":"status-publish","4":"has-post-thumbnail","6":"product_cat-nezarazene","7":"product_tag-110-cs","8":"product_tag-110-329-cs","9":"product_tag-110-329-pruhova-antena","10":"product_tag-329-cs","11":"product_tag-antena","12":"product_tag-tripasmovy","14":"first","15":"instock","16":"taxable","17":"shipping-taxable","18":"product-type-simple"},"acf":[],"_links":{"self":[{"href":"https:\/\/www.acrartex.com\/cs\/wp-json\/wp\/v2\/product\/154689","targetHints":{"allow":["GET"]}}],"collection":[{"href":"https:\/\/www.acrartex.com\/cs\/wp-json\/wp\/v2\/product"}],"about":[{"href":"https:\/\/www.acrartex.com\/cs\/wp-json\/wp\/v2\/types\/product"}],"wp:featuredmedia":[{"embeddable":true,"href":"https:\/\/www.acrartex.com\/cs\/wp-json\/wp\/v2\/media\/154692"}],"wp:attachment":[{"href":"https:\/\/www.acrartex.com\/cs\/wp-json\/wp\/v2\/media?parent=154689"}],"wp:term":[{"taxonomy":"product_brand","embeddable":true,"href":"https:\/\/www.acrartex.com\/cs\/wp-json\/wp\/v2\/product_brand?post=154689"},{"taxonomy":"product_cat","embeddable":true,"href":"https:\/\/www.acrartex.com\/cs\/wp-json\/wp\/v2\/product_cat?post=154689"},{"taxonomy":"product_tag","embeddable":true,"href":"https:\/\/www.acrartex.com\/cs\/wp-json\/wp\/v2\/product_tag?post=154689"}],"curies":[{"name":"wp","href":"https:\/\/api.w.org\/{rel}","templated":true}]}}