{"id":154685,"date":"2021-03-16T08:19:29","date_gmt":"2021-03-16T13:19:29","guid":{"rendered":"https:\/\/www.acrartex.com\/products\/110-328-01-plocha-antena\/"},"modified":"2021-03-16T08:19:29","modified_gmt":"2021-03-16T13:19:29","slug":"110-328-01-plocha-antena","status":"publish","type":"product","link":"https:\/\/www.acrartex.com\/cs\/products\/110-328-01-plocha-antena\/","title":{"rendered":"110-328-01 Ploch\u00e1 ant\u00e9na"},"content":{"rendered":"","protected":false},"excerpt":{"rendered":"<p>T\u0159\u00edp\u00e1smov\u00fd, du\u00e1ln\u00ed vstup, 121,5, 243 a 406 MHz<\/p>\n<p>&nbsp;<\/p>\n","protected":false},"featured_media":154690,"template":"","meta":{"_acf_changed":false,"om_disable_all_campaigns":false},"product_brand":[],"product_cat":[5534],"product_tag":[9998,10186,10182,10184,10163,9996,10161,10165,10171,10169,10167,6519,6514,6516,10159,10179,10176,10173,10155,10157,9995],"class_list":{"0":"post-154685","1":"product","2":"type-product","3":"status-publish","4":"has-post-thumbnail","6":"product_cat-letectvi","7":"product_tag-110-cs","8":"product_tag-110-328-cs","9":"product_tag-110-328-01-cs","10":"product_tag-328-cs","11":"product_tag-406-antena","12":"product_tag-antena","13":"product_tag-antena-121-243","14":"product_tag-antena-elt-s-lopatkami","15":"product_tag-antena-rode-elt","16":"product_tag-antena-s-prutovym-eltem","17":"product_tag-antenni-tyc-elt","18":"product_tag-artex-c406-cs","19":"product_tag-artex-c406-1-cs","20":"product_tag-artex-me406-cs","21":"product_tag-dvoufrekvencni-antena","22":"product_tag-lopatkova-antena","23":"product_tag-lopatkova-antena-elt","24":"product_tag-prutova-antena-elt","25":"product_tag-tripasmova-antena","26":"product_tag-tripasmova-antena-cs","27":"product_tag-tripasmovy","29":"first","30":"instock","31":"taxable","32":"shipping-taxable","33":"product-type-simple"},"acf":[],"_links":{"self":[{"href":"https:\/\/www.acrartex.com\/cs\/wp-json\/wp\/v2\/product\/154685","targetHints":{"allow":["GET"]}}],"collection":[{"href":"https:\/\/www.acrartex.com\/cs\/wp-json\/wp\/v2\/product"}],"about":[{"href":"https:\/\/www.acrartex.com\/cs\/wp-json\/wp\/v2\/types\/product"}],"wp:featuredmedia":[{"embeddable":true,"href":"https:\/\/www.acrartex.com\/cs\/wp-json\/wp\/v2\/media\/154690"}],"wp:attachment":[{"href":"https:\/\/www.acrartex.com\/cs\/wp-json\/wp\/v2\/media?parent=154685"}],"wp:term":[{"taxonomy":"product_brand","embeddable":true,"href":"https:\/\/www.acrartex.com\/cs\/wp-json\/wp\/v2\/product_brand?post=154685"},{"taxonomy":"product_cat","embeddable":true,"href":"https:\/\/www.acrartex.com\/cs\/wp-json\/wp\/v2\/product_cat?post=154685"},{"taxonomy":"product_tag","embeddable":true,"href":"https:\/\/www.acrartex.com\/cs\/wp-json\/wp\/v2\/product_tag?post=154685"}],"curies":[{"name":"wp","href":"https:\/\/api.w.org\/{rel}","templated":true}]}}